{"id":139859,"date":"2023-09-26T13:08:06","date_gmt":"2023-09-26T11:08:06","guid":{"rendered":"https:\/\/secureus.se\/elslutbleck-step-48-omstallbar-24v-kolvkontakt\/"},"modified":"2026-04-08T16:05:07","modified_gmt":"2026-04-08T14:05:07","slug":"elslutbleck-step-48-omstallbar-24v-kolvkontakt","status":"publish","type":"product","link":"https:\/\/secureus.se\/dk\/elslutbleck-step-48-omstallbar-24v-kolvkontakt\/","title":{"rendered":"Elektrisk termineringsplade TRIN 48 Justerbar 24V Stempelkontakt"},"content":{"rendered":"<h1>Elektrisk termineringsplade TRIN 48 Justerbar 24V Stempelkontakt<\/h1>\n<p>TRIN 48 Forsp\u00e6ndt elektrisk sl\u00f8jfe med omskiftelig funktion til frem-\/tilbagek\u00f8rsel. Stempelkontakt, b\u00e5ndtrykteknologi og kompakt design for sikker l\u00e5sning.<\/p>\n<p class=\"\" data-start=\"230\" data-end=\"712\">Elektrisk slutb\u00f8jle STEP 48 Preload er et kompakt og alsidigt elektrisk slutstykke designet til d\u00f8rmilj\u00f8er, hvor fleksibilitet, sikkerhed og h\u00f8j driftssikkerhed er p\u00e5kr\u00e6vet.<\/p>\n<p class=\"\" data-start=\"230\" data-end=\"712\">Takket v\u00e6re dens vendbare funktion kan pladen nemt justeres mellem fremadvendt (l\u00e5st i tilf\u00e6lde af str\u00f8msvigt) og bagudvendt (l\u00e5ses op ved str\u00f8msvigt) afh\u00e6ngig af installationens behov.<\/p>\n<p class=\"\" data-start=\"230\" data-end=\"712\">Dette g\u00f8r produktet s\u00e6rligt velegnet til milj\u00f8er, hvor driftsforholdene kan \u00e6ndre sig, eller hvor der g\u00e6lder s\u00e6rlige sikkerhedskrav.<\/p>\n<p class=\"\" data-start=\"714\" data-end=\"1106\">Denne elektriske sl\u00f8jfe er udstyret med STEPs patenterede b\u00e5ndtrykteknologi, som betyder, at d\u00f8ren kan l\u00e5ses op selv ved b\u00e5ndtryk p\u00e5 op til 40 kg - en funktion, der sikrer problemfri drift i smalle eller udsatte d\u00f8rsektioner.<\/p>\n<p class=\"\" data-start=\"714\" data-end=\"1106\">Stempelkontakten giver p\u00e5lidelig indikation af d\u00f8rens status (\u00e5ben\/lukket), hvilket g\u00f8r STEP 48 til et glimrende valg ved integration med adgangskontrolsystemer eller alarmer.<\/p>\n<p class=\"\" data-start=\"1108\" data-end=\"1340\">STEP 48 kan modst\u00e5 en brudstyrke p\u00e5 9 kN og er vendbar, s\u00e5 den passer til b\u00e5de h\u00f8jre- og venstreh\u00e6ngte d\u00f8re.<\/p>\n<p class=\"\" data-start=\"1108\" data-end=\"1340\">Den er ogs\u00e5 kompatibel med krogbolt og lige boltl\u00e5se og underst\u00f8tter ogs\u00e5 ekstern boltindikation via ST4880-tilbeh\u00f8ret.<\/p>\n<p class=\"\" data-start=\"1342\" data-end=\"1370\"><strong data-start=\"1342\" data-end=\"1368\">Funktioner og fordele:<\/strong><\/p>\n<ul data-start=\"1371\" data-end=\"1680\">\n<li class=\"\" data-start=\"1371\" data-end=\"1421\">\n<p class=\"\" data-start=\"1373\" data-end=\"1421\">Kan skiftes mellem frem- og bakfunktion<\/p>\n<\/li>\n<li class=\"\" data-start=\"1422\" data-end=\"1466\">\n<p class=\"\" data-start=\"1424\" data-end=\"1466\">Stempelkontakt til indikation af d\u00f8rstatus<\/p>\n<\/li>\n<li class=\"\" data-start=\"1467\" data-end=\"1502\">\n<p class=\"\" data-start=\"1469\" data-end=\"1502\">Klarer b\u00e5ndtryk op til 40 kg<\/p>\n<\/li>\n<li class=\"\" data-start=\"1503\" data-end=\"1527\">\n<p class=\"\" data-start=\"1505\" data-end=\"1527\">Brudstyrke 9 kN<\/p>\n<\/li>\n<li class=\"\" data-start=\"1528\" data-end=\"1568\">\n<p class=\"\" data-start=\"1530\" data-end=\"1568\">Kompatibel med ST4880 regelindikator<\/p>\n<\/li>\n<li class=\"\" data-start=\"1569\" data-end=\"1605\">\n<p class=\"\" data-start=\"1571\" data-end=\"1605\">Vendbar til h\u00f8jre\/venstre d\u00f8re<\/p>\n<\/li>\n<li class=\"\" data-start=\"1606\" data-end=\"1643\">\n<p class=\"\" data-start=\"1608\" data-end=\"1643\">Beskyttelsesdiode og oversp\u00e6ndingsbeskytter medf\u00f8lger<\/p>\n<\/li>\n<li class=\"\" data-start=\"1644\" data-end=\"1680\">\n<p class=\"\" data-start=\"1646\" data-end=\"1680\">Til enkelt- og dobbeltl\u00e5se<\/p>\n<\/li>\n<\/ul>\n<p class=\"\" data-start=\"1682\" data-end=\"1867\"><strong data-start=\"1682\" data-end=\"1705\">Anvendelsesomr\u00e5der:<\/strong><br data-start=\"1705\" data-end=\"1708\" \/>Velegnet til kontorer, skoler, erhvervsejendomme og andre d\u00f8rmilj\u00f8er, hvor der kr\u00e6ves forskellige l\u00e5seregler, samt i d\u00f8re med drejeknapper, n\u00f8gler og automatisk opl\u00e5sning.<\/p>\n<p class=\"\" data-start=\"1869\" data-end=\"2251\"><strong data-start=\"1869\" data-end=\"1898\">Tekniske specifikationer:<\/strong><br data-start=\"1898\" data-end=\"1901\" \/>Driftssp\u00e6nding: 24 V DC (21,6-27,6 V)<br data-start=\"1937\" data-end=\"1940\" \/>Str\u00f8mforbrug: 110 mAh \/ max 300 mA<br data-start=\"1978\" data-end=\"1981\" \/>Stempelkontakt: Mikrokontakt, 30 V DC \/ 1 A<br data-start=\"2021\" data-end=\"2024\" \/>Brudstyrke: 900 kg<br data-start=\"2047\" data-end=\"2050\" \/>Listetryk: 40 kg<br data-start=\"2066\" data-end=\"2069\" \/>D\u00f8rh\u00e6ngsel: H\u00f8jre\/Venstre<br data-start=\"2096\" data-end=\"2099\" \/>L\u00e5setype: Enkeltfaldsl\u00e5s, Dobbeltfaldsl\u00e5s<br data-start=\"2132\" data-end=\"2135\" \/>M\u00e5l (BxDxH): 25 x 35 x 90 mm<br data-start=\"2164\" data-end=\"2167\" \/>Overfladebehandling: Rustfrit st\u00e5l<br data-start=\"2188\" data-end=\"2191\" \/>Byggeprodukt vurderet: Ja<br data-start=\"2209\" data-end=\"2212\" \/>SundaHouse Vurderet: Ja<br data-start=\"2230\" data-end=\"2233\" \/>Kabel inkluderet: Nr<\/p>","protected":false},"excerpt":{"rendered":"<p>Her kan du se, hvilke stolper og modeller, der passer sammen fra STEP serien af Elektriske d\u00f8rstoppere.<\/p>\n<h5><strong><a href=\"https:\/\/steplock.com\/sv\/stolpguide\/#!?lang=sv&amp;blog_id=1&amp;paged=1&amp;number=50\" target=\"_blank\" rel=\"noopener\">TRIN Post guide\u00a0<\/a><\/strong><\/h5>\n<h5><strong><a href=\"https:\/\/steplock.com\/sv\/projekteringsguide\/#!?lang=sv&amp;blog_id=1&amp;paged=1&amp;number=999\" target=\"_blank\" rel=\"noopener\">STEP design guide<\/a><\/strong><\/h5>","protected":false},"featured_media":139857,"template":"","meta":{"_acf_changed":false},"product_brand":[],"product_cat":[3355],"product_tag":[4197,4202],"class_list":{"0":"post-139859","1":"product","2":"type-product","3":"status-publish","4":"has-post-thumbnail","6":"product_cat-elslutbleck","7":"product_tag-24v","8":"product_tag-omstallbar-rattvand-omvand","9":"product_shipping_class-tunga-paket","10":"pa_brands-step","11":"tm-no-options","13":"first","14":"onbackorder","15":"sale","16":"taxable","17":"shipping-taxable","18":"purchasable","19":"product-type-simple"},"acf":[],"_links":{"self":[{"href":"https:\/\/secureus.se\/dk\/wp-json\/wp\/v2\/product\/139859","targetHints":{"allow":["GET"]}}],"collection":[{"href":"https:\/\/secureus.se\/dk\/wp-json\/wp\/v2\/product"}],"about":[{"href":"https:\/\/secureus.se\/dk\/wp-json\/wp\/v2\/types\/product"}],"wp:featuredmedia":[{"embeddable":true,"href":"https:\/\/secureus.se\/dk\/wp-json\/wp\/v2\/media\/139857"}],"wp:attachment":[{"href":"https:\/\/secureus.se\/dk\/wp-json\/wp\/v2\/media?parent=139859"}],"wp:term":[{"taxonomy":"product_brand","embeddable":true,"href":"https:\/\/secureus.se\/dk\/wp-json\/wp\/v2\/product_brand?post=139859"},{"taxonomy":"product_cat","embeddable":true,"href":"https:\/\/secureus.se\/dk\/wp-json\/wp\/v2\/product_cat?post=139859"},{"taxonomy":"product_tag","embeddable":true,"href":"https:\/\/secureus.se\/dk\/wp-json\/wp\/v2\/product_tag?post=139859"}],"curies":[{"name":"wp","href":"https:\/\/api.w.org\/{rel}","templated":true}]}}