{"id":139864,"date":"2023-09-26T13:06:28","date_gmt":"2023-09-26T11:06:28","guid":{"rendered":"https:\/\/secureus.se\/elslutbleck-step-60-rattvand-12v-kolvkontakt-10m-kabel\/"},"modified":"2026-04-08T16:29:57","modified_gmt":"2026-04-08T14:29:57","slug":"elslutbleck-step-60-rattvand-12v-kolvkontakt-10m-kabel","status":"publish","type":"product","link":"https:\/\/secureus.se\/dk\/elslutbleck-step-60-rattvand-12v-kolvkontakt-10m-kabel\/","title":{"rendered":"Elektrisk termineringsplade STEP 60 H\u00f8jrevendt 12V Stempelstik 10m Kabel"},"content":{"rendered":"<div>\n<h1>Elektrisk termineringsplade STEP 60 H\u00f8jrevendt 12V Stempelstik 10m Kabel<\/h1>\n<p>STEP 60 Silent elektrisk lukker giver stille og sikker drift til d\u00f8re med h\u00f8j brugsfrekvens.<\/p>\n<p>Med en robust konstruktion, brandklasse E\/EI120, og 10 meter kabel inkluderet, er det en effektiv l\u00f8sning til b\u00e5de sikkerhed og lydd\u00e6mpning.<\/p>\n<p class=\"\" data-start=\"423\" data-end=\"918\">STEP 60 Silent elektriske endestykke er designet til at reducere st\u00f8jniveauet ved \u00e5bning og lukning og samtidig sikre et h\u00f8jt niveau af indbrudssikkerhed.<\/p>\n<p class=\"\" data-start=\"423\" data-end=\"918\">Denne elektriske slisk er perfekt til montering i d\u00f8re, der bruges hyppigt, for eksempel i milj\u00f8er, hvor lydisolering er en prioritet.<\/p>\n<p class=\"\" data-start=\"423\" data-end=\"918\">STEP 60 Silent tilh\u00f8rer STEPs Silent-serie og bruger patenteret STEP silent-teknologi, der g\u00f8r gangene stille og glatte, hvilket reducerer forstyrrende st\u00f8j og forbedrer brugeroplevelsen.<\/p>\n<p class=\"\" data-start=\"920\" data-end=\"1316\">Den er certificeret til brandmodstand op til E\/EI 120, hvilket g\u00f8r den velegnet til brandcellegr\u00e6nser.<\/p>\n<p class=\"\" data-start=\"920\" data-end=\"1316\">Den tilbyder ogs\u00e5 en meget h\u00f8j brudstyrke p\u00e5 16 kN (ca. 1600 kg) og kan \u00e5bne selv under b\u00e5ndtryk p\u00e5 op til 100 kg.<\/p>\n<p class=\"\" data-start=\"920\" data-end=\"1316\">Den indbyggede stempelafbryder giver indikation af, om d\u00f8ren er lukket\/\u00e5ben og l\u00e5st\/ul\u00e5st, hvilket g\u00f8r den ideel til integration med adgangskontrolsystemer eller alarmsystemer.<\/p>\n<p class=\"\" data-start=\"1318\" data-end=\"1333\"><strong data-start=\"1318\" data-end=\"1333\">Egenskaber:<\/strong><\/p>\n<ul data-start=\"1334\" data-end=\"1854\">\n<li class=\"\" data-start=\"1334\" data-end=\"1377\">\n<p class=\"\" data-start=\"1336\" data-end=\"1377\">H\u00f8jrevendt funktion (l\u00e5st i str\u00f8ml\u00f8s tilstand)<\/p>\n<\/li>\n<li class=\"\" data-start=\"1378\" data-end=\"1451\">\n<p class=\"\" data-start=\"1380\" data-end=\"1451\">Certificeret til brandmodstand op til E\/EI 120 i henhold til SS-EN 14846:2008<\/p>\n<\/li>\n<li class=\"\" data-start=\"1452\" data-end=\"1503\">\n<p class=\"\" data-start=\"1454\" data-end=\"1503\">Mikroswitch enpolet alternerende, max. 30 V DC, 1 A<\/p>\n<\/li>\n<li class=\"\" data-start=\"1504\" data-end=\"1599\">\n<p class=\"\" data-start=\"1506\" data-end=\"1599\">Indbygget stempelafbryder med indikation for registrering af d\u00f8rstatus (lukket\/\u00e5bent, l\u00e5st\/ul\u00e5st)<\/p>\n<\/li>\n<li class=\"\" data-start=\"1600\" data-end=\"1666\">\n<p class=\"\" data-start=\"1602\" data-end=\"1666\">Afl\u00e5sningskontakt for tilslutning til adgangskontrolsystem eller alarmsystem<\/p>\n<\/li>\n<li class=\"\" data-start=\"1667\" data-end=\"1706\">\n<p class=\"\" data-start=\"1669\" data-end=\"1706\">Brudstyrke p\u00e5 16 kN (ca. 1600 kg)<\/p>\n<\/li>\n<li class=\"\" data-start=\"1707\" data-end=\"1793\">\n<p class=\"\" data-start=\"1709\" data-end=\"1793\">Garanterer \u00e5bning trods strimmeltryk p\u00e5 op til 100 kg i frem- og bakfunktion<\/p>\n<\/li>\n<li class=\"\" data-start=\"1794\" data-end=\"1820\">\n<p class=\"\" data-start=\"1796\" data-end=\"1820\">Anti-bank konstruktion<\/p>\n<\/li>\n<li class=\"\" data-start=\"1821\" data-end=\"1854\">\n<p class=\"\" data-start=\"1823\" data-end=\"1854\">10 meter halogenfrit kabel medf\u00f8lger<\/p>\n<\/li>\n<\/ul>\n<p class=\"\" data-start=\"1856\" data-end=\"1885\"><strong data-start=\"1856\" data-end=\"1885\">Tekniske specifikationer:<\/strong><\/p>\n<ul data-start=\"1886\" data-end=\"2390\">\n<li class=\"\" data-start=\"1886\" data-end=\"1916\">\n<p class=\"\" data-start=\"1888\" data-end=\"1916\">Brudstyrke max: 1600 kg<\/p>\n<\/li>\n<li class=\"\" data-start=\"1917\" data-end=\"1947\">\n<p class=\"\" data-start=\"1919\" data-end=\"1947\">D\u00f8rh\u00e6ngsel: H\u00f8jre, Venstre<\/p>\n<\/li>\n<li class=\"\" data-start=\"1948\" data-end=\"1993\">\n<p class=\"\" data-start=\"1950\" data-end=\"1993\">Kabel inkluderet: Ja (10 meter halogenfrit kabel)<\/p>\n<\/li>\n<li class=\"\" data-start=\"1994\" data-end=\"2013\">\n<p class=\"\" data-start=\"1996\" data-end=\"2013\">Listetryk: 100 kg<\/p>\n<\/li>\n<li class=\"\" data-start=\"2014\" data-end=\"2049\">\n<p class=\"\" data-start=\"2016\" data-end=\"2049\">L\u00e5setype: Enkeltfaldsl\u00e5s, Dobbeltfaldsl\u00e5s<\/p>\n<\/li>\n<li class=\"\" data-start=\"2050\" data-end=\"2072\">\n<p class=\"\" data-start=\"2052\" data-end=\"2072\">Produktbredde: 28 mm<\/p>\n<\/li>\n<li class=\"\" data-start=\"2073\" data-end=\"2093\">\n<p class=\"\" data-start=\"2075\" data-end=\"2093\">Byggeprodukt vurderet: Ja<\/p>\n<\/li>\n<li class=\"\" data-start=\"2094\" data-end=\"2115\">\n<p class=\"\" data-start=\"2096\" data-end=\"2115\">Produktdybde: 34 mm<\/p>\n<\/li>\n<li class=\"\" data-start=\"2116\" data-end=\"2144\">\n<p class=\"\" data-start=\"2118\" data-end=\"2144\">Driftssp\u00e6nding 12V\/24V: 12V<\/p>\n<\/li>\n<li class=\"\" data-start=\"2145\" data-end=\"2167\">\n<p class=\"\" data-start=\"2147\" data-end=\"2167\">Dobbelt twist drop: Nej<\/p>\n<\/li>\n<li class=\"\" data-start=\"2168\" data-end=\"2189\">\n<p class=\"\" data-start=\"2170\" data-end=\"2189\">EPD-verificeret: Nej<\/p>\n<\/li>\n<li class=\"\" data-start=\"2190\" data-end=\"2202\">\n<p class=\"\" data-start=\"2192\" data-end=\"2202\">FINFO: Nej<\/p>\n<\/li>\n<li class=\"\" data-start=\"2203\" data-end=\"2231\">\n<p class=\"\" data-start=\"2205\" data-end=\"2231\">Farve\/finish: Rustfrit st\u00e5l<\/p>\n<\/li>\n<li class=\"\" data-start=\"2232\" data-end=\"2256\">\n<p class=\"\" data-start=\"2234\" data-end=\"2256\">Produkth\u00f8jde: 149,5 mm<\/p>\n<\/li>\n<li class=\"\" data-start=\"2257\" data-end=\"2274\">\n<p class=\"\" data-start=\"2259\" data-end=\"2274\">Stempelkontakt: Ja<\/p>\n<\/li>\n<li class=\"\" data-start=\"2275\" data-end=\"2302\">\n<p class=\"\" data-start=\"2277\" data-end=\"2302\">Forside\/bagside: Forside<\/p>\n<\/li>\n<li class=\"\" data-start=\"2303\" data-end=\"2323\">\n<p class=\"\" data-start=\"2305\" data-end=\"2323\">Sp\u00e6nding AC\/DC: DC<\/p>\n<\/li>\n<li class=\"\" data-start=\"2324\" data-end=\"2346\">\n<p class=\"\" data-start=\"2326\" data-end=\"2346\">Sp\u00e6nding max: 13,8 V<\/p>\n<\/li>\n<li class=\"\" data-start=\"2347\" data-end=\"2369\">\n<p class=\"\" data-start=\"2349\" data-end=\"2369\">Sp\u00e6nding min: 10,8 V<\/p>\n<\/li>\n<li class=\"\" data-start=\"2370\" data-end=\"2390\">\n<p class=\"\" data-start=\"2372\" data-end=\"2390\">SundaHouse Vurderet: Ja<\/p>\n<\/li>\n<\/ul>\n<div>\n<div><\/div>\n<\/div>\n<\/div>","protected":false},"excerpt":{"rendered":"<p>Her kan du se, hvilke stolper og modeller, der passer sammen fra STEP serien af Elektriske d\u00f8rstoppere.<\/p>\n<h5><strong><a href=\"https:\/\/steplock.com\/sv\/stolpguide\/#!?lang=sv&amp;blog_id=1&amp;paged=1&amp;number=50\" target=\"_blank\" rel=\"noopener\">TRIN Post guide\u00a0<\/a><\/strong><\/h5>\n<h5><strong><a href=\"https:\/\/steplock.com\/sv\/projekteringsguide\/#!?lang=sv&amp;blog_id=1&amp;paged=1&amp;number=999\" target=\"_blank\" rel=\"noopener\">STEP design guide<\/a><\/strong><\/h5>","protected":false},"featured_media":139863,"template":"","meta":{"_acf_changed":false},"product_brand":[],"product_cat":[3355],"product_tag":[4198,4200],"class_list":{"0":"post-139864","1":"product","2":"type-product","3":"status-publish","4":"has-post-thumbnail","6":"product_cat-elslutbleck","7":"product_tag-12v","8":"product_tag-rattvand","9":"product_shipping_class-tunga-paket","10":"pa_brands-step","11":"tm-no-options","13":"first","14":"onbackorder","15":"sale","16":"taxable","17":"shipping-taxable","18":"purchasable","19":"product-type-simple"},"acf":[],"_links":{"self":[{"href":"https:\/\/secureus.se\/dk\/wp-json\/wp\/v2\/product\/139864","targetHints":{"allow":["GET"]}}],"collection":[{"href":"https:\/\/secureus.se\/dk\/wp-json\/wp\/v2\/product"}],"about":[{"href":"https:\/\/secureus.se\/dk\/wp-json\/wp\/v2\/types\/product"}],"wp:featuredmedia":[{"embeddable":true,"href":"https:\/\/secureus.se\/dk\/wp-json\/wp\/v2\/media\/139863"}],"wp:attachment":[{"href":"https:\/\/secureus.se\/dk\/wp-json\/wp\/v2\/media?parent=139864"}],"wp:term":[{"taxonomy":"product_brand","embeddable":true,"href":"https:\/\/secureus.se\/dk\/wp-json\/wp\/v2\/product_brand?post=139864"},{"taxonomy":"product_cat","embeddable":true,"href":"https:\/\/secureus.se\/dk\/wp-json\/wp\/v2\/product_cat?post=139864"},{"taxonomy":"product_tag","embeddable":true,"href":"https:\/\/secureus.se\/dk\/wp-json\/wp\/v2\/product_tag?post=139864"}],"curies":[{"name":"wp","href":"https:\/\/api.w.org\/{rel}","templated":true}]}}