{"id":139907,"date":"2023-09-26T13:06:19","date_gmt":"2023-09-26T11:06:19","guid":{"rendered":"https:\/\/secureus.se\/elslutbleck-step-98-omvand-12v\/"},"modified":"2026-04-08T16:24:45","modified_gmt":"2026-04-08T14:24:45","slug":"elslutbleck-step-98-omvand-12v","status":"publish","type":"product","link":"https:\/\/secureus.se\/dk\/elslutbleck-step-98-omvand-12v\/","title":{"rendered":"Elektrisk termineringsplade TRIN 98 Omvendt 12V"},"content":{"rendered":"<h1>Elektrisk termineringsplade TRIN 98 Omvendt 12V<\/h1>\n<p>Elsluttende STEP 98 Preload er et brandgodkendt og sikkerhedsklassificeret elektrisk slutstykke med h\u00f8j brudstyrke og mulighed for at \u00e5bne trods st\u00f8betryk.<\/p>\n<p class=\"\" data-start=\"290\" data-end=\"657\">TRIN 98 Preload er et brandklassificeret elektrisk slutstykke designet til d\u00f8re, der kr\u00e6ver sikkerhedsfunktioner og p\u00e5lidelig drift.<\/p>\n<p class=\"\" data-start=\"290\" data-end=\"657\">Denne elektriske sl\u00f8jfe er certificeret til brandmodstandsdygtighed op til E\/EI 120 (120 minutter) og er udstyret med STEPs patenterede b\u00e5ndtrykteknologi, hvilket betyder, at d\u00f8ren altid kan \u00e5bnes, selv n\u00e5r den uds\u00e6ttes for tryk p\u00e5 op til 40 kg.<\/p>\n<p class=\"\" data-start=\"659\" data-end=\"1009\">TRIN 98 Preload tilbyder en omvendt funktion (l\u00e5st i sp\u00e6ndingsl\u00f8s position) og er vendbar, s\u00e5 den passer til b\u00e5de h\u00f8jre og venstre d\u00f8re.<\/p>\n<p class=\"\" data-start=\"659\" data-end=\"1009\">For yderligere sikkerhed er produktet udstyret med en beskyttelsesdiode og brudstyrken er 900 kg.<\/p>\n<p class=\"\" data-start=\"659\" data-end=\"1009\">Det elektriske slutstykke er fremragende til brug, hvor der kr\u00e6ves h\u00f8j sikkerhed, s\u00e5som i kontorer, boliger eller erhvervsbygninger.<\/p>\n<p class=\"\" data-start=\"1011\" data-end=\"1028\"><strong data-start=\"1011\" data-end=\"1025\">Egenskaber<\/strong>:<\/p>\n<ul data-start=\"1029\" data-end=\"1395\">\n<li class=\"\" data-start=\"1029\" data-end=\"1072\">\n<p class=\"\" data-start=\"1031\" data-end=\"1072\">Omvendt funktion (l\u00e5st i str\u00f8ml\u00f8s tilstand)<\/p>\n<\/li>\n<li class=\"\" data-start=\"1073\" data-end=\"1131\">\n<p class=\"\" data-start=\"1075\" data-end=\"1131\">Brandgodkendt op til E\/EI 120 i henhold til SS-EN 14846:2008<\/p>\n<\/li>\n<li class=\"\" data-start=\"1132\" data-end=\"1168\">\n<p class=\"\" data-start=\"1134\" data-end=\"1168\">Brudstyrke 9 kN (ca. 900 kg)<\/p>\n<\/li>\n<li class=\"\" data-start=\"1169\" data-end=\"1256\">\n<p class=\"\" data-start=\"1171\" data-end=\"1256\">Garanterer \u00e5bning trods strimmeltryk p\u00e5 op til 40 kg i frem- og bakfunktion<\/p>\n<\/li>\n<li class=\"\" data-start=\"1257\" data-end=\"1279\">\n<p class=\"\" data-start=\"1259\" data-end=\"1279\">Indbygget beskyttelsesdiode<\/p>\n<\/li>\n<li class=\"\" data-start=\"1280\" data-end=\"1330\">\n<p class=\"\" data-start=\"1282\" data-end=\"1330\">Vendbar for at passe til h\u00f8jre og venstre d\u00f8re<\/p>\n<\/li>\n<li class=\"\" data-start=\"1331\" data-end=\"1346\">\n<p class=\"\" data-start=\"1333\" data-end=\"1346\">Anti-banke<\/p>\n<\/li>\n<li class=\"\" data-start=\"1347\" data-end=\"1395\">\n<p class=\"\" data-start=\"1349\" data-end=\"1395\">I stand til at l\u00e5se op for kroglineal eller lige lineal<\/p>\n<\/li>\n<\/ul>\n<p class=\"\" data-start=\"1397\" data-end=\"1428\"><strong data-start=\"1397\" data-end=\"1425\">Tekniske specifikationer<\/strong>:<\/p>\n<ul data-start=\"1429\" data-end=\"2020\">\n<li class=\"\" data-start=\"1429\" data-end=\"1464\">\n<p class=\"\" data-start=\"1431\" data-end=\"1464\"><strong data-start=\"1431\" data-end=\"1454\">Brudstyrke max<\/strong>: 900 kg<\/p>\n<\/li>\n<li class=\"\" data-start=\"1465\" data-end=\"1501\">\n<p class=\"\" data-start=\"1467\" data-end=\"1501\"><strong data-start=\"1467\" data-end=\"1483\">D\u00f8r h\u00e6ngende<\/strong>: H\u00f8jre, Venstre<\/p>\n<\/li>\n<li class=\"\" data-start=\"1502\" data-end=\"1526\">\n<p class=\"\" data-start=\"1504\" data-end=\"1526\"><strong data-start=\"1504\" data-end=\"1519\">Kabel medf\u00f8lger<\/strong>: Nej<\/p>\n<\/li>\n<li class=\"\" data-start=\"1527\" data-end=\"1551\">\n<p class=\"\" data-start=\"1529\" data-end=\"1551\"><strong data-start=\"1529\" data-end=\"1542\">Listeudskrivning<\/strong>: 40 kg<\/p>\n<\/li>\n<li class=\"\" data-start=\"1552\" data-end=\"1593\">\n<p class=\"\" data-start=\"1554\" data-end=\"1593\"><strong data-start=\"1554\" data-end=\"1564\">L\u00e5s type<\/strong>: Enkelt l\u00e5s, Dobbelt l\u00e5s<\/p>\n<\/li>\n<li class=\"\" data-start=\"1594\" data-end=\"1622\">\n<p class=\"\" data-start=\"1596\" data-end=\"1622\"><strong data-start=\"1596\" data-end=\"1613\">Bredt produkt<\/strong>: 25 mm<\/p>\n<\/li>\n<li class=\"\" data-start=\"1623\" data-end=\"1649\">\n<p class=\"\" data-start=\"1625\" data-end=\"1649\"><strong data-start=\"1625\" data-end=\"1643\">Byggematerialer vurderet<\/strong>: Ja<\/p>\n<\/li>\n<li class=\"\" data-start=\"1650\" data-end=\"1677\">\n<p class=\"\" data-start=\"1652\" data-end=\"1677\"><strong data-start=\"1652\" data-end=\"1668\">Dybt produkt<\/strong>: 35 mm<\/p>\n<\/li>\n<li class=\"\" data-start=\"1678\" data-end=\"1712\">\n<p class=\"\" data-start=\"1680\" data-end=\"1712\"><strong data-start=\"1680\" data-end=\"1705\">Driftssp\u00e6nding 12V\/24V<\/strong>: 12V<\/p>\n<\/li>\n<li class=\"\" data-start=\"1713\" data-end=\"1741\">\n<p class=\"\" data-start=\"1715\" data-end=\"1741\"><strong data-start=\"1715\" data-end=\"1734\">Dobbelt twist case<\/strong>: Nej<\/p>\n<\/li>\n<li class=\"\" data-start=\"1742\" data-end=\"1769\">\n<p class=\"\" data-start=\"1744\" data-end=\"1769\"><strong data-start=\"1744\" data-end=\"1762\">EPD-verificeret<\/strong>: Nej<\/p>\n<\/li>\n<li class=\"\" data-start=\"1770\" data-end=\"1788\">\n<p class=\"\" data-start=\"1772\" data-end=\"1788\"><strong data-start=\"1772\" data-end=\"1781\">FIN INFO<\/strong>: Nej<\/p>\n<\/li>\n<li class=\"\" data-start=\"1789\" data-end=\"1823\">\n<p class=\"\" data-start=\"1791\" data-end=\"1823\"><strong data-start=\"1791\" data-end=\"1812\">Farve\/Overfladebehandling<\/strong>: Rustfrit st\u00e5l<\/p>\n<\/li>\n<li class=\"\" data-start=\"1824\" data-end=\"1851\">\n<p class=\"\" data-start=\"1826\" data-end=\"1851\"><strong data-start=\"1826\" data-end=\"1842\">Forh\u00f8jet produkt<\/strong>: 90 mm<\/p>\n<\/li>\n<li class=\"\" data-start=\"1852\" data-end=\"1876\">\n<p class=\"\" data-start=\"1854\" data-end=\"1876\"><strong data-start=\"1854\" data-end=\"1869\">Stempelforbindelse<\/strong>: Nej<\/p>\n<\/li>\n<li class=\"\" data-start=\"1877\" data-end=\"1908\">\n<p class=\"\" data-start=\"1879\" data-end=\"1908\"><strong data-start=\"1879\" data-end=\"1898\">H\u00f8jre\/omvendt<\/strong>: Omvendt<\/p>\n<\/li>\n<li class=\"\" data-start=\"1909\" data-end=\"1935\">\n<p class=\"\" data-start=\"1911\" data-end=\"1935\"><strong data-start=\"1911\" data-end=\"1929\">Sp\u00e6nding AC\/DC<\/strong>: DC<\/p>\n<\/li>\n<li class=\"\" data-start=\"1936\" data-end=\"1964\">\n<p class=\"\" data-start=\"1938\" data-end=\"1964\"><strong data-start=\"1938\" data-end=\"1954\">Sp\u00e6nding max<\/strong>: 13,8V<\/p>\n<\/li>\n<li class=\"\" data-start=\"1965\" data-end=\"1993\">\n<p class=\"\" data-start=\"1967\" data-end=\"1993\"><strong data-start=\"1967\" data-end=\"1983\">Sp\u00e6nding min<\/strong>: 10,8V<\/p>\n<\/li>\n<li class=\"\" data-start=\"1994\" data-end=\"2020\">\n<p class=\"\" data-start=\"1996\" data-end=\"2020\"><strong data-start=\"1996\" data-end=\"2014\">SundaHouse vurderet<\/strong>: Ja<\/p>\n<\/li>\n<\/ul>","protected":false},"excerpt":{"rendered":"<p>Her kan du se, hvilke stolper og modeller, der passer sammen fra STEP serien af Elektriske d\u00f8rstoppere.<\/p>\n<h5><strong><a href=\"https:\/\/steplock.com\/sv\/stolpguide\/#!?lang=sv&amp;blog_id=1&amp;paged=1&amp;number=50\" target=\"_blank\" rel=\"noopener\">TRIN Post guide\u00a0<\/a><\/strong><\/h5>\n<h5><strong><a href=\"https:\/\/steplock.com\/sv\/projekteringsguide\/#!?lang=sv&amp;blog_id=1&amp;paged=1&amp;number=999\" target=\"_blank\" rel=\"noopener\">STEP design guide<\/a><\/strong><\/h5>","protected":false},"featured_media":139906,"template":"","meta":{"_acf_changed":false},"product_brand":[],"product_cat":[3355],"product_tag":[4198,4201],"class_list":{"0":"post-139907","1":"product","2":"type-product","3":"status-publish","4":"has-post-thumbnail","6":"product_cat-elslutbleck","7":"product_tag-12v","8":"product_tag-omvand","9":"product_shipping_class-tunga-paket","10":"pa_brands-step","11":"tm-no-options","13":"first","14":"onbackorder","15":"sale","16":"taxable","17":"shipping-taxable","18":"purchasable","19":"product-type-simple"},"acf":[],"_links":{"self":[{"href":"https:\/\/secureus.se\/dk\/wp-json\/wp\/v2\/product\/139907","targetHints":{"allow":["GET"]}}],"collection":[{"href":"https:\/\/secureus.se\/dk\/wp-json\/wp\/v2\/product"}],"about":[{"href":"https:\/\/secureus.se\/dk\/wp-json\/wp\/v2\/types\/product"}],"wp:featuredmedia":[{"embeddable":true,"href":"https:\/\/secureus.se\/dk\/wp-json\/wp\/v2\/media\/139906"}],"wp:attachment":[{"href":"https:\/\/secureus.se\/dk\/wp-json\/wp\/v2\/media?parent=139907"}],"wp:term":[{"taxonomy":"product_brand","embeddable":true,"href":"https:\/\/secureus.se\/dk\/wp-json\/wp\/v2\/product_brand?post=139907"},{"taxonomy":"product_cat","embeddable":true,"href":"https:\/\/secureus.se\/dk\/wp-json\/wp\/v2\/product_cat?post=139907"},{"taxonomy":"product_tag","embeddable":true,"href":"https:\/\/secureus.se\/dk\/wp-json\/wp\/v2\/product_tag?post=139907"}],"curies":[{"name":"wp","href":"https:\/\/api.w.org\/{rel}","templated":true}]}}