{"id":139934,"date":"2023-09-26T13:07:37","date_gmt":"2023-09-26T11:07:37","guid":{"rendered":"https:\/\/secureus.se\/elslutbleck-step-18-vanster-omvand-12v-9mm-regel-connect\/"},"modified":"2026-04-08T16:19:21","modified_gmt":"2026-04-08T14:19:21","slug":"elslutbleck-step-18-vanster-omvand-12v-9mm-regel-connect","status":"publish","type":"product","link":"https:\/\/secureus.se\/dk\/elslutbleck-step-18-vanster-omvand-12v-9mm-regel-connect\/","title":{"rendered":"Elektrisk endeplade TRIN 18 Venstre Reverse 12V 9mm Regel Tilslut"},"content":{"rendered":"<h1>Elektrisk endeplade TRIN 18 Venstre Reverse 12V 9mm Regel Tilslut<\/h1>\n<p>TRIN 18 Sikre elektrisk sl\u00f8jfe til venstreh\u00e6ngte d\u00f8re med 9 mm tilslutningsbolt. Omvendt funktion, brandklasse E\/EI60, stempelkontakt og h\u00f8j brudstyrke.<\/p>\n<p class=\"\" data-start=\"237\" data-end=\"695\">STEP 18 Secure el-angreb er et kraftfuldt og p\u00e5lideligt el-slag, der er udviklet til milj\u00f8er med meget h\u00f8je krav til b\u00e5de sikkerhed og p\u00e5lidelighed.<\/p>\n<p class=\"\" data-start=\"237\" data-end=\"695\">Denne model er designet til boltl\u00e5se med 9 mm stempel i Connect-serien og er tilpasset venstreh\u00e6ngte d\u00f8re.<\/p>\n<p class=\"\" data-start=\"237\" data-end=\"695\">Pladen har en omvendt funktion, hvilket betyder, at den er opl\u00e5st i str\u00f8ml\u00f8s position \u2013 perfekt til flugtveje, hvor sikkerhed skal kombineres med hurtig adgang.<\/p>\n<p class=\"\" data-start=\"697\" data-end=\"1029\">Produktet er brandklassificeret op til E\/EI60 og godkendt til sikkerhedsd\u00f8re op til RC4, hvilket g\u00f8r det s\u00e6rligt velegnet til brug i fx banker, f\u00e6ngsler og andre h\u00f8jrisikomilj\u00f8er.<\/p>\n<p class=\"\" data-start=\"697\" data-end=\"1029\">STEP 18 er udstyret med stempel- og l\u00e5sekontakt, der muligg\u00f8r integration i moderne adgangskontrolsystemer og giver en klar indikation af d\u00f8rens status.<\/p>\n<p class=\"\" data-start=\"1031\" data-end=\"1259\">Den patenterede teknologi giver en brudstyrke p\u00e5 hele 15 kN og pladen \u00e5bner selv med et b\u00e5ndtryk p\u00e5 op til 500 kg.<\/p>\n<p class=\"\" data-start=\"1031\" data-end=\"1259\">Der medf\u00f8lger et halogenfrit 5 meter kabel, og en beskyttelsesdiode og oversp\u00e6ndingsbeskytter giver ekstra sikkerhed i installationen.<\/p>\n<p class=\"\" data-start=\"1261\" data-end=\"1289\"><strong data-start=\"1261\" data-end=\"1287\">Funktioner og fordele:<\/strong><\/p>\n<ul data-start=\"1290\" data-end=\"1585\">\n<li class=\"\" data-start=\"1290\" data-end=\"1319\">\n<p class=\"\" data-start=\"1292\" data-end=\"1319\">Passer til 9 mm Forbindelsesstang<\/p>\n<\/li>\n<li class=\"\" data-start=\"1320\" data-end=\"1348\">\n<p class=\"\" data-start=\"1322\" data-end=\"1348\">Til venstreh\u00e6ngte d\u00f8re<\/p>\n<\/li>\n<li class=\"\" data-start=\"1349\" data-end=\"1387\">\n<p class=\"\" data-start=\"1351\" data-end=\"1387\">Omvendt funktion (l\u00e5st op uden str\u00f8m)<\/p>\n<\/li>\n<li class=\"\" data-start=\"1388\" data-end=\"1420\">\n<p class=\"\" data-start=\"1390\" data-end=\"1420\">Brandklassificeret op til E\/EI60<\/p>\n<\/li>\n<li class=\"\" data-start=\"1421\" data-end=\"1464\">\n<p class=\"\" data-start=\"1423\" data-end=\"1464\">Stempel og l\u00e5sekontakt til adgangskontrolsystemer<\/p>\n<\/li>\n<li class=\"\" data-start=\"1465\" data-end=\"1491\">\n<p class=\"\" data-start=\"1467\" data-end=\"1491\">Brudstyrke: 15 kN<\/p>\n<\/li>\n<li class=\"\" data-start=\"1492\" data-end=\"1525\">\n<p class=\"\" data-start=\"1494\" data-end=\"1525\">T\u00e5ler b\u00e5ndtryk op til 500 kg<\/p>\n<\/li>\n<li class=\"\" data-start=\"1526\" data-end=\"1556\">\n<p class=\"\" data-start=\"1528\" data-end=\"1556\">Halogenfri 5 m kabel medf\u00f8lger<\/p>\n<\/li>\n<li class=\"\" data-start=\"1557\" data-end=\"1585\">\n<p class=\"\" data-start=\"1559\" data-end=\"1585\">Beskyttelsesdiode og st\u00f8dsikker<\/p>\n<\/li>\n<\/ul>","protected":false},"excerpt":{"rendered":"<p>Her kan du se, hvilke stolper og modeller, der passer sammen fra STEP serien af Elektriske d\u00f8rstoppere.<\/p>\n<h5><strong><a href=\"https:\/\/steplock.com\/sv\/stolpguide\/#!?lang=sv&amp;blog_id=1&amp;paged=1&amp;number=50\" target=\"_blank\" rel=\"noopener\">TRIN Post guide\u00a0<\/a><\/strong><\/h5>\n<h5><strong><a href=\"https:\/\/steplock.com\/sv\/projekteringsguide\/#!?lang=sv&amp;blog_id=1&amp;paged=1&amp;number=999\" target=\"_blank\" rel=\"noopener\">STEP design guide<\/a><\/strong><\/h5>","protected":false},"featured_media":139930,"template":"","meta":{"_acf_changed":false},"product_brand":[],"product_cat":[3355],"product_tag":[4198,4201],"class_list":{"0":"post-139934","1":"product","2":"type-product","3":"status-publish","4":"has-post-thumbnail","6":"product_cat-elslutbleck","7":"product_tag-12v","8":"product_tag-omvand","9":"product_shipping_class-tunga-paket","10":"pa_brands-step","11":"tm-no-options","13":"first","14":"onbackorder","15":"sale","16":"taxable","17":"shipping-taxable","18":"purchasable","19":"product-type-simple"},"acf":[],"_links":{"self":[{"href":"https:\/\/secureus.se\/dk\/wp-json\/wp\/v2\/product\/139934","targetHints":{"allow":["GET"]}}],"collection":[{"href":"https:\/\/secureus.se\/dk\/wp-json\/wp\/v2\/product"}],"about":[{"href":"https:\/\/secureus.se\/dk\/wp-json\/wp\/v2\/types\/product"}],"wp:featuredmedia":[{"embeddable":true,"href":"https:\/\/secureus.se\/dk\/wp-json\/wp\/v2\/media\/139930"}],"wp:attachment":[{"href":"https:\/\/secureus.se\/dk\/wp-json\/wp\/v2\/media?parent=139934"}],"wp:term":[{"taxonomy":"product_brand","embeddable":true,"href":"https:\/\/secureus.se\/dk\/wp-json\/wp\/v2\/product_brand?post=139934"},{"taxonomy":"product_cat","embeddable":true,"href":"https:\/\/secureus.se\/dk\/wp-json\/wp\/v2\/product_cat?post=139934"},{"taxonomy":"product_tag","embeddable":true,"href":"https:\/\/secureus.se\/dk\/wp-json\/wp\/v2\/product_tag?post=139934"}],"curies":[{"name":"wp","href":"https:\/\/api.w.org\/{rel}","templated":true}]}}