{"id":139946,"date":"2023-09-26T13:07:34","date_gmt":"2023-09-26T11:07:34","guid":{"rendered":"https:\/\/secureus.se\/elslutbleck-step-18-hoger-omvand-12v-9mm-regel-connect\/"},"modified":"2026-03-26T09:50:06","modified_gmt":"2026-03-26T08:50:06","slug":"elslutbleck-step-18-hoger-omvand-12v-9mm-regel-connect","status":"publish","type":"product","link":"https:\/\/secureus.se\/dk\/elslutbleck-step-18-hoger-omvand-12v-9mm-regel-connect\/","title":{"rendered":"Elektrisk endeplade TRIN 18 H\u00f8jre Omvendt 12V 9mm Regel Tilslut"},"content":{"rendered":"<h1>Elektrisk endeplade TRIN 18 H\u00f8jre Omvendt 12V 9mm Regel Tilslut<\/h1>\n<p>TRIN 18 Sikker elektrisk sl\u00f8jfe med omvendt funktion til h\u00f8jreh\u00e6ngte d\u00f8re. Tilpasset til 9 mm Connect bolt, brandgodkendt E\/EI60, stempelkontakt og h\u00f8j sikkerhed.<\/p>\n<p class=\"\" data-start=\"241\" data-end=\"654\">STEP 18 Secure elektriske slutben er et f\u00f8rsteklasses valg til sikkerhedskritiske milj\u00f8er, hvor b\u00e5de h\u00f8j indtr\u00e6ngningsmodstand og p\u00e5lidelig drift er afg\u00f8rende.<\/p>\n<p class=\"\" data-start=\"241\" data-end=\"654\">Denne model er beregnet til h\u00f8jreh\u00e6ngte d\u00f8re og passer til boltl\u00e5se med 9 mm stempler i Connect-serien.<\/p>\n<p class=\"\" data-start=\"241\" data-end=\"654\">Med omvendt funktion (l\u00e5st op i tilf\u00e6lde af str\u00f8msvigt) er den ideel til flugtveje eller andre d\u00f8re, hvor sikker evakuering er en prioritet.<\/p>\n<p class=\"\" data-start=\"656\" data-end=\"1036\">STEP 18 er en del af STEP&#039;s Secure-serie \u2013 en serie af elektriske strejker designet til barske milj\u00f8er som banker, f\u00e6ngsler og andre steder med h\u00f8je sikkerhedskrav.<\/p>\n<p class=\"\" data-start=\"656\" data-end=\"1036\">Produktet er godkendt til sikkerhedsd\u00f8re op til RC4 og er brandklassificeret i henhold til E\/EI60.<\/p>\n<p class=\"\" data-start=\"656\" data-end=\"1036\">Den robuste konstruktion kan modst\u00e5 en brudstyrke p\u00e5 hele 15 kN, og teknologien garanterer funktion selv ved b\u00e5ndtryk p\u00e5 op til 500 kg.<\/p>\n<p class=\"\" data-start=\"1038\" data-end=\"1301\">Den elektriske slutplade er forsynet med indbygget stempel og l\u00e5sekontakt til statusindikation, hvilket g\u00f8r det nemt at tilslutte alarm- og adgangskontrolsystemer.<\/p>\n<p class=\"\" data-start=\"1038\" data-end=\"1301\">Beskyttelsesdiode og bankebeskyttelse bidrager til en lang levetid og p\u00e5lidelig drift. 5 meter halogenfrit tilslutningskabel medf\u00f8lger.<\/p>\n<p class=\"\" data-start=\"1303\" data-end=\"1331\"><strong data-start=\"1303\" data-end=\"1329\">Funktioner og fordele:<\/strong><\/p>\n<ul data-start=\"1332\" data-end=\"1651\">\n<li class=\"\" data-start=\"1332\" data-end=\"1366\">\n<p class=\"\" data-start=\"1334\" data-end=\"1366\">Til 9 mm stempel i Connect-serien<\/p>\n<\/li>\n<li class=\"\" data-start=\"1367\" data-end=\"1412\">\n<p class=\"\" data-start=\"1369\" data-end=\"1412\">Omvendt funktion \u2013 opl\u00e5st i tilf\u00e6lde af str\u00f8msvigt<\/p>\n<\/li>\n<li class=\"\" data-start=\"1413\" data-end=\"1432\">\n<p class=\"\" data-start=\"1415\" data-end=\"1432\">H\u00f8jreh\u00e6ngslet d\u00f8r<\/p>\n<\/li>\n<li class=\"\" data-start=\"1433\" data-end=\"1456\">\n<p class=\"\" data-start=\"1435\" data-end=\"1456\">Brandgodkendt E\/EI60<\/p>\n<\/li>\n<li class=\"\" data-start=\"1457\" data-end=\"1504\">\n<p class=\"\" data-start=\"1459\" data-end=\"1504\">Stempel og l\u00e5sekontakt til statusindikation<\/p>\n<\/li>\n<li class=\"\" data-start=\"1505\" data-end=\"1531\">\n<p class=\"\" data-start=\"1507\" data-end=\"1531\">Brudstyrke: 15 kN<\/p>\n<\/li>\n<li class=\"\" data-start=\"1532\" data-end=\"1574\">\n<p class=\"\" data-start=\"1534\" data-end=\"1574\">\u00c5bner trods tryk p\u00e5 op til 500 kg<\/p>\n<\/li>\n<li class=\"\" data-start=\"1575\" data-end=\"1609\">\n<p class=\"\" data-start=\"1577\" data-end=\"1609\">5 meter halogenfrit kabel medf\u00f8lger<\/p>\n<\/li>\n<li class=\"\" data-start=\"1610\" data-end=\"1651\">\n<p class=\"\" data-start=\"1612\" data-end=\"1651\">Beskyttelsesdiode og st\u00f8dsikker konstruktion<\/p>\n<\/li>\n<\/ul>","protected":false},"excerpt":{"rendered":"<p>Her kan du se, hvilke stolper og modeller, der passer sammen fra STEP serien af Elektriske d\u00f8rstoppere.<\/p>\n<h5><strong><a href=\"https:\/\/steplock.com\/sv\/stolpguide\/#!?lang=sv&amp;blog_id=1&amp;paged=1&amp;number=50\" target=\"_blank\" rel=\"noopener\">TRIN Post guide\u00a0<\/a><\/strong><\/h5>\n<h5><strong><a href=\"https:\/\/steplock.com\/sv\/projekteringsguide\/#!?lang=sv&amp;blog_id=1&amp;paged=1&amp;number=999\" target=\"_blank\" rel=\"noopener\">STEP design guide<\/a><\/strong><\/h5>","protected":false},"featured_media":139944,"template":"","meta":{"_acf_changed":false},"product_brand":[],"product_cat":[3355],"product_tag":[4198,4201],"class_list":{"0":"post-139946","1":"product","2":"type-product","3":"status-publish","4":"has-post-thumbnail","6":"product_cat-elslutbleck","7":"product_tag-12v","8":"product_tag-omvand","9":"product_shipping_class-tunga-paket","10":"pa_brands-step","11":"tm-no-options","13":"first","14":"instock","15":"sale","16":"taxable","17":"shipping-taxable","18":"purchasable","19":"product-type-simple"},"acf":[],"_links":{"self":[{"href":"https:\/\/secureus.se\/dk\/wp-json\/wp\/v2\/product\/139946","targetHints":{"allow":["GET"]}}],"collection":[{"href":"https:\/\/secureus.se\/dk\/wp-json\/wp\/v2\/product"}],"about":[{"href":"https:\/\/secureus.se\/dk\/wp-json\/wp\/v2\/types\/product"}],"wp:featuredmedia":[{"embeddable":true,"href":"https:\/\/secureus.se\/dk\/wp-json\/wp\/v2\/media\/139944"}],"wp:attachment":[{"href":"https:\/\/secureus.se\/dk\/wp-json\/wp\/v2\/media?parent=139946"}],"wp:term":[{"taxonomy":"product_brand","embeddable":true,"href":"https:\/\/secureus.se\/dk\/wp-json\/wp\/v2\/product_brand?post=139946"},{"taxonomy":"product_cat","embeddable":true,"href":"https:\/\/secureus.se\/dk\/wp-json\/wp\/v2\/product_cat?post=139946"},{"taxonomy":"product_tag","embeddable":true,"href":"https:\/\/secureus.se\/dk\/wp-json\/wp\/v2\/product_tag?post=139946"}],"curies":[{"name":"wp","href":"https:\/\/api.w.org\/{rel}","templated":true}]}}