{"id":139992,"date":"2023-09-26T13:07:03","date_gmt":"2023-09-26T11:07:03","guid":{"rendered":"https:\/\/secureus.se\/elslutbleck-step-18-vanster-rattvand-24v-10mm-regel-modul\/"},"modified":"2026-04-23T12:47:33","modified_gmt":"2026-04-23T10:47:33","slug":"elslutbleck-step-18-vanster-rattvand-24v-10mm-regel-modul","status":"publish","type":"product","link":"https:\/\/secureus.se\/dk\/elslutbleck-step-18-vanster-rattvand-24v-10mm-regel-modul\/","title":{"rendered":"Elektrisk endeplade TRIN 18 Venstre H\u00f8jre vendt 24V 10mm Rule Module"},"content":{"rendered":"<h1>Elektrisk endeplade TRIN 18 Venstre H\u00f8jre vendt 24V 10mm Rule Module<\/h1>\n<p>TRIN 18 Secure er en brandgodkendt elektrisk slutplade til reguleringsl\u00e5se med 10 mm stempel i Modul-serien, designet til sikkerhedsd\u00f8re med h\u00f8j indbrudsmodstand.<\/p>\n<p>Udstyret med stempelkontakt og en brudstyrke p\u00e5 1500 kg.<\/p>\n<p class=\"\" data-start=\"388\" data-end=\"787\">Elektrisk slutplade STEP 18 Secure er en del af STEPs Secure-serie og tilbyder den h\u00f8jeste sikkerhed til d\u00f8re med h\u00f8je krav til indbrudssikring.<\/p>\n<p class=\"\" data-start=\"388\" data-end=\"787\">Den er s\u00e6rdeles velegnet til installationer, hvor d\u00f8rene \u00e5bnes og lukkes hyppigt, hvilket g\u00f8r den ideel til d\u00f8re i for eksempel f\u00e6ngsler eller banker.<\/p>\n<p class=\"\" data-start=\"388\" data-end=\"787\">TRIN 18 Secure er godkendt til at l\u00e5se sikkerhedsd\u00f8re op til RC4 og brandgodkendt op til E\/EI 60.<\/p>\n<p class=\"\" data-start=\"789\" data-end=\"1103\">Med en brudstyrke p\u00e5 15 kN (ca. 1500 kg) og evnen til at \u00e5bne trods et b\u00e5ndtryk p\u00e5 5 kN (ca. 500 kg), tilbyder STEP 18 Secure b\u00e5de p\u00e5lidelig sikkerhed og holdbarhed.<\/p>\n<p class=\"\" data-start=\"789\" data-end=\"1103\">Den indbyggede stempelafbryder giver indikation af d\u00f8rens lukket\/\u00e5ben status, hvilket g\u00f8r det nemt at forbinde til adgangssystemer og alarmsystemer.<\/p>\n<p class=\"\" data-start=\"1105\" data-end=\"1357\">Omvendt funktion betyder, at d\u00f8ren l\u00e5ses op i str\u00f8ml\u00f8s tilstand, hvilket g\u00f8r den til en fleksibel l\u00f8sning til sikkerhedsd\u00f8re, der skal \u00e5bnes hurtigt og nemt, n\u00e5r det er n\u00f8dvendigt.<\/p>\n<p class=\"\" data-start=\"1105\" data-end=\"1357\">Der medf\u00f8lger et 5 meter halogenfrit tilslutningskabel for nem installation.<\/p>\n<p class=\"\" data-start=\"1359\" data-end=\"1374\"><strong data-start=\"1359\" data-end=\"1374\">Egenskaber:<\/strong><\/p>\n<ul data-start=\"1375\" data-end=\"1943\">\n<li class=\"\" data-start=\"1375\" data-end=\"1419\">\n<p class=\"\" data-start=\"1377\" data-end=\"1419\">Til reguleringsl\u00e5s med 10 mm stempel i Modul serien<\/p>\n<\/li>\n<li class=\"\" data-start=\"1420\" data-end=\"1462\">\n<p class=\"\" data-start=\"1422\" data-end=\"1462\">Omvendt funktion (l\u00e5st op i str\u00f8ml\u00f8s tilstand)<\/p>\n<\/li>\n<li class=\"\" data-start=\"1463\" data-end=\"1489\">\n<p class=\"\" data-start=\"1465\" data-end=\"1489\">Til venstreh\u00e6ngte d\u00f8re<\/p>\n<\/li>\n<li class=\"\" data-start=\"1490\" data-end=\"1521\">\n<p class=\"\" data-start=\"1492\" data-end=\"1521\">Brandgodkendt op til E\/EI 60<\/p>\n<\/li>\n<li class=\"\" data-start=\"1522\" data-end=\"1632\">\n<p class=\"\" data-start=\"1524\" data-end=\"1632\">Indbygget indikation for d\u00f8rstatus (lukket\/\u00e5ben) via stempelkontakt og l\u00e5sestatus (l\u00e5st\/ul\u00e5st) via l\u00e5sekontakt<\/p>\n<\/li>\n<li class=\"\" data-start=\"1633\" data-end=\"1671\">\n<p class=\"\" data-start=\"1635\" data-end=\"1671\">Beskyttelsesdiode indbygget for \u00f8get sikkerhed<\/p>\n<\/li>\n<li class=\"\" data-start=\"1672\" data-end=\"1711\">\n<p class=\"\" data-start=\"1674\" data-end=\"1711\">Brudstyrke p\u00e5 15 kN (ca. 1500 kg)<\/p>\n<\/li>\n<li class=\"\" data-start=\"1712\" data-end=\"1792\">\n<p class=\"\" data-start=\"1714\" data-end=\"1792\">\u00c5bner trods et b\u00e5ndtryk p\u00e5 5 kN (ca. 500 kg) i b\u00e5de opretst\u00e5ende og omvendt funktion<\/p>\n<\/li>\n<li class=\"\" data-start=\"1793\" data-end=\"1852\">\n<p class=\"\" data-start=\"1795\" data-end=\"1852\">Antibanke og vendbar til b\u00e5de h\u00f8jre- og venstred\u00f8re<\/p>\n<\/li>\n<li class=\"\" data-start=\"1853\" data-end=\"1899\">\n<p class=\"\" data-start=\"1855\" data-end=\"1899\">I stand til at l\u00e5se op for kroglineal eller lige lineal<\/p>\n<\/li>\n<li class=\"\" data-start=\"1900\" data-end=\"1943\">\n<p class=\"\" data-start=\"1902\" data-end=\"1943\">5 meter halogenfrit tilslutningskabel medf\u00f8lger<\/p>\n<\/li>\n<\/ul>\n<p class=\"\" data-start=\"1945\" data-end=\"1974\"><strong data-start=\"1945\" data-end=\"1974\">Tekniske specifikationer:<\/strong><\/p>\n<ul data-start=\"1975\" data-end=\"2616\">\n<li class=\"\" data-start=\"1975\" data-end=\"2066\">\n<p class=\"\" data-start=\"1977\" data-end=\"2066\">Sp\u00e6ndingsforsyning: 12 V DC (+15% -10%) 639 mA ul\u00e5st eller 24 V DC (+15% -10%) 313 mA ul\u00e5st<\/p>\n<\/li>\n<li class=\"\" data-start=\"2067\" data-end=\"2131\">\n<p class=\"\" data-start=\"2069\" data-end=\"2131\">Stempelkontakt: Mikroswitch enpolet alternerende, max. 30 V DC, 1 A<\/p>\n<\/li>\n<li class=\"\" data-start=\"2132\" data-end=\"2172\">\n<p class=\"\" data-start=\"2134\" data-end=\"2172\">Holdbarhed: Grad Y i henhold til SS-EN 14846<\/p>\n<\/li>\n<li class=\"\" data-start=\"2173\" data-end=\"2212\">\n<p class=\"\" data-start=\"2175\" data-end=\"2212\">Korrosion: Grade M i henhold til SS-EN 14846<\/p>\n<\/li>\n<li class=\"\" data-start=\"2213\" data-end=\"2251\">\n<p class=\"\" data-start=\"2215\" data-end=\"2251\">Sikkerhed: Grad 7 i henhold til SS-EN 14846<\/p>\n<\/li>\n<li class=\"\" data-start=\"2252\" data-end=\"2342\">\n<p class=\"\" data-start=\"2254\" data-end=\"2342\">Sikkerhed elektrisk manipulation: Grade 3 (korrekt) Grade 1 (omvendt) i henhold til SS-EN 14846<\/p>\n<\/li>\n<li class=\"\" data-start=\"2343\" data-end=\"2364\">\n<p class=\"\" data-start=\"2345\" data-end=\"2364\">Brandtestet: 60 min<\/p>\n<\/li>\n<li class=\"\" data-start=\"2365\" data-end=\"2391\">\n<p class=\"\" data-start=\"2367\" data-end=\"2391\">Brudstyrke: 1500 kg<\/p>\n<\/li>\n<li class=\"\" data-start=\"2392\" data-end=\"2415\">\n<p class=\"\" data-start=\"2394\" data-end=\"2415\">D\u00f8rh\u00e6ngsel: Venstre<\/p>\n<\/li>\n<li class=\"\" data-start=\"2416\" data-end=\"2470\">\n<p class=\"\" data-start=\"2418\" data-end=\"2470\">Kabel medf\u00f8lger: Ja, 5 meter halogenfrit tilslutningskabel<\/p>\n<\/li>\n<li class=\"\" data-start=\"2471\" data-end=\"2490\">\n<p class=\"\" data-start=\"2473\" data-end=\"2490\">Listetryk: 500 kg<\/p>\n<\/li>\n<li class=\"\" data-start=\"2491\" data-end=\"2522\">\n<p class=\"\" data-start=\"2493\" data-end=\"2522\">L\u00e5setype: Krogl\u00e5s, L\u00e5sel\u00e5s<\/p>\n<\/li>\n<li class=\"\" data-start=\"2523\" data-end=\"2577\">\n<p class=\"\" data-start=\"2525\" data-end=\"2577\">Produktm\u00e5l: Bredde: 35 mm, Dybde: 40 mm, H\u00f8jde: 230 mm<\/p>\n<\/li>\n<li class=\"\" data-start=\"2578\" data-end=\"2595\">\n<p class=\"\" data-start=\"2580\" data-end=\"2595\">Stempelkontakt: Ja<\/p>\n<\/li>\n<li class=\"\" data-start=\"2596\" data-end=\"2616\">\n<p class=\"\" data-start=\"2598\" data-end=\"2616\">Sp\u00e6nding AC\/DC: DC<\/p>\n<\/li>\n<\/ul>","protected":false},"excerpt":{"rendered":"<p>Her kan du se, hvilke stolper og modeller, der passer sammen fra STEP serien af Elektriske d\u00f8rstoppere.<\/p>\n<h5><strong><a href=\"https:\/\/steplock.com\/sv\/stolpguide\/#!?lang=sv&amp;blog_id=1&amp;paged=1&amp;number=50\" target=\"_blank\" rel=\"noopener\">TRIN Post guide\u00a0<\/a><\/strong><\/h5>\n<h5><strong><a href=\"https:\/\/steplock.com\/sv\/projekteringsguide\/#!?lang=sv&amp;blog_id=1&amp;paged=1&amp;number=999\" target=\"_blank\" rel=\"noopener\">STEP design guide<\/a><\/strong><\/h5>","protected":false},"featured_media":139990,"template":"","meta":{"_acf_changed":false},"product_brand":[],"product_cat":[3355],"product_tag":[4197,4200],"class_list":{"0":"post-139992","1":"product","2":"type-product","3":"status-publish","4":"has-post-thumbnail","6":"product_cat-elslutbleck","7":"product_tag-24v","8":"product_tag-rattvand","9":"product_shipping_class-tunga-paket","10":"pa_brands-step","11":"tm-no-options","13":"first","14":"outofstock","15":"sale","16":"taxable","17":"shipping-taxable","18":"purchasable","19":"product-type-simple"},"acf":[],"_links":{"self":[{"href":"https:\/\/secureus.se\/dk\/wp-json\/wp\/v2\/product\/139992","targetHints":{"allow":["GET"]}}],"collection":[{"href":"https:\/\/secureus.se\/dk\/wp-json\/wp\/v2\/product"}],"about":[{"href":"https:\/\/secureus.se\/dk\/wp-json\/wp\/v2\/types\/product"}],"wp:featuredmedia":[{"embeddable":true,"href":"https:\/\/secureus.se\/dk\/wp-json\/wp\/v2\/media\/139990"}],"wp:attachment":[{"href":"https:\/\/secureus.se\/dk\/wp-json\/wp\/v2\/media?parent=139992"}],"wp:term":[{"taxonomy":"product_brand","embeddable":true,"href":"https:\/\/secureus.se\/dk\/wp-json\/wp\/v2\/product_brand?post=139992"},{"taxonomy":"product_cat","embeddable":true,"href":"https:\/\/secureus.se\/dk\/wp-json\/wp\/v2\/product_cat?post=139992"},{"taxonomy":"product_tag","embeddable":true,"href":"https:\/\/secureus.se\/dk\/wp-json\/wp\/v2\/product_tag?post=139992"}],"curies":[{"name":"wp","href":"https:\/\/api.w.org\/{rel}","templated":true}]}}