{"id":140012,"date":"2023-09-26T13:06:46","date_gmt":"2023-09-26T11:06:46","guid":{"rendered":"https:\/\/secureus.se\/elslutbleck-step-30-omstallbar-12v-kolvkontakt\/"},"modified":"2026-04-08T16:42:51","modified_gmt":"2026-04-08T14:42:51","slug":"elslutbleck-step-30-omstallbar-12v-kolvkontakt","status":"publish","type":"product","link":"https:\/\/secureus.se\/dk\/elslutbleck-step-30-omstallbar-12v-kolvkontakt\/","title":{"rendered":"Elektrisk termineringsplade TRIN 30 Justerbar 12V Stempelkontakt"},"content":{"rendered":"<h1>Elektrisk termineringsplade TRIN 30 Justerbar 12V Stempelkontakt<\/h1>\n<p>STEP 30 Preload elektrisk slutb\u00f8jle er et kompakt elektrisk slutstykke designet til at erstatte \u00e6ldre modeller og sikre et p\u00e5lideligt d\u00f8rmilj\u00f8.<\/p>\n<p>Udstyret med justerbar funktion og brudstyrke p\u00e5 500 kg.<\/p>\n<p class=\"\" data-start=\"388\" data-end=\"825\">Elektrisk sl\u00f8jd STEP 30 Preload tilbyder en h\u00f8jkvalitetsl\u00f8sning til at erstatte eksisterende simple elektriske slutplader og sikre et sikkert d\u00f8rmilj\u00f8 selv i \u00e6ldre d\u00f8rsektioner og udsparinger.<\/p>\n<p class=\"\" data-start=\"388\" data-end=\"825\">STEP 30 er en del af STEPs Preload-serie og kombinerer minimale dimensioner med h\u00f8j kvalitet og fleksibilitet. Den elektriske slisk er udstyret med STEPs patenterede b\u00e5ndtrykteknologi, som g\u00f8r, at d\u00f8ren altid kan \u00e5bnes, selvom den er udsat for tryk.<\/p>\n<p class=\"\" data-start=\"827\" data-end=\"1262\">Den omskiftelige funktion betyder, at d\u00f8ren kan l\u00e5ses eller l\u00e5ses op i str\u00f8ml\u00f8s position, hvilket g\u00f8r det muligt at \u00e5bne d\u00f8ren hurtigt, hvis det er n\u00f8dvendigt.<\/p>\n<p class=\"\" data-start=\"827\" data-end=\"1262\">Stempelkontakten giver en indikation af d\u00f8rens status (lukket\/\u00e5ben) og g\u00f8r den let at integrere med adgangskontrolsystemer og alarmsystemer.<\/p>\n<p class=\"\" data-start=\"827\" data-end=\"1262\">Med en brudstyrke p\u00e5 5 kN (ca. 500 kg) og mulighed for at \u00e5bne trods b\u00e5ndtryk p\u00e5 op til 40 kg, giver STEP 30 Preload b\u00e5de sikkerhed og p\u00e5lidelighed.<\/p>\n<p class=\"\" data-start=\"1264\" data-end=\"1279\"><strong data-start=\"1264\" data-end=\"1279\">Egenskaber:<\/strong><\/p>\n<ul data-start=\"1280\" data-end=\"1715\">\n<li class=\"\" data-start=\"1280\" data-end=\"1359\">\n<p class=\"\" data-start=\"1282\" data-end=\"1359\">Omskiftelig frem- eller bakfunktion (l\u00e5st eller ul\u00e5st i str\u00f8ml\u00f8s tilstand)<\/p>\n<\/li>\n<li class=\"\" data-start=\"1360\" data-end=\"1415\">\n<p class=\"\" data-start=\"1362\" data-end=\"1415\">Stempelkontakt. D\u00f8rstatusindikation (lukket\/\u00e5ben)<\/p>\n<\/li>\n<li class=\"\" data-start=\"1416\" data-end=\"1454\">\n<p class=\"\" data-start=\"1418\" data-end=\"1454\">Beskyttelsesdiode indbygget for \u00f8get sikkerhed<\/p>\n<\/li>\n<li class=\"\" data-start=\"1455\" data-end=\"1492\">\n<p class=\"\" data-start=\"1457\" data-end=\"1492\">Brudstyrke p\u00e5 5 kN (ca. 500 kg)<\/p>\n<\/li>\n<li class=\"\" data-start=\"1493\" data-end=\"1595\">\n<p class=\"\" data-start=\"1495\" data-end=\"1595\">Garanterer \u00e5bning trods b\u00e5ndtryk p\u00e5 op til 0,4 kN (ca. 40 kg) i b\u00e5de frem- og bakfunktion<\/p>\n<\/li>\n<li class=\"\" data-start=\"1596\" data-end=\"1655\">\n<p class=\"\" data-start=\"1598\" data-end=\"1655\">Antibanke og vendbar til b\u00e5de h\u00f8jre- og venstred\u00f8re<\/p>\n<\/li>\n<li class=\"\" data-start=\"1656\" data-end=\"1698\">\n<p class=\"\" data-start=\"1658\" data-end=\"1698\">Velegnet til enkelt- og dobbeltfl\u00f8jede l\u00e5se<\/p>\n<\/li>\n<li class=\"\" data-start=\"1699\" data-end=\"1715\">\n<p class=\"\" data-start=\"1701\" data-end=\"1715\">Kabel medf\u00f8lger ikke<\/p>\n<\/li>\n<\/ul>\n<p class=\"\" data-start=\"1717\" data-end=\"1746\"><strong data-start=\"1717\" data-end=\"1746\">Tekniske specifikationer:<\/strong><\/p>\n<ul data-start=\"1747\" data-end=\"2397\">\n<li class=\"\" data-start=\"1747\" data-end=\"1854\">\n<p class=\"\" data-start=\"1749\" data-end=\"1854\">Str\u00f8mforsyning: 24 V DC (+15% -10%) 110 mAh \/ maks. 300 mA eller 12 V DC (+15% -10%) 220 mAh \/ maks. 600 mA<\/p>\n<\/li>\n<li class=\"\" data-start=\"1855\" data-end=\"1918\">\n<p class=\"\" data-start=\"1857\" data-end=\"1918\">Stempelkontakt: Mikroswitch enpolet alternerende, max. 30V DC, 1A<\/p>\n<\/li>\n<li class=\"\" data-start=\"1919\" data-end=\"1959\">\n<p class=\"\" data-start=\"1921\" data-end=\"1959\">Holdbarhed: Grade X i henhold til SS-EN 14846<\/p>\n<\/li>\n<li class=\"\" data-start=\"1960\" data-end=\"1999\">\n<p class=\"\" data-start=\"1962\" data-end=\"1999\">Korrosion: Grade M i henhold til SS-EN 14846<\/p>\n<\/li>\n<li class=\"\" data-start=\"2000\" data-end=\"2038\">\n<p class=\"\" data-start=\"2002\" data-end=\"2038\">Sikkerhed: Grad 3 i henhold til SS-EN 14846<\/p>\n<\/li>\n<li class=\"\" data-start=\"2039\" data-end=\"2064\">\n<p class=\"\" data-start=\"2041\" data-end=\"2064\">Brudstyrke: 500 kg<\/p>\n<\/li>\n<li class=\"\" data-start=\"2065\" data-end=\"2095\">\n<p class=\"\" data-start=\"2067\" data-end=\"2095\">D\u00f8rh\u00e6ngsel: H\u00f8jre, Venstre<\/p>\n<\/li>\n<li class=\"\" data-start=\"2096\" data-end=\"2114\">\n<p class=\"\" data-start=\"2098\" data-end=\"2114\">Listetryk: 40 kg<\/p>\n<\/li>\n<li class=\"\" data-start=\"2115\" data-end=\"2150\">\n<p class=\"\" data-start=\"2117\" data-end=\"2150\">L\u00e5setype: Enkeltfaldsl\u00e5s, Dobbeltfaldsl\u00e5s<\/p>\n<\/li>\n<li class=\"\" data-start=\"2151\" data-end=\"2206\">\n<p class=\"\" data-start=\"2153\" data-end=\"2206\">Produktm\u00e5l: Bredde: 20,5 mm, Dybde: 28 mm, H\u00f8jde: 99 mm<\/p>\n<\/li>\n<li class=\"\" data-start=\"2207\" data-end=\"2224\">\n<p class=\"\" data-start=\"2209\" data-end=\"2224\">Stempelkontakt: Ja<\/p>\n<\/li>\n<li class=\"\" data-start=\"2225\" data-end=\"2245\">\n<p class=\"\" data-start=\"2227\" data-end=\"2245\">Sp\u00e6nding AC\/DC: DC<\/p>\n<\/li>\n<li class=\"\" data-start=\"2246\" data-end=\"2268\">\n<p class=\"\" data-start=\"2248\" data-end=\"2268\">Sp\u00e6nding max: 13,8 V<\/p>\n<\/li>\n<li class=\"\" data-start=\"2269\" data-end=\"2291\">\n<p class=\"\" data-start=\"2271\" data-end=\"2291\">Sp\u00e6nding min: 10,8 V<\/p>\n<\/li>\n<li class=\"\" data-start=\"2292\" data-end=\"2320\">\n<p class=\"\" data-start=\"2294\" data-end=\"2320\">Farve\/finish: Rustfrit st\u00e5l<\/p>\n<\/li>\n<li class=\"\" data-start=\"2321\" data-end=\"2341\">\n<p class=\"\" data-start=\"2323\" data-end=\"2341\">Byggeprodukt vurderet: Ja<\/p>\n<\/li>\n<li class=\"\" data-start=\"2342\" data-end=\"2363\">\n<p class=\"\" data-start=\"2344\" data-end=\"2363\">EPD-verificeret: Nej<\/p>\n<\/li>\n<li class=\"\" data-start=\"2364\" data-end=\"2376\">\n<p class=\"\" data-start=\"2366\" data-end=\"2376\">FINFO: Nej<\/p>\n<\/li>\n<li class=\"\" data-start=\"2377\" data-end=\"2397\">\n<p class=\"\" data-start=\"2379\" data-end=\"2397\">SundaHouse Vurderet: Ja<\/p>\n<\/li>\n<\/ul>","protected":false},"excerpt":{"rendered":"<p>Her kan du se, hvilke stolper og modeller, der passer sammen fra STEP serien af Elektriske d\u00f8rstoppere.<\/p>\n<h5><strong><a href=\"https:\/\/steplock.com\/sv\/stolpguide\/#!?lang=sv&amp;blog_id=1&amp;paged=1&amp;number=50\" target=\"_blank\" rel=\"noopener\">TRIN Post guide\u00a0<\/a><\/strong><\/h5>\n<h5><strong><a href=\"https:\/\/steplock.com\/sv\/projekteringsguide\/#!?lang=sv&amp;blog_id=1&amp;paged=1&amp;number=999\" target=\"_blank\" rel=\"noopener\">STEP design guide<\/a><\/strong><\/h5>","protected":false},"featured_media":140011,"template":"","meta":{"_acf_changed":false},"product_brand":[],"product_cat":[3355],"product_tag":[4198,4202],"class_list":{"0":"post-140012","1":"product","2":"type-product","3":"status-publish","4":"has-post-thumbnail","6":"product_cat-elslutbleck","7":"product_tag-12v","8":"product_tag-omstallbar-rattvand-omvand","9":"product_shipping_class-tunga-paket","10":"pa_brands-step","11":"tm-no-options","13":"first","14":"onbackorder","15":"sale","16":"taxable","17":"shipping-taxable","18":"purchasable","19":"product-type-simple"},"acf":[],"_links":{"self":[{"href":"https:\/\/secureus.se\/dk\/wp-json\/wp\/v2\/product\/140012","targetHints":{"allow":["GET"]}}],"collection":[{"href":"https:\/\/secureus.se\/dk\/wp-json\/wp\/v2\/product"}],"about":[{"href":"https:\/\/secureus.se\/dk\/wp-json\/wp\/v2\/types\/product"}],"wp:featuredmedia":[{"embeddable":true,"href":"https:\/\/secureus.se\/dk\/wp-json\/wp\/v2\/media\/140011"}],"wp:attachment":[{"href":"https:\/\/secureus.se\/dk\/wp-json\/wp\/v2\/media?parent=140012"}],"wp:term":[{"taxonomy":"product_brand","embeddable":true,"href":"https:\/\/secureus.se\/dk\/wp-json\/wp\/v2\/product_brand?post=140012"},{"taxonomy":"product_cat","embeddable":true,"href":"https:\/\/secureus.se\/dk\/wp-json\/wp\/v2\/product_cat?post=140012"},{"taxonomy":"product_tag","embeddable":true,"href":"https:\/\/secureus.se\/dk\/wp-json\/wp\/v2\/product_tag?post=140012"}],"curies":[{"name":"wp","href":"https:\/\/api.w.org\/{rel}","templated":true}]}}