{"id":140034,"date":"2023-09-26T13:06:39","date_gmt":"2023-09-26T11:06:39","guid":{"rendered":"https:\/\/secureus.se\/elslutbleck-step-48-rattvand-12v-kolvkontakt\/"},"modified":"2026-04-08T16:26:01","modified_gmt":"2026-04-08T14:26:01","slug":"elslutbleck-step-48-rattvand-12v-kolvkontakt","status":"publish","type":"product","link":"https:\/\/secureus.se\/dk\/elslutbleck-step-48-rattvand-12v-kolvkontakt\/","title":{"rendered":"Elektrisk klemmeark TRIN 48 H\u00f8jrevendt 12V Stempelkontakt"},"content":{"rendered":"<h1>Elektrisk klemmeark TRIN 48 H\u00f8jrevendt 12V Stempelkontakt<\/h1>\n<p>Elektrisk sl\u00f8jfe STEP 48 Preload er et robust elektrisk slutstykke designet til rum, der skal l\u00e5ses med en knop eller n\u00f8gle.<\/p>\n<p>Udstyret med stempelkontakt giver den sikker d\u00f8rfunktion selv ved tryk p\u00e5 op til 40 kg.<\/p>\n<p class=\"\" data-start=\"423\" data-end=\"920\">STEP 48 Preload elektriske slutstykke er designet til brug i rum, der kr\u00e6ver sikker l\u00e5sning med en knap eller n\u00f8gle.<\/p>\n<p class=\"\" data-start=\"423\" data-end=\"920\">Den kan ogs\u00e5 monteres med boltindikator (ST4880), som muligg\u00f8r automatisk sp\u00e6rring af d\u00f8rens adgangskontrolsystem eller kodel\u00e5s, n\u00e5r l\u00e5sehusets krogbolt eller lige bolt er blevet mekanisk opl\u00e5st.<\/p>\n<p class=\"\" data-start=\"423\" data-end=\"920\">Dette elektriske slutstykke er en del af STEPs Preload-serie og kombinerer h\u00f8j kvalitet og fleksibilitet med minimale dimensioner for at passe ind i \u00e6ldre d\u00f8rsektioner og udsparinger.<\/p>\n<p class=\"\" data-start=\"922\" data-end=\"1303\">Udstyret med STEPs patenterede b\u00e5ndtrykteknologi sikrer STEP 48, at d\u00f8ren kan \u00e5bnes, selv n\u00e5r den uds\u00e6ttes for tryk p\u00e5 op til 40 kg, hvilket g\u00f8r den til et p\u00e5lideligt valg til d\u00f8rsystemer med h\u00f8j \u00e5bningsfrekvens.<\/p>\n<p class=\"\" data-start=\"922\" data-end=\"1303\">Med en brudstyrke p\u00e5 9 kN (ca. 900 kg) og mulighed for at \u00e5bne selv n\u00e5r d\u00f8ren trykkes, giver STEP 48 sikkerhed og holdbarhed til b\u00e5de frem- og bakfunktion.<\/p>\n<p class=\"\" data-start=\"1305\" data-end=\"1320\"><strong data-start=\"1305\" data-end=\"1320\">Egenskaber:<\/strong><\/p>\n<ul data-start=\"1321\" data-end=\"1707\">\n<li class=\"\" data-start=\"1321\" data-end=\"1364\">\n<p class=\"\" data-start=\"1323\" data-end=\"1364\">H\u00f8jrevendt funktion (l\u00e5st i str\u00f8ml\u00f8s tilstand)<\/p>\n<\/li>\n<li class=\"\" data-start=\"1365\" data-end=\"1420\">\n<p class=\"\" data-start=\"1367\" data-end=\"1420\">Stempelkontakt: D\u00f8rstatusindikation (lukket\/\u00e5ben)<\/p>\n<\/li>\n<li class=\"\" data-start=\"1421\" data-end=\"1459\">\n<p class=\"\" data-start=\"1423\" data-end=\"1459\">Beskyttelsesdiode indbygget for \u00f8get sikkerhed<\/p>\n<\/li>\n<li class=\"\" data-start=\"1460\" data-end=\"1497\">\n<p class=\"\" data-start=\"1462\" data-end=\"1497\">Brudstyrke p\u00e5 9 kN (ca. 900 kg)<\/p>\n<\/li>\n<li class=\"\" data-start=\"1498\" data-end=\"1600\">\n<p class=\"\" data-start=\"1500\" data-end=\"1600\">Garanterer \u00e5bning trods b\u00e5ndtryk p\u00e5 op til 0,4 kN (ca. 40 kg) i b\u00e5de frem- og bakfunktion<\/p>\n<\/li>\n<li class=\"\" data-start=\"1601\" data-end=\"1660\">\n<p class=\"\" data-start=\"1603\" data-end=\"1660\">Antibanke og vendbar til b\u00e5de h\u00f8jre- og venstred\u00f8re<\/p>\n<\/li>\n<li class=\"\" data-start=\"1661\" data-end=\"1707\">\n<p class=\"\" data-start=\"1663\" data-end=\"1707\">I stand til at l\u00e5se op for kroglineal eller lige lineal<\/p>\n<\/li>\n<\/ul>\n<p class=\"\" data-start=\"1709\" data-end=\"1738\"><strong data-start=\"1709\" data-end=\"1738\">Tekniske specifikationer:<\/strong><\/p>\n<ul data-start=\"1739\" data-end=\"2458\">\n<li class=\"\" data-start=\"1739\" data-end=\"1768\">\n<p class=\"\" data-start=\"1741\" data-end=\"1768\">Brudstyrke max: 900 kg<\/p>\n<\/li>\n<li class=\"\" data-start=\"1769\" data-end=\"1799\">\n<p class=\"\" data-start=\"1771\" data-end=\"1799\">D\u00f8rh\u00e6ngsel: H\u00f8jre, Venstre<\/p>\n<\/li>\n<li class=\"\" data-start=\"1800\" data-end=\"1818\">\n<p class=\"\" data-start=\"1802\" data-end=\"1818\">Kabel inkluderet: Nr<\/p>\n<\/li>\n<li class=\"\" data-start=\"1819\" data-end=\"1837\">\n<p class=\"\" data-start=\"1821\" data-end=\"1837\">Listetryk: 40 kg<\/p>\n<\/li>\n<li class=\"\" data-start=\"1838\" data-end=\"1873\">\n<p class=\"\" data-start=\"1840\" data-end=\"1873\">L\u00e5setype: Enkeltfaldsl\u00e5s, Dobbeltfaldsl\u00e5s<\/p>\n<\/li>\n<li class=\"\" data-start=\"1874\" data-end=\"1896\">\n<p class=\"\" data-start=\"1876\" data-end=\"1896\">Produktbredde: 25 mm<\/p>\n<\/li>\n<li class=\"\" data-start=\"1897\" data-end=\"1917\">\n<p class=\"\" data-start=\"1899\" data-end=\"1917\">Byggeprodukt vurderet: Ja<\/p>\n<\/li>\n<li class=\"\" data-start=\"1918\" data-end=\"1939\">\n<p class=\"\" data-start=\"1920\" data-end=\"1939\">Produktdybde: 35 mm<\/p>\n<\/li>\n<li class=\"\" data-start=\"1940\" data-end=\"1968\">\n<p class=\"\" data-start=\"1942\" data-end=\"1968\">Driftssp\u00e6nding 12V\/24V: 12V<\/p>\n<\/li>\n<li class=\"\" data-start=\"1969\" data-end=\"1991\">\n<p class=\"\" data-start=\"1971\" data-end=\"1991\">Dobbelt twist drop: Nej<\/p>\n<\/li>\n<li class=\"\" data-start=\"1992\" data-end=\"2013\">\n<p class=\"\" data-start=\"1994\" data-end=\"2013\">EPD-verificeret: Nej<\/p>\n<\/li>\n<li class=\"\" data-start=\"2014\" data-end=\"2026\">\n<p class=\"\" data-start=\"2016\" data-end=\"2026\">FINFO: Nej<\/p>\n<\/li>\n<li class=\"\" data-start=\"2027\" data-end=\"2055\">\n<p class=\"\" data-start=\"2029\" data-end=\"2055\">Farve\/finish: Rustfrit st\u00e5l<\/p>\n<\/li>\n<li class=\"\" data-start=\"2056\" data-end=\"2077\">\n<p class=\"\" data-start=\"2058\" data-end=\"2077\">Produkth\u00f8jde: 90 mm<\/p>\n<\/li>\n<li class=\"\" data-start=\"2078\" data-end=\"2095\">\n<p class=\"\" data-start=\"2080\" data-end=\"2095\">Stempelkontakt: Ja<\/p>\n<\/li>\n<li class=\"\" data-start=\"2096\" data-end=\"2123\">\n<p class=\"\" data-start=\"2098\" data-end=\"2123\">Forside\/bagside: Forside<\/p>\n<\/li>\n<li class=\"\" data-start=\"2124\" data-end=\"2144\">\n<p class=\"\" data-start=\"2126\" data-end=\"2144\">Sp\u00e6nding AC\/DC: DC<\/p>\n<\/li>\n<li class=\"\" data-start=\"2145\" data-end=\"2167\">\n<p class=\"\" data-start=\"2147\" data-end=\"2167\">Sp\u00e6nding max: 27,6 V<\/p>\n<\/li>\n<li class=\"\" data-start=\"2168\" data-end=\"2190\">\n<p class=\"\" data-start=\"2170\" data-end=\"2190\">Sp\u00e6nding min: 21,6 V<\/p>\n<\/li>\n<li class=\"\" data-start=\"2191\" data-end=\"2211\">\n<p class=\"\" data-start=\"2193\" data-end=\"2211\">SundaHouse Vurderet: Ja<\/p>\n<\/li>\n<li class=\"\" data-start=\"2212\" data-end=\"2275\">\n<p class=\"\" data-start=\"2214\" data-end=\"2275\">Stempelkontakt: Mikroswitch enpolet alternerende, max. 30V DC, 1A<\/p>\n<\/li>\n<li class=\"\" data-start=\"2276\" data-end=\"2316\">\n<p class=\"\" data-start=\"2278\" data-end=\"2316\">Holdbarhed: Grade X i henhold til SS-EN 14846<\/p>\n<\/li>\n<li class=\"\" data-start=\"2317\" data-end=\"2356\">\n<p class=\"\" data-start=\"2319\" data-end=\"2356\">Korrosion: Grade M i henhold til SS-EN 14846<\/p>\n<\/li>\n<li class=\"\" data-start=\"2357\" data-end=\"2395\">\n<p class=\"\" data-start=\"2359\" data-end=\"2395\">Sikkerhed: Grad 3 i henhold til SS-EN 14846<\/p>\n<\/li>\n<li class=\"\" data-start=\"2396\" data-end=\"2458\">\n<p class=\"\" data-start=\"2398\" data-end=\"2458\">Sikker elektrisk manipulation: Grad 1 i henhold til SS-EN 14846<\/p>\n<\/li>\n<\/ul>","protected":false},"excerpt":{"rendered":"<p>Her kan du se, hvilke stolper og modeller, der passer sammen fra STEP serien af Elektriske d\u00f8rstoppere.<\/p>\n<h5><strong><a href=\"https:\/\/steplock.com\/sv\/stolpguide\/#!?lang=sv&amp;blog_id=1&amp;paged=1&amp;number=50\" target=\"_blank\" rel=\"noopener\">TRIN Post guide\u00a0<\/a><\/strong><\/h5>\n<h5><strong><a href=\"https:\/\/steplock.com\/sv\/projekteringsguide\/#!?lang=sv&amp;blog_id=1&amp;paged=1&amp;number=999\" target=\"_blank\" rel=\"noopener\">STEP design guide<\/a><\/strong><\/h5>","protected":false},"featured_media":140033,"template":"","meta":{"_acf_changed":false},"product_brand":[],"product_cat":[3355],"product_tag":[4198,4200],"class_list":{"0":"post-140034","1":"product","2":"type-product","3":"status-publish","4":"has-post-thumbnail","6":"product_cat-elslutbleck","7":"product_tag-12v","8":"product_tag-rattvand","9":"product_shipping_class-tunga-paket","10":"pa_brands-step","11":"tm-no-options","13":"first","14":"onbackorder","15":"sale","16":"taxable","17":"shipping-taxable","18":"purchasable","19":"product-type-simple"},"acf":[],"_links":{"self":[{"href":"https:\/\/secureus.se\/dk\/wp-json\/wp\/v2\/product\/140034","targetHints":{"allow":["GET"]}}],"collection":[{"href":"https:\/\/secureus.se\/dk\/wp-json\/wp\/v2\/product"}],"about":[{"href":"https:\/\/secureus.se\/dk\/wp-json\/wp\/v2\/types\/product"}],"wp:featuredmedia":[{"embeddable":true,"href":"https:\/\/secureus.se\/dk\/wp-json\/wp\/v2\/media\/140033"}],"wp:attachment":[{"href":"https:\/\/secureus.se\/dk\/wp-json\/wp\/v2\/media?parent=140034"}],"wp:term":[{"taxonomy":"product_brand","embeddable":true,"href":"https:\/\/secureus.se\/dk\/wp-json\/wp\/v2\/product_brand?post=140034"},{"taxonomy":"product_cat","embeddable":true,"href":"https:\/\/secureus.se\/dk\/wp-json\/wp\/v2\/product_cat?post=140034"},{"taxonomy":"product_tag","embeddable":true,"href":"https:\/\/secureus.se\/dk\/wp-json\/wp\/v2\/product_tag?post=140034"}],"curies":[{"name":"wp","href":"https:\/\/api.w.org\/{rel}","templated":true}]}}