{"id":140059,"date":"2023-09-26T13:06:02","date_gmt":"2023-09-26T11:06:02","guid":{"rendered":"https:\/\/secureus.se\/elslutbleck-step-28e-vanster-rattvand-12v-12mm-regel\/"},"modified":"2026-04-23T12:56:35","modified_gmt":"2026-04-23T10:56:35","slug":"elslutbleck-step-28e-vanster-rattvand-12v-12mm-regel","status":"publish","type":"product","link":"https:\/\/secureus.se\/dk\/elslutbleck-step-28e-vanster-rattvand-12v-12mm-regel\/","title":{"rendered":"Elektrisk endeplade STEP 28E Venstre H\u00f8jre vendt 12V 12mm line"},"content":{"rendered":"<h1>Elektrisk endeplade STEP 28E Venstre H\u00f8jre vendt 12V 12mm line<\/h1>\n<p>STEP 28E Secure er en brandgodkendt el-sluse med h\u00f8j indtr\u00e6ngningsmodstand, certificeret til brandmodstand op til E\/EI 60. 5 meter kabel medf\u00f8lger, perfekt til d\u00f8re med h\u00f8je krav til sikkerhed og evakuering.<\/p>\n<p class=\"\" data-start=\"400\" data-end=\"747\">STEP 28E Secure tilbyder en kombination af sikkerhed, brandkrav og evakuering i et lille og robust elektrisk slutr\u00f8r.<\/p>\n<p class=\"\" data-start=\"400\" data-end=\"747\">Designet til brug med 12 mm boltl\u00e5se i Modul-serien, er denne elektriske sl\u00f8jfe perfekt til d\u00f8re, hvor det er n\u00f8dvendigt at sikre b\u00e5de indtr\u00e6ngningsmodstand og en j\u00e6vn d\u00f8rholdefunktion.<\/p>\n<p class=\"\" data-start=\"749\" data-end=\"1161\">Den er ideel til applikationer, hvor d\u00f8rautomatik eller tr\u00e6kh\u00e5ndtag kombineres med brandkrav, og bruges ofte ved installation af n\u00f8dudgangsl\u00e5se i henhold til SS-EN 179.<\/p>\n<p class=\"\" data-start=\"749\" data-end=\"1161\">Brandklassificeret op til E\/EI 60 og med en styrke p\u00e5 over 1500 kg s\u00f8rger denne elektriske sl\u00f8jfe for, at d\u00f8ren forbliver sikker selv under h\u00f8jt tryk.<\/p>\n<p class=\"\" data-start=\"749\" data-end=\"1161\">Inklusiv 5 meter halogenfrit tilslutningskabel er det b\u00e5de holdbart og nemt at installere.<\/p>\n<p class=\"\" data-start=\"1163\" data-end=\"1180\"><strong data-start=\"1163\" data-end=\"1177\">Egenskaber<\/strong>:<\/p>\n<ul data-start=\"1181\" data-end=\"1687\">\n<li class=\"\" data-start=\"1181\" data-end=\"1226\">\n<p class=\"\" data-start=\"1183\" data-end=\"1226\">Til kontroll\u00e5s med 12mm stempel i Modul serien<\/p>\n<\/li>\n<li class=\"\" data-start=\"1227\" data-end=\"1272\">\n<p class=\"\" data-start=\"1229\" data-end=\"1272\">H\u00f8jrevendt funktion (l\u00e5st i str\u00f8ml\u00f8s tilstand)<\/p>\n<\/li>\n<li class=\"\" data-start=\"1273\" data-end=\"1301\">\n<p class=\"\" data-start=\"1275\" data-end=\"1301\">Til venstreh\u00e6ngte d\u00f8re<\/p>\n<\/li>\n<li class=\"\" data-start=\"1302\" data-end=\"1354\">\n<p class=\"\" data-start=\"1304\" data-end=\"1354\">Brandgodkendt op til brandteknisk klasse E\/EI 60<\/p>\n<\/li>\n<li class=\"\" data-start=\"1355\" data-end=\"1408\">\n<p class=\"\" data-start=\"1357\" data-end=\"1408\">Mikroswitch enpolet alternerende, max. 30 V DC, 1 A<\/p>\n<\/li>\n<li class=\"\" data-start=\"1409\" data-end=\"1487\">\n<p class=\"\" data-start=\"1411\" data-end=\"1487\">Indbygget indikation for at m\u00e6rke, at d\u00f8ren er lukket\/\u00e5ben og l\u00e5st\/ul\u00e5st<\/p>\n<\/li>\n<li class=\"\" data-start=\"1488\" data-end=\"1531\">\n<p class=\"\" data-start=\"1490\" data-end=\"1531\">Brudstyrke over 15 kN (ca. 1500 kg)<\/p>\n<\/li>\n<li class=\"\" data-start=\"1532\" data-end=\"1621\">\n<p class=\"\" data-start=\"1534\" data-end=\"1621\">Garanterer \u00e5bning trods b\u00e5ndtryk p\u00e5 5 kN (ca. 500 kg) i frem- og bakfunktion<\/p>\n<\/li>\n<li class=\"\" data-start=\"1622\" data-end=\"1637\">\n<p class=\"\" data-start=\"1624\" data-end=\"1637\">Anti-banke<\/p>\n<\/li>\n<li class=\"\" data-start=\"1638\" data-end=\"1687\">\n<p class=\"\" data-start=\"1640\" data-end=\"1687\">Inklusiv 5 meter halogenfrit tilslutningskabel<\/p>\n<\/li>\n<\/ul>\n<p class=\"\" data-start=\"1689\" data-end=\"1720\"><strong data-start=\"1689\" data-end=\"1717\">Tekniske specifikationer<\/strong>:<\/p>\n<ul data-start=\"1721\" data-end=\"2331\">\n<li class=\"\" data-start=\"1721\" data-end=\"1757\">\n<p class=\"\" data-start=\"1723\" data-end=\"1757\"><strong data-start=\"1723\" data-end=\"1746\">Brudstyrke max<\/strong>: 1500 kg<\/p>\n<\/li>\n<li class=\"\" data-start=\"1758\" data-end=\"1787\">\n<p class=\"\" data-start=\"1760\" data-end=\"1787\"><strong data-start=\"1760\" data-end=\"1776\">D\u00f8r h\u00e6ngende<\/strong>: Venstre<\/p>\n<\/li>\n<li class=\"\" data-start=\"1788\" data-end=\"1811\">\n<p class=\"\" data-start=\"1790\" data-end=\"1811\"><strong data-start=\"1790\" data-end=\"1805\">Kabel medf\u00f8lger<\/strong>: Ja<\/p>\n<\/li>\n<li class=\"\" data-start=\"1812\" data-end=\"1837\">\n<p class=\"\" data-start=\"1814\" data-end=\"1837\"><strong data-start=\"1814\" data-end=\"1827\">Listeudskrivning<\/strong>: 500 kg<\/p>\n<\/li>\n<li class=\"\" data-start=\"1838\" data-end=\"1875\">\n<p class=\"\" data-start=\"1840\" data-end=\"1875\"><strong data-start=\"1840\" data-end=\"1850\">L\u00e5s type<\/strong>: Krogl\u00e5s, L\u00e5se<\/p>\n<\/li>\n<li class=\"\" data-start=\"1876\" data-end=\"1904\">\n<p class=\"\" data-start=\"1878\" data-end=\"1904\"><strong data-start=\"1878\" data-end=\"1895\">Bredt produkt<\/strong>: 35 mm<\/p>\n<\/li>\n<li class=\"\" data-start=\"1905\" data-end=\"1931\">\n<p class=\"\" data-start=\"1907\" data-end=\"1931\"><strong data-start=\"1907\" data-end=\"1925\">Byggematerialer vurderet<\/strong>: Ja<\/p>\n<\/li>\n<li class=\"\" data-start=\"1932\" data-end=\"1959\">\n<p class=\"\" data-start=\"1934\" data-end=\"1959\"><strong data-start=\"1934\" data-end=\"1950\">Dybt produkt<\/strong>: 40 mm<\/p>\n<\/li>\n<li class=\"\" data-start=\"1960\" data-end=\"1994\">\n<p class=\"\" data-start=\"1962\" data-end=\"1994\"><strong data-start=\"1962\" data-end=\"1987\">Driftssp\u00e6nding 12V\/24V<\/strong>: 12V<\/p>\n<\/li>\n<li class=\"\" data-start=\"1995\" data-end=\"2022\">\n<p class=\"\" data-start=\"1997\" data-end=\"2022\"><strong data-start=\"1997\" data-end=\"2016\">Dobbelt twist case<\/strong>: Ja<\/p>\n<\/li>\n<li class=\"\" data-start=\"2023\" data-end=\"2050\">\n<p class=\"\" data-start=\"2025\" data-end=\"2050\"><strong data-start=\"2025\" data-end=\"2043\">EPD-verificeret<\/strong>: Nej<\/p>\n<\/li>\n<li class=\"\" data-start=\"2051\" data-end=\"2069\">\n<p class=\"\" data-start=\"2053\" data-end=\"2069\"><strong data-start=\"2053\" data-end=\"2062\">FIN INFO<\/strong>: Nej<\/p>\n<\/li>\n<li class=\"\" data-start=\"2070\" data-end=\"2104\">\n<p class=\"\" data-start=\"2072\" data-end=\"2104\"><strong data-start=\"2072\" data-end=\"2093\">Farve\/Overfladebehandling<\/strong>: Rustfrit st\u00e5l<\/p>\n<\/li>\n<li class=\"\" data-start=\"2105\" data-end=\"2133\">\n<p class=\"\" data-start=\"2107\" data-end=\"2133\"><strong data-start=\"2107\" data-end=\"2123\">Forh\u00f8jet produkt<\/strong>: 230 mm<\/p>\n<\/li>\n<li class=\"\" data-start=\"2134\" data-end=\"2161\">\n<p class=\"\" data-start=\"2136\" data-end=\"2161\"><strong data-start=\"2136\" data-end=\"2150\">Kabell\u00e6ngde<\/strong>: 5 meter<\/p>\n<\/li>\n<li class=\"\" data-start=\"2162\" data-end=\"2185\">\n<p class=\"\" data-start=\"2164\" data-end=\"2185\"><strong data-start=\"2164\" data-end=\"2179\">Stempelforbindelse<\/strong>: Ja<\/p>\n<\/li>\n<li class=\"\" data-start=\"2186\" data-end=\"2219\">\n<p class=\"\" data-start=\"2188\" data-end=\"2219\"><strong data-start=\"2188\" data-end=\"2207\">H\u00f8jre\/omvendt<\/strong>: H\u00f8jrevendt<\/p>\n<\/li>\n<li class=\"\" data-start=\"2220\" data-end=\"2246\">\n<p class=\"\" data-start=\"2222\" data-end=\"2246\"><strong data-start=\"2222\" data-end=\"2240\">Sp\u00e6nding AC\/DC<\/strong>: DC<\/p>\n<\/li>\n<li class=\"\" data-start=\"2247\" data-end=\"2275\">\n<p class=\"\" data-start=\"2249\" data-end=\"2275\"><strong data-start=\"2249\" data-end=\"2265\">Sp\u00e6nding max<\/strong>: 13,8V<\/p>\n<\/li>\n<li class=\"\" data-start=\"2276\" data-end=\"2304\">\n<p class=\"\" data-start=\"2278\" data-end=\"2304\"><strong data-start=\"2278\" data-end=\"2294\">Sp\u00e6nding min<\/strong>: 10,8V<\/p>\n<\/li>\n<li class=\"\" data-start=\"2305\" data-end=\"2331\">\n<p class=\"\" data-start=\"2307\" data-end=\"2331\"><strong data-start=\"2307\" data-end=\"2325\">SundaHouse vurderet<\/strong>: Ja<\/p>\n<\/li>\n<\/ul>\n<div>\n<p>&nbsp;<\/p>\n<\/div>","protected":false},"excerpt":{"rendered":"<p>Her kan du se, hvilke stolper og modeller, der passer sammen fra STEP serien af Elektriske d\u00f8rstoppere.<\/p>\n<h5><strong><a href=\"https:\/\/steplock.com\/sv\/stolpguide\/#!?lang=sv&amp;blog_id=1&amp;paged=1&amp;number=50\" target=\"_blank\" rel=\"noopener\">TRIN Post guide\u00a0<\/a><\/strong><\/h5>\n<h5><strong><a href=\"https:\/\/steplock.com\/sv\/projekteringsguide\/#!?lang=sv&amp;blog_id=1&amp;paged=1&amp;number=999\" target=\"_blank\" rel=\"noopener\">STEP design guide<\/a><\/strong><\/h5>","protected":false},"featured_media":140057,"template":"","meta":{"_acf_changed":false},"product_brand":[],"product_cat":[3355],"product_tag":[4198,4200],"class_list":{"0":"post-140059","1":"product","2":"type-product","3":"status-publish","4":"has-post-thumbnail","6":"product_cat-elslutbleck","7":"product_tag-12v","8":"product_tag-rattvand","9":"product_shipping_class-tunga-paket","10":"pa_brands-step","11":"tm-no-options","13":"first","14":"onbackorder","15":"sale","16":"taxable","17":"shipping-taxable","18":"purchasable","19":"product-type-simple"},"acf":[],"_links":{"self":[{"href":"https:\/\/secureus.se\/dk\/wp-json\/wp\/v2\/product\/140059","targetHints":{"allow":["GET"]}}],"collection":[{"href":"https:\/\/secureus.se\/dk\/wp-json\/wp\/v2\/product"}],"about":[{"href":"https:\/\/secureus.se\/dk\/wp-json\/wp\/v2\/types\/product"}],"wp:featuredmedia":[{"embeddable":true,"href":"https:\/\/secureus.se\/dk\/wp-json\/wp\/v2\/media\/140057"}],"wp:attachment":[{"href":"https:\/\/secureus.se\/dk\/wp-json\/wp\/v2\/media?parent=140059"}],"wp:term":[{"taxonomy":"product_brand","embeddable":true,"href":"https:\/\/secureus.se\/dk\/wp-json\/wp\/v2\/product_brand?post=140059"},{"taxonomy":"product_cat","embeddable":true,"href":"https:\/\/secureus.se\/dk\/wp-json\/wp\/v2\/product_cat?post=140059"},{"taxonomy":"product_tag","embeddable":true,"href":"https:\/\/secureus.se\/dk\/wp-json\/wp\/v2\/product_tag?post=140059"}],"curies":[{"name":"wp","href":"https:\/\/api.w.org\/{rel}","templated":true}]}}