{"id":140103,"date":"2023-09-26T13:07:51","date_gmt":"2023-09-26T11:07:51","guid":{"rendered":"https:\/\/secureus.se\/elslutbleck-step-18-hoger-rattvand-24v-10mm-regel-modul\/"},"modified":"2026-02-20T11:30:36","modified_gmt":"2026-02-20T10:30:36","slug":"elslutbleck-step-18-hoger-rattvand-24v-10mm-regel-modul","status":"publish","type":"product","link":"https:\/\/secureus.se\/dk\/elslutbleck-step-18-hoger-rattvand-24v-10mm-regel-modul\/","title":{"rendered":"Elektrisk endeplade TRIN 18 H\u00f8jre H\u00f8jrevendt 24V 10mm Rule Module"},"content":{"rendered":"<h1>Elektrisk endeplade TRIN 18 H\u00f8jre H\u00f8jrevendt 24V 10mm Rule Module<\/h1>\n<p>TRIN 18 Sikker el-l\u00e5s til h\u00f8jreh\u00e6ngte d\u00f8re i Modul-serien med 10 mm bolt. H\u00f8jreh\u00e5ndsfunktion, brandgodkendt E\/EI 60 og stempel\/l\u00e5sekontakt. 5 m kabel medf\u00f8lger.<\/p>\n<p class=\"\" data-start=\"249\" data-end=\"575\">STEP 18 Secure Electric strike er en robust og h\u00f8jsikkerhedsl\u00f8sning designet til milj\u00f8er med h\u00f8je krav til indbrudsbeskyttelse, s\u00e5som f\u00e6ngsler, offentlige myndigheder og sikkerhedsklassificerede ejendomme.<\/p>\n<p class=\"\" data-start=\"249\" data-end=\"575\">Denne variant er specielt tilpasset til h\u00f8jreh\u00e6ngte d\u00f8re med boltl\u00e5s i Modul-serien og 10 mm stempel.<\/p>\n<p class=\"\" data-start=\"577\" data-end=\"962\">STEP 18 har en fejlsikker funktion, hvilket betyder, at den er l\u00e5st i tilf\u00e6lde af str\u00f8msvigt \u2013 en vigtig egenskab i installationer, hvor sikkerheden altid skal opretholdes.<\/p>\n<p class=\"\" data-start=\"577\" data-end=\"962\">Produktet er testet og godkendt til brandmodstand op til E\/EI 60 og giver en imponerende brudstyrke p\u00e5 15 kN.<\/p>\n<p class=\"\" data-start=\"577\" data-end=\"962\">Den \u00e5bner selv under b\u00e5ndtryk p\u00e5 op til 5 kN, takket v\u00e6re dens slagsikre og st\u00e6rke konstruktion.<\/p>\n<p class=\"\" data-start=\"964\" data-end=\"1178\">Med et indbygget stempel og l\u00e5sekontakt muligg\u00f8r den elektriske slutplade p\u00e5lidelig statusregistrering og nem integration i adgangskontrolsystemer eller alarmer.<\/p>\n<p class=\"\" data-start=\"964\" data-end=\"1178\">Den leveres med et 5 meter halogenfrit tilslutningskabel for nem installation.<\/p>\n<p class=\"\" data-start=\"1180\" data-end=\"1206\"><strong data-start=\"1180\" data-end=\"1206\">Funktioner og fordele:<\/strong><\/p>\n<ul data-start=\"1207\" data-end=\"1495\">\n<li class=\"\" data-start=\"1207\" data-end=\"1242\">\n<p class=\"\" data-start=\"1209\" data-end=\"1242\">Til Modul boltl\u00e5s med 10 mm stempel<\/p>\n<\/li>\n<li class=\"\" data-start=\"1243\" data-end=\"1280\">\n<p class=\"\" data-start=\"1245\" data-end=\"1280\">Korrekt funktion \u2013 l\u00e5st uden str\u00f8m<\/p>\n<\/li>\n<li class=\"\" data-start=\"1281\" data-end=\"1298\">\n<p class=\"\" data-start=\"1283\" data-end=\"1298\">H\u00f8jreh\u00e6ngslet d\u00f8r<\/p>\n<\/li>\n<li class=\"\" data-start=\"1299\" data-end=\"1321\">\n<p class=\"\" data-start=\"1301\" data-end=\"1321\">Brandklassificeret E\/EI 60<\/p>\n<\/li>\n<li class=\"\" data-start=\"1322\" data-end=\"1346\">\n<p class=\"\" data-start=\"1324\" data-end=\"1346\">Brudstyrke: 15 kN<\/p>\n<\/li>\n<li class=\"\" data-start=\"1347\" data-end=\"1376\">\n<p class=\"\" data-start=\"1349\" data-end=\"1376\">T\u00e5ler st\u00f8betryk op til 5 kN<\/p>\n<\/li>\n<li class=\"\" data-start=\"1377\" data-end=\"1407\">\n<p class=\"\" data-start=\"1379\" data-end=\"1407\">Stempelkontakt og l\u00e5sekontakt<\/p>\n<\/li>\n<li class=\"\" data-start=\"1408\" data-end=\"1428\">\n<p class=\"\" data-start=\"1410\" data-end=\"1428\">Anti-bank design<\/p>\n<\/li>\n<li class=\"\" data-start=\"1429\" data-end=\"1461\">\n<p class=\"\" data-start=\"1431\" data-end=\"1461\">5 meter halogenfrit kabel medf\u00f8lger<\/p>\n<\/li>\n<li class=\"\" data-start=\"1462\" data-end=\"1495\">\n<p class=\"\" data-start=\"1464\" data-end=\"1495\">Byggematerialer vurderet &amp; SundaHus vurderet<\/p>\n<\/li>\n<\/ul>","protected":false},"excerpt":{"rendered":"<p>Her kan du se, hvilke stolper og modeller, der passer sammen fra STEP serien af Elektriske d\u00f8rstoppere.<\/p>\n<h5><strong><a href=\"https:\/\/steplock.com\/sv\/stolpguide\/#!?lang=sv&amp;blog_id=1&amp;paged=1&amp;number=50\" target=\"_blank\" rel=\"noopener\">TRIN Post guide\u00a0<\/a><\/strong><\/h5>\n<h5><strong><a href=\"https:\/\/steplock.com\/sv\/projekteringsguide\/#!?lang=sv&amp;blog_id=1&amp;paged=1&amp;number=999\" target=\"_blank\" rel=\"noopener\">STEP design guide<\/a><\/strong><\/h5>","protected":false},"featured_media":140100,"template":"","meta":{"_acf_changed":false},"product_brand":[],"product_cat":[3355],"product_tag":[4197,4200],"class_list":{"0":"post-140103","1":"product","2":"type-product","3":"status-publish","4":"has-post-thumbnail","6":"product_cat-elslutbleck","7":"product_tag-24v","8":"product_tag-rattvand","9":"product_shipping_class-tunga-paket","10":"pa_brands-step","11":"tm-no-options","13":"first","14":"onbackorder","15":"sale","16":"taxable","17":"shipping-taxable","18":"purchasable","19":"product-type-simple"},"acf":[],"_links":{"self":[{"href":"https:\/\/secureus.se\/dk\/wp-json\/wp\/v2\/product\/140103","targetHints":{"allow":["GET"]}}],"collection":[{"href":"https:\/\/secureus.se\/dk\/wp-json\/wp\/v2\/product"}],"about":[{"href":"https:\/\/secureus.se\/dk\/wp-json\/wp\/v2\/types\/product"}],"wp:featuredmedia":[{"embeddable":true,"href":"https:\/\/secureus.se\/dk\/wp-json\/wp\/v2\/media\/140100"}],"wp:attachment":[{"href":"https:\/\/secureus.se\/dk\/wp-json\/wp\/v2\/media?parent=140103"}],"wp:term":[{"taxonomy":"product_brand","embeddable":true,"href":"https:\/\/secureus.se\/dk\/wp-json\/wp\/v2\/product_brand?post=140103"},{"taxonomy":"product_cat","embeddable":true,"href":"https:\/\/secureus.se\/dk\/wp-json\/wp\/v2\/product_cat?post=140103"},{"taxonomy":"product_tag","embeddable":true,"href":"https:\/\/secureus.se\/dk\/wp-json\/wp\/v2\/product_tag?post=140103"}],"curies":[{"name":"wp","href":"https:\/\/api.w.org\/{rel}","templated":true}]}}