{"id":140139,"date":"2023-09-26T13:07:22","date_gmt":"2023-09-26T11:07:22","guid":{"rendered":"https:\/\/secureus.se\/elslutbleck-step-28e-vanster-omvand-12v-7mm-regel\/"},"modified":"2026-04-08T16:29:01","modified_gmt":"2026-04-08T14:29:01","slug":"elslutbleck-step-28e-vanster-omvand-12v-7mm-regel","status":"publish","type":"product","link":"https:\/\/secureus.se\/dk\/elslutbleck-step-28e-vanster-omvand-12v-7mm-regel\/","title":{"rendered":"Elektrisk endeplade STEP 28E Venstre Reverse 12V 7mm Rulle"},"content":{"rendered":"<h1>Elektrisk endeplade STEP 28E Venstre Reverse 12V 7mm Rulle<\/h1>\n<p>STEP 28E Secure er et omvendt elektrisk slutstykke til venstreh\u00e6ngte d\u00f8re, brandklassificeret op til E\/EI 60. Passer til 7 mm boltl\u00e5se i Connect-serien og inkluderer 5 m halogenfrit kabel. H\u00f8j sikkerhed, manipulationssikker og kompatibel med adgangskontrolsystemer.<\/p>\n<p class=\"\" data-start=\"398\" data-end=\"880\">Elektrisk sl\u00f8jd STEP 28E Secure er et avanceret elektrisk sl\u00f8r, der kombinerer h\u00f8j sikkerhed, brandkrav og mulighed for d\u00f8rautomatik \u2013 perfekt til brug i flugtveje.<\/p>\n<p class=\"\" data-start=\"398\" data-end=\"880\">Med sin omvendte funktion (l\u00e5st i sp\u00e6ndingsl\u00f8s position) er denne plade s\u00e6rdeles velegnet, hvor sikkerheden kr\u00e6ver, at d\u00f8ren forbliver l\u00e5st i tilf\u00e6lde af str\u00f8msvigt.<\/p>\n<p class=\"\" data-start=\"398\" data-end=\"880\">Den er udviklet til venstreh\u00e6ngte d\u00f8re og bruges sammen med en deadbolt-l\u00e5s eller dead-bolt-l\u00e5s med en 7 mm bolt, som giver fremragende indbrudsbeskyttelse.<\/p>\n<p class=\"\" data-start=\"882\" data-end=\"1283\">TRIN 28E er brandklassificeret op til E\/EI 60 og indg\u00e5r ofte i installationer med n\u00f8dudgangsl\u00e5se efter SS-EN 179.<\/p>\n<p class=\"\" data-start=\"882\" data-end=\"1283\">Produktet har indbygget mikroswitch og indikation, der tillader tilslutning til adgangskontrolsystem, alarm eller overv\u00e5gning for at kontrollere om d\u00f8ren er lukket og l\u00e5st.<\/p>\n<p class=\"\" data-start=\"882\" data-end=\"1283\">Med en brudstyrke p\u00e5 over 15 kN og modstand mod b\u00e5ndtryk p\u00e5 op til 5 kN fungerer den selv i kr\u00e6vende milj\u00f8er.<\/p>\n<p class=\"\" data-start=\"1285\" data-end=\"1513\">Pladen leveres med et 5 meter halogenfrit tilslutningskabel, er manipulationssikkert og er byggemateriale- og SundaHus-klassificeret.<\/p>\n<p class=\"\" data-start=\"1285\" data-end=\"1513\">Den robuste rustfri st\u00e5lkonstruktion sikrer holdbarhed i b\u00e5de fysisk og elektrisk kr\u00e6vende milj\u00f8er.<\/p>","protected":false},"excerpt":{"rendered":"<p>Her kan du se, hvilke stolper og modeller, der passer sammen fra STEP serien af Elektriske d\u00f8rstoppere.<\/p>\n<h5><strong><a href=\"https:\/\/steplock.com\/sv\/stolpguide\/#!?lang=sv&amp;blog_id=1&amp;paged=1&amp;number=50\" target=\"_blank\" rel=\"noopener\">TRIN Post guide\u00a0<\/a><\/strong><\/h5>\n<h5><strong><a href=\"https:\/\/steplock.com\/sv\/projekteringsguide\/#!?lang=sv&amp;blog_id=1&amp;paged=1&amp;number=999\" target=\"_blank\" rel=\"noopener\">STEP design guide<\/a><\/strong><\/h5>","protected":false},"featured_media":140137,"template":"","meta":{"_acf_changed":false},"product_brand":[],"product_cat":[3355],"product_tag":[4198,4201],"class_list":{"0":"post-140139","1":"product","2":"type-product","3":"status-publish","4":"has-post-thumbnail","6":"product_cat-elslutbleck","7":"product_tag-12v","8":"product_tag-omvand","9":"product_shipping_class-tunga-paket","10":"pa_brands-step","11":"tm-no-options","13":"first","14":"onbackorder","15":"sale","16":"taxable","17":"shipping-taxable","18":"purchasable","19":"product-type-simple"},"acf":[],"_links":{"self":[{"href":"https:\/\/secureus.se\/dk\/wp-json\/wp\/v2\/product\/140139","targetHints":{"allow":["GET"]}}],"collection":[{"href":"https:\/\/secureus.se\/dk\/wp-json\/wp\/v2\/product"}],"about":[{"href":"https:\/\/secureus.se\/dk\/wp-json\/wp\/v2\/types\/product"}],"wp:featuredmedia":[{"embeddable":true,"href":"https:\/\/secureus.se\/dk\/wp-json\/wp\/v2\/media\/140137"}],"wp:attachment":[{"href":"https:\/\/secureus.se\/dk\/wp-json\/wp\/v2\/media?parent=140139"}],"wp:term":[{"taxonomy":"product_brand","embeddable":true,"href":"https:\/\/secureus.se\/dk\/wp-json\/wp\/v2\/product_brand?post=140139"},{"taxonomy":"product_cat","embeddable":true,"href":"https:\/\/secureus.se\/dk\/wp-json\/wp\/v2\/product_cat?post=140139"},{"taxonomy":"product_tag","embeddable":true,"href":"https:\/\/secureus.se\/dk\/wp-json\/wp\/v2\/product_tag?post=140139"}],"curies":[{"name":"wp","href":"https:\/\/api.w.org\/{rel}","templated":true}]}}