{"id":140178,"date":"2023-09-26T13:07:06","date_gmt":"2023-09-26T11:07:06","guid":{"rendered":"https:\/\/secureus.se\/elslutbleck-step-98-omvand-24v\/"},"modified":"2026-03-26T09:52:00","modified_gmt":"2026-03-26T08:52:00","slug":"elslutbleck-step-98-omvand-24v","status":"publish","type":"product","link":"https:\/\/secureus.se\/dk\/elslutbleck-step-98-omvand-24v\/","title":{"rendered":"Elektrisk termineringsplade STEP 98 Omvendt 24V"},"content":{"rendered":"<p>Elektrisk termineringsplade STEP 98 Omvendt 24V<\/p>\n<p>TRIN 98 Preload er et brandgodkendt elektrisk slutstykke med omvendt funktion, designet til sikkerhedsd\u00f8re, der l\u00e5ses med en knop eller n\u00f8gle.<\/p>\n<p>Udstyret med HPR\u00ae-teknologi og en brudstyrke p\u00e5 900 kg giver den sikker \u00e5bning, selv n\u00e5r den presses mod rammen.<\/p>\n<p>Elektrisk sl\u00f8jd STEP 98 Preload er en elektrisk slisk, der tilbyder b\u00e5de sikkerhed og funktionalitet til d\u00f8re, der l\u00e5ses med en knop eller n\u00f8gle.<\/p>\n<p>Den er brandgodkendt op til E\/EI 120 i henhold til SS-EN 14846:2008, hvilket g\u00f8r den til et p\u00e5lideligt valg til d\u00f8re, der skal modst\u00e5 h\u00f8je brandkrav.<\/p>\n<p>Med STEPs patenterede b\u00e5ndtrykteknologi garanterer STEP 98 \u00e5bning af d\u00f8ren, selv n\u00e5r den uds\u00e6ttes for b\u00e5ndtryk p\u00e5 op til 40 kg.<\/p>\n<p class=\"\" data-start=\"809\" data-end=\"1162\">Den omvendte funktion betyder, at det elektriske slutstykke l\u00e5ses op i str\u00f8ml\u00f8s position, hvilket er en vigtig egenskab for sikkerhedsl\u00f8sninger, hvor hurtig adgang er p\u00e5kr\u00e6vet.<\/p>\n<p class=\"\" data-start=\"809\" data-end=\"1162\">STEP 98 har en brudstyrke p\u00e5 9 kN (ca. 900 kg) og tilbyder en p\u00e5lidelig l\u00f8sning til b\u00e5de frem- og bakk\u00f8rsel. Den er ogs\u00e5 manipulationssikker og vendbar, s\u00e5 den passer til b\u00e5de h\u00f8jre og venstre d\u00f8re.<\/p>\n<p class=\"\" data-start=\"1164\" data-end=\"1449\">Det er ogs\u00e5 muligt at installere en boltindikator (ST4880), som g\u00f8r det muligt at sp\u00e6rre d\u00f8rens adgangskontrolsystem eller d\u00f8rautomatik, n\u00e5r l\u00e5sehusets krogbolt eller lige bolt er blevet mekanisk opl\u00e5st, hvilket giver yderligere funktionalitet til adgangskontrolsystemer og sikkerhedsl\u00f8sninger.<\/p>\n<p class=\"\" data-start=\"1451\" data-end=\"1466\"><strong data-start=\"1451\" data-end=\"1466\">Egenskaber:<\/strong><\/p>\n<ul data-start=\"1467\" data-end=\"1911\">\n<li class=\"\" data-start=\"1467\" data-end=\"1509\">\n<p class=\"\" data-start=\"1469\" data-end=\"1509\">Omvendt funktion (l\u00e5st op i str\u00f8ml\u00f8s tilstand)<\/p>\n<\/li>\n<li class=\"\" data-start=\"1510\" data-end=\"1566\">\n<p class=\"\" data-start=\"1512\" data-end=\"1566\">Brandgodkendt op til E\/EI 120 i henhold til SS-EN 14846:2008<\/p>\n<\/li>\n<li class=\"\" data-start=\"1567\" data-end=\"1615\">\n<p class=\"\" data-start=\"1569\" data-end=\"1615\">Beskyttelsesdiode indbygget for \u00f8get elektrisk sikkerhed<\/p>\n<\/li>\n<li class=\"\" data-start=\"1616\" data-end=\"1653\">\n<p class=\"\" data-start=\"1618\" data-end=\"1653\">Brudstyrke p\u00e5 9 kN (ca. 900 kg)<\/p>\n<\/li>\n<li class=\"\" data-start=\"1654\" data-end=\"1753\">\n<p class=\"\" data-start=\"1656\" data-end=\"1753\">Garanterer \u00e5bning trods strimmeltryk p\u00e5 op til 40 kg (0,4 kN) i b\u00e5de frem- og bakfunktion<\/p>\n<\/li>\n<li class=\"\" data-start=\"1754\" data-end=\"1813\">\n<p class=\"\" data-start=\"1756\" data-end=\"1813\">Antibanke og vendbar til b\u00e5de h\u00f8jre- og venstred\u00f8re<\/p>\n<\/li>\n<li class=\"\" data-start=\"1814\" data-end=\"1860\">\n<p class=\"\" data-start=\"1816\" data-end=\"1860\">I stand til at l\u00e5se op for kroglineal eller lige lineal<\/p>\n<\/li>\n<li class=\"\" data-start=\"1861\" data-end=\"1911\">\n<p class=\"\" data-start=\"1863\" data-end=\"1911\">Mikroswitch enpolet omskiftning, max. 30V DC, 1A<\/p>\n<\/li>\n<\/ul>\n<p class=\"\" data-start=\"1913\" data-end=\"1942\"><strong data-start=\"1913\" data-end=\"1942\">Tekniske specifikationer:<\/strong><\/p>\n<ul data-start=\"1943\" data-end=\"2481\">\n<li class=\"\" data-start=\"1943\" data-end=\"2050\">\n<p class=\"\" data-start=\"1945\" data-end=\"2050\">Sp\u00e6ndingsforsyning: 12 V DC (+15% -10%) 220 mAh \/ max 600 mA eller 24 V DC (+15% -10%) 110 mAh \/ max 300 mA<\/p>\n<\/li>\n<li class=\"\" data-start=\"2051\" data-end=\"2091\">\n<p class=\"\" data-start=\"2053\" data-end=\"2091\">Holdbarhed: Grade X i henhold til SS-EN 14846<\/p>\n<\/li>\n<li class=\"\" data-start=\"2092\" data-end=\"2131\">\n<p class=\"\" data-start=\"2094\" data-end=\"2131\">Korrosion: Grade M i henhold til SS-EN 14846<\/p>\n<\/li>\n<li class=\"\" data-start=\"2132\" data-end=\"2170\">\n<p class=\"\" data-start=\"2134\" data-end=\"2170\">Sikkerhed: Grad 3 i henhold til SS-EN 14846<\/p>\n<\/li>\n<li class=\"\" data-start=\"2171\" data-end=\"2233\">\n<p class=\"\" data-start=\"2173\" data-end=\"2233\">Sikker elektrisk manipulation: Grad 1 i henhold til SS-EN 14846<\/p>\n<\/li>\n<li class=\"\" data-start=\"2234\" data-end=\"2256\">\n<p class=\"\" data-start=\"2236\" data-end=\"2256\">Brandtestet: 120 min<\/p>\n<\/li>\n<li class=\"\" data-start=\"2257\" data-end=\"2282\">\n<p class=\"\" data-start=\"2259\" data-end=\"2282\">Brudstyrke: 900 kg<\/p>\n<\/li>\n<li class=\"\" data-start=\"2283\" data-end=\"2313\">\n<p class=\"\" data-start=\"2285\" data-end=\"2313\">D\u00f8rh\u00e6ngsel: H\u00f8jre, Venstre<\/p>\n<\/li>\n<li class=\"\" data-start=\"2314\" data-end=\"2332\">\n<p class=\"\" data-start=\"2316\" data-end=\"2332\">Kabel inkluderet: Nr<\/p>\n<\/li>\n<li class=\"\" data-start=\"2333\" data-end=\"2351\">\n<p class=\"\" data-start=\"2335\" data-end=\"2351\">Listetryk: 40 kg<\/p>\n<\/li>\n<li class=\"\" data-start=\"2352\" data-end=\"2387\">\n<p class=\"\" data-start=\"2354\" data-end=\"2387\">L\u00e5setype: Enkeltfaldsl\u00e5s, Dobbeltfaldsl\u00e5s<\/p>\n<\/li>\n<li class=\"\" data-start=\"2388\" data-end=\"2441\">\n<p class=\"\" data-start=\"2390\" data-end=\"2441\">Produktm\u00e5l: Bredde: 25 mm, Dybde: 35 mm, H\u00f8jde: 90 mm<\/p>\n<\/li>\n<li class=\"\" data-start=\"2442\" data-end=\"2460\">\n<p class=\"\" data-start=\"2444\" data-end=\"2460\">Stempelkontakt: Nej<\/p>\n<\/li>\n<li class=\"\" data-start=\"2461\" data-end=\"2481\">\n<p class=\"\" data-start=\"2463\" data-end=\"2481\">Sp\u00e6nding AC\/DC: DC<\/p>\n<\/li>\n<\/ul>","protected":false},"excerpt":{"rendered":"<p>Her kan du se, hvilke stolper og modeller, der passer sammen fra STEP serien af Elektriske d\u00f8rstoppere.<\/p>\n<h5><strong><a href=\"https:\/\/steplock.com\/sv\/stolpguide\/#!?lang=sv&amp;blog_id=1&amp;paged=1&amp;number=50\" target=\"_blank\" rel=\"noopener\">TRIN Post guide\u00a0<\/a><\/strong><\/h5>\n<h5><strong><a href=\"https:\/\/steplock.com\/sv\/projekteringsguide\/#!?lang=sv&amp;blog_id=1&amp;paged=1&amp;number=999\" target=\"_blank\" rel=\"noopener\">STEP design guide<\/a><\/strong><\/h5>","protected":false},"featured_media":140177,"template":"","meta":{"_acf_changed":false},"product_brand":[],"product_cat":[3355],"product_tag":[4197,4201],"class_list":{"0":"post-140178","1":"product","2":"type-product","3":"status-publish","4":"has-post-thumbnail","6":"product_cat-elslutbleck","7":"product_tag-24v","8":"product_tag-omvand","9":"product_shipping_class-tunga-paket","10":"pa_brands-step","11":"tm-no-options","13":"first","14":"onbackorder","15":"sale","16":"taxable","17":"shipping-taxable","18":"purchasable","19":"product-type-simple"},"acf":[],"_links":{"self":[{"href":"https:\/\/secureus.se\/dk\/wp-json\/wp\/v2\/product\/140178","targetHints":{"allow":["GET"]}}],"collection":[{"href":"https:\/\/secureus.se\/dk\/wp-json\/wp\/v2\/product"}],"about":[{"href":"https:\/\/secureus.se\/dk\/wp-json\/wp\/v2\/types\/product"}],"wp:featuredmedia":[{"embeddable":true,"href":"https:\/\/secureus.se\/dk\/wp-json\/wp\/v2\/media\/140177"}],"wp:attachment":[{"href":"https:\/\/secureus.se\/dk\/wp-json\/wp\/v2\/media?parent=140178"}],"wp:term":[{"taxonomy":"product_brand","embeddable":true,"href":"https:\/\/secureus.se\/dk\/wp-json\/wp\/v2\/product_brand?post=140178"},{"taxonomy":"product_cat","embeddable":true,"href":"https:\/\/secureus.se\/dk\/wp-json\/wp\/v2\/product_cat?post=140178"},{"taxonomy":"product_tag","embeddable":true,"href":"https:\/\/secureus.se\/dk\/wp-json\/wp\/v2\/product_tag?post=140178"}],"curies":[{"name":"wp","href":"https:\/\/api.w.org\/{rel}","templated":true}]}}