{"id":140192,"date":"2023-09-26T13:07:04","date_gmt":"2023-09-26T11:07:04","guid":{"rendered":"https:\/\/secureus.se\/elslutbleck-step-98-omstallbar-24v\/"},"modified":"2026-04-23T12:51:29","modified_gmt":"2026-04-23T10:51:29","slug":"elslutbleck-step-98-omstallbar-24v","status":"publish","type":"product","link":"https:\/\/secureus.se\/dk\/elslutbleck-step-98-omstallbar-24v\/","title":{"rendered":"Elektrisk endeplade STEP 98 Omskiftelig 24V"},"content":{"rendered":"<p>Elektrisk endeplade STEP 98 Omskiftelig 24V<\/p>\n<p>TRIN 98 Preload er et brandgodkendt elektrisk slutstykke med justerbar funktion, designet til sikkerhedsd\u00f8re, der l\u00e5ses med en knop eller n\u00f8gle.<\/p>\n<p>Elektrisk slutplade STEP 98 Udstyret med HPR\u00ae teknologi, beskyttelsesdiode og h\u00f8j brudstyrke.<\/p>\n<p class=\"\" data-start=\"345\" data-end=\"805\">Preload er et h\u00f8jsikkerheds elektrisk slutstykke, der tilbyder b\u00e5de p\u00e5lidelig sikkerhed og funktionalitet til d\u00f8re, der l\u00e5ses med en knap eller n\u00f8gle.<\/p>\n<p class=\"\" data-start=\"345\" data-end=\"805\">Certificeret til brandmodstandsdygtighed op til E\/EI 120 i henhold til SS-EN 14846:2008, sikrer dette elektriske slutstykke, at d\u00f8ren forbliver l\u00e5st under ekstreme forhold.<\/p>\n<p class=\"\" data-start=\"345\" data-end=\"805\">STEP 98 er udstyret med STEPs patenterede b\u00e5ndtrykteknologi, som g\u00f8r det muligt at l\u00e5se d\u00f8ren op selv ved et b\u00e5ndtryk p\u00e5 op til 40 kg.<\/p>\n<p class=\"\" data-start=\"807\" data-end=\"1111\">Den vendbare funktion (frem eller tilbage) g\u00f8r det muligt at tilpasse STEP 98 til installationsbehov, hvilket giver \u00f8get fleksibilitet til forskellige d\u00f8rsystemer.<\/p>\n<p class=\"\" data-start=\"807\" data-end=\"1111\">Den er desuden udstyret med en stempelafbryder, der giver indikation af d\u00f8rens status (lukket\/\u00e5ben) til integration med adgangskontrolsystemer og alarmsystemer.<\/p>\n<p class=\"\" data-start=\"1113\" data-end=\"1305\">Med en brudstyrke p\u00e5 9 kN (ca. 900 kg), st\u00f8dsikkert design, og muligheden for at \u00e5bne trods b\u00e5ndtryk p\u00e5 op til 40 kg, tilbyder STEP 98 p\u00e5lidelig ydelse i b\u00e5de frem- og bakk\u00f8rsel.<\/p>\n<p class=\"\" data-start=\"1307\" data-end=\"1322\"><strong data-start=\"1307\" data-end=\"1322\">Egenskaber:<\/strong><\/p>\n<ul data-start=\"1323\" data-end=\"1863\">\n<li class=\"\" data-start=\"1323\" data-end=\"1402\">\n<p class=\"\" data-start=\"1325\" data-end=\"1402\">Omskiftelig frem- eller bakfunktion (l\u00e5st eller ul\u00e5st i str\u00f8ml\u00f8s tilstand)<\/p>\n<\/li>\n<li class=\"\" data-start=\"1403\" data-end=\"1459\">\n<p class=\"\" data-start=\"1405\" data-end=\"1459\">Brandgodkendt op til E\/EI 120 i henhold til SS-EN 14846:2008<\/p>\n<\/li>\n<li class=\"\" data-start=\"1460\" data-end=\"1508\">\n<p class=\"\" data-start=\"1462\" data-end=\"1508\">Beskyttelsesdiode indbygget for \u00f8get elektrisk sikkerhed<\/p>\n<\/li>\n<li class=\"\" data-start=\"1509\" data-end=\"1567\">\n<p class=\"\" data-start=\"1511\" data-end=\"1567\">D\u00f8rstatusindikation (lukket\/\u00e5ben) via stempelkontakt<\/p>\n<\/li>\n<li class=\"\" data-start=\"1568\" data-end=\"1605\">\n<p class=\"\" data-start=\"1570\" data-end=\"1605\">Brudstyrke p\u00e5 9 kN (ca. 900 kg)<\/p>\n<\/li>\n<li class=\"\" data-start=\"1606\" data-end=\"1705\">\n<p class=\"\" data-start=\"1608\" data-end=\"1705\">Garanterer \u00e5bning trods strimmeltryk p\u00e5 op til 40 kg (0,4 kN) i b\u00e5de frem- og bakfunktion<\/p>\n<\/li>\n<li class=\"\" data-start=\"1706\" data-end=\"1765\">\n<p class=\"\" data-start=\"1708\" data-end=\"1765\">Antibanke og vendbar til b\u00e5de h\u00f8jre- og venstred\u00f8re<\/p>\n<\/li>\n<li class=\"\" data-start=\"1766\" data-end=\"1812\">\n<p class=\"\" data-start=\"1768\" data-end=\"1812\">I stand til at l\u00e5se op for kroglineal eller lige lineal<\/p>\n<\/li>\n<li class=\"\" data-start=\"1813\" data-end=\"1863\">\n<p class=\"\" data-start=\"1815\" data-end=\"1863\">Mikroswitch enpolet omskiftning, max. 30V DC, 1A<\/p>\n<\/li>\n<\/ul>\n<p class=\"\" data-start=\"1865\" data-end=\"1894\"><strong data-start=\"1865\" data-end=\"1894\">Tekniske specifikationer:<\/strong><\/p>\n<ul data-start=\"1895\" data-end=\"2433\">\n<li class=\"\" data-start=\"1895\" data-end=\"2002\">\n<p class=\"\" data-start=\"1897\" data-end=\"2002\">Sp\u00e6ndingsforsyning: 12 V DC (+15% -10%) 220 mAh \/ max 600 mA eller 24 V DC (+15% -10%) 110 mAh \/ max 300 mA<\/p>\n<\/li>\n<li class=\"\" data-start=\"2003\" data-end=\"2043\">\n<p class=\"\" data-start=\"2005\" data-end=\"2043\">Holdbarhed: Grade X i henhold til SS-EN 14846<\/p>\n<\/li>\n<li class=\"\" data-start=\"2044\" data-end=\"2083\">\n<p class=\"\" data-start=\"2046\" data-end=\"2083\">Korrosion: Grade M i henhold til SS-EN 14846<\/p>\n<\/li>\n<li class=\"\" data-start=\"2084\" data-end=\"2122\">\n<p class=\"\" data-start=\"2086\" data-end=\"2122\">Sikkerhed: Grad 3 i henhold til SS-EN 14846<\/p>\n<\/li>\n<li class=\"\" data-start=\"2123\" data-end=\"2185\">\n<p class=\"\" data-start=\"2125\" data-end=\"2185\">Sikker elektrisk manipulation: Grad 1 i henhold til SS-EN 14846<\/p>\n<\/li>\n<li class=\"\" data-start=\"2186\" data-end=\"2208\">\n<p class=\"\" data-start=\"2188\" data-end=\"2208\">Brandtestet: 120 min<\/p>\n<\/li>\n<li class=\"\" data-start=\"2209\" data-end=\"2234\">\n<p class=\"\" data-start=\"2211\" data-end=\"2234\">Brudstyrke: 900 kg<\/p>\n<\/li>\n<li class=\"\" data-start=\"2235\" data-end=\"2265\">\n<p class=\"\" data-start=\"2237\" data-end=\"2265\">D\u00f8rh\u00e6ngsel: H\u00f8jre, Venstre<\/p>\n<\/li>\n<li class=\"\" data-start=\"2266\" data-end=\"2284\">\n<p class=\"\" data-start=\"2268\" data-end=\"2284\">Kabel inkluderet: Nr<\/p>\n<\/li>\n<li class=\"\" data-start=\"2285\" data-end=\"2303\">\n<p class=\"\" data-start=\"2287\" data-end=\"2303\">Listetryk: 40 kg<\/p>\n<\/li>\n<li class=\"\" data-start=\"2304\" data-end=\"2339\">\n<p class=\"\" data-start=\"2306\" data-end=\"2339\">L\u00e5setype: Enkeltfaldsl\u00e5s, Dobbeltfaldsl\u00e5s<\/p>\n<\/li>\n<li class=\"\" data-start=\"2340\" data-end=\"2393\">\n<p class=\"\" data-start=\"2342\" data-end=\"2393\">Produktm\u00e5l: Bredde: 25 mm, Dybde: 35 mm, H\u00f8jde: 90 mm<\/p>\n<\/li>\n<li class=\"\" data-start=\"2394\" data-end=\"2412\">\n<p class=\"\" data-start=\"2396\" data-end=\"2412\">Stempelkontakt: Nej<\/p>\n<\/li>\n<li class=\"\" data-start=\"2413\" data-end=\"2433\">\n<p class=\"\" data-start=\"2415\" data-end=\"2433\">Sp\u00e6nding AC\/DC: DC<\/p>\n<\/li>\n<\/ul>","protected":false},"excerpt":{"rendered":"<p>Her kan du se, hvilke stolper og modeller, der passer sammen fra STEP serien af Elektriske d\u00f8rstoppere.<\/p>\n<h5><strong><a href=\"https:\/\/steplock.com\/sv\/stolpguide\/#!?lang=sv&amp;blog_id=1&amp;paged=1&amp;number=50\" target=\"_blank\" rel=\"noopener\">TRIN Post guide\u00a0<\/a><\/strong><\/h5>\n<h5><strong><a href=\"https:\/\/steplock.com\/sv\/projekteringsguide\/#!?lang=sv&amp;blog_id=1&amp;paged=1&amp;number=999\" target=\"_blank\" rel=\"noopener\">STEP design guide<\/a><\/strong><\/h5>","protected":false},"featured_media":140191,"template":"","meta":{"_acf_changed":false},"product_brand":[],"product_cat":[3355],"product_tag":[4197,4202],"class_list":{"0":"post-140192","1":"product","2":"type-product","3":"status-publish","4":"has-post-thumbnail","6":"product_cat-elslutbleck","7":"product_tag-24v","8":"product_tag-omstallbar-rattvand-omvand","9":"product_shipping_class-tunga-paket","10":"pa_brands-step","11":"tm-no-options","13":"first","14":"outofstock","15":"sale","16":"taxable","17":"shipping-taxable","18":"purchasable","19":"product-type-simple"},"acf":[],"_links":{"self":[{"href":"https:\/\/secureus.se\/dk\/wp-json\/wp\/v2\/product\/140192","targetHints":{"allow":["GET"]}}],"collection":[{"href":"https:\/\/secureus.se\/dk\/wp-json\/wp\/v2\/product"}],"about":[{"href":"https:\/\/secureus.se\/dk\/wp-json\/wp\/v2\/types\/product"}],"wp:featuredmedia":[{"embeddable":true,"href":"https:\/\/secureus.se\/dk\/wp-json\/wp\/v2\/media\/140191"}],"wp:attachment":[{"href":"https:\/\/secureus.se\/dk\/wp-json\/wp\/v2\/media?parent=140192"}],"wp:term":[{"taxonomy":"product_brand","embeddable":true,"href":"https:\/\/secureus.se\/dk\/wp-json\/wp\/v2\/product_brand?post=140192"},{"taxonomy":"product_cat","embeddable":true,"href":"https:\/\/secureus.se\/dk\/wp-json\/wp\/v2\/product_cat?post=140192"},{"taxonomy":"product_tag","embeddable":true,"href":"https:\/\/secureus.se\/dk\/wp-json\/wp\/v2\/product_tag?post=140192"}],"curies":[{"name":"wp","href":"https:\/\/api.w.org\/{rel}","templated":true}]}}