{"id":140231,"date":"2023-09-26T13:06:40","date_gmt":"2023-09-26T11:06:40","guid":{"rendered":"https:\/\/secureus.se\/elslutbleck-step-30-omvand-24v\/"},"modified":"2026-03-26T09:57:17","modified_gmt":"2026-03-26T08:57:17","slug":"elslutbleck-step-30-omvand-24v","status":"publish","type":"product","link":"https:\/\/secureus.se\/dk\/elslutbleck-step-30-omvand-24v\/","title":{"rendered":"Elektrisk termineringsplade STEP 30 Reverse 24V"},"content":{"rendered":"<h1>Elektrisk termineringsplade STEP 30 Reverse 24V<\/h1>\n<p>STEP 30 Preload elektrisk slutb\u00f8jle er et kompakt og p\u00e5lideligt elektrisk slutstykke til \u00e6ldre d\u00f8rsektioner, udstyret med en omvendt funktion og en brudstyrke p\u00e5 500 kg for sikker d\u00f8rfunktion.<\/p>\n<p class=\"\" data-start=\"333\" data-end=\"757\">STEP 30 Preload elektriske sl\u00f8jfer er en p\u00e5lidelig l\u00f8sning til udskiftning af \u00e6ldre eller enklere elektriske sl\u00f8jfer og skabe et sikkert d\u00f8rmilj\u00f8, selv i \u00e6ldre d\u00f8rsektioner og udsparinger.<\/p>\n<p class=\"\" data-start=\"333\" data-end=\"757\">En del af STEPs Preload-serie, STEP 30 kombinerer minimale dimensioner med h\u00f8j kvalitet og fleksibilitet. Udstyret med STEPs patenterede b\u00e5ndtrykteknologi sikrer denne elektriske sl\u00f8jfe, at d\u00f8ren altid kan \u00e5bnes, selvom den uds\u00e6ttes for tryk.<\/p>\n<p class=\"\" data-start=\"759\" data-end=\"1257\">Omvendt funktion betyder, at d\u00f8ren l\u00e5ses op i sp\u00e6ndingsl\u00f8s position, hvilket g\u00f8r det muligt at \u00e5bne d\u00f8ren hurtigt, hvis det er n\u00f8dvendigt.<\/p>\n<p class=\"\" data-start=\"759\" data-end=\"1257\">Uden en stempelkontakt er dette elektriske slutstykke ideelt til installationer, hvor en stempelkontakt ikke er p\u00e5kr\u00e6vet.<\/p>\n<p class=\"\" data-start=\"759\" data-end=\"1257\">Den indbyggede beskyttelsesdiode \u00f8ger sikkerheden og g\u00f8r den til en p\u00e5lidelig l\u00f8sning til b\u00e5de nye og \u00e6ldre d\u00f8rsystemer.<\/p>\n<p class=\"\" data-start=\"759\" data-end=\"1257\">Med en brudstyrke p\u00e5 5 kN (ca. 500 kg) og mulighed for at \u00e5bne trods b\u00e5ndtryk p\u00e5 op til 40 kg, tilbyder STEP 30 Preload b\u00e5de sikkerhed og p\u00e5lidelighed.<\/p>\n<p class=\"\" data-start=\"1259\" data-end=\"1274\"><strong data-start=\"1259\" data-end=\"1274\">Egenskaber:<\/strong><\/p>\n<ul data-start=\"1275\" data-end=\"1636\">\n<li class=\"\" data-start=\"1275\" data-end=\"1316\">\n<p class=\"\" data-start=\"1277\" data-end=\"1316\">Omvendt funktion (l\u00e5st i str\u00f8ml\u00f8s tilstand)<\/p>\n<\/li>\n<li class=\"\" data-start=\"1317\" data-end=\"1336\">\n<p class=\"\" data-start=\"1319\" data-end=\"1336\">Ingen stempelkontakt<\/p>\n<\/li>\n<li class=\"\" data-start=\"1337\" data-end=\"1375\">\n<p class=\"\" data-start=\"1339\" data-end=\"1375\">Beskyttelsesdiode indbygget for \u00f8get sikkerhed<\/p>\n<\/li>\n<li class=\"\" data-start=\"1376\" data-end=\"1413\">\n<p class=\"\" data-start=\"1378\" data-end=\"1413\">Brudstyrke p\u00e5 5 kN (ca. 500 kg)<\/p>\n<\/li>\n<li class=\"\" data-start=\"1414\" data-end=\"1516\">\n<p class=\"\" data-start=\"1416\" data-end=\"1516\">Garanterer \u00e5bning trods b\u00e5ndtryk p\u00e5 op til 0,4 kN (ca. 40 kg) i b\u00e5de frem- og bakfunktion<\/p>\n<\/li>\n<li class=\"\" data-start=\"1517\" data-end=\"1576\">\n<p class=\"\" data-start=\"1519\" data-end=\"1576\">Antibanke og vendbar til b\u00e5de h\u00f8jre- og venstred\u00f8re<\/p>\n<\/li>\n<li class=\"\" data-start=\"1577\" data-end=\"1619\">\n<p class=\"\" data-start=\"1579\" data-end=\"1619\">Velegnet til enkelt- og dobbeltfl\u00f8jede l\u00e5se<\/p>\n<\/li>\n<li class=\"\" data-start=\"1620\" data-end=\"1636\">\n<p class=\"\" data-start=\"1622\" data-end=\"1636\">Kabel medf\u00f8lger ikke<\/p>\n<\/li>\n<\/ul>\n<p class=\"\" data-start=\"1638\" data-end=\"1667\"><strong data-start=\"1638\" data-end=\"1667\">Tekniske specifikationer:<\/strong><\/p>\n<ul data-start=\"1668\" data-end=\"2255\">\n<li class=\"\" data-start=\"1668\" data-end=\"1775\">\n<p class=\"\" data-start=\"1670\" data-end=\"1775\">Str\u00f8mforsyning: 24 V DC (+15% -10%) 110 mAh \/ maks. 300 mA eller 12 V DC (+15% -10%) 220 mAh \/ maks. 600 mA<\/p>\n<\/li>\n<li class=\"\" data-start=\"1776\" data-end=\"1816\">\n<p class=\"\" data-start=\"1778\" data-end=\"1816\">Holdbarhed: Grade X i henhold til SS-EN 14846<\/p>\n<\/li>\n<li class=\"\" data-start=\"1817\" data-end=\"1856\">\n<p class=\"\" data-start=\"1819\" data-end=\"1856\">Korrosion: Grade M i henhold til SS-EN 14846<\/p>\n<\/li>\n<li class=\"\" data-start=\"1857\" data-end=\"1895\">\n<p class=\"\" data-start=\"1859\" data-end=\"1895\">Sikkerhed: Grad 3 i henhold til SS-EN 14846<\/p>\n<\/li>\n<li class=\"\" data-start=\"1896\" data-end=\"1921\">\n<p class=\"\" data-start=\"1898\" data-end=\"1921\">Brudstyrke: 500 kg<\/p>\n<\/li>\n<li class=\"\" data-start=\"1922\" data-end=\"1952\">\n<p class=\"\" data-start=\"1924\" data-end=\"1952\">D\u00f8rh\u00e6ngsel: H\u00f8jre, Venstre<\/p>\n<\/li>\n<li class=\"\" data-start=\"1953\" data-end=\"1971\">\n<p class=\"\" data-start=\"1955\" data-end=\"1971\">Listetryk: 40 kg<\/p>\n<\/li>\n<li class=\"\" data-start=\"1972\" data-end=\"2007\">\n<p class=\"\" data-start=\"1974\" data-end=\"2007\">L\u00e5setype: Enkeltfaldsl\u00e5s, Dobbeltfaldsl\u00e5s<\/p>\n<\/li>\n<li class=\"\" data-start=\"2008\" data-end=\"2063\">\n<p class=\"\" data-start=\"2010\" data-end=\"2063\">Produktm\u00e5l: Bredde: 20,5 mm, Dybde: 28 mm, H\u00f8jde: 99 mm<\/p>\n<\/li>\n<li class=\"\" data-start=\"2064\" data-end=\"2082\">\n<p class=\"\" data-start=\"2066\" data-end=\"2082\">Stempelkontakt: Nej<\/p>\n<\/li>\n<li class=\"\" data-start=\"2083\" data-end=\"2103\">\n<p class=\"\" data-start=\"2085\" data-end=\"2103\">Sp\u00e6nding AC\/DC: DC<\/p>\n<\/li>\n<li class=\"\" data-start=\"2104\" data-end=\"2126\">\n<p class=\"\" data-start=\"2106\" data-end=\"2126\">Sp\u00e6nding max: 27,6 V<\/p>\n<\/li>\n<li class=\"\" data-start=\"2127\" data-end=\"2149\">\n<p class=\"\" data-start=\"2129\" data-end=\"2149\">Sp\u00e6nding min: 21,6 V<\/p>\n<\/li>\n<li class=\"\" data-start=\"2150\" data-end=\"2178\">\n<p class=\"\" data-start=\"2152\" data-end=\"2178\">Farve\/finish: Rustfrit st\u00e5l<\/p>\n<\/li>\n<li class=\"\" data-start=\"2179\" data-end=\"2199\">\n<p class=\"\" data-start=\"2181\" data-end=\"2199\">Byggeprodukt vurderet: Ja<\/p>\n<\/li>\n<li class=\"\" data-start=\"2200\" data-end=\"2221\">\n<p class=\"\" data-start=\"2202\" data-end=\"2221\">EPD-verificeret: Nej<\/p>\n<\/li>\n<li class=\"\" data-start=\"2222\" data-end=\"2234\">\n<p class=\"\" data-start=\"2224\" data-end=\"2234\">FINFO: Nej<\/p>\n<\/li>\n<li class=\"\" data-start=\"2235\" data-end=\"2255\">\n<p class=\"\" data-start=\"2237\" data-end=\"2255\">SundaHouse Vurderet: Ja<\/p>\n<\/li>\n<\/ul>","protected":false},"excerpt":{"rendered":"<p>Her kan du se, hvilke stolper og modeller, der passer sammen fra STEP serien af Elektriske d\u00f8rstoppere.<\/p>\n<h5><strong><a href=\"https:\/\/steplock.com\/sv\/stolpguide\/#!?lang=sv&amp;blog_id=1&amp;paged=1&amp;number=50\" target=\"_blank\" rel=\"noopener\">TRIN Post guide\u00a0<\/a><\/strong><\/h5>\n<h5><strong><a href=\"https:\/\/steplock.com\/sv\/projekteringsguide\/#!?lang=sv&amp;blog_id=1&amp;paged=1&amp;number=999\" target=\"_blank\" rel=\"noopener\">STEP design guide<\/a><\/strong><\/h5>","protected":false},"featured_media":140230,"template":"","meta":{"_acf_changed":false},"product_brand":[],"product_cat":[3355],"product_tag":[4197,4201],"class_list":{"0":"post-140231","1":"product","2":"type-product","3":"status-publish","4":"has-post-thumbnail","6":"product_cat-elslutbleck","7":"product_tag-24v","8":"product_tag-omvand","9":"product_shipping_class-tunga-paket","10":"pa_brands-step","11":"tm-no-options","13":"first","14":"onbackorder","15":"sale","16":"taxable","17":"shipping-taxable","18":"purchasable","19":"product-type-simple"},"acf":[],"_links":{"self":[{"href":"https:\/\/secureus.se\/dk\/wp-json\/wp\/v2\/product\/140231","targetHints":{"allow":["GET"]}}],"collection":[{"href":"https:\/\/secureus.se\/dk\/wp-json\/wp\/v2\/product"}],"about":[{"href":"https:\/\/secureus.se\/dk\/wp-json\/wp\/v2\/types\/product"}],"wp:featuredmedia":[{"embeddable":true,"href":"https:\/\/secureus.se\/dk\/wp-json\/wp\/v2\/media\/140230"}],"wp:attachment":[{"href":"https:\/\/secureus.se\/dk\/wp-json\/wp\/v2\/media?parent=140231"}],"wp:term":[{"taxonomy":"product_brand","embeddable":true,"href":"https:\/\/secureus.se\/dk\/wp-json\/wp\/v2\/product_brand?post=140231"},{"taxonomy":"product_cat","embeddable":true,"href":"https:\/\/secureus.se\/dk\/wp-json\/wp\/v2\/product_cat?post=140231"},{"taxonomy":"product_tag","embeddable":true,"href":"https:\/\/secureus.se\/dk\/wp-json\/wp\/v2\/product_tag?post=140231"}],"curies":[{"name":"wp","href":"https:\/\/api.w.org\/{rel}","templated":true}]}}