{"id":140280,"date":"2023-09-26T13:06:11","date_gmt":"2023-09-26T11:06:11","guid":{"rendered":"https:\/\/secureus.se\/elslutbleck-step-18-hoger-omvand-24v-for-assa-511\/"},"modified":"2026-03-26T09:57:00","modified_gmt":"2026-03-26T08:57:00","slug":"elslutbleck-step-18-hoger-omvand-24v-for-assa-511","status":"publish","type":"product","link":"https:\/\/secureus.se\/dk\/elslutbleck-step-18-hoger-omvand-24v-for-assa-511\/","title":{"rendered":"Elektrisk endeplade TRIN 18 H\u00f8jre Reverse 24V til Assa 511"},"content":{"rendered":"<h1>Elektrisk endeplade TRIN 18 H\u00f8jre Reverse 24V til Assa 511<\/h1>\n<p>Elektrisk slutbl\u00e6nde STEP 18 Secure for Assa 511 tilbyder h\u00f8j sikkerhed og er brandgodkendt op til E\/EI 60. Perfekt til d\u00f8re med h\u00f8je krav til indbrudssikring og h\u00f8j \u00e5bningsfrekvens.<\/p>\n<p class=\"\" data-start=\"417\" data-end=\"793\">TRIN 18 Secure er en h\u00f8jsikkerheds elektrisk l\u00e5s, der er specielt designet til brug i d\u00f8re med h\u00f8je sikkerhedskrav, s\u00e5som f\u00e6ngsler, banker og sikkerhedsd\u00f8re.<\/p>\n<p class=\"\" data-start=\"417\" data-end=\"793\">Med en brudstyrke p\u00e5 15 kN (ca. 1500 kg) er dette elektriske slag bygget til at modst\u00e5 kraftigt b\u00e5ndtryk og sikre p\u00e5lidelig l\u00e5sning og opl\u00e5sning selv under h\u00f8j belastning.<\/p>\n<p class=\"\" data-start=\"795\" data-end=\"1252\">Dette elektriske slutstykke er godkendt til at l\u00e5se sikkerhedsd\u00f8re op til RC4 og er brandklassificeret op til E\/EI 60.<\/p>\n<p class=\"\" data-start=\"795\" data-end=\"1252\">Den er velegnet til Assa 511 krogboltl\u00e5s med 10 mm stempel og har en omvendt funktion (ul\u00e5st i str\u00f8ml\u00f8s position), hvilket g\u00f8r den s\u00e6rdeles velegnet til d\u00f8re, hvor \u00e5bning og lukning forekommer hyppigt.<\/p>\n<p class=\"\" data-start=\"795\" data-end=\"1252\">Med en indbygget stempelafbryder, der angiver om d\u00f8ren er lukket\/\u00e5ben og l\u00e5st\/ul\u00e5st, kan denne elektriske afbryder nemt integreres med adgangskontrolsystemer og alarmsystemer.<\/p>\n<p class=\"\" data-start=\"1254\" data-end=\"1271\"><strong data-start=\"1254\" data-end=\"1268\">Egenskaber<\/strong>:<\/p>\n<ul data-start=\"1272\" data-end=\"1713\">\n<li class=\"\" data-start=\"1272\" data-end=\"1315\">\n<p class=\"\" data-start=\"1274\" data-end=\"1315\">Til kroglineall\u00e5s Assa 511 med 10 mm stempel<\/p>\n<\/li>\n<li class=\"\" data-start=\"1316\" data-end=\"1360\">\n<p class=\"\" data-start=\"1318\" data-end=\"1360\">Omvendt funktion (l\u00e5st op i str\u00f8ml\u00f8s tilstand)<\/p>\n<\/li>\n<li class=\"\" data-start=\"1361\" data-end=\"1387\">\n<p class=\"\" data-start=\"1363\" data-end=\"1387\">Til h\u00f8jreh\u00e6ngte d\u00f8re<\/p>\n<\/li>\n<li class=\"\" data-start=\"1388\" data-end=\"1421\">\n<p class=\"\" data-start=\"1390\" data-end=\"1421\">Brandgodkendt op til E\/EI 60<\/p>\n<\/li>\n<li class=\"\" data-start=\"1422\" data-end=\"1506\">\n<p class=\"\" data-start=\"1424\" data-end=\"1506\">Indbygget stempelkontakt til indikering af d\u00f8rens lukket\/\u00e5ben og l\u00e5st\/ul\u00e5st status<\/p>\n<\/li>\n<li class=\"\" data-start=\"1507\" data-end=\"1529\">\n<p class=\"\" data-start=\"1509\" data-end=\"1529\">Indbygget beskyttelsesdiode<\/p>\n<\/li>\n<li class=\"\" data-start=\"1530\" data-end=\"1568\">\n<p class=\"\" data-start=\"1532\" data-end=\"1568\">Brudstyrke 15 kN (ca. 1500 kg)<\/p>\n<\/li>\n<li class=\"\" data-start=\"1569\" data-end=\"1651\">\n<p class=\"\" data-start=\"1571\" data-end=\"1651\">\u00c5bner trods et b\u00e5ndtryk p\u00e5 5 kN (ca. 500 kg) i b\u00e5de opretst\u00e5ende og omvendt funktion<\/p>\n<\/li>\n<li class=\"\" data-start=\"1652\" data-end=\"1667\">\n<p class=\"\" data-start=\"1654\" data-end=\"1667\">Anti-banke<\/p>\n<\/li>\n<li class=\"\" data-start=\"1668\" data-end=\"1713\">\n<p class=\"\" data-start=\"1670\" data-end=\"1713\">5 meter halogenfrit tilslutningskabel medf\u00f8lger<\/p>\n<\/li>\n<\/ul>\n<p class=\"\" data-start=\"1715\" data-end=\"1746\"><strong data-start=\"1715\" data-end=\"1743\">Tekniske specifikationer<\/strong>:<\/p>\n<ul data-start=\"1747\" data-end=\"2354\">\n<li class=\"\" data-start=\"1747\" data-end=\"1783\">\n<p class=\"\" data-start=\"1749\" data-end=\"1783\"><strong data-start=\"1749\" data-end=\"1772\">Brudstyrke max<\/strong>: 1500 kg<\/p>\n<\/li>\n<li class=\"\" data-start=\"1784\" data-end=\"1811\">\n<p class=\"\" data-start=\"1786\" data-end=\"1811\"><strong data-start=\"1786\" data-end=\"1802\">D\u00f8r h\u00e6ngende<\/strong>: rigtigt<\/p>\n<\/li>\n<li class=\"\" data-start=\"1812\" data-end=\"1835\">\n<p class=\"\" data-start=\"1814\" data-end=\"1835\"><strong data-start=\"1814\" data-end=\"1829\">Kabel medf\u00f8lger<\/strong>: Ja<\/p>\n<\/li>\n<li class=\"\" data-start=\"1836\" data-end=\"1861\">\n<p class=\"\" data-start=\"1838\" data-end=\"1861\"><strong data-start=\"1838\" data-end=\"1851\">Listeudskrivning<\/strong>: 500 kg<\/p>\n<\/li>\n<li class=\"\" data-start=\"1862\" data-end=\"1899\">\n<p class=\"\" data-start=\"1864\" data-end=\"1899\"><strong data-start=\"1864\" data-end=\"1874\">L\u00e5s type<\/strong>: Krogl\u00e5s, L\u00e5se<\/p>\n<\/li>\n<li class=\"\" data-start=\"1900\" data-end=\"1928\">\n<p class=\"\" data-start=\"1902\" data-end=\"1928\"><strong data-start=\"1902\" data-end=\"1919\">Bredt produkt<\/strong>: 35 mm<\/p>\n<\/li>\n<li class=\"\" data-start=\"1929\" data-end=\"1955\">\n<p class=\"\" data-start=\"1931\" data-end=\"1955\"><strong data-start=\"1931\" data-end=\"1949\">Byggematerialer vurderet<\/strong>: Ja<\/p>\n<\/li>\n<li class=\"\" data-start=\"1956\" data-end=\"1983\">\n<p class=\"\" data-start=\"1958\" data-end=\"1983\"><strong data-start=\"1958\" data-end=\"1974\">Dybt produkt<\/strong>: 40 mm<\/p>\n<\/li>\n<li class=\"\" data-start=\"1984\" data-end=\"2018\">\n<p class=\"\" data-start=\"1986\" data-end=\"2018\"><strong data-start=\"1986\" data-end=\"2011\">Driftssp\u00e6nding 12V\/24V<\/strong>: 24V<\/p>\n<\/li>\n<li class=\"\" data-start=\"2019\" data-end=\"2047\">\n<p class=\"\" data-start=\"2021\" data-end=\"2047\"><strong data-start=\"2021\" data-end=\"2040\">Dobbelt twist case<\/strong>: Nej<\/p>\n<\/li>\n<li class=\"\" data-start=\"2048\" data-end=\"2075\">\n<p class=\"\" data-start=\"2050\" data-end=\"2075\"><strong data-start=\"2050\" data-end=\"2068\">EPD-verificeret<\/strong>: Nej<\/p>\n<\/li>\n<li class=\"\" data-start=\"2076\" data-end=\"2094\">\n<p class=\"\" data-start=\"2078\" data-end=\"2094\"><strong data-start=\"2078\" data-end=\"2087\">FIN INFO<\/strong>: Nej<\/p>\n<\/li>\n<li class=\"\" data-start=\"2095\" data-end=\"2129\">\n<p class=\"\" data-start=\"2097\" data-end=\"2129\"><strong data-start=\"2097\" data-end=\"2118\">Farve\/Overfladebehandling<\/strong>: Rustfrit st\u00e5l<\/p>\n<\/li>\n<li class=\"\" data-start=\"2130\" data-end=\"2158\">\n<p class=\"\" data-start=\"2132\" data-end=\"2158\"><strong data-start=\"2132\" data-end=\"2148\">Forh\u00f8jet produkt<\/strong>: 230 mm<\/p>\n<\/li>\n<li class=\"\" data-start=\"2159\" data-end=\"2186\">\n<p class=\"\" data-start=\"2161\" data-end=\"2186\"><strong data-start=\"2161\" data-end=\"2175\">Kabell\u00e6ngde<\/strong>: 5 meter<\/p>\n<\/li>\n<li class=\"\" data-start=\"2187\" data-end=\"2210\">\n<p class=\"\" data-start=\"2189\" data-end=\"2210\"><strong data-start=\"2189\" data-end=\"2204\">Stempelforbindelse<\/strong>: Ja<\/p>\n<\/li>\n<li class=\"\" data-start=\"2211\" data-end=\"2242\">\n<p class=\"\" data-start=\"2213\" data-end=\"2242\"><strong data-start=\"2213\" data-end=\"2232\">H\u00f8jre\/omvendt<\/strong>: Omvendt<\/p>\n<\/li>\n<li class=\"\" data-start=\"2243\" data-end=\"2269\">\n<p class=\"\" data-start=\"2245\" data-end=\"2269\"><strong data-start=\"2245\" data-end=\"2263\">Sp\u00e6nding AC\/DC<\/strong>: DC<\/p>\n<\/li>\n<li class=\"\" data-start=\"2270\" data-end=\"2298\">\n<p class=\"\" data-start=\"2272\" data-end=\"2298\"><strong data-start=\"2272\" data-end=\"2288\">Sp\u00e6nding max<\/strong>: 27,6V<\/p>\n<\/li>\n<li class=\"\" data-start=\"2299\" data-end=\"2327\">\n<p class=\"\" data-start=\"2301\" data-end=\"2327\"><strong data-start=\"2301\" data-end=\"2317\">Sp\u00e6nding min<\/strong>: 21,6V<\/p>\n<\/li>\n<li class=\"\" data-start=\"2328\" data-end=\"2354\">\n<p class=\"\" data-start=\"2330\" data-end=\"2354\"><strong data-start=\"2330\" data-end=\"2348\">SundaHouse vurderet<\/strong>: Ja<\/p>\n<\/li>\n<\/ul>","protected":false},"excerpt":{"rendered":"<p>Her kan du se, hvilke stolper og modeller, der passer sammen fra STEP serien af Elektriske d\u00f8rstoppere.<\/p>\n<h5><strong><a href=\"https:\/\/steplock.com\/sv\/stolpguide\/#!?lang=sv&amp;blog_id=1&amp;paged=1&amp;number=50\" target=\"_blank\" rel=\"noopener\">TRIN Post guide\u00a0<\/a><\/strong><\/h5>\n<h5><strong><a href=\"https:\/\/steplock.com\/sv\/projekteringsguide\/#!?lang=sv&amp;blog_id=1&amp;paged=1&amp;number=999\" target=\"_blank\" rel=\"noopener\">STEP design guide<\/a><\/strong><\/h5>","protected":false},"featured_media":140278,"template":"","meta":{"_acf_changed":false},"product_brand":[],"product_cat":[3355],"product_tag":[4197,4201],"class_list":{"0":"post-140280","1":"product","2":"type-product","3":"status-publish","4":"has-post-thumbnail","6":"product_cat-elslutbleck","7":"product_tag-24v","8":"product_tag-omvand","9":"product_shipping_class-tunga-paket","10":"pa_brands-step","11":"tm-no-options","13":"first","14":"onbackorder","15":"sale","16":"taxable","17":"shipping-taxable","18":"purchasable","19":"product-type-simple"},"acf":[],"_links":{"self":[{"href":"https:\/\/secureus.se\/dk\/wp-json\/wp\/v2\/product\/140280","targetHints":{"allow":["GET"]}}],"collection":[{"href":"https:\/\/secureus.se\/dk\/wp-json\/wp\/v2\/product"}],"about":[{"href":"https:\/\/secureus.se\/dk\/wp-json\/wp\/v2\/types\/product"}],"wp:featuredmedia":[{"embeddable":true,"href":"https:\/\/secureus.se\/dk\/wp-json\/wp\/v2\/media\/140278"}],"wp:attachment":[{"href":"https:\/\/secureus.se\/dk\/wp-json\/wp\/v2\/media?parent=140280"}],"wp:term":[{"taxonomy":"product_brand","embeddable":true,"href":"https:\/\/secureus.se\/dk\/wp-json\/wp\/v2\/product_brand?post=140280"},{"taxonomy":"product_cat","embeddable":true,"href":"https:\/\/secureus.se\/dk\/wp-json\/wp\/v2\/product_cat?post=140280"},{"taxonomy":"product_tag","embeddable":true,"href":"https:\/\/secureus.se\/dk\/wp-json\/wp\/v2\/product_tag?post=140280"}],"curies":[{"name":"wp","href":"https:\/\/api.w.org\/{rel}","templated":true}]}}