{"id":140371,"date":"2023-05-10T09:51:38","date_gmt":"2023-05-10T07:51:38","guid":{"rendered":"https:\/\/secureus.se\/elqxb-pure-2x2x05-vit-b100\/"},"modified":"2026-03-26T11:37:38","modified_gmt":"2026-03-26T10:37:38","slug":"elqxb-pure-2x2x05-vit-b100","status":"publish","type":"product","link":"https:\/\/secureus.se\/dk\/elqxb-pure-2x2x05-vit-b100\/","title":{"rendered":"ELQXB PURE 2X2X0,5 HVID B100"},"content":{"rendered":"","protected":false},"excerpt":{"rendered":"<p>Halogenfrit telekommunikationssignalkabel. Udsender ikke \u00e6tsende gasser og har lav r\u00f8gt\u00e6thed i tilf\u00e6lde af brand. Fast installation eller i r\u00f8r, til private kommunikationsnetv\u00e6rk indend\u00f8rs. Delene er snoet i par (1x4x0,5 er snoet i fire skruer).<\/p>","protected":false},"featured_media":140368,"template":"","meta":{"_acf_changed":false},"product_brand":[],"product_cat":[2678],"product_tag":[2487],"class_list":{"0":"post-140371","1":"product","2":"type-product","3":"status-publish","4":"has-post-thumbnail","6":"product_cat-telekabel-oskarmad","7":"product_tag-kabel-oskarmad","8":"product_shipping_class-tunga-paket","9":"tm-no-options","11":"first","12":"instock","13":"taxable","14":"shipping-taxable","15":"purchasable","16":"product-type-simple"},"acf":[],"_links":{"self":[{"href":"https:\/\/secureus.se\/dk\/wp-json\/wp\/v2\/product\/140371","targetHints":{"allow":["GET"]}}],"collection":[{"href":"https:\/\/secureus.se\/dk\/wp-json\/wp\/v2\/product"}],"about":[{"href":"https:\/\/secureus.se\/dk\/wp-json\/wp\/v2\/types\/product"}],"wp:featuredmedia":[{"embeddable":true,"href":"https:\/\/secureus.se\/dk\/wp-json\/wp\/v2\/media\/140368"}],"wp:attachment":[{"href":"https:\/\/secureus.se\/dk\/wp-json\/wp\/v2\/media?parent=140371"}],"wp:term":[{"taxonomy":"product_brand","embeddable":true,"href":"https:\/\/secureus.se\/dk\/wp-json\/wp\/v2\/product_brand?post=140371"},{"taxonomy":"product_cat","embeddable":true,"href":"https:\/\/secureus.se\/dk\/wp-json\/wp\/v2\/product_cat?post=140371"},{"taxonomy":"product_tag","embeddable":true,"href":"https:\/\/secureus.se\/dk\/wp-json\/wp\/v2\/product_tag?post=140371"}],"curies":[{"name":"wp","href":"https:\/\/api.w.org\/{rel}","templated":true}]}}