{"id":140447,"date":"2023-09-26T13:08:07","date_gmt":"2023-09-26T11:08:07","guid":{"rendered":"https:\/\/secureus.se\/elslutbleck-step-28e-hoger-rattvand-24v-12mm-regel\/"},"modified":"2026-03-26T09:47:58","modified_gmt":"2026-03-26T08:47:58","slug":"elslutbleck-step-28e-hoger-rattvand-24v-12mm-regel","status":"publish","type":"product","link":"https:\/\/secureus.se\/dk\/elslutbleck-step-28e-hoger-rattvand-24v-12mm-regel\/","title":{"rendered":"Elektrisk endeplade STEP 28E H\u00f8jre H\u00f8jre vendt 24V 12mm Rulle"},"content":{"rendered":"<h1>Elektrisk endeplade STEP 28E H\u00f8jre H\u00f8jre vendt 24V 12mm Rulle<\/h1>\n<p>STEP 28E Secure er en elektrisk slisk med h\u00f8jreh\u00e5ndsfunktion til h\u00f8jreh\u00e6ngte d\u00f8re. Til 12 mm Modul bolt, brandklasse E\/EI60, stempelkontakt og 5 m halogenfri kabel.<\/p>\n<p class=\"\" data-start=\"248\" data-end=\"635\">STEP 28E Secure elektriske slutstykke er et h\u00f8jtydende elektrisk slutstykke, der kombinerer sikkerhedsklassificerede funktioner med brandcertificering og mulighed for evakuering.<\/p>\n<p class=\"\" data-start=\"248\" data-end=\"635\">Udviklet til brug med indstiks- og tapl\u00e5se eller indstiksl\u00e5se i Modul-serien, giver dette elektriske slutstykke et yderst p\u00e5lideligt l\u00e5se- og \u00e5bningssystem, hvor trykl\u00e5sen altid garanterer d\u00f8rens lukning.<\/p>\n<p class=\"\" data-start=\"637\" data-end=\"1010\">Modellen er beregnet til h\u00f8jreh\u00e6ngte d\u00f8re og har en h\u00f8jreh\u00e5ndsfunktion, hvilket betyder, at den l\u00e5ses i tilf\u00e6lde af str\u00f8msvigt \u2013 et krav i mange sikkerhedsmilj\u00f8er.<\/p>\n<p class=\"\" data-start=\"637\" data-end=\"1010\">El-slusen er godkendt iht. brandklasse E\/EI60 og er kompatibel med n\u00f8dudgangsl\u00e5se efter SS-EN 179, hvilket g\u00f8r den s\u00e6rdeles velegnet til milj\u00f8er med h\u00f8je krav til b\u00e5de flugtsikkerhed og driftssikker drift.<\/p>\n<p class=\"\" data-start=\"1012\" data-end=\"1285\">STEP 28E elektriske slutr\u00f8r er udstyret med b\u00e5de en stempelkontakt og en l\u00e5sekontakt for at give p\u00e5lidelig feedback til alarm- og adgangskontrolsystemer.<\/p>\n<p class=\"\" data-start=\"1012\" data-end=\"1285\">Den h\u00f8je brudstyrke p\u00e5 over 15 kN og evnen til at \u00e5bne trods et b\u00e5ndtryk p\u00e5 op til 500 kg g\u00f8r dette til et robust og sikkert valg.<\/p>\n<p class=\"\" data-start=\"1287\" data-end=\"1315\"><strong data-start=\"1287\" data-end=\"1313\">Funktioner og fordele:<\/strong><\/p>\n<ul data-start=\"1316\" data-end=\"1630\">\n<li class=\"\" data-start=\"1316\" data-end=\"1349\">\n<p class=\"\" data-start=\"1318\" data-end=\"1349\">Til 12 mm stempel i Modul serien<\/p>\n<\/li>\n<li class=\"\" data-start=\"1350\" data-end=\"1389\">\n<p class=\"\" data-start=\"1352\" data-end=\"1389\">Korrekt funktion \u2013 l\u00e5st uden str\u00f8m<\/p>\n<\/li>\n<li class=\"\" data-start=\"1390\" data-end=\"1412\">\n<p class=\"\" data-start=\"1392\" data-end=\"1412\">H\u00f8jreh\u00e6ngslede d\u00f8re<\/p>\n<\/li>\n<li class=\"\" data-start=\"1413\" data-end=\"1443\">\n<p class=\"\" data-start=\"1415\" data-end=\"1443\">Brandklassificeret i henhold til E\/EI60<\/p>\n<\/li>\n<li class=\"\" data-start=\"1444\" data-end=\"1495\">\n<p class=\"\" data-start=\"1446\" data-end=\"1495\">Stempel og l\u00e5sekontakt til statusindikation<\/p>\n<\/li>\n<li class=\"\" data-start=\"1496\" data-end=\"1526\">\n<p class=\"\" data-start=\"1498\" data-end=\"1526\">Brudstyrke over 15 kN<\/p>\n<\/li>\n<li class=\"\" data-start=\"1527\" data-end=\"1551\">\n<p class=\"\" data-start=\"1529\" data-end=\"1551\">T\u00e5ler 500 kg b\u00e5ndtryk<\/p>\n<\/li>\n<li class=\"\" data-start=\"1552\" data-end=\"1591\">\n<p class=\"\" data-start=\"1554\" data-end=\"1591\">Bankebeskyttelse og indbygget beskyttelsesdiode<\/p>\n<\/li>\n<li class=\"\" data-start=\"1592\" data-end=\"1630\">\n<p class=\"\" data-start=\"1594\" data-end=\"1630\">5 meter halogenfrit kabel medf\u00f8lger<\/p>\n<\/li>\n<\/ul>\n<p class=\"\" data-start=\"1632\" data-end=\"1861\"><strong data-start=\"1632\" data-end=\"1655\">Anvendelsesomr\u00e5der:<\/strong><br data-start=\"1655\" data-end=\"1658\" \/>Velegnet til sikkerhedsklassificerede d\u00f8re i eksempelvis retsbygninger, offentlige bygninger, skoler og erhvervsejendomme, hvor brandkrav og automatisk d\u00f8r\u00e5bning skal kombineres med h\u00f8j indbrudsmodstand.<\/p>\n<p class=\"\" data-start=\"1863\" data-end=\"2270\"><strong data-start=\"1863\" data-end=\"1892\">Tekniske specifikationer:<\/strong><br data-start=\"1892\" data-end=\"1895\" \/>Driftssp\u00e6nding: 24 V DC (21,6-27,6 V)<br data-start=\"1931\" data-end=\"1934\" \/>Str\u00f8mforbrug: 500 mA ul\u00e5st<br data-start=\"1964\" data-end=\"1967\" \/>Stempelkontakt: Mikroswitch, max. 30V DC \/ 1A<br data-start=\"2012\" data-end=\"2015\" \/>D\u00f8rh\u00e6ngsel: H\u00f8jre<br data-start=\"2034\" data-end=\"2037\" \/>Kabell\u00e6ngde: 5 meter, halogenfri<br data-start=\"2068\" data-end=\"2071\" \/>Brudstyrke: 1500 kg<br data-start=\"2095\" data-end=\"2098\" \/>Listetryk: 500 kg<br data-start=\"2115\" data-end=\"2118\" \/>L\u00e5setype: Krogl\u00e5s, L\u00e5sel\u00e5s<br data-start=\"2147\" data-end=\"2150\" \/>Dobbelt twist drop: Ja<br data-start=\"2169\" data-end=\"2172\" \/>M\u00e5l (BxDxH): 35 x 40 x 230 mm<br data-start=\"2202\" data-end=\"2205\" \/>Overfladebehandling: Rustfrit st\u00e5l<br data-start=\"2226\" data-end=\"2229\" \/>Byggeprodukt vurderet: Ja<br data-start=\"2247\" data-end=\"2250\" \/>SundaHouse Vurderet: Ja<\/p>","protected":false},"excerpt":{"rendered":"<p>Her kan du se, hvilke stolper og modeller, der passer sammen fra STEP serien af Elektriske d\u00f8rstoppere.<\/p>\n<h5><strong><a href=\"https:\/\/steplock.com\/sv\/stolpguide\/#!?lang=sv&amp;blog_id=1&amp;paged=1&amp;number=50\" target=\"_blank\" rel=\"noopener\">TRIN Post guide\u00a0<\/a><\/strong><\/h5>\n<h5><strong><a href=\"https:\/\/steplock.com\/sv\/projekteringsguide\/#!?lang=sv&amp;blog_id=1&amp;paged=1&amp;number=999\" target=\"_blank\" rel=\"noopener\">STEP design guide<\/a><\/strong><\/h5>","protected":false},"featured_media":140445,"template":"","meta":{"_acf_changed":false},"product_brand":[],"product_cat":[3355],"product_tag":[4197,4200],"class_list":{"0":"post-140447","1":"product","2":"type-product","3":"status-publish","4":"has-post-thumbnail","6":"product_cat-elslutbleck","7":"product_tag-24v","8":"product_tag-rattvand","9":"product_shipping_class-tunga-paket","10":"pa_brands-step","11":"tm-no-options","13":"first","14":"instock","15":"sale","16":"taxable","17":"shipping-taxable","18":"purchasable","19":"product-type-simple"},"acf":[],"_links":{"self":[{"href":"https:\/\/secureus.se\/dk\/wp-json\/wp\/v2\/product\/140447","targetHints":{"allow":["GET"]}}],"collection":[{"href":"https:\/\/secureus.se\/dk\/wp-json\/wp\/v2\/product"}],"about":[{"href":"https:\/\/secureus.se\/dk\/wp-json\/wp\/v2\/types\/product"}],"wp:featuredmedia":[{"embeddable":true,"href":"https:\/\/secureus.se\/dk\/wp-json\/wp\/v2\/media\/140445"}],"wp:attachment":[{"href":"https:\/\/secureus.se\/dk\/wp-json\/wp\/v2\/media?parent=140447"}],"wp:term":[{"taxonomy":"product_brand","embeddable":true,"href":"https:\/\/secureus.se\/dk\/wp-json\/wp\/v2\/product_brand?post=140447"},{"taxonomy":"product_cat","embeddable":true,"href":"https:\/\/secureus.se\/dk\/wp-json\/wp\/v2\/product_cat?post=140447"},{"taxonomy":"product_tag","embeddable":true,"href":"https:\/\/secureus.se\/dk\/wp-json\/wp\/v2\/product_tag?post=140447"}],"curies":[{"name":"wp","href":"https:\/\/api.w.org\/{rel}","templated":true}]}}