{"id":140463,"date":"2023-09-26T13:07:57","date_gmt":"2023-09-26T11:07:57","guid":{"rendered":"https:\/\/secureus.se\/elslutbleck-step-18-vanster-omvand-24v-7mm-regel-connect\/"},"modified":"2026-04-08T16:20:37","modified_gmt":"2026-04-08T14:20:37","slug":"elslutbleck-step-18-vanster-omvand-24v-7mm-regel-connect","status":"publish","type":"product","link":"https:\/\/secureus.se\/dk\/elslutbleck-step-18-vanster-omvand-24v-7mm-regel-connect\/","title":{"rendered":"Elektrisk endeplade TRIN 18 Venstre Reverse 24V 7mm Regel Connect"},"content":{"rendered":"<h1>Elektrisk endeplade TRIN 18 Venstre Reverse 24V 7mm Regel Connect<\/h1>\n<p>TRIN 18 Secure er et robust elektrisk slutstykke med omvendt funktion og den h\u00f8jeste sikkerhedsklasse. Velegnet til venstreh\u00e6ngte d\u00f8re med boltl\u00e5se (7 mm) i Connect-serien og inkluderer stempel- og l\u00e5sekontakt.<\/p>\n<p class=\"\" data-start=\"286\" data-end=\"751\">STEP 18 Secure elektriske slisk er designet til d\u00f8rmilj\u00f8er med meget h\u00f8je krav til sikkerhed, funktion og driftssikkerhed.<\/p>\n<p class=\"\" data-start=\"286\" data-end=\"751\">Denne elektriske sl\u00f8jfe er s\u00e6rdeles velegnet til montering i d\u00f8re med mange daglige ind- og udgange \u2013 for eksempel sikkerhedsd\u00f8re i offentlige bygninger, f\u00e6ngsler, myndigheder og banker.<\/p>\n<p class=\"\" data-start=\"286\" data-end=\"751\">Omvendt funktion betyder, at pladen l\u00e5ses op i str\u00f8ml\u00f8s position, hvilket er et almindeligt krav i evakueringsmilj\u00f8er.<\/p>\n<p class=\"\" data-start=\"753\" data-end=\"1181\">STEP 18 er testet og godkendt i henhold til RC4 og er brandklassificeret op til E\/EI 60. Den er udstyret med mikrokontakter, der giver b\u00e5de en stempelkontakt og en l\u00e5sekontakt, hvilket muligg\u00f8r indikation af b\u00e5de d\u00f8r- og l\u00e5sestatus.<\/p>\n<p class=\"\" data-start=\"753\" data-end=\"1181\">Dette g\u00f8r pladen fuldt integreret i adgangskontrolsystemer og alarmsystemer. Med en brudstyrke p\u00e5 hele 15 kN (ca. 1500 kg) og en b\u00e5ndtrykmodstand p\u00e5 500 kg tilbyder STEP 18 enest\u00e5ende holdbarhed og sikkerhed.<\/p>\n<p class=\"\" data-start=\"1183\" data-end=\"1332\">Denne plade er beregnet til boltl\u00e5se med 7 mm stempel i Connect-serien, leveres med 5 meter halogenfrit tilslutningskabel og er velegnet til venstreh\u00e6ngte d\u00f8re.<\/p>\n<p class=\"\" data-start=\"1334\" data-end=\"1360\"><strong data-start=\"1334\" data-end=\"1360\">Funktioner og fordele:<\/strong><\/p>\n<ul data-start=\"1361\" data-end=\"1581\">\n<li class=\"\" data-start=\"1361\" data-end=\"1404\">\n<p class=\"\" data-start=\"1363\" data-end=\"1404\">Omvendt funktion \u2013 opl\u00e5st i tilf\u00e6lde af str\u00f8msvigt<\/p>\n<\/li>\n<li class=\"\" data-start=\"1405\" data-end=\"1441\">\n<p class=\"\" data-start=\"1407\" data-end=\"1441\">Til 7 mm boltl\u00e5se (Connect-serien)<\/p>\n<\/li>\n<li class=\"\" data-start=\"1442\" data-end=\"1474\">\n<p class=\"\" data-start=\"1444\" data-end=\"1474\">Indbygget stempel og l\u00e5seafbryder<\/p>\n<\/li>\n<li class=\"\" data-start=\"1475\" data-end=\"1495\">\n<p class=\"\" data-start=\"1477\" data-end=\"1495\">Brandklasse E\/EI 60<\/p>\n<\/li>\n<li class=\"\" data-start=\"1496\" data-end=\"1520\">\n<p class=\"\" data-start=\"1498\" data-end=\"1520\">Brudstyrke: 15 kN<\/p>\n<\/li>\n<li class=\"\" data-start=\"1521\" data-end=\"1544\">\n<p class=\"\" data-start=\"1523\" data-end=\"1544\">T\u00e5ler b\u00e5ndtryk p\u00e5 5 kN<\/p>\n<\/li>\n<li class=\"\" data-start=\"1545\" data-end=\"1581\">\n<p class=\"\" data-start=\"1547\" data-end=\"1581\">5 meter halogenfrit kabel medf\u00f8lger<\/p>\n<\/li>\n<\/ul>","protected":false},"excerpt":{"rendered":"<p>Her kan du se, hvilke stolper og modeller, der passer sammen fra STEP serien af Elektriske d\u00f8rstoppere.<\/p>\n<h5><strong><a href=\"https:\/\/steplock.com\/sv\/stolpguide\/#!?lang=sv&amp;blog_id=1&amp;paged=1&amp;number=50\" target=\"_blank\" rel=\"noopener\">TRIN Post guide\u00a0<\/a><\/strong><\/h5>\n<h5><strong><a href=\"https:\/\/steplock.com\/sv\/projekteringsguide\/#!?lang=sv&amp;blog_id=1&amp;paged=1&amp;number=999\" target=\"_blank\" rel=\"noopener\">STEP design guide<\/a><\/strong><\/h5>","protected":false},"featured_media":140461,"template":"","meta":{"_acf_changed":false},"product_brand":[],"product_cat":[3355],"product_tag":[4197,4201],"class_list":{"0":"post-140463","1":"product","2":"type-product","3":"status-publish","4":"has-post-thumbnail","6":"product_cat-elslutbleck","7":"product_tag-24v","8":"product_tag-omvand","9":"product_shipping_class-tunga-paket","10":"pa_brands-step","11":"tm-no-options","13":"first","14":"onbackorder","15":"sale","16":"taxable","17":"shipping-taxable","18":"purchasable","19":"product-type-simple"},"acf":[],"_links":{"self":[{"href":"https:\/\/secureus.se\/dk\/wp-json\/wp\/v2\/product\/140463","targetHints":{"allow":["GET"]}}],"collection":[{"href":"https:\/\/secureus.se\/dk\/wp-json\/wp\/v2\/product"}],"about":[{"href":"https:\/\/secureus.se\/dk\/wp-json\/wp\/v2\/types\/product"}],"wp:featuredmedia":[{"embeddable":true,"href":"https:\/\/secureus.se\/dk\/wp-json\/wp\/v2\/media\/140461"}],"wp:attachment":[{"href":"https:\/\/secureus.se\/dk\/wp-json\/wp\/v2\/media?parent=140463"}],"wp:term":[{"taxonomy":"product_brand","embeddable":true,"href":"https:\/\/secureus.se\/dk\/wp-json\/wp\/v2\/product_brand?post=140463"},{"taxonomy":"product_cat","embeddable":true,"href":"https:\/\/secureus.se\/dk\/wp-json\/wp\/v2\/product_cat?post=140463"},{"taxonomy":"product_tag","embeddable":true,"href":"https:\/\/secureus.se\/dk\/wp-json\/wp\/v2\/product_tag?post=140463"}],"curies":[{"name":"wp","href":"https:\/\/api.w.org\/{rel}","templated":true}]}}