{"id":140484,"date":"2023-09-26T13:07:52","date_gmt":"2023-09-26T11:07:52","guid":{"rendered":"https:\/\/secureus.se\/elslutbleck-step-29-rattvand-24v\/"},"modified":"2026-04-08T16:13:46","modified_gmt":"2026-04-08T14:13:46","slug":"elslutbleck-step-29-rattvand-24v","status":"publish","type":"product","link":"https:\/\/secureus.se\/dk\/elslutbleck-step-29-rattvand-24v\/","title":{"rendered":"Elektrisk klemmeark TRIN 29 H\u00f8jrevendt 24V"},"content":{"rendered":"<h1>Elektrisk klemmeark TRIN 29 H\u00f8jrevendt 24V<\/h1>\n<p>STEP 29 Silent er et h\u00f8jsikkerheds elektrisk slutstykke med ligetil funktion og lydl\u00f8s betjening takket v\u00e6re STEP Silent-teknologi.<\/p>\n<p>Brandklassificeret op til E\/EI 60 med stempel- og l\u00e5sekontakt og 5 m kabel.<\/p>\n<p class=\"\" data-start=\"257\" data-end=\"614\">STEP 29 Silent elektrisk slutb\u00f8jle er designet til at kombinere h\u00f8j sikkerhed med lydl\u00f8s og j\u00e6vn drift i d\u00f8rmilj\u00f8er med h\u00f8je krav.<\/p>\n<p class=\"\" data-start=\"257\" data-end=\"614\">Med STEPs patenterede Silent-teknologi tilbyder dette elektriske endestykke praktisk talt lydl\u00f8s drift - perfekt til milj\u00f8er, hvor stille drift er afg\u00f8rende, s\u00e5som sundhedspleje, kontorer eller offentlige rum.<\/p>\n<p class=\"\" data-start=\"616\" data-end=\"992\">STEP 29 er tilpasset boltl\u00e5se og har en omvendt funktion, hvilket betyder, at den l\u00e5ses ved str\u00f8msvigt.<\/p>\n<p class=\"\" data-start=\"616\" data-end=\"992\">Uanset om d\u00f8ren \u00e5bnes elektrisk, manuelt med drejeknap eller n\u00f8gle, er der altid sikret genl\u00e5sning, n\u00e5r d\u00f8ren er lukket.<\/p>\n<p class=\"\" data-start=\"616\" data-end=\"992\">Dette g\u00f8res gennem en unik mekanisme, hvor bolten f\u00f8rst g\u00e5r til halvl\u00e5st position og derefter str\u00e6kker sig til sin fulde l\u00e6ngde (20 mm), n\u00e5r d\u00f8ren lukkes.<\/p>\n<p class=\"\" data-start=\"994\" data-end=\"1296\">Med en brudstyrke p\u00e5 hele 12 kN og testet til at modst\u00e5 b\u00e5ndtryk p\u00e5 op til 5 kN, opfylder STEP 29 skrappe sikkerhedskrav.<\/p>\n<p class=\"\" data-start=\"994\" data-end=\"1296\">Produktet er brandklassificeret efter E\/EI 60 og leveres med 5 meter halogenfrit kabel. Indbygget stempel- og l\u00e5sekontakt muligg\u00f8r integration med adgangskontrolsystemer og alarml\u00f8sninger.<\/p>\n<p class=\"\" data-start=\"1298\" data-end=\"1324\"><strong data-start=\"1298\" data-end=\"1324\">Funktioner og fordele:<\/strong><\/p>\n<ul data-start=\"1325\" data-end=\"1634\">\n<li class=\"\" data-start=\"1325\" data-end=\"1368\">\n<p class=\"\" data-start=\"1327\" data-end=\"1368\">H\u00f8jrevendt funktion - l\u00e5st i str\u00f8ml\u00f8s tilstand<\/p>\n<\/li>\n<li class=\"\" data-start=\"1369\" data-end=\"1417\">\n<p class=\"\" data-start=\"1371\" data-end=\"1417\">N\u00e6sten lydl\u00f8s drift med STEP Silent-teknologi<\/p>\n<\/li>\n<li class=\"\" data-start=\"1418\" data-end=\"1451\">\n<p class=\"\" data-start=\"1420\" data-end=\"1451\">Passer til h\u00f8jre og venstre d\u00f8re<\/p>\n<\/li>\n<li class=\"\" data-start=\"1452\" data-end=\"1474\">\n<p class=\"\" data-start=\"1454\" data-end=\"1474\">Brandgodkendt E\/EI 60<\/p>\n<\/li>\n<li class=\"\" data-start=\"1475\" data-end=\"1514\">\n<p class=\"\" data-start=\"1477\" data-end=\"1514\">Stempel og l\u00e5sekontakt til indikation<\/p>\n<\/li>\n<li class=\"\" data-start=\"1515\" data-end=\"1543\">\n<p class=\"\" data-start=\"1517\" data-end=\"1543\">5 m halogenfrit kabel medf\u00f8lger<\/p>\n<\/li>\n<li class=\"\" data-start=\"1544\" data-end=\"1567\">\n<p class=\"\" data-start=\"1546\" data-end=\"1567\">Brudstyrke 12 kN<\/p>\n<\/li>\n<li class=\"\" data-start=\"1568\" data-end=\"1591\">\n<p class=\"\" data-start=\"1570\" data-end=\"1591\">T\u00e5ler b\u00e5ndtryk p\u00e5 5 kN<\/p>\n<\/li>\n<li class=\"\" data-start=\"1592\" data-end=\"1634\">\n<p class=\"\" data-start=\"1594\" data-end=\"1634\">Rustfri st\u00e5lkonstruktion med h\u00e6rdet svirvel<\/p>\n<\/li>\n<\/ul>","protected":false},"excerpt":{"rendered":"<p>Her kan du se, hvilke stolper og modeller, der passer sammen fra STEP serien af Elektriske d\u00f8rstoppere.<\/p>\n<h5><strong><a href=\"https:\/\/steplock.com\/sv\/stolpguide\/#!?lang=sv&amp;blog_id=1&amp;paged=1&amp;number=50\" target=\"_blank\" rel=\"noopener\">TRIN Post guide\u00a0<\/a><\/strong><\/h5>\n<h5><strong><a href=\"https:\/\/steplock.com\/sv\/projekteringsguide\/#!?lang=sv&amp;blog_id=1&amp;paged=1&amp;number=999\" target=\"_blank\" rel=\"noopener\">STEP design guide<\/a><\/strong><\/h5>","protected":false},"featured_media":159505,"template":"","meta":{"_acf_changed":false},"product_brand":[],"product_cat":[3355],"product_tag":[4197,4200],"class_list":{"0":"post-140484","1":"product","2":"type-product","3":"status-publish","4":"has-post-thumbnail","6":"product_cat-elslutbleck","7":"product_tag-24v","8":"product_tag-rattvand","9":"product_shipping_class-tunga-paket","10":"pa_brands-step","11":"tm-no-options","13":"first","14":"outofstock","15":"sale","16":"taxable","17":"shipping-taxable","18":"purchasable","19":"product-type-simple"},"acf":[],"_links":{"self":[{"href":"https:\/\/secureus.se\/dk\/wp-json\/wp\/v2\/product\/140484","targetHints":{"allow":["GET"]}}],"collection":[{"href":"https:\/\/secureus.se\/dk\/wp-json\/wp\/v2\/product"}],"about":[{"href":"https:\/\/secureus.se\/dk\/wp-json\/wp\/v2\/types\/product"}],"wp:featuredmedia":[{"embeddable":true,"href":"https:\/\/secureus.se\/dk\/wp-json\/wp\/v2\/media\/159505"}],"wp:attachment":[{"href":"https:\/\/secureus.se\/dk\/wp-json\/wp\/v2\/media?parent=140484"}],"wp:term":[{"taxonomy":"product_brand","embeddable":true,"href":"https:\/\/secureus.se\/dk\/wp-json\/wp\/v2\/product_brand?post=140484"},{"taxonomy":"product_cat","embeddable":true,"href":"https:\/\/secureus.se\/dk\/wp-json\/wp\/v2\/product_cat?post=140484"},{"taxonomy":"product_tag","embeddable":true,"href":"https:\/\/secureus.se\/dk\/wp-json\/wp\/v2\/product_tag?post=140484"}],"curies":[{"name":"wp","href":"https:\/\/api.w.org\/{rel}","templated":true}]}}