{"id":140518,"date":"2023-09-26T13:07:43","date_gmt":"2023-09-26T11:07:43","guid":{"rendered":"https:\/\/secureus.se\/elslutbleck-step-18-vanster-rattvand-12v-7mm-regel-connect\/"},"modified":"2026-04-23T12:40:59","modified_gmt":"2026-04-23T10:40:59","slug":"elslutbleck-step-18-vanster-rattvand-12v-7mm-regel-connect","status":"publish","type":"product","link":"https:\/\/secureus.se\/dk\/elslutbleck-step-18-vanster-rattvand-12v-7mm-regel-connect\/","title":{"rendered":"Elektrisk endeplade TRIN 18 Venstre H\u00f8jre vendt 12V 7mm Regel Connect"},"content":{"rendered":"<h1>Elektrisk endeplade TRIN 18 Venstre H\u00f8jre vendt 12V 7mm Regel Connect<\/h1>\n<p>TRIN 18 Secure er en h\u00f8jsikkerheds elektrisk sl\u00f8jfe med h\u00f8jreh\u00e5ndsfunktion, tilpasset til venstreh\u00e6ngte d\u00f8re med 7 mm bolt. Brandgodkendt E\/EI60 og udstyret med stempel- og l\u00e5sekontakt.<\/p>\n<p class=\"\" data-start=\"271\" data-end=\"613\">STEP 18 Secure er et robust og p\u00e5lideligt elektrisk slutstykke, der leverer den h\u00f8jeste indbrudsbeskyttelse i milj\u00f8er med h\u00f8je krav til p\u00e5lidelighed, s\u00e5som banker, myndigheder og faciliteter med evakueringskrav.<\/p>\n<p class=\"\" data-start=\"271\" data-end=\"613\">Dette elektriske slutstykke er specielt designet til venstreh\u00e6ngte d\u00f8re med 7 mm bolt i Connect-serien.<\/p>\n<p class=\"\" data-start=\"615\" data-end=\"941\">Den h\u00f8jrevendte funktion betyder, at panelet l\u00e5ses i sp\u00e6ndingsl\u00f8s stilling, hvilket giver \u00f8get sikkerhed ved str\u00f8mafbrydelse.<\/p>\n<p class=\"\" data-start=\"615\" data-end=\"941\">Takket v\u00e6re den indbyggede stempelkontakt og l\u00e5sekontakt tilbydes sikker og p\u00e5lidelig statusoverv\u00e5gning af d\u00f8rpositionen \u2013 b\u00e5de \u00e5ben\/lukket og l\u00e5st\/ul\u00e5st \u2013 for tilslutning til adgangskontrolsystemer og alarmer.<\/p>\n<p class=\"\" data-start=\"943\" data-end=\"1311\">TRIN 18 er brandgodkendt op til E\/EI60 og har en meget h\u00f8j brudstyrke p\u00e5 15 kN.<\/p>\n<p class=\"\" data-start=\"943\" data-end=\"1311\">Den er ogs\u00e5 testet til at modst\u00e5 b\u00e5ndtryk p\u00e5 op til 5 kN i b\u00e5de frem- og bakk\u00f8rsel, hvilket g\u00f8r den ideel til d\u00f8re, der er udsat for tryk eller d\u00f8rautomatik.<\/p>\n<p class=\"\" data-start=\"943\" data-end=\"1311\">En beskyttelsesdiode og oversp\u00e6ndingsbeskytter er standard, og produktet leveres med et 5 meter halogenfrit tilslutningskabel.<\/p>\n<p class=\"\" data-start=\"1313\" data-end=\"1341\"><strong data-start=\"1313\" data-end=\"1339\">Funktioner og fordele:<\/strong><\/p>\n<ul data-start=\"1342\" data-end=\"1642\">\n<li class=\"\" data-start=\"1342\" data-end=\"1381\">\n<p class=\"\" data-start=\"1344\" data-end=\"1381\">Korrekt funktion (l\u00e5st uden str\u00f8m)<\/p>\n<\/li>\n<li class=\"\" data-start=\"1382\" data-end=\"1433\">\n<p class=\"\" data-start=\"1384\" data-end=\"1433\">Til venstreh\u00e6ngte d\u00f8re med 7 mm Tilslutningsbolt<\/p>\n<\/li>\n<li class=\"\" data-start=\"1434\" data-end=\"1476\">\n<p class=\"\" data-start=\"1436\" data-end=\"1476\">Stempel og l\u00e5sekontakt til overv\u00e5gning<\/p>\n<\/li>\n<li class=\"\" data-start=\"1477\" data-end=\"1509\">\n<p class=\"\" data-start=\"1479\" data-end=\"1509\">Brandklassificeret op til E\/EI60<\/p>\n<\/li>\n<li class=\"\" data-start=\"1510\" data-end=\"1536\">\n<p class=\"\" data-start=\"1512\" data-end=\"1536\">Brudstyrke: 15 kN<\/p>\n<\/li>\n<li class=\"\" data-start=\"1537\" data-end=\"1568\">\n<p class=\"\" data-start=\"1539\" data-end=\"1568\">T\u00e5ler st\u00f8betryk op til 5 kN<\/p>\n<\/li>\n<li class=\"\" data-start=\"1569\" data-end=\"1607\">\n<p class=\"\" data-start=\"1571\" data-end=\"1607\">Sl\u00e5sikker og indbygget beskyttelsesdiode<\/p>\n<\/li>\n<li class=\"\" data-start=\"1608\" data-end=\"1642\">\n<p class=\"\" data-start=\"1610\" data-end=\"1642\">5 meter halogenfrit kabel medf\u00f8lger<\/p>\n<\/li>\n<\/ul>","protected":false},"excerpt":{"rendered":"<p>Her kan du se, hvilke stolper og modeller, der passer sammen fra STEP serien af Elektriske d\u00f8rstoppere.<\/p>\n<h5><strong><a href=\"https:\/\/steplock.com\/sv\/stolpguide\/#!?lang=sv&amp;blog_id=1&amp;paged=1&amp;number=50\" target=\"_blank\" rel=\"noopener\">TRIN Post guide\u00a0<\/a><\/strong><\/h5>\n<h5><strong><a href=\"https:\/\/steplock.com\/sv\/projekteringsguide\/#!?lang=sv&amp;blog_id=1&amp;paged=1&amp;number=999\" target=\"_blank\" rel=\"noopener\">STEP design guide<\/a><\/strong><\/h5>","protected":false},"featured_media":140514,"template":"","meta":{"_acf_changed":false},"product_brand":[],"product_cat":[3355],"product_tag":[4198,4200],"class_list":{"0":"post-140518","1":"product","2":"type-product","3":"status-publish","4":"has-post-thumbnail","6":"product_cat-elslutbleck","7":"product_tag-12v","8":"product_tag-rattvand","9":"product_shipping_class-tunga-paket","10":"pa_brands-step","11":"tm-no-options","13":"first","14":"onbackorder","15":"sale","16":"taxable","17":"shipping-taxable","18":"purchasable","19":"product-type-simple"},"acf":[],"_links":{"self":[{"href":"https:\/\/secureus.se\/dk\/wp-json\/wp\/v2\/product\/140518","targetHints":{"allow":["GET"]}}],"collection":[{"href":"https:\/\/secureus.se\/dk\/wp-json\/wp\/v2\/product"}],"about":[{"href":"https:\/\/secureus.se\/dk\/wp-json\/wp\/v2\/types\/product"}],"wp:featuredmedia":[{"embeddable":true,"href":"https:\/\/secureus.se\/dk\/wp-json\/wp\/v2\/media\/140514"}],"wp:attachment":[{"href":"https:\/\/secureus.se\/dk\/wp-json\/wp\/v2\/media?parent=140518"}],"wp:term":[{"taxonomy":"product_brand","embeddable":true,"href":"https:\/\/secureus.se\/dk\/wp-json\/wp\/v2\/product_brand?post=140518"},{"taxonomy":"product_cat","embeddable":true,"href":"https:\/\/secureus.se\/dk\/wp-json\/wp\/v2\/product_cat?post=140518"},{"taxonomy":"product_tag","embeddable":true,"href":"https:\/\/secureus.se\/dk\/wp-json\/wp\/v2\/product_tag?post=140518"}],"curies":[{"name":"wp","href":"https:\/\/api.w.org\/{rel}","templated":true}]}}