{"id":140531,"date":"2023-09-26T13:07:40","date_gmt":"2023-09-26T11:07:40","guid":{"rendered":"https:\/\/secureus.se\/elslutbleck-step-18-hoger-rattvand-12v-9mm-regel-connect\/"},"modified":"2026-03-26T09:49:21","modified_gmt":"2026-03-26T08:49:21","slug":"elslutbleck-step-18-hoger-rattvand-12v-9mm-regel-connect","status":"publish","type":"product","link":"https:\/\/secureus.se\/dk\/elslutbleck-step-18-hoger-rattvand-12v-9mm-regel-connect\/","title":{"rendered":"Elektrisk endeplade TRIN 18 H\u00f8jre H\u00f8jre vendt 12V 9mm Regel Tilslut"},"content":{"rendered":"<h1>Elektrisk endeplade TRIN 18 H\u00f8jre H\u00f8jre vendt 12V 9mm Regel Tilslut<\/h1>\n<p>TRIN 18 Secure er en h\u00f8jsikkerheds elektrisk sl\u00f8jfe til h\u00f8jreh\u00e6ngte d\u00f8re med en 9 mm Connect-bolt. Med h\u00f8jrevendt funktion, stempelkontakt, brandklasse E\/EI60 og 5 m halogenfrit kabel.<\/p>\n<p class=\"\" data-start=\"261\" data-end=\"685\">Elektrisk sl\u00f8jd STEP 18 Secure er en elektrisk slisk udviklet til d\u00f8rmilj\u00f8er med h\u00f8je krav til b\u00e5de sikkerhed og p\u00e5lidelighed.<\/p>\n<p class=\"\" data-start=\"261\" data-end=\"685\">Denne version er tilpasset h\u00f8jreh\u00e6ngte d\u00f8re med boltel\u00e5se i Connect-serien (9 mm stempel) og tilbyder en h\u00f8jrevendt funktion, der holder d\u00f8ren l\u00e5st ved str\u00f8msvigt.<\/p>\n<p class=\"\" data-start=\"261\" data-end=\"685\">Produktet er optimalt til sikkerhedsklassificerede d\u00f8re i eksempelvis banker, institutioner og offentlige bygninger.<\/p>\n<p class=\"\" data-start=\"687\" data-end=\"1042\">Pladen er testet og godkendt til brandmodstand op til E\/EI60 og har en imponerende brudstyrke p\u00e5 15 kN.<\/p>\n<p class=\"\" data-start=\"687\" data-end=\"1042\">Takket v\u00e6re STEPs teknologi \u00e5bner den j\u00e6vnt trods b\u00e5ndtryk p\u00e5 op til 500 kg.<\/p>\n<p class=\"\" data-start=\"687\" data-end=\"1042\">STEP 18 leveres med en indbygget stempelkontakt og l\u00e5sekontakt for at give fuld statusoverv\u00e5gning - perfekt til integration i avancerede adgangskontrolsystemer og alarmfunktioner.<\/p>\n<p class=\"\" data-start=\"1044\" data-end=\"1289\">Det medf\u00f8lgende 5 meter halogenfri kabel letter installationen i d\u00f8rmilj\u00f8er med h\u00f8je tekniske og sikkerhedsm\u00e6ssige krav.<\/p>\n<p class=\"\" data-start=\"1044\" data-end=\"1289\">Produktet er ogs\u00e5 udstyret med en beskyttelsesdiode og er manipulationssikkert for \u00f8get holdbarhed og beskyttelse mod manipulation.<\/p>\n<p class=\"\" data-start=\"1291\" data-end=\"1319\"><strong data-start=\"1291\" data-end=\"1317\">Funktioner og fordele:<\/strong><\/p>\n<ul data-start=\"1320\" data-end=\"1641\">\n<li class=\"\" data-start=\"1320\" data-end=\"1366\">\n<p class=\"\" data-start=\"1322\" data-end=\"1366\">Til 9 mm Connect bolt, h\u00f8jreh\u00e6ngte d\u00f8re<\/p>\n<\/li>\n<li class=\"\" data-start=\"1367\" data-end=\"1406\">\n<p class=\"\" data-start=\"1369\" data-end=\"1406\">Korrekt funktion \u2013 l\u00e5st uden str\u00f8m<\/p>\n<\/li>\n<li class=\"\" data-start=\"1407\" data-end=\"1443\">\n<p class=\"\" data-start=\"1409\" data-end=\"1443\">Brandcertificeret op til E\/EI60<\/p>\n<\/li>\n<li class=\"\" data-start=\"1444\" data-end=\"1492\">\n<p class=\"\" data-start=\"1446\" data-end=\"1492\">Stempel- og sp\u00e6rrekontakt til statusoverv\u00e5gning<\/p>\n<\/li>\n<li class=\"\" data-start=\"1493\" data-end=\"1519\">\n<p class=\"\" data-start=\"1495\" data-end=\"1519\">Brudstyrke: 15 kN<\/p>\n<\/li>\n<li class=\"\" data-start=\"1520\" data-end=\"1556\">\n<p class=\"\" data-start=\"1522\" data-end=\"1556\">T\u00e5ler st\u00f8betryk op til 500 kg<\/p>\n<\/li>\n<li class=\"\" data-start=\"1557\" data-end=\"1603\">\n<p class=\"\" data-start=\"1559\" data-end=\"1603\">Inklusiv 5 m halogenfrit tilslutningskabel<\/p>\n<\/li>\n<li class=\"\" data-start=\"1604\" data-end=\"1641\">\n<p class=\"\" data-start=\"1606\" data-end=\"1641\">Beskyttelsesdiode og oversp\u00e6ndingsbeskytter medf\u00f8lger<\/p>\n<\/li>\n<\/ul>","protected":false},"excerpt":{"rendered":"<p>Her kan du se, hvilke stolper og modeller, der passer sammen fra STEP serien af Elektriske d\u00f8rstoppere.<\/p>\n<h5><strong><a href=\"https:\/\/steplock.com\/sv\/stolpguide\/#!?lang=sv&amp;blog_id=1&amp;paged=1&amp;number=50\" target=\"_blank\" rel=\"noopener\">TRIN Post guide\u00a0<\/a><\/strong><\/h5>\n<h5><strong><a href=\"https:\/\/steplock.com\/sv\/projekteringsguide\/#!?lang=sv&amp;blog_id=1&amp;paged=1&amp;number=999\" target=\"_blank\" rel=\"noopener\">STEP design guide<\/a><\/strong><\/h5>","protected":false},"featured_media":140529,"template":"","meta":{"_acf_changed":false},"product_brand":[],"product_cat":[3355],"product_tag":[4198,4200],"class_list":{"0":"post-140531","1":"product","2":"type-product","3":"status-publish","4":"has-post-thumbnail","6":"product_cat-elslutbleck","7":"product_tag-12v","8":"product_tag-rattvand","9":"product_shipping_class-tunga-paket","10":"pa_brands-step","11":"tm-no-options","13":"first","14":"instock","15":"sale","16":"taxable","17":"shipping-taxable","18":"purchasable","19":"product-type-simple"},"acf":[],"_links":{"self":[{"href":"https:\/\/secureus.se\/dk\/wp-json\/wp\/v2\/product\/140531","targetHints":{"allow":["GET"]}}],"collection":[{"href":"https:\/\/secureus.se\/dk\/wp-json\/wp\/v2\/product"}],"about":[{"href":"https:\/\/secureus.se\/dk\/wp-json\/wp\/v2\/types\/product"}],"wp:featuredmedia":[{"embeddable":true,"href":"https:\/\/secureus.se\/dk\/wp-json\/wp\/v2\/media\/140529"}],"wp:attachment":[{"href":"https:\/\/secureus.se\/dk\/wp-json\/wp\/v2\/media?parent=140531"}],"wp:term":[{"taxonomy":"product_brand","embeddable":true,"href":"https:\/\/secureus.se\/dk\/wp-json\/wp\/v2\/product_brand?post=140531"},{"taxonomy":"product_cat","embeddable":true,"href":"https:\/\/secureus.se\/dk\/wp-json\/wp\/v2\/product_cat?post=140531"},{"taxonomy":"product_tag","embeddable":true,"href":"https:\/\/secureus.se\/dk\/wp-json\/wp\/v2\/product_tag?post=140531"}],"curies":[{"name":"wp","href":"https:\/\/api.w.org\/{rel}","templated":true}]}}