{"id":140542,"date":"2023-09-26T13:07:24","date_gmt":"2023-09-26T11:07:24","guid":{"rendered":"https:\/\/secureus.se\/elslutbleck-step-28e-vanster-omvand-12v-9mm-regel\/"},"modified":"2026-04-08T16:28:37","modified_gmt":"2026-04-08T14:28:37","slug":"elslutbleck-step-28e-vanster-omvand-12v-9mm-regel","status":"publish","type":"product","link":"https:\/\/secureus.se\/dk\/elslutbleck-step-28e-vanster-omvand-12v-9mm-regel\/","title":{"rendered":"Elektrisk endeplade STEP 28E Venstre Reverse 12V 9mm Rulle"},"content":{"rendered":"<h1>Elektrisk endeplade STEP 28E Venstre Reverse 12V 9mm Rulle<\/h1>\n<p>TRIN 28E Sikker elektrisk sl\u00f8jfe med omvendt funktion til venstreh\u00e6ngte d\u00f8re og 9 mm stempel i Connect-serien. Brandklasse E\/EI 60. Inkl. 5m kabel.<\/p>\n<p class=\"\" data-start=\"223\" data-end=\"636\">STEP 28E Secure elektriske slutr\u00f8r er designet til at opfylde meget h\u00f8je krav til sikkerhed, evakuering og brandklassificering.<\/p>\n<p class=\"\" data-start=\"223\" data-end=\"636\">Med sin omvendte funktion \u2013 hvilket betyder, at bladet l\u00e5ses op i tilf\u00e6lde af str\u00f8msvigt \u2013 er det et ideelt valg til flugtd\u00f8re i milj\u00f8er, hvor sikkerheden ikke m\u00e5 g\u00e5 p\u00e5 kompromis.<\/p>\n<p class=\"\" data-start=\"223\" data-end=\"636\">Pladen er specielt tilpasset venstreh\u00e6ngte d\u00f8re med 9 mm stempel i Connect-serien.<\/p>\n<p class=\"\" data-start=\"638\" data-end=\"929\">Takket v\u00e6re den h\u00f8je brudstyrke p\u00e5 over 15 kN og STEPs b\u00e5ndtrykteknologi sikres p\u00e5lidelig funktion selv under tryk fra d\u00f8rlister p\u00e5 op til 500 kg.<\/p>\n<p class=\"\" data-start=\"638\" data-end=\"929\">Dette g\u00f8r STEP 28E velegnet til installationer med automatiske d\u00f8rsystemer, tr\u00e6kh\u00e5ndtag og kombination med n\u00f8dudgangsl\u00e5s i henhold til SS-EN 179.<\/p>\n<p class=\"\" data-start=\"931\" data-end=\"1211\">Det elektriske slutstykke har b\u00e5de stempel- og l\u00e5sekontakt, som muligg\u00f8r pr\u00e6cis indikation af d\u00f8rens status \u2013 perfekt til integration med alarm- eller adgangskontrolsystemer.<\/p>\n<p class=\"\" data-start=\"931\" data-end=\"1211\">Den er desuden brandgodkendt efter E\/EI 60, hvilket sikrer, at den bevarer sin funktion i op til 60 minutter ved brand.<\/p>\n<p class=\"\" data-start=\"1213\" data-end=\"1322\">Leveres komplet med 5 meter halogenfrit tilslutningskabel og er manipulationssikkert for \u00f8get modstand mod manipulation.<\/p>\n<p class=\"\" data-start=\"1324\" data-end=\"1352\"><strong data-start=\"1324\" data-end=\"1350\">Funktioner og fordele:<\/strong><\/p>\n<ul data-start=\"1353\" data-end=\"1616\">\n<li class=\"\" data-start=\"1353\" data-end=\"1387\">\n<p class=\"\" data-start=\"1355\" data-end=\"1387\">Til 9 mm stempel i Connect-serien<\/p>\n<\/li>\n<li class=\"\" data-start=\"1388\" data-end=\"1433\">\n<p class=\"\" data-start=\"1390\" data-end=\"1433\">Omvendt funktion \u2013 opl\u00e5st i tilf\u00e6lde af str\u00f8msvigt<\/p>\n<\/li>\n<li class=\"\" data-start=\"1434\" data-end=\"1462\">\n<p class=\"\" data-start=\"1436\" data-end=\"1462\">Til venstreh\u00e6ngte d\u00f8re<\/p>\n<\/li>\n<li class=\"\" data-start=\"1463\" data-end=\"1485\">\n<p class=\"\" data-start=\"1465\" data-end=\"1485\">Brandklasse E\/EI 60<\/p>\n<\/li>\n<li class=\"\" data-start=\"1486\" data-end=\"1527\">\n<p class=\"\" data-start=\"1488\" data-end=\"1527\">Stempel og l\u00e5sekontakt til indikation<\/p>\n<\/li>\n<li class=\"\" data-start=\"1528\" data-end=\"1554\">\n<p class=\"\" data-start=\"1530\" data-end=\"1554\">Brudstyrke: 15 kN<\/p>\n<\/li>\n<li class=\"\" data-start=\"1555\" data-end=\"1585\">\n<p class=\"\" data-start=\"1557\" data-end=\"1585\">Strimmeltrykmodstand: 500 kg<\/p>\n<\/li>\n<li class=\"\" data-start=\"1586\" data-end=\"1616\">\n<p class=\"\" data-start=\"1588\" data-end=\"1616\">Inkl. 5 m halogenfrit kabel<\/p>\n<\/li>\n<\/ul>","protected":false},"excerpt":{"rendered":"<p>Her kan du se, hvilke stolper og modeller, der passer sammen fra STEP serien af Elektriske d\u00f8rstoppere.<\/p>\n<h5><strong><a href=\"https:\/\/steplock.com\/sv\/stolpguide\/#!?lang=sv&amp;blog_id=1&amp;paged=1&amp;number=50\" target=\"_blank\" rel=\"noopener\">TRIN Post guide\u00a0<\/a><\/strong><\/h5>\n<h5><strong><a href=\"https:\/\/steplock.com\/sv\/projekteringsguide\/#!?lang=sv&amp;blog_id=1&amp;paged=1&amp;number=999\" target=\"_blank\" rel=\"noopener\">STEP design guide<\/a><\/strong><\/h5>","protected":false},"featured_media":140539,"template":"","meta":{"_acf_changed":false},"product_brand":[],"product_cat":[3355],"product_tag":[4198,4201],"class_list":{"0":"post-140542","1":"product","2":"type-product","3":"status-publish","4":"has-post-thumbnail","6":"product_cat-elslutbleck","7":"product_tag-12v","8":"product_tag-omvand","9":"product_shipping_class-tunga-paket","10":"pa_brands-step","11":"tm-no-options","13":"first","14":"onbackorder","15":"sale","16":"taxable","17":"shipping-taxable","18":"purchasable","19":"product-type-simple"},"acf":[],"_links":{"self":[{"href":"https:\/\/secureus.se\/dk\/wp-json\/wp\/v2\/product\/140542","targetHints":{"allow":["GET"]}}],"collection":[{"href":"https:\/\/secureus.se\/dk\/wp-json\/wp\/v2\/product"}],"about":[{"href":"https:\/\/secureus.se\/dk\/wp-json\/wp\/v2\/types\/product"}],"wp:featuredmedia":[{"embeddable":true,"href":"https:\/\/secureus.se\/dk\/wp-json\/wp\/v2\/media\/140539"}],"wp:attachment":[{"href":"https:\/\/secureus.se\/dk\/wp-json\/wp\/v2\/media?parent=140542"}],"wp:term":[{"taxonomy":"product_brand","embeddable":true,"href":"https:\/\/secureus.se\/dk\/wp-json\/wp\/v2\/product_brand?post=140542"},{"taxonomy":"product_cat","embeddable":true,"href":"https:\/\/secureus.se\/dk\/wp-json\/wp\/v2\/product_cat?post=140542"},{"taxonomy":"product_tag","embeddable":true,"href":"https:\/\/secureus.se\/dk\/wp-json\/wp\/v2\/product_tag?post=140542"}],"curies":[{"name":"wp","href":"https:\/\/api.w.org\/{rel}","templated":true}]}}