{"id":140549,"date":"2023-09-26T13:07:21","date_gmt":"2023-09-26T11:07:21","guid":{"rendered":"https:\/\/secureus.se\/elslutbleck-step-28e-hoger-omvand-12v-7mm-regel\/"},"modified":"2026-04-08T16:22:03","modified_gmt":"2026-04-08T14:22:03","slug":"elslutbleck-step-28e-hoger-omvand-12v-7mm-regel","status":"publish","type":"product","link":"https:\/\/secureus.se\/dk\/elslutbleck-step-28e-hoger-omvand-12v-7mm-regel\/","title":{"rendered":"Elektrisk endeplade STEP 28E H\u00f8jre Omvendt 12V 7mm Rulle"},"content":{"rendered":"<h1>Elektrisk endeplade STEP 28E H\u00f8jre Omvendt 12V 7mm Rulle<\/h1>\n<p>STEP 28E Secure er et omvendt elektrisk slutstykke til h\u00f8jreh\u00e6ngte d\u00f8re, brandklassificeret til E\/EI 60.<\/p>\n<p>Passer til 7 mm boltl\u00e5se i Connect-serien, manipulationssikret og med underst\u00f8ttelse af adgangskontrolsystemer. Inkluderer 5 m halogenfrit kabel.<\/p>\n<p class=\"\" data-start=\"435\" data-end=\"903\">STEP 28E Secure er en elektrisk slisk med h\u00f8jt sikkerhedsniveau og omvendt funktion \u2013 perfekt til h\u00f8jreh\u00e6ngte d\u00f8re i milj\u00f8er med krav til b\u00e5de brandsikring og evakuering.<\/p>\n<p class=\"\" data-start=\"435\" data-end=\"903\">I sp\u00e6ndingsl\u00f8s position er pladen l\u00e5st, hvilket giver \u00f8get sikkerhed i faciliteter, der kr\u00e6ver beskyttelse selv ved str\u00f8mafbrydelse.<\/p>\n<p class=\"\" data-start=\"435\" data-end=\"903\">Anvendes med d\u00f8dboltl\u00e5s eller krogboltel\u00e5s med 7 mm stempel, og er s\u00e6rdeles velegnet i kombination med automatiske d\u00f8rsystemer og n\u00f8dudgangsl\u00e5se iht. SS-EN 179.<\/p>\n<p class=\"\" data-start=\"905\" data-end=\"1226\">Den er brandgodkendt op til E\/EI 60 og har en kraftig konstruktion med en brudstyrke p\u00e5 over 15 kN.<\/p>\n<p class=\"\" data-start=\"905\" data-end=\"1226\">Indikationsfunktioner g\u00f8r det muligt at forbinde det elektriske slutstykke til adgangskontrolsystemer, alarmsystemer eller andre overv\u00e5gningsfunktioner.<\/p>\n<p class=\"\" data-start=\"905\" data-end=\"1226\">Indikerer b\u00e5de d\u00f8rstatus (\u00e5ben\/lukket) og l\u00e5sestatus (l\u00e5st\/ul\u00e5st) via indbyggede kontakter.<\/p>\n<p class=\"\" data-start=\"1228\" data-end=\"1557\">STEP 28E Secure er desuden manipulationssikker og kan modst\u00e5 tryk p\u00e5 op til 500 kg. Der medf\u00f8lger et 5 meter halogenfrit tilslutningskabel for nem installation.<\/p>\n<p class=\"\" data-start=\"1228\" data-end=\"1557\">Produktet er byggevarevurderet og godkendt af SundaHus, hvilket g\u00f8r det til et sikkert valg ogs\u00e5 ud fra et b\u00e6redygtighedsperspektiv.<\/p>\n<p class=\"\" data-start=\"1228\" data-end=\"1557\">Robust design i rustfrit st\u00e5l med m\u00e5l p\u00e5 230 x 35 x 40 mm.<\/p>","protected":false},"excerpt":{"rendered":"<p>Her kan du se, hvilke stolper og modeller, der passer sammen fra STEP serien af Elektriske d\u00f8rstoppere.<\/p>\n<h5><strong><a href=\"https:\/\/steplock.com\/sv\/stolpguide\/#!?lang=sv&amp;blog_id=1&amp;paged=1&amp;number=50\" target=\"_blank\" rel=\"noopener\">TRIN Post guide\u00a0<\/a><\/strong><\/h5>\n<h5><strong><a href=\"https:\/\/steplock.com\/sv\/projekteringsguide\/#!?lang=sv&amp;blog_id=1&amp;paged=1&amp;number=999\" target=\"_blank\" rel=\"noopener\">STEP design guide<\/a><\/strong><\/h5>","protected":false},"featured_media":140547,"template":"","meta":{"_acf_changed":false},"product_brand":[],"product_cat":[3355],"product_tag":[4198,4201],"class_list":{"0":"post-140549","1":"product","2":"type-product","3":"status-publish","4":"has-post-thumbnail","6":"product_cat-elslutbleck","7":"product_tag-12v","8":"product_tag-omvand","9":"product_shipping_class-tunga-paket","10":"pa_brands-step","11":"tm-no-options","13":"first","14":"onbackorder","15":"sale","16":"taxable","17":"shipping-taxable","18":"purchasable","19":"product-type-simple"},"acf":[],"_links":{"self":[{"href":"https:\/\/secureus.se\/dk\/wp-json\/wp\/v2\/product\/140549","targetHints":{"allow":["GET"]}}],"collection":[{"href":"https:\/\/secureus.se\/dk\/wp-json\/wp\/v2\/product"}],"about":[{"href":"https:\/\/secureus.se\/dk\/wp-json\/wp\/v2\/types\/product"}],"wp:featuredmedia":[{"embeddable":true,"href":"https:\/\/secureus.se\/dk\/wp-json\/wp\/v2\/media\/140547"}],"wp:attachment":[{"href":"https:\/\/secureus.se\/dk\/wp-json\/wp\/v2\/media?parent=140549"}],"wp:term":[{"taxonomy":"product_brand","embeddable":true,"href":"https:\/\/secureus.se\/dk\/wp-json\/wp\/v2\/product_brand?post=140549"},{"taxonomy":"product_cat","embeddable":true,"href":"https:\/\/secureus.se\/dk\/wp-json\/wp\/v2\/product_cat?post=140549"},{"taxonomy":"product_tag","embeddable":true,"href":"https:\/\/secureus.se\/dk\/wp-json\/wp\/v2\/product_tag?post=140549"}],"curies":[{"name":"wp","href":"https:\/\/api.w.org\/{rel}","templated":true}]}}