{"id":140571,"date":"2023-09-26T13:07:19","date_gmt":"2023-09-26T11:07:19","guid":{"rendered":"https:\/\/secureus.se\/elslutbleck-step-28e-hoger-omvand-12v-9mm-regel\/"},"modified":"2026-04-08T16:22:28","modified_gmt":"2026-04-08T14:22:28","slug":"elslutbleck-step-28e-hoger-omvand-12v-9mm-regel","status":"publish","type":"product","link":"https:\/\/secureus.se\/dk\/elslutbleck-step-28e-hoger-omvand-12v-9mm-regel\/","title":{"rendered":"Elektrisk endeplade STEP 28E H\u00f8jre Omvendt 12V 9mm Rulle"},"content":{"rendered":"<h1>Elektrisk endeplade STEP 28E H\u00f8jre Omvendt 12V 9mm Rulle<\/h1>\n<p>STEP 28E Secure er en omvendt elektrisk sl\u00f8jfe til h\u00f8jreh\u00e6ngte d\u00f8re med en 9 mm boltl\u00e5s.<\/p>\n<p>Brandklasse E\/EI 60, manipulationssikker og kompatibel med adgangskontrolsystemer. Inkluderer 5 meter halogenfrit kabel.<\/p>\n<p class=\"\" data-start=\"385\" data-end=\"783\">Elsluttende STEP 28E Secure er et h\u00f8jtydende elektrisk slutslag udviklet til sikkerhedsklassificerede installationer, hvor der stilles h\u00f8je krav til indbrudssikring, brandsikkerhed og mulighed for evakuering.<\/p>\n<p class=\"\" data-start=\"385\" data-end=\"783\">Pladen anvendes sammen med boltl\u00e5se med 9 mm stempel i Connect-serien, og er beregnet til h\u00f8jreh\u00e6ngte d\u00f8re med omvendt funktion - hvilket betyder at den l\u00e5ses i str\u00f8ml\u00f8s position.<\/p>\n<p class=\"\" data-start=\"785\" data-end=\"1145\">Produktet er brandklassificeret op til E\/EI 60 og er derfor ideelt i d\u00f8rmilj\u00f8er med n\u00f8devakueringsfunktioner efter SS-EN 179, hvor kombinationen af brandkrav, d\u00f8rautomatik og sikkerhed er afg\u00f8rende.<\/p>\n<p class=\"\" data-start=\"785\" data-end=\"1145\">STEP 28E har indbyggede mikrokontakter til at registrere status for d\u00f8ren og l\u00e5sen.<\/p>\n<p class=\"\" data-start=\"785\" data-end=\"1145\">Disse signaler kan kobles til adgangskontrolsystemer, alarmsystemer eller anden overv\u00e5gning.<\/p>\n<p class=\"\" data-start=\"1147\" data-end=\"1475\">Den elektriske slagplade har en h\u00f8j brudstyrke p\u00e5 over 15 kN og fungerer ogs\u00e5 under b\u00e5ndtryk p\u00e5 op til 500 kg.<\/p>\n<p class=\"\" data-start=\"1147\" data-end=\"1475\">Konstruktionen er manipulationssikker, robust og lavet af rustfrit st\u00e5l. Et 5 meter langt halogenfrit kabel medf\u00f8lger som standard.<\/p>\n<p class=\"\" data-start=\"1147\" data-end=\"1475\">Produktet er byggevarevurderet og godkendt af SundaHus \u2013 et st\u00e6rkt valg til b\u00e6redygtige byggeprojekter.<\/p>","protected":false},"excerpt":{"rendered":"<p>Her kan du se, hvilke stolper og modeller, der passer sammen fra STEP serien af Elektriske d\u00f8rstoppere.<\/p>\n<h5><strong><a href=\"https:\/\/steplock.com\/sv\/stolpguide\/#!?lang=sv&amp;blog_id=1&amp;paged=1&amp;number=50\" target=\"_blank\" rel=\"noopener\">TRIN Post guide\u00a0<\/a><\/strong><\/h5>\n<h5><strong><a href=\"https:\/\/steplock.com\/sv\/projekteringsguide\/#!?lang=sv&amp;blog_id=1&amp;paged=1&amp;number=999\" target=\"_blank\" rel=\"noopener\">STEP design guide<\/a><\/strong><\/h5>","protected":false},"featured_media":140569,"template":"","meta":{"_acf_changed":false},"product_brand":[],"product_cat":[3355],"product_tag":[4198,4201],"class_list":{"0":"post-140571","1":"product","2":"type-product","3":"status-publish","4":"has-post-thumbnail","6":"product_cat-elslutbleck","7":"product_tag-12v","8":"product_tag-omvand","9":"product_shipping_class-tunga-paket","10":"pa_brands-step","11":"tm-no-options","13":"first","14":"onbackorder","15":"sale","16":"taxable","17":"shipping-taxable","18":"purchasable","19":"product-type-simple"},"acf":[],"_links":{"self":[{"href":"https:\/\/secureus.se\/dk\/wp-json\/wp\/v2\/product\/140571","targetHints":{"allow":["GET"]}}],"collection":[{"href":"https:\/\/secureus.se\/dk\/wp-json\/wp\/v2\/product"}],"about":[{"href":"https:\/\/secureus.se\/dk\/wp-json\/wp\/v2\/types\/product"}],"wp:featuredmedia":[{"embeddable":true,"href":"https:\/\/secureus.se\/dk\/wp-json\/wp\/v2\/media\/140569"}],"wp:attachment":[{"href":"https:\/\/secureus.se\/dk\/wp-json\/wp\/v2\/media?parent=140571"}],"wp:term":[{"taxonomy":"product_brand","embeddable":true,"href":"https:\/\/secureus.se\/dk\/wp-json\/wp\/v2\/product_brand?post=140571"},{"taxonomy":"product_cat","embeddable":true,"href":"https:\/\/secureus.se\/dk\/wp-json\/wp\/v2\/product_cat?post=140571"},{"taxonomy":"product_tag","embeddable":true,"href":"https:\/\/secureus.se\/dk\/wp-json\/wp\/v2\/product_tag?post=140571"}],"curies":[{"name":"wp","href":"https:\/\/api.w.org\/{rel}","templated":true}]}}