{"id":140588,"date":"2023-09-26T13:07:10","date_gmt":"2023-09-26T11:07:10","guid":{"rendered":"https:\/\/secureus.se\/elslutbleck-step-18-hoger-rattvand-12v-7mm-regel-connect\/"},"modified":"2026-04-08T16:23:00","modified_gmt":"2026-04-08T14:23:00","slug":"elslutbleck-step-18-hoger-rattvand-12v-7mm-regel-connect","status":"publish","type":"product","link":"https:\/\/secureus.se\/dk\/elslutbleck-step-18-hoger-rattvand-12v-7mm-regel-connect\/","title":{"rendered":"Elektrisk endeplade TRIN 18 H\u00f8jre H\u00f8jre vendt 12V 7mm Regel Connect"},"content":{"rendered":"<h1>Elektrisk endeplade TRIN 18 H\u00f8jre H\u00f8jre vendt 12V 7mm Regel Connect<\/h1>\n<p>TRIN 18 Secure er en h\u00f8jsikkerheds elektrisk slagplade til boltl\u00e5se med et 7 mm stempel i Connect-serien.<\/p>\n<p>Brandklassificeret op til E\/EI 60 og med en brudstyrke p\u00e5 1500 kg, designet til d\u00f8re med h\u00f8je sikkerhedskrav.<\/p>\n<p class=\"\" data-start=\"381\" data-end=\"737\">STEP 18 Secure elektrisk l\u00e5s er en h\u00f8jsikkerheds elektrisk l\u00e5s, der tilbyder en kombination af hurtig og holdbar l\u00e5sning og opl\u00e5sning, ideel til d\u00f8re, der h\u00e5ndterer h\u00f8j trafik.<\/p>\n<p class=\"\" data-start=\"381\" data-end=\"737\">Med sit 7 mm stempel og design til Connect-serien er den perfekt velegnet til sikkerhedsd\u00f8re, der anvendes i milj\u00f8er med strenge sikkerhedskrav, s\u00e5som f\u00e6ngsler og banker.<\/p>\n<p class=\"\" data-start=\"739\" data-end=\"1140\">Den er godkendt til at l\u00e5se d\u00f8re op til sikkerhedsklasse RC4 og brandgodkendt op til E\/EI 60.<\/p>\n<p class=\"\" data-start=\"739\" data-end=\"1140\">STEP 18 Secure er ideel til brug i d\u00f8re med evakueringskrav eller i milj\u00f8er, hvor d\u00f8rene skal \u00e5bnes hurtigt og hyppigt.<\/p>\n<p class=\"\" data-start=\"739\" data-end=\"1140\">Med en brudstyrke p\u00e5 15 kN (ca. 1500 kg) og mulighed for at \u00e5bne trods et b\u00e5ndtryk p\u00e5 5 kN (ca. 500 kg) garanterer STEP 18 b\u00e5de h\u00f8j sikkerhed og p\u00e5lidelighed.<\/p>\n<p class=\"\" data-start=\"1142\" data-end=\"1387\">Den indbyggede stempelkontakt giver indikation af d\u00f8rstatus (lukket\/\u00e5ben) og l\u00e5sestatus (l\u00e5st\/ul\u00e5st), hvilket g\u00f8r det nemt at integrere med adgangskontrolsystemer og alarmsystemer.<\/p>\n<p class=\"\" data-start=\"1142\" data-end=\"1387\">Der medf\u00f8lger et 5 meter halogenfrit tilslutningskabel for nem installation.<\/p>\n<p class=\"\" data-start=\"1389\" data-end=\"1404\"><strong data-start=\"1389\" data-end=\"1404\">Egenskaber:<\/strong><\/p>\n<ul data-start=\"1405\" data-end=\"1930\">\n<li class=\"\" data-start=\"1405\" data-end=\"1449\">\n<p class=\"\" data-start=\"1407\" data-end=\"1449\">Til kontroll\u00e5s med 7 mm stempel i Connect serien<\/p>\n<\/li>\n<li class=\"\" data-start=\"1450\" data-end=\"1493\">\n<p class=\"\" data-start=\"1452\" data-end=\"1493\">H\u00f8jrevendt funktion (l\u00e5st i str\u00f8ml\u00f8s tilstand)<\/p>\n<\/li>\n<li class=\"\" data-start=\"1494\" data-end=\"1518\">\n<p class=\"\" data-start=\"1496\" data-end=\"1518\">Til h\u00f8jreh\u00e6ngte d\u00f8re<\/p>\n<\/li>\n<li class=\"\" data-start=\"1519\" data-end=\"1550\">\n<p class=\"\" data-start=\"1521\" data-end=\"1550\">Brandgodkendt op til E\/EI 60<\/p>\n<\/li>\n<li class=\"\" data-start=\"1551\" data-end=\"1602\">\n<p class=\"\" data-start=\"1553\" data-end=\"1602\">Mikroswitch enpolet alternerende, max. 30 V DC, 1 A<\/p>\n<\/li>\n<li class=\"\" data-start=\"1603\" data-end=\"1705\">\n<p class=\"\" data-start=\"1605\" data-end=\"1705\">Indikation af d\u00f8rstatus (lukket\/\u00e5ben) og l\u00e5sestatus (l\u00e5st\/ul\u00e5st) via stempelkontakt og l\u00e5sekontakt<\/p>\n<\/li>\n<li class=\"\" data-start=\"1706\" data-end=\"1744\">\n<p class=\"\" data-start=\"1708\" data-end=\"1744\">Beskyttelsesdiode indbygget for \u00f8get sikkerhed<\/p>\n<\/li>\n<li class=\"\" data-start=\"1745\" data-end=\"1784\">\n<p class=\"\" data-start=\"1747\" data-end=\"1784\">Brudstyrke p\u00e5 15 kN (ca. 1500 kg)<\/p>\n<\/li>\n<li class=\"\" data-start=\"1785\" data-end=\"1865\">\n<p class=\"\" data-start=\"1787\" data-end=\"1865\">\u00c5bner trods et b\u00e5ndtryk p\u00e5 5 kN (ca. 500 kg) i b\u00e5de opretst\u00e5ende og omvendt funktion<\/p>\n<\/li>\n<li class=\"\" data-start=\"1866\" data-end=\"1930\">\n<p class=\"\" data-start=\"1868\" data-end=\"1930\">Sl\u00e5sikker og inkluderer 5 meter halogenfrit tilslutningskabel<\/p>\n<\/li>\n<\/ul>\n<p class=\"\" data-start=\"1932\" data-end=\"1961\"><strong data-start=\"1932\" data-end=\"1961\">Tekniske specifikationer:<\/strong><\/p>\n<ul data-start=\"1962\" data-end=\"2601\">\n<li class=\"\" data-start=\"1962\" data-end=\"2053\">\n<p class=\"\" data-start=\"1964\" data-end=\"2053\">Sp\u00e6ndingsforsyning: 12 V DC (+15% -10%) 639 mA ul\u00e5st eller 24 V DC (+15% -10%) 313 mA ul\u00e5st<\/p>\n<\/li>\n<li class=\"\" data-start=\"2054\" data-end=\"2118\">\n<p class=\"\" data-start=\"2056\" data-end=\"2118\">Stempelkontakt: Mikroswitch enpolet alternerende, max. 30 V DC, 1 A<\/p>\n<\/li>\n<li class=\"\" data-start=\"2119\" data-end=\"2159\">\n<p class=\"\" data-start=\"2121\" data-end=\"2159\">Holdbarhed: Grad Y i henhold til SS-EN 14846<\/p>\n<\/li>\n<li class=\"\" data-start=\"2160\" data-end=\"2199\">\n<p class=\"\" data-start=\"2162\" data-end=\"2199\">Korrosion: Grade M i henhold til SS-EN 14846<\/p>\n<\/li>\n<li class=\"\" data-start=\"2200\" data-end=\"2238\">\n<p class=\"\" data-start=\"2202\" data-end=\"2238\">Sikkerhed: Grad 7 i henhold til SS-EN 14846<\/p>\n<\/li>\n<li class=\"\" data-start=\"2239\" data-end=\"2329\">\n<p class=\"\" data-start=\"2241\" data-end=\"2329\">Sikkerhed elektrisk manipulation: Grade 3 (korrekt) Grade 1 (omvendt) i henhold til SS-EN 14846<\/p>\n<\/li>\n<li class=\"\" data-start=\"2330\" data-end=\"2351\">\n<p class=\"\" data-start=\"2332\" data-end=\"2351\">Brandtestet: 60 min<\/p>\n<\/li>\n<li class=\"\" data-start=\"2352\" data-end=\"2378\">\n<p class=\"\" data-start=\"2354\" data-end=\"2378\">Brudstyrke: 1500 kg<\/p>\n<\/li>\n<li class=\"\" data-start=\"2379\" data-end=\"2400\">\n<p class=\"\" data-start=\"2381\" data-end=\"2400\">D\u00f8rh\u00e6ngsel: H\u00f8jre<\/p>\n<\/li>\n<li class=\"\" data-start=\"2401\" data-end=\"2455\">\n<p class=\"\" data-start=\"2403\" data-end=\"2455\">Kabel medf\u00f8lger: Ja, 5 meter halogenfrit tilslutningskabel<\/p>\n<\/li>\n<li class=\"\" data-start=\"2456\" data-end=\"2475\">\n<p class=\"\" data-start=\"2458\" data-end=\"2475\">Listetryk: 500 kg<\/p>\n<\/li>\n<li class=\"\" data-start=\"2476\" data-end=\"2507\">\n<p class=\"\" data-start=\"2478\" data-end=\"2507\">L\u00e5setype: Krogl\u00e5s, L\u00e5sel\u00e5s<\/p>\n<\/li>\n<li class=\"\" data-start=\"2508\" data-end=\"2562\">\n<p class=\"\" data-start=\"2510\" data-end=\"2562\">Produktm\u00e5l: Bredde: 35 mm, Dybde: 40 mm, H\u00f8jde: 230 mm<\/p>\n<\/li>\n<li class=\"\" data-start=\"2563\" data-end=\"2580\">\n<p class=\"\" data-start=\"2565\" data-end=\"2580\">Stempelkontakt: Ja<\/p>\n<\/li>\n<li class=\"\" data-start=\"2581\" data-end=\"2601\">\n<p class=\"\" data-start=\"2583\" data-end=\"2601\">Sp\u00e6nding AC\/DC: DC<\/p>\n<\/li>\n<\/ul>","protected":false},"excerpt":{"rendered":"<p>Her kan du se, hvilke stolper og modeller, der passer sammen fra STEP serien af Elektriske d\u00f8rstoppere.<\/p>\n<h5><strong><a href=\"https:\/\/steplock.com\/sv\/stolpguide\/#!?lang=sv&amp;blog_id=1&amp;paged=1&amp;number=50\" target=\"_blank\" rel=\"noopener\">TRIN Post guide\u00a0<\/a><\/strong><\/h5>\n<h5><strong><a href=\"https:\/\/steplock.com\/sv\/projekteringsguide\/#!?lang=sv&amp;blog_id=1&amp;paged=1&amp;number=999\" target=\"_blank\" rel=\"noopener\">STEP design guide<\/a><\/strong><\/h5>","protected":false},"featured_media":140585,"template":"","meta":{"_acf_changed":false},"product_brand":[],"product_cat":[3355],"product_tag":[4198,4200],"class_list":{"0":"post-140588","1":"product","2":"type-product","3":"status-publish","4":"has-post-thumbnail","6":"product_cat-elslutbleck","7":"product_tag-12v","8":"product_tag-rattvand","9":"product_shipping_class-tunga-paket","10":"pa_brands-step","11":"tm-no-options","13":"first","14":"onbackorder","15":"sale","16":"taxable","17":"shipping-taxable","18":"purchasable","19":"product-type-simple"},"acf":[],"_links":{"self":[{"href":"https:\/\/secureus.se\/dk\/wp-json\/wp\/v2\/product\/140588","targetHints":{"allow":["GET"]}}],"collection":[{"href":"https:\/\/secureus.se\/dk\/wp-json\/wp\/v2\/product"}],"about":[{"href":"https:\/\/secureus.se\/dk\/wp-json\/wp\/v2\/types\/product"}],"wp:featuredmedia":[{"embeddable":true,"href":"https:\/\/secureus.se\/dk\/wp-json\/wp\/v2\/media\/140585"}],"wp:attachment":[{"href":"https:\/\/secureus.se\/dk\/wp-json\/wp\/v2\/media?parent=140588"}],"wp:term":[{"taxonomy":"product_brand","embeddable":true,"href":"https:\/\/secureus.se\/dk\/wp-json\/wp\/v2\/product_brand?post=140588"},{"taxonomy":"product_cat","embeddable":true,"href":"https:\/\/secureus.se\/dk\/wp-json\/wp\/v2\/product_cat?post=140588"},{"taxonomy":"product_tag","embeddable":true,"href":"https:\/\/secureus.se\/dk\/wp-json\/wp\/v2\/product_tag?post=140588"}],"curies":[{"name":"wp","href":"https:\/\/api.w.org\/{rel}","templated":true}]}}