{"id":140596,"date":"2023-09-26T13:07:08","date_gmt":"2023-09-26T11:07:08","guid":{"rendered":"https:\/\/secureus.se\/elslutbleck-step-48-omvand-24v-kolvkontakt\/"},"modified":"2026-04-08T16:27:24","modified_gmt":"2026-04-08T14:27:24","slug":"elslutbleck-step-48-omvand-24v-kolvkontakt","status":"publish","type":"product","link":"https:\/\/secureus.se\/dk\/elslutbleck-step-48-omvand-24v-kolvkontakt\/","title":{"rendered":"Elektrisk termineringsplade TRIN 48 Omvendt 24V Stempelkontakt"},"content":{"rendered":"<h1>Elektrisk termineringsplade TRIN 48 Omvendt 24V Stempelkontakt<\/h1>\n<p>TRIN 48 Preload er et elektrisk slag med omvendt funktion, designet til at sikre sikkerhed i rum, der er l\u00e5st med en knap eller n\u00f8gle.<\/p>\n<p>Udstyret med stempelkontakt og beskyttelsesdiode, samt en brudstyrke p\u00e5 9 kN (ca. 900 kg).<\/p>\n<p>Elektrisk sl\u00f8jd TRIN 48 Preload er en h\u00f8jsikkerheds elektrisk sl\u00f8jd, der er ideel til d\u00f8re i rum, der kr\u00e6ver l\u00e5sning med en knap eller n\u00f8gle.<\/p>\n<p>For at give ekstra sikkerhed og funktionalitet er det muligt at installere en boltindikator (ST4880), som kan bruges til at sp\u00e6rre d\u00f8rens adgangssystem eller d\u00f8rautomatik, n\u00e5r l\u00e5sehusets krogbolt eller lige bolt er blevet mekanisk opl\u00e5st.<\/p>\n<p class=\"\" data-start=\"796\" data-end=\"1152\">Dette elektriske slutstykke er udstyret med STEPs patenterede b\u00e5ndtrykteknologi, som g\u00f8r det muligt at l\u00e5se d\u00f8ren op, selvom den uds\u00e6ttes for et tryk p\u00e5 op til 40 kg.<\/p>\n<p class=\"\" data-start=\"796\" data-end=\"1152\">Med en brudstyrke p\u00e5 9 kN (ca. 900 kg) og mulighed for at \u00e5bne trods et b\u00e5ndtryk p\u00e5 0,4 kN (ca. 40 kg) i b\u00e5de frem- og bakk\u00f8rsel, tilbyder STEP 48 Preload b\u00e5de sikkerhed og p\u00e5lidelighed.<\/p>\n<p class=\"\" data-start=\"1154\" data-end=\"1309\">Den indbyggede stempelkontakt giver indikation af d\u00f8rstatus (lukket\/\u00e5ben), hvilket g\u00f8r det nemt at integrere med adgangskontrolsystemer og andre sikkerhedsl\u00f8sninger.<\/p>\n<p class=\"\" data-start=\"1311\" data-end=\"1326\"><strong data-start=\"1311\" data-end=\"1326\">Egenskaber:<\/strong><\/p>\n<ul data-start=\"1327\" data-end=\"1745\">\n<li class=\"\" data-start=\"1327\" data-end=\"1369\">\n<p class=\"\" data-start=\"1329\" data-end=\"1369\">Omvendt funktion (l\u00e5st op i str\u00f8ml\u00f8s tilstand)<\/p>\n<\/li>\n<li class=\"\" data-start=\"1370\" data-end=\"1428\">\n<p class=\"\" data-start=\"1372\" data-end=\"1428\">Stempelkontakt med indikation for d\u00f8rstatus (lukket\/\u00e5bent)<\/p>\n<\/li>\n<li class=\"\" data-start=\"1429\" data-end=\"1477\">\n<p class=\"\" data-start=\"1431\" data-end=\"1477\">Beskyttelsesdiode indbygget for \u00f8get elektrisk sikkerhed<\/p>\n<\/li>\n<li class=\"\" data-start=\"1478\" data-end=\"1515\">\n<p class=\"\" data-start=\"1480\" data-end=\"1515\">Brudstyrke p\u00e5 9 kN (ca. 900 kg)<\/p>\n<\/li>\n<li class=\"\" data-start=\"1516\" data-end=\"1603\">\n<p class=\"\" data-start=\"1518\" data-end=\"1603\">Garanterer \u00e5bning trods strimmeltryk p\u00e5 op til 40 kg i b\u00e5de frem- og bakfunktion<\/p>\n<\/li>\n<li class=\"\" data-start=\"1604\" data-end=\"1663\">\n<p class=\"\" data-start=\"1606\" data-end=\"1663\">Antibanke og vendbar til b\u00e5de h\u00f8jre- og venstred\u00f8re<\/p>\n<\/li>\n<li class=\"\" data-start=\"1664\" data-end=\"1710\">\n<p class=\"\" data-start=\"1666\" data-end=\"1710\">I stand til at l\u00e5se op for kroglineal eller lige lineal<\/p>\n<\/li>\n<li class=\"\" data-start=\"1711\" data-end=\"1745\">\n<p class=\"\" data-start=\"1713\" data-end=\"1745\">5 meter kabel medf\u00f8lger (halogenfri)<\/p>\n<\/li>\n<\/ul>\n<p class=\"\" data-start=\"1747\" data-end=\"1776\"><strong data-start=\"1747\" data-end=\"1776\">Tekniske specifikationer:<\/strong><\/p>\n<ul data-start=\"1777\" data-end=\"2355\">\n<li class=\"\" data-start=\"1777\" data-end=\"1884\">\n<p class=\"\" data-start=\"1779\" data-end=\"1884\">Sp\u00e6ndingsforsyning: 12 V DC (+15% -10%) 220 mAh \/ max 600 mA eller 24 V DC (+15% -10%) 110 mAh \/ max 300 mA<\/p>\n<\/li>\n<li class=\"\" data-start=\"1885\" data-end=\"1948\">\n<p class=\"\" data-start=\"1887\" data-end=\"1948\">Stempelkontakt: Mikroswitch enpolet alternerende, max. 30V DC, 1A<\/p>\n<\/li>\n<li class=\"\" data-start=\"1949\" data-end=\"1989\">\n<p class=\"\" data-start=\"1951\" data-end=\"1989\">Holdbarhed: Grade X i henhold til SS-EN 14846<\/p>\n<\/li>\n<li class=\"\" data-start=\"1990\" data-end=\"2029\">\n<p class=\"\" data-start=\"1992\" data-end=\"2029\">Korrosion: Grade M i henhold til SS-EN 14846<\/p>\n<\/li>\n<li class=\"\" data-start=\"2030\" data-end=\"2068\">\n<p class=\"\" data-start=\"2032\" data-end=\"2068\">Sikkerhed: Grad 3 i henhold til SS-EN 14846<\/p>\n<\/li>\n<li class=\"\" data-start=\"2069\" data-end=\"2131\">\n<p class=\"\" data-start=\"2071\" data-end=\"2131\">Sikker elektrisk manipulation: Grad 1 i henhold til SS-EN 14846<\/p>\n<\/li>\n<li class=\"\" data-start=\"2132\" data-end=\"2157\">\n<p class=\"\" data-start=\"2134\" data-end=\"2157\">Brudstyrke: 900 kg<\/p>\n<\/li>\n<li class=\"\" data-start=\"2158\" data-end=\"2188\">\n<p class=\"\" data-start=\"2160\" data-end=\"2188\">D\u00f8rh\u00e6ngsel: H\u00f8jre, Venstre<\/p>\n<\/li>\n<li class=\"\" data-start=\"2189\" data-end=\"2207\">\n<p class=\"\" data-start=\"2191\" data-end=\"2207\">Kabel inkluderet: Nr<\/p>\n<\/li>\n<li class=\"\" data-start=\"2208\" data-end=\"2226\">\n<p class=\"\" data-start=\"2210\" data-end=\"2226\">Listetryk: 40 kg<\/p>\n<\/li>\n<li class=\"\" data-start=\"2227\" data-end=\"2262\">\n<p class=\"\" data-start=\"2229\" data-end=\"2262\">L\u00e5setype: Enkeltfaldsl\u00e5s, Dobbeltfaldsl\u00e5s<\/p>\n<\/li>\n<li class=\"\" data-start=\"2263\" data-end=\"2316\">\n<p class=\"\" data-start=\"2265\" data-end=\"2316\">Produktm\u00e5l: Bredde: 25 mm, Dybde: 35 mm, H\u00f8jde: 90 mm<\/p>\n<\/li>\n<li class=\"\" data-start=\"2317\" data-end=\"2334\">\n<p class=\"\" data-start=\"2319\" data-end=\"2334\">Stempelkontakt: Ja<\/p>\n<\/li>\n<li class=\"\" data-start=\"2335\" data-end=\"2355\">\n<p class=\"\" data-start=\"2337\" data-end=\"2355\">Sp\u00e6nding AC\/DC: DC<\/p>\n<\/li>\n<\/ul>","protected":false},"excerpt":{"rendered":"<p>Her kan du se, hvilke stolper og modeller, der passer sammen fra STEP serien af Elektriske d\u00f8rstoppere.<\/p>\n<h5><strong><a href=\"https:\/\/steplock.com\/sv\/stolpguide\/#!?lang=sv&amp;blog_id=1&amp;paged=1&amp;number=50\" target=\"_blank\" rel=\"noopener\">TRIN Post guide\u00a0<\/a><\/strong><\/h5>\n<h5><strong><a href=\"https:\/\/steplock.com\/sv\/projekteringsguide\/#!?lang=sv&amp;blog_id=1&amp;paged=1&amp;number=999\" target=\"_blank\" rel=\"noopener\">STEP design guide<\/a><\/strong><\/h5>","protected":false},"featured_media":140594,"template":"","meta":{"_acf_changed":false},"product_brand":[],"product_cat":[3355],"product_tag":[4197,4201],"class_list":{"0":"post-140596","1":"product","2":"type-product","3":"status-publish","4":"has-post-thumbnail","6":"product_cat-elslutbleck","7":"product_tag-24v","8":"product_tag-omvand","9":"product_shipping_class-tunga-paket","10":"pa_brands-step","11":"tm-no-options","13":"first","14":"onbackorder","15":"sale","16":"taxable","17":"shipping-taxable","18":"purchasable","19":"product-type-simple"},"acf":[],"_links":{"self":[{"href":"https:\/\/secureus.se\/dk\/wp-json\/wp\/v2\/product\/140596","targetHints":{"allow":["GET"]}}],"collection":[{"href":"https:\/\/secureus.se\/dk\/wp-json\/wp\/v2\/product"}],"about":[{"href":"https:\/\/secureus.se\/dk\/wp-json\/wp\/v2\/types\/product"}],"wp:featuredmedia":[{"embeddable":true,"href":"https:\/\/secureus.se\/dk\/wp-json\/wp\/v2\/media\/140594"}],"wp:attachment":[{"href":"https:\/\/secureus.se\/dk\/wp-json\/wp\/v2\/media?parent=140596"}],"wp:term":[{"taxonomy":"product_brand","embeddable":true,"href":"https:\/\/secureus.se\/dk\/wp-json\/wp\/v2\/product_brand?post=140596"},{"taxonomy":"product_cat","embeddable":true,"href":"https:\/\/secureus.se\/dk\/wp-json\/wp\/v2\/product_cat?post=140596"},{"taxonomy":"product_tag","embeddable":true,"href":"https:\/\/secureus.se\/dk\/wp-json\/wp\/v2\/product_tag?post=140596"}],"curies":[{"name":"wp","href":"https:\/\/api.w.org\/{rel}","templated":true}]}}