{"id":140612,"date":"2023-09-26T13:07:00","date_gmt":"2023-09-26T11:07:00","guid":{"rendered":"https:\/\/secureus.se\/elslutbleck-step-28e-vanster-omvand-24v-7mm-regel\/"},"modified":"2026-03-26T09:52:46","modified_gmt":"2026-03-26T08:52:46","slug":"elslutbleck-step-28e-vanster-omvand-24v-7mm-regel","status":"publish","type":"product","link":"https:\/\/secureus.se\/dk\/elslutbleck-step-28e-vanster-omvand-24v-7mm-regel\/","title":{"rendered":"Elektrisk endeplade STEP 28E Venstre Reverse 24V 7mm Rulle"},"content":{"rendered":"<div>\n<h1>Elektrisk endeplade STEP 28E Venstre Reverse 24V 7mm Rulle<\/h1>\n<p>STEP 28E Secure er en brandgodkendt elektrisk slutplade til boltl\u00e5se med 7 mm stempel i Connect-serien, designet til sikring og evakuering med d\u00f8rautomatik.<\/p>\n<p>Udstyret med HPR\u00ae teknologi og h\u00f8j brudstyrke.<\/p>\n<p class=\"\" data-start=\"404\" data-end=\"883\">STEP 28E Secure elektriske slutr\u00f8r kombinerer sikkerhed, brandkrav og evakueringskrav, hvilket g\u00f8r det til et perfekt valg til installationer, der kr\u00e6ver b\u00e5de h\u00f8j sikkerhed og d\u00f8rautomatisering.<\/p>\n<p class=\"\" data-start=\"404\" data-end=\"883\">Det er is\u00e6r nyttigt i d\u00f8re, der skal \u00e5bnes hurtigt og nemt, s\u00e5som ved evakuering af bygninger med h\u00f8je krav til brandmodstandsdygtighed.<\/p>\n<p class=\"\" data-start=\"404\" data-end=\"883\">STEP 28E er brandklassificeret op til E\/EI 60, hvilket g\u00f8r den til en p\u00e5lidelig l\u00f8sning til d\u00f8re, der skal t\u00e5le brand i lang tid.<\/p>\n<p class=\"\" data-start=\"885\" data-end=\"1320\">Dette elektriske slutstykke bruges i forbindelse med boltel\u00e5se med 7 mm stempel i Connect-serien og tilbyder en omvendt funktion, hvor d\u00f8ren l\u00e5ses op i sp\u00e6ndingsl\u00f8s stilling.<\/p>\n<p class=\"\" data-start=\"885\" data-end=\"1320\">Den har en brudstyrke p\u00e5 over 15 kN (ca. 1500 kg) og kan \u00e5bne trods et b\u00e5ndtryk p\u00e5 op til 5 kN (ca. 500 kg).<\/p>\n<p class=\"\" data-start=\"885\" data-end=\"1320\">Den har ogs\u00e5 indbygget indikation for d\u00f8rstatus (lukket\/\u00e5ben) og l\u00e5sestatus (l\u00e5st\/ul\u00e5st), hvilket g\u00f8r den nem at integrere med adgangskontrolsystemer og alarmsystemer.<\/p>\n<p class=\"\" data-start=\"1322\" data-end=\"1337\"><strong data-start=\"1322\" data-end=\"1337\">Egenskaber:<\/strong><\/p>\n<ul data-start=\"1338\" data-end=\"1902\">\n<li class=\"\" data-start=\"1338\" data-end=\"1382\">\n<p class=\"\" data-start=\"1340\" data-end=\"1382\">Til kontroll\u00e5s med 7 mm stempel i Connect serien<\/p>\n<\/li>\n<li class=\"\" data-start=\"1383\" data-end=\"1424\">\n<p class=\"\" data-start=\"1385\" data-end=\"1424\">Omvendt funktion (l\u00e5st i str\u00f8ml\u00f8s tilstand)<\/p>\n<\/li>\n<li class=\"\" data-start=\"1425\" data-end=\"1451\">\n<p class=\"\" data-start=\"1427\" data-end=\"1451\">Til venstreh\u00e6ngte d\u00f8re<\/p>\n<\/li>\n<li class=\"\" data-start=\"1452\" data-end=\"1483\">\n<p class=\"\" data-start=\"1454\" data-end=\"1483\">Brandgodkendt op til E\/EI 60<\/p>\n<\/li>\n<li class=\"\" data-start=\"1484\" data-end=\"1535\">\n<p class=\"\" data-start=\"1486\" data-end=\"1535\">Mikroswitch enpolet alternerende, max. 30 V DC, 1 A<\/p>\n<\/li>\n<li class=\"\" data-start=\"1536\" data-end=\"1613\">\n<p class=\"\" data-start=\"1538\" data-end=\"1613\">Indbygget indikation for d\u00f8rstatus (lukket\/\u00e5ben) og l\u00e5sestatus (l\u00e5st\/ul\u00e5st)<\/p>\n<\/li>\n<li class=\"\" data-start=\"1614\" data-end=\"1658\">\n<p class=\"\" data-start=\"1616\" data-end=\"1658\">Brudstyrke p\u00e5 over 15 kN (ca. 1500 kg)<\/p>\n<\/li>\n<li class=\"\" data-start=\"1659\" data-end=\"1751\">\n<p class=\"\" data-start=\"1661\" data-end=\"1751\">Garanterer \u00e5bning trods b\u00e5ndtryk p\u00e5 5 kN (ca. 500 kg) i b\u00e5de frem- og bakfunktion<\/p>\n<\/li>\n<li class=\"\" data-start=\"1752\" data-end=\"1811\">\n<p class=\"\" data-start=\"1754\" data-end=\"1811\">Antibanke og vendbar til b\u00e5de h\u00f8jre- og venstred\u00f8re<\/p>\n<\/li>\n<li class=\"\" data-start=\"1812\" data-end=\"1858\">\n<p class=\"\" data-start=\"1814\" data-end=\"1858\">I stand til at l\u00e5se op for kroglineal eller lige lineal<\/p>\n<\/li>\n<li class=\"\" data-start=\"1859\" data-end=\"1902\">\n<p class=\"\" data-start=\"1861\" data-end=\"1902\">5 meter halogenfrit tilslutningskabel medf\u00f8lger<\/p>\n<\/li>\n<\/ul>\n<p class=\"\" data-start=\"1904\" data-end=\"1933\"><strong data-start=\"1904\" data-end=\"1933\">Tekniske specifikationer:<\/strong><\/p>\n<ul data-start=\"1934\" data-end=\"2576\">\n<li class=\"\" data-start=\"1934\" data-end=\"2026\">\n<p class=\"\" data-start=\"1936\" data-end=\"2026\">Str\u00f8mforsyning: 12 V DC (+15% -10%) 1000 mA ul\u00e5st eller 24 V DC (+15% -10%) 500 mA ul\u00e5st<\/p>\n<\/li>\n<li class=\"\" data-start=\"2027\" data-end=\"2091\">\n<p class=\"\" data-start=\"2029\" data-end=\"2091\">Stempelkontakt: Mikroswitch enpolet alternerende, max. 30 V DC, 1 A<\/p>\n<\/li>\n<li class=\"\" data-start=\"2092\" data-end=\"2132\">\n<p class=\"\" data-start=\"2094\" data-end=\"2132\">Holdbarhed: Grad Y i henhold til SS-EN 14846<\/p>\n<\/li>\n<li class=\"\" data-start=\"2133\" data-end=\"2172\">\n<p class=\"\" data-start=\"2135\" data-end=\"2172\">Korrosion: Grade M i henhold til SS-EN 14846<\/p>\n<\/li>\n<li class=\"\" data-start=\"2173\" data-end=\"2211\">\n<p class=\"\" data-start=\"2175\" data-end=\"2211\">Sikkerhed: Grad 7 i henhold til SS-EN 14846<\/p>\n<\/li>\n<li class=\"\" data-start=\"2212\" data-end=\"2302\">\n<p class=\"\" data-start=\"2214\" data-end=\"2302\">Sikkerhed elektrisk manipulation: Grade 3 (korrekt) Grade 1 (omvendt) i henhold til SS-EN 14846<\/p>\n<\/li>\n<li class=\"\" data-start=\"2303\" data-end=\"2324\">\n<p class=\"\" data-start=\"2305\" data-end=\"2324\">Brandtestet: 60 min<\/p>\n<\/li>\n<li class=\"\" data-start=\"2325\" data-end=\"2351\">\n<p class=\"\" data-start=\"2327\" data-end=\"2351\">Brudstyrke: 1500 kg<\/p>\n<\/li>\n<li class=\"\" data-start=\"2352\" data-end=\"2375\">\n<p class=\"\" data-start=\"2354\" data-end=\"2375\">D\u00f8rh\u00e6ngsel: Venstre<\/p>\n<\/li>\n<li class=\"\" data-start=\"2376\" data-end=\"2430\">\n<p class=\"\" data-start=\"2378\" data-end=\"2430\">Kabel medf\u00f8lger: Ja, 5 meter halogenfrit tilslutningskabel<\/p>\n<\/li>\n<li class=\"\" data-start=\"2431\" data-end=\"2450\">\n<p class=\"\" data-start=\"2433\" data-end=\"2450\">Listetryk: 500 kg<\/p>\n<\/li>\n<li class=\"\" data-start=\"2451\" data-end=\"2482\">\n<p class=\"\" data-start=\"2453\" data-end=\"2482\">L\u00e5setype: Krogl\u00e5s, L\u00e5sel\u00e5s<\/p>\n<\/li>\n<li class=\"\" data-start=\"2483\" data-end=\"2537\">\n<p class=\"\" data-start=\"2485\" data-end=\"2537\">Produktm\u00e5l: Bredde: 35 mm, Dybde: 40 mm, H\u00f8jde: 230 mm<\/p>\n<\/li>\n<li class=\"\" data-start=\"2538\" data-end=\"2555\">\n<p class=\"\" data-start=\"2540\" data-end=\"2555\">Stempelkontakt: Ja<\/p>\n<\/li>\n<li class=\"\" data-start=\"2556\" data-end=\"2576\">\n<p class=\"\" data-start=\"2558\" data-end=\"2576\">Sp\u00e6nding AC\/DC: DC<\/p>\n<\/li>\n<\/ul>\n<div>\n<p>&nbsp;<\/p>\n<\/div>\n<\/div>","protected":false},"excerpt":{"rendered":"<p>Her kan du se, hvilke stolper og modeller, der passer sammen fra STEP serien af Elektriske d\u00f8rstoppere.<\/p>\n<h5><strong><a href=\"https:\/\/steplock.com\/sv\/stolpguide\/#!?lang=sv&amp;blog_id=1&amp;paged=1&amp;number=50\" target=\"_blank\" rel=\"noopener\">TRIN Post guide\u00a0<\/a><\/strong><\/h5>\n<h5><strong><a href=\"https:\/\/steplock.com\/sv\/projekteringsguide\/#!?lang=sv&amp;blog_id=1&amp;paged=1&amp;number=999\" target=\"_blank\" rel=\"noopener\">STEP design guide<\/a><\/strong><\/h5>","protected":false},"featured_media":140609,"template":"","meta":{"_acf_changed":false},"product_brand":[],"product_cat":[3355],"product_tag":[4197,4201],"class_list":{"0":"post-140612","1":"product","2":"type-product","3":"status-publish","4":"has-post-thumbnail","6":"product_cat-elslutbleck","7":"product_tag-24v","8":"product_tag-omvand","9":"product_shipping_class-tunga-paket","10":"pa_brands-step","11":"tm-no-options","13":"first","14":"onbackorder","15":"sale","16":"taxable","17":"shipping-taxable","18":"purchasable","19":"product-type-simple"},"acf":[],"_links":{"self":[{"href":"https:\/\/secureus.se\/dk\/wp-json\/wp\/v2\/product\/140612","targetHints":{"allow":["GET"]}}],"collection":[{"href":"https:\/\/secureus.se\/dk\/wp-json\/wp\/v2\/product"}],"about":[{"href":"https:\/\/secureus.se\/dk\/wp-json\/wp\/v2\/types\/product"}],"wp:featuredmedia":[{"embeddable":true,"href":"https:\/\/secureus.se\/dk\/wp-json\/wp\/v2\/media\/140609"}],"wp:attachment":[{"href":"https:\/\/secureus.se\/dk\/wp-json\/wp\/v2\/media?parent=140612"}],"wp:term":[{"taxonomy":"product_brand","embeddable":true,"href":"https:\/\/secureus.se\/dk\/wp-json\/wp\/v2\/product_brand?post=140612"},{"taxonomy":"product_cat","embeddable":true,"href":"https:\/\/secureus.se\/dk\/wp-json\/wp\/v2\/product_cat?post=140612"},{"taxonomy":"product_tag","embeddable":true,"href":"https:\/\/secureus.se\/dk\/wp-json\/wp\/v2\/product_tag?post=140612"}],"curies":[{"name":"wp","href":"https:\/\/api.w.org\/{rel}","templated":true}]}}