{"id":140648,"date":"2023-09-26T13:06:51","date_gmt":"2023-09-26T11:06:51","guid":{"rendered":"https:\/\/secureus.se\/elslutbleck-step-30-omvand-12v-kolvkontakt\/"},"modified":"2026-04-23T12:57:02","modified_gmt":"2026-04-23T10:57:02","slug":"elslutbleck-step-30-omvand-12v-kolvkontakt","status":"publish","type":"product","link":"https:\/\/secureus.se\/dk\/elslutbleck-step-30-omvand-12v-kolvkontakt\/","title":{"rendered":"Elektrisk endeplade TRIN 30 Omvendt 12V Stempelkontakt"},"content":{"rendered":"<h1>Elektrisk endeplade TRIN 30 Omvendt 12V Stempelkontakt<\/h1>\n<p>Elektrisk slutbl\u00e6nde STEP 30 Preload er en kompakt elektrisk sl\u00f8jd designet til at erstatte \u00e6ldre simple elektriske sl\u00f8jfer og skabe et p\u00e5lideligt d\u00f8rmilj\u00f8, selv i \u00e6ldre d\u00f8rsektioner.<\/p>\n<p>Udstyret med HPR\u00ae teknologi og brudstyrke p\u00e5 500 kg.<\/p>\n<p class=\"\" data-start=\"401\" data-end=\"896\">STEP 30 Preload el-spj\u00e6ld er det optimale valg til at udskifte eksisterende simple elektriske sl\u00f8jfer og sikre et p\u00e5lideligt d\u00f8rmilj\u00f8, selv i \u00e6ldre d\u00f8rsektioner og udsparinger.<\/p>\n<p class=\"\" data-start=\"401\" data-end=\"896\">STEP 30 er en del af STEPs Preload-serie, som kombinerer minimale dimensioner med h\u00f8j kvalitet og fleksibilitet.<\/p>\n<p class=\"\" data-start=\"401\" data-end=\"896\">Denne elektriske slisk er designet til at modst\u00e5 en h\u00f8j \u00e5bningsfrekvens og er udstyret med STEPs patenterede b\u00e5ndtrykteknologi, som g\u00f8r, at d\u00f8ren altid kan \u00e5bnes, selvom den er udsat for tryk.<\/p>\n<p class=\"\" data-start=\"898\" data-end=\"1302\">Omvendt funktion betyder, at d\u00f8ren l\u00e5ses op i str\u00f8ml\u00f8s position, hvilket giver mulighed for hurtig og nem \u00e5bning.<\/p>\n<p class=\"\" data-start=\"898\" data-end=\"1302\">Stempelkontakten giver en indikation af d\u00f8rens status (lukket\/\u00e5ben), hvilket g\u00f8r den let at integrere med adgangskontrolsystemer og alarmsystemer.<\/p>\n<p class=\"\" data-start=\"898\" data-end=\"1302\">Med en brudstyrke p\u00e5 5 kN (ca. 500 kg) og mulighed for at \u00e5bne trods b\u00e5ndtryk p\u00e5 op til 40 kg, tilbyder STEP 30 Preload b\u00e5de sikkerhed og p\u00e5lidelighed.<\/p>\n<p class=\"\" data-start=\"1304\" data-end=\"1319\"><strong data-start=\"1304\" data-end=\"1319\">Egenskaber:<\/strong><\/p>\n<ul data-start=\"1320\" data-end=\"1717\">\n<li class=\"\" data-start=\"1320\" data-end=\"1361\">\n<p class=\"\" data-start=\"1322\" data-end=\"1361\">Omvendt funktion (l\u00e5st i str\u00f8ml\u00f8s tilstand)<\/p>\n<\/li>\n<li class=\"\" data-start=\"1362\" data-end=\"1417\">\n<p class=\"\" data-start=\"1364\" data-end=\"1417\">Stempelkontakt. D\u00f8rstatusindikation (lukket\/\u00e5ben)<\/p>\n<\/li>\n<li class=\"\" data-start=\"1418\" data-end=\"1456\">\n<p class=\"\" data-start=\"1420\" data-end=\"1456\">Beskyttelsesdiode indbygget for \u00f8get sikkerhed<\/p>\n<\/li>\n<li class=\"\" data-start=\"1457\" data-end=\"1494\">\n<p class=\"\" data-start=\"1459\" data-end=\"1494\">Brudstyrke p\u00e5 5 kN (ca. 500 kg)<\/p>\n<\/li>\n<li class=\"\" data-start=\"1495\" data-end=\"1597\">\n<p class=\"\" data-start=\"1497\" data-end=\"1597\">Garanterer \u00e5bning trods b\u00e5ndtryk p\u00e5 op til 0,4 kN (ca. 40 kg) i b\u00e5de frem- og bakfunktion<\/p>\n<\/li>\n<li class=\"\" data-start=\"1598\" data-end=\"1657\">\n<p class=\"\" data-start=\"1600\" data-end=\"1657\">Antibanke og vendbar til b\u00e5de h\u00f8jre- og venstred\u00f8re<\/p>\n<\/li>\n<li class=\"\" data-start=\"1658\" data-end=\"1700\">\n<p class=\"\" data-start=\"1660\" data-end=\"1700\">Velegnet til enkelt- og dobbeltfl\u00f8jede l\u00e5se<\/p>\n<\/li>\n<li class=\"\" data-start=\"1701\" data-end=\"1717\">\n<p class=\"\" data-start=\"1703\" data-end=\"1717\">Kabel medf\u00f8lger ikke<\/p>\n<\/li>\n<\/ul>\n<p class=\"\" data-start=\"1719\" data-end=\"1748\"><strong data-start=\"1719\" data-end=\"1748\">Tekniske specifikationer:<\/strong><\/p>\n<ul data-start=\"1749\" data-end=\"2399\">\n<li class=\"\" data-start=\"1749\" data-end=\"1856\">\n<p class=\"\" data-start=\"1751\" data-end=\"1856\">Str\u00f8mforsyning: 24 V DC (+15% -10%) 110 mAh \/ maks. 300 mA eller 12 V DC (+15% -10%) 220 mAh \/ maks. 600 mA<\/p>\n<\/li>\n<li class=\"\" data-start=\"1857\" data-end=\"1920\">\n<p class=\"\" data-start=\"1859\" data-end=\"1920\">Stempelkontakt: Mikroswitch enpolet alternerende, max. 30V DC, 1A<\/p>\n<\/li>\n<li class=\"\" data-start=\"1921\" data-end=\"1961\">\n<p class=\"\" data-start=\"1923\" data-end=\"1961\">Holdbarhed: Grade X i henhold til SS-EN 14846<\/p>\n<\/li>\n<li class=\"\" data-start=\"1962\" data-end=\"2001\">\n<p class=\"\" data-start=\"1964\" data-end=\"2001\">Korrosion: Grade M i henhold til SS-EN 14846<\/p>\n<\/li>\n<li class=\"\" data-start=\"2002\" data-end=\"2040\">\n<p class=\"\" data-start=\"2004\" data-end=\"2040\">Sikkerhed: Grad 3 i henhold til SS-EN 14846<\/p>\n<\/li>\n<li class=\"\" data-start=\"2041\" data-end=\"2066\">\n<p class=\"\" data-start=\"2043\" data-end=\"2066\">Brudstyrke: 500 kg<\/p>\n<\/li>\n<li class=\"\" data-start=\"2067\" data-end=\"2097\">\n<p class=\"\" data-start=\"2069\" data-end=\"2097\">D\u00f8rh\u00e6ngsel: H\u00f8jre, Venstre<\/p>\n<\/li>\n<li class=\"\" data-start=\"2098\" data-end=\"2116\">\n<p class=\"\" data-start=\"2100\" data-end=\"2116\">Listetryk: 40 kg<\/p>\n<\/li>\n<li class=\"\" data-start=\"2117\" data-end=\"2152\">\n<p class=\"\" data-start=\"2119\" data-end=\"2152\">L\u00e5setype: Enkeltfaldsl\u00e5s, Dobbeltfaldsl\u00e5s<\/p>\n<\/li>\n<li class=\"\" data-start=\"2153\" data-end=\"2208\">\n<p class=\"\" data-start=\"2155\" data-end=\"2208\">Produktm\u00e5l: Bredde: 20,5 mm, Dybde: 28 mm, H\u00f8jde: 99 mm<\/p>\n<\/li>\n<li class=\"\" data-start=\"2209\" data-end=\"2226\">\n<p class=\"\" data-start=\"2211\" data-end=\"2226\">Stempelkontakt: Ja<\/p>\n<\/li>\n<li class=\"\" data-start=\"2227\" data-end=\"2247\">\n<p class=\"\" data-start=\"2229\" data-end=\"2247\">Sp\u00e6nding AC\/DC: DC<\/p>\n<\/li>\n<li class=\"\" data-start=\"2248\" data-end=\"2270\">\n<p class=\"\" data-start=\"2250\" data-end=\"2270\">Sp\u00e6nding max: 13,8 V<\/p>\n<\/li>\n<li class=\"\" data-start=\"2271\" data-end=\"2293\">\n<p class=\"\" data-start=\"2273\" data-end=\"2293\">Sp\u00e6nding min: 10,8 V<\/p>\n<\/li>\n<li class=\"\" data-start=\"2294\" data-end=\"2322\">\n<p class=\"\" data-start=\"2296\" data-end=\"2322\">Farve\/finish: Rustfrit st\u00e5l<\/p>\n<\/li>\n<li class=\"\" data-start=\"2323\" data-end=\"2343\">\n<p class=\"\" data-start=\"2325\" data-end=\"2343\">Byggeprodukt vurderet: Ja<\/p>\n<\/li>\n<li class=\"\" data-start=\"2344\" data-end=\"2365\">\n<p class=\"\" data-start=\"2346\" data-end=\"2365\">EPD-verificeret: Nej<\/p>\n<\/li>\n<li class=\"\" data-start=\"2366\" data-end=\"2378\">\n<p class=\"\" data-start=\"2368\" data-end=\"2378\">FINFO: Nej<\/p>\n<\/li>\n<li class=\"\" data-start=\"2379\" data-end=\"2399\">\n<p class=\"\" data-start=\"2381\" data-end=\"2399\">SundaHouse Vurderet: Ja<\/p>\n<\/li>\n<\/ul>","protected":false},"excerpt":{"rendered":"<p>Her kan du se, hvilke stolper og modeller, der passer sammen fra STEP serien af Elektriske d\u00f8rstoppere.<\/p>\n<h5><strong><a href=\"https:\/\/steplock.com\/sv\/stolpguide\/#!?lang=sv&amp;blog_id=1&amp;paged=1&amp;number=50\" target=\"_blank\" rel=\"noopener\">TRIN Post guide\u00a0<\/a><\/strong><\/h5>\n<h5><strong><a href=\"https:\/\/steplock.com\/sv\/projekteringsguide\/#!?lang=sv&amp;blog_id=1&amp;paged=1&amp;number=999\" target=\"_blank\" rel=\"noopener\">STEP design guide<\/a><\/strong><\/h5>","protected":false},"featured_media":140647,"template":"","meta":{"_acf_changed":false},"product_brand":[],"product_cat":[3355],"product_tag":[4198,4201],"class_list":{"0":"post-140648","1":"product","2":"type-product","3":"status-publish","4":"has-post-thumbnail","6":"product_cat-elslutbleck","7":"product_tag-12v","8":"product_tag-omvand","9":"product_shipping_class-tunga-paket","10":"pa_brands-step","11":"tm-no-options","13":"first","14":"onbackorder","15":"sale","16":"taxable","17":"shipping-taxable","18":"purchasable","19":"product-type-simple"},"acf":[],"_links":{"self":[{"href":"https:\/\/secureus.se\/dk\/wp-json\/wp\/v2\/product\/140648","targetHints":{"allow":["GET"]}}],"collection":[{"href":"https:\/\/secureus.se\/dk\/wp-json\/wp\/v2\/product"}],"about":[{"href":"https:\/\/secureus.se\/dk\/wp-json\/wp\/v2\/types\/product"}],"wp:featuredmedia":[{"embeddable":true,"href":"https:\/\/secureus.se\/dk\/wp-json\/wp\/v2\/media\/140647"}],"wp:attachment":[{"href":"https:\/\/secureus.se\/dk\/wp-json\/wp\/v2\/media?parent=140648"}],"wp:term":[{"taxonomy":"product_brand","embeddable":true,"href":"https:\/\/secureus.se\/dk\/wp-json\/wp\/v2\/product_brand?post=140648"},{"taxonomy":"product_cat","embeddable":true,"href":"https:\/\/secureus.se\/dk\/wp-json\/wp\/v2\/product_cat?post=140648"},{"taxonomy":"product_tag","embeddable":true,"href":"https:\/\/secureus.se\/dk\/wp-json\/wp\/v2\/product_tag?post=140648"}],"curies":[{"name":"wp","href":"https:\/\/api.w.org\/{rel}","templated":true}]}}