{"id":140684,"date":"2023-09-26T13:06:33","date_gmt":"2023-09-26T11:06:33","guid":{"rendered":"https:\/\/secureus.se\/elslutbleck-step-48-omvand-12v\/"},"modified":"2026-04-08T16:26:38","modified_gmt":"2026-04-08T14:26:38","slug":"elslutbleck-step-48-omvand-12v","status":"publish","type":"product","link":"https:\/\/secureus.se\/dk\/elslutbleck-step-48-omvand-12v\/","title":{"rendered":"Elektrisk termineringsplade TRIN 48 Omvendt 12V"},"content":{"rendered":"<h1>Elektrisk termineringsplade TRIN 48 Omvendt 12V<\/h1>\n<p>Det elektriske STEP 48 Preload-stik er designet til at sikre p\u00e5lidelig \u00e5bning i milj\u00f8er, der kr\u00e6ver h\u00f8j sikkerhed.<\/p>\n<p>Udstyret med STEPs patenterede b\u00e5ndtrykteknologi, og en brudstyrke p\u00e5 op til 900 kg, giver den p\u00e5lidelig funktion selv ved tryk op til 40 kg.<\/p>\n<p class=\"\" data-start=\"415\" data-end=\"705\">STEP 48 Preload elektriske streg er den perfekte l\u00f8sning til rum, der skal l\u00e5ses med en knap eller n\u00f8gle.<\/p>\n<p class=\"\" data-start=\"415\" data-end=\"705\">Den kan installeres med ST4880 boltindikatoren for automatisk at blokere adgangssystemer eller kodel\u00e5se, n\u00e5r l\u00e5sehusets krogbolt eller lige bolt er blevet l\u00e5st op.<\/p>\n<p class=\"\" data-start=\"707\" data-end=\"1100\">Takket v\u00e6re STEPs patenterede b\u00e5ndtrykteknologi kan d\u00f8ren \u00e5bnes, selv n\u00e5r den uds\u00e6ttes for et tryk p\u00e5 op til 40 kg, hvilket g\u00f8r den til et b\u00e6redygtigt alternativ til d\u00f8rsystemer med h\u00f8je krav til sikkerhed og hyppig brug.<\/p>\n<p class=\"\" data-start=\"707\" data-end=\"1100\">STEP 48 har en brudstyrke p\u00e5 9 kN (ca. 900 kg), og den er designet til at fungere i b\u00e5de frem- og bakfunktion samt til h\u00f8jre- og venstreh\u00e6ngte d\u00f8re.<\/p>\n<p class=\"\" data-start=\"1102\" data-end=\"1117\"><strong data-start=\"1102\" data-end=\"1117\">Egenskaber:<\/strong><\/p>\n<ul data-start=\"1118\" data-end=\"1543\">\n<li class=\"\" data-start=\"1118\" data-end=\"1160\">\n<p class=\"\" data-start=\"1120\" data-end=\"1160\">Omvendt funktion (l\u00e5st op i str\u00f8ml\u00f8s tilstand)<\/p>\n<\/li>\n<li class=\"\" data-start=\"1161\" data-end=\"1256\">\n<p class=\"\" data-start=\"1163\" data-end=\"1256\">Indikation for at m\u00e6rke, at d\u00f8ren er lukket\/\u00e5ben (g\u00e6lder produkter med stempelkontakt)<\/p>\n<\/li>\n<li class=\"\" data-start=\"1257\" data-end=\"1295\">\n<p class=\"\" data-start=\"1259\" data-end=\"1295\">Beskyttelsesdiode indbygget for \u00f8get sikkerhed<\/p>\n<\/li>\n<li class=\"\" data-start=\"1296\" data-end=\"1333\">\n<p class=\"\" data-start=\"1298\" data-end=\"1333\">Brudstyrke p\u00e5 9 kN (ca. 900 kg)<\/p>\n<\/li>\n<li class=\"\" data-start=\"1334\" data-end=\"1436\">\n<p class=\"\" data-start=\"1336\" data-end=\"1436\">Garanterer \u00e5bning trods b\u00e5ndtryk p\u00e5 op til 0,4 kN (ca. 40 kg) i b\u00e5de frem- og bakfunktion<\/p>\n<\/li>\n<li class=\"\" data-start=\"1437\" data-end=\"1496\">\n<p class=\"\" data-start=\"1439\" data-end=\"1496\">Antibanke og vendbar til b\u00e5de h\u00f8jre- og venstred\u00f8re<\/p>\n<\/li>\n<li class=\"\" data-start=\"1497\" data-end=\"1543\">\n<p class=\"\" data-start=\"1499\" data-end=\"1543\">I stand til at l\u00e5se op for kroglineal eller lige lineal<\/p>\n<\/li>\n<\/ul>\n<p class=\"\" data-start=\"1545\" data-end=\"1574\"><strong data-start=\"1545\" data-end=\"1574\">Tekniske specifikationer:<\/strong><\/p>\n<ul data-start=\"1575\" data-end=\"2046\">\n<li class=\"\" data-start=\"1575\" data-end=\"1604\">\n<p class=\"\" data-start=\"1577\" data-end=\"1604\">Brudstyrke max: 900 kg<\/p>\n<\/li>\n<li class=\"\" data-start=\"1605\" data-end=\"1635\">\n<p class=\"\" data-start=\"1607\" data-end=\"1635\">D\u00f8rh\u00e6ngsel: H\u00f8jre, Venstre<\/p>\n<\/li>\n<li class=\"\" data-start=\"1636\" data-end=\"1654\">\n<p class=\"\" data-start=\"1638\" data-end=\"1654\">Kabel inkluderet: Nr<\/p>\n<\/li>\n<li class=\"\" data-start=\"1655\" data-end=\"1673\">\n<p class=\"\" data-start=\"1657\" data-end=\"1673\">Listetryk: 40 kg<\/p>\n<\/li>\n<li class=\"\" data-start=\"1674\" data-end=\"1709\">\n<p class=\"\" data-start=\"1676\" data-end=\"1709\">L\u00e5setype: Enkeltfaldsl\u00e5s, Dobbeltfaldsl\u00e5s<\/p>\n<\/li>\n<li class=\"\" data-start=\"1710\" data-end=\"1732\">\n<p class=\"\" data-start=\"1712\" data-end=\"1732\">Produktbredde: 25 mm<\/p>\n<\/li>\n<li class=\"\" data-start=\"1733\" data-end=\"1753\">\n<p class=\"\" data-start=\"1735\" data-end=\"1753\">Byggeprodukt vurderet: Ja<\/p>\n<\/li>\n<li class=\"\" data-start=\"1754\" data-end=\"1775\">\n<p class=\"\" data-start=\"1756\" data-end=\"1775\">Produktdybde: 35 mm<\/p>\n<\/li>\n<li class=\"\" data-start=\"1776\" data-end=\"1804\">\n<p class=\"\" data-start=\"1778\" data-end=\"1804\">Driftssp\u00e6nding 12V\/24V: 12V<\/p>\n<\/li>\n<li class=\"\" data-start=\"1805\" data-end=\"1827\">\n<p class=\"\" data-start=\"1807\" data-end=\"1827\">Dobbelt twist drop: Nej<\/p>\n<\/li>\n<li class=\"\" data-start=\"1828\" data-end=\"1849\">\n<p class=\"\" data-start=\"1830\" data-end=\"1849\">EPD-verificeret: Nej<\/p>\n<\/li>\n<li class=\"\" data-start=\"1850\" data-end=\"1862\">\n<p class=\"\" data-start=\"1852\" data-end=\"1862\">FINFO: Nej<\/p>\n<\/li>\n<li class=\"\" data-start=\"1863\" data-end=\"1891\">\n<p class=\"\" data-start=\"1865\" data-end=\"1891\">Farve\/finish: Rustfrit st\u00e5l<\/p>\n<\/li>\n<li class=\"\" data-start=\"1892\" data-end=\"1913\">\n<p class=\"\" data-start=\"1894\" data-end=\"1913\">Produkth\u00f8jde: 90 mm<\/p>\n<\/li>\n<li class=\"\" data-start=\"1914\" data-end=\"1932\">\n<p class=\"\" data-start=\"1916\" data-end=\"1932\">Stempelkontakt: Nej<\/p>\n<\/li>\n<li class=\"\" data-start=\"1933\" data-end=\"1958\">\n<p class=\"\" data-start=\"1935\" data-end=\"1958\">Forside\/bagside: bagside<\/p>\n<\/li>\n<li class=\"\" data-start=\"1959\" data-end=\"1979\">\n<p class=\"\" data-start=\"1961\" data-end=\"1979\">Sp\u00e6nding AC\/DC: DC<\/p>\n<\/li>\n<li class=\"\" data-start=\"1980\" data-end=\"2002\">\n<p class=\"\" data-start=\"1982\" data-end=\"2002\">Sp\u00e6nding max: 27,6 V<\/p>\n<\/li>\n<li class=\"\" data-start=\"2003\" data-end=\"2025\">\n<p class=\"\" data-start=\"2005\" data-end=\"2025\">Sp\u00e6nding min: 21,6 V<\/p>\n<\/li>\n<li class=\"\" data-start=\"2026\" data-end=\"2046\">\n<p class=\"\" data-start=\"2028\" data-end=\"2046\">SundaHouse Vurderet: Ja<\/p>\n<\/li>\n<\/ul>","protected":false},"excerpt":{"rendered":"<p>Her kan du se, hvilke stolper og modeller, der passer sammen fra STEP serien af Elektriske d\u00f8rstoppere.<\/p>\n<h5><strong><a href=\"https:\/\/steplock.com\/sv\/stolpguide\/#!?lang=sv&amp;blog_id=1&amp;paged=1&amp;number=50\" target=\"_blank\" rel=\"noopener\">TRIN Post guide\u00a0<\/a><\/strong><\/h5>\n<h5><strong><a href=\"https:\/\/steplock.com\/sv\/projekteringsguide\/#!?lang=sv&amp;blog_id=1&amp;paged=1&amp;number=999\" target=\"_blank\" rel=\"noopener\">STEP design guide<\/a><\/strong><\/h5>","protected":false},"featured_media":140682,"template":"","meta":{"_acf_changed":false},"product_brand":[],"product_cat":[3355],"product_tag":[4198,4201],"class_list":{"0":"post-140684","1":"product","2":"type-product","3":"status-publish","4":"has-post-thumbnail","6":"product_cat-elslutbleck","7":"product_tag-12v","8":"product_tag-omvand","9":"product_shipping_class-tunga-paket","10":"pa_brands-step","11":"tm-no-options","13":"first","14":"onbackorder","15":"sale","16":"taxable","17":"shipping-taxable","18":"purchasable","19":"product-type-simple"},"acf":[],"_links":{"self":[{"href":"https:\/\/secureus.se\/dk\/wp-json\/wp\/v2\/product\/140684","targetHints":{"allow":["GET"]}}],"collection":[{"href":"https:\/\/secureus.se\/dk\/wp-json\/wp\/v2\/product"}],"about":[{"href":"https:\/\/secureus.se\/dk\/wp-json\/wp\/v2\/types\/product"}],"wp:featuredmedia":[{"embeddable":true,"href":"https:\/\/secureus.se\/dk\/wp-json\/wp\/v2\/media\/140682"}],"wp:attachment":[{"href":"https:\/\/secureus.se\/dk\/wp-json\/wp\/v2\/media?parent=140684"}],"wp:term":[{"taxonomy":"product_brand","embeddable":true,"href":"https:\/\/secureus.se\/dk\/wp-json\/wp\/v2\/product_brand?post=140684"},{"taxonomy":"product_cat","embeddable":true,"href":"https:\/\/secureus.se\/dk\/wp-json\/wp\/v2\/product_cat?post=140684"},{"taxonomy":"product_tag","embeddable":true,"href":"https:\/\/secureus.se\/dk\/wp-json\/wp\/v2\/product_tag?post=140684"}],"curies":[{"name":"wp","href":"https:\/\/api.w.org\/{rel}","templated":true}]}}