{"id":140693,"date":"2023-09-26T13:06:30","date_gmt":"2023-09-26T11:06:30","guid":{"rendered":"https:\/\/secureus.se\/elslutbleck-step-48-omstallbar-12v-kolvkontakt\/"},"modified":"2026-02-20T11:27:56","modified_gmt":"2026-02-20T10:27:56","slug":"elslutbleck-step-48-omstallbar-12v-kolvkontakt","status":"publish","type":"product","link":"https:\/\/secureus.se\/dk\/elslutbleck-step-48-omstallbar-12v-kolvkontakt\/","title":{"rendered":"Elektrisk endeplade TRIN 48 Justerbar 12V Stempelkontakt"},"content":{"rendered":"<h1>Elektrisk endeplade TRIN 48 Justerbar 12V Stempelkontakt<\/h1>\n<p>STEP 48 Preload elektrisk slutplade giver h\u00f8j sikkerhed med p\u00e5lidelig \u00e5bning selv under tryk p\u00e5 op til 40 kg.<\/p>\n<p>Med justerbar funktion og stempelkontakt er den perfekt til b\u00e5de nye og \u00e6ldre d\u00f8rsystemer.<\/p>\n<p class=\"\" data-start=\"386\" data-end=\"915\">STEP 48 Preload elektriske slutsten er den ideelle l\u00f8sning til d\u00f8rsystemer, der kr\u00e6ver h\u00f8j sikkerhed og p\u00e5lidelighed.<\/p>\n<p class=\"\" data-start=\"386\" data-end=\"915\">Designet til rum, der skal l\u00e5ses med en drejeknap eller n\u00f8gle, tilbyder dette elektriske slutstykke fleksibel installation og p\u00e5lidelig funktion selv under stress.<\/p>\n<p class=\"\" data-start=\"386\" data-end=\"915\">Den patenterede b\u00e5ndtrykteknologi g\u00f8r, at d\u00f8ren altid kan \u00e5bnes, selv n\u00e5r den uds\u00e6ttes for tryk p\u00e5 op til 40 kg.<\/p>\n<p class=\"\" data-start=\"386\" data-end=\"915\">STEP 48 er en del af STEPs Preload-serie og tilbyder den nyeste teknologi til h\u00f8je krav til sikkerhed og holdbarhed.<\/p>\n<p class=\"\" data-start=\"917\" data-end=\"1326\">Med en brudstyrke p\u00e5 9 kN (ca. 900 kg), og mulighed for at installere ST4880 boltindikatoren, kan dette elektriske slutstykke give ekstra sikkerhed ved at blokere d\u00f8rens adgangssystem eller kodel\u00e5s, n\u00e5r krogbolten eller lige bolten l\u00e5ses mekanisk op.<\/p>\n<p class=\"\" data-start=\"917\" data-end=\"1326\">Den er ogs\u00e5 st\u00f8dsikker og vendbar, s\u00e5 den passer til b\u00e5de h\u00f8jre og venstre d\u00f8re, hvilket g\u00f8r den til en fleksibel l\u00f8sning til mange forskellige installationsbehov.<\/p>\n<p class=\"\" data-start=\"1328\" data-end=\"1343\"><strong data-start=\"1328\" data-end=\"1343\">Egenskaber:<\/strong><\/p>\n<ul data-start=\"1344\" data-end=\"1778\">\n<li class=\"\" data-start=\"1344\" data-end=\"1421\">\n<p class=\"\" data-start=\"1346\" data-end=\"1421\">Omskiftelig frem- og bakfunktion (l\u00e5st eller ul\u00e5st i str\u00f8ml\u00f8s tilstand)<\/p>\n<\/li>\n<li class=\"\" data-start=\"1422\" data-end=\"1488\">\n<p class=\"\" data-start=\"1424\" data-end=\"1488\">Stempelforbindelse. Indikation for at m\u00e6rke, at d\u00f8ren er lukket\/\u00e5ben<\/p>\n<\/li>\n<li class=\"\" data-start=\"1489\" data-end=\"1527\">\n<p class=\"\" data-start=\"1491\" data-end=\"1527\">Beskyttelsesdiode indbygget for \u00f8get sikkerhed<\/p>\n<\/li>\n<li class=\"\" data-start=\"1528\" data-end=\"1565\">\n<p class=\"\" data-start=\"1530\" data-end=\"1565\">Brudstyrke p\u00e5 9 kN (ca. 900 kg)<\/p>\n<\/li>\n<li class=\"\" data-start=\"1566\" data-end=\"1668\">\n<p class=\"\" data-start=\"1568\" data-end=\"1668\">Garanterer \u00e5bning trods b\u00e5ndtryk p\u00e5 op til 0,4 kN (ca. 40 kg) i b\u00e5de frem- og bakfunktion<\/p>\n<\/li>\n<li class=\"\" data-start=\"1669\" data-end=\"1682\">\n<p class=\"\" data-start=\"1671\" data-end=\"1682\">Anti-banke<\/p>\n<\/li>\n<li class=\"\" data-start=\"1683\" data-end=\"1731\">\n<p class=\"\" data-start=\"1685\" data-end=\"1731\">Vendbar for at passe til h\u00f8jre og venstre d\u00f8re<\/p>\n<\/li>\n<li class=\"\" data-start=\"1732\" data-end=\"1778\">\n<p class=\"\" data-start=\"1734\" data-end=\"1778\">I stand til at l\u00e5se op for kroglineal eller lige lineal<\/p>\n<\/li>\n<\/ul>\n<p class=\"\" data-start=\"1780\" data-end=\"1809\"><strong data-start=\"1780\" data-end=\"1809\">Tekniske specifikationer:<\/strong><\/p>\n<ul data-start=\"1810\" data-end=\"2300\">\n<li class=\"\" data-start=\"1810\" data-end=\"1839\">\n<p class=\"\" data-start=\"1812\" data-end=\"1839\">Brudstyrke max: 900 kg<\/p>\n<\/li>\n<li class=\"\" data-start=\"1840\" data-end=\"1870\">\n<p class=\"\" data-start=\"1842\" data-end=\"1870\">D\u00f8rh\u00e6ngsel: H\u00f8jre, Venstre<\/p>\n<\/li>\n<li class=\"\" data-start=\"1871\" data-end=\"1889\">\n<p class=\"\" data-start=\"1873\" data-end=\"1889\">Kabel inkluderet: Nr<\/p>\n<\/li>\n<li class=\"\" data-start=\"1890\" data-end=\"1908\">\n<p class=\"\" data-start=\"1892\" data-end=\"1908\">Listetryk: 40 kg<\/p>\n<\/li>\n<li class=\"\" data-start=\"1909\" data-end=\"1944\">\n<p class=\"\" data-start=\"1911\" data-end=\"1944\">L\u00e5setype: Enkeltfaldsl\u00e5s, Dobbeltfaldsl\u00e5s<\/p>\n<\/li>\n<li class=\"\" data-start=\"1945\" data-end=\"1967\">\n<p class=\"\" data-start=\"1947\" data-end=\"1967\">Produktbredde: 25 mm<\/p>\n<\/li>\n<li class=\"\" data-start=\"1968\" data-end=\"1988\">\n<p class=\"\" data-start=\"1970\" data-end=\"1988\">Byggeprodukt vurderet: Ja<\/p>\n<\/li>\n<li class=\"\" data-start=\"1989\" data-end=\"2010\">\n<p class=\"\" data-start=\"1991\" data-end=\"2010\">Produktdybde: 35 mm<\/p>\n<\/li>\n<li class=\"\" data-start=\"2011\" data-end=\"2039\">\n<p class=\"\" data-start=\"2013\" data-end=\"2039\">Driftssp\u00e6nding 12V\/24V: 12V<\/p>\n<\/li>\n<li class=\"\" data-start=\"2040\" data-end=\"2062\">\n<p class=\"\" data-start=\"2042\" data-end=\"2062\">Dobbelt twist drop: Nej<\/p>\n<\/li>\n<li class=\"\" data-start=\"2063\" data-end=\"2084\">\n<p class=\"\" data-start=\"2065\" data-end=\"2084\">EPD-verificeret: Nej<\/p>\n<\/li>\n<li class=\"\" data-start=\"2085\" data-end=\"2097\">\n<p class=\"\" data-start=\"2087\" data-end=\"2097\">FINFO: Nej<\/p>\n<\/li>\n<li class=\"\" data-start=\"2098\" data-end=\"2126\">\n<p class=\"\" data-start=\"2100\" data-end=\"2126\">Farve\/finish: Rustfrit st\u00e5l<\/p>\n<\/li>\n<li class=\"\" data-start=\"2127\" data-end=\"2148\">\n<p class=\"\" data-start=\"2129\" data-end=\"2148\">Produkth\u00f8jde: 90 mm<\/p>\n<\/li>\n<li class=\"\" data-start=\"2149\" data-end=\"2166\">\n<p class=\"\" data-start=\"2151\" data-end=\"2166\">Stempelkontakt: Ja<\/p>\n<\/li>\n<li class=\"\" data-start=\"2167\" data-end=\"2212\">\n<p class=\"\" data-start=\"2169\" data-end=\"2212\">Frem\/tilbage: Kan skiftes frem\/tilbage<\/p>\n<\/li>\n<li class=\"\" data-start=\"2213\" data-end=\"2233\">\n<p class=\"\" data-start=\"2215\" data-end=\"2233\">Sp\u00e6nding AC\/DC: DC<\/p>\n<\/li>\n<li class=\"\" data-start=\"2234\" data-end=\"2256\">\n<p class=\"\" data-start=\"2236\" data-end=\"2256\">Sp\u00e6nding max: 27,6 V<\/p>\n<\/li>\n<li class=\"\" data-start=\"2257\" data-end=\"2279\">\n<p class=\"\" data-start=\"2259\" data-end=\"2279\">Sp\u00e6nding min: 21,6 V<\/p>\n<\/li>\n<li class=\"\" data-start=\"2280\" data-end=\"2300\">\n<p class=\"\" data-start=\"2282\" data-end=\"2300\">SundaHouse Vurderet: Ja<\/p>\n<\/li>\n<\/ul>","protected":false},"excerpt":{"rendered":"<p>Her kan du se, hvilke stolper og modeller, der passer sammen fra STEP serien af Elektriske d\u00f8rstoppere.<\/p>\n<h5><strong><a href=\"https:\/\/steplock.com\/sv\/stolpguide\/#!?lang=sv&amp;blog_id=1&amp;paged=1&amp;number=50\" target=\"_blank\" rel=\"noopener\">TRIN Post guide\u00a0<\/a><\/strong><\/h5>\n<h5><strong><a href=\"https:\/\/steplock.com\/sv\/projekteringsguide\/#!?lang=sv&amp;blog_id=1&amp;paged=1&amp;number=999\" target=\"_blank\" rel=\"noopener\">STEP design guide<\/a><\/strong><\/h5>","protected":false},"featured_media":140692,"template":"","meta":{"_acf_changed":false},"product_brand":[],"product_cat":[3355],"product_tag":[4198,4202],"class_list":{"0":"post-140693","1":"product","2":"type-product","3":"status-publish","4":"has-post-thumbnail","6":"product_cat-elslutbleck","7":"product_tag-12v","8":"product_tag-omstallbar-rattvand-omvand","9":"product_shipping_class-tunga-paket","10":"pa_brands-step","11":"tm-no-options","13":"first","14":"onbackorder","15":"sale","16":"taxable","17":"shipping-taxable","18":"purchasable","19":"product-type-simple"},"acf":[],"_links":{"self":[{"href":"https:\/\/secureus.se\/dk\/wp-json\/wp\/v2\/product\/140693","targetHints":{"allow":["GET"]}}],"collection":[{"href":"https:\/\/secureus.se\/dk\/wp-json\/wp\/v2\/product"}],"about":[{"href":"https:\/\/secureus.se\/dk\/wp-json\/wp\/v2\/types\/product"}],"wp:featuredmedia":[{"embeddable":true,"href":"https:\/\/secureus.se\/dk\/wp-json\/wp\/v2\/media\/140692"}],"wp:attachment":[{"href":"https:\/\/secureus.se\/dk\/wp-json\/wp\/v2\/media?parent=140693"}],"wp:term":[{"taxonomy":"product_brand","embeddable":true,"href":"https:\/\/secureus.se\/dk\/wp-json\/wp\/v2\/product_brand?post=140693"},{"taxonomy":"product_cat","embeddable":true,"href":"https:\/\/secureus.se\/dk\/wp-json\/wp\/v2\/product_cat?post=140693"},{"taxonomy":"product_tag","embeddable":true,"href":"https:\/\/secureus.se\/dk\/wp-json\/wp\/v2\/product_tag?post=140693"}],"curies":[{"name":"wp","href":"https:\/\/api.w.org\/{rel}","templated":true}]}}