{"id":140742,"date":"2023-09-26T13:06:05","date_gmt":"2023-09-26T11:06:05","guid":{"rendered":"https:\/\/secureus.se\/elslutbleck-step-18-vanster-omvand-12v-for-assa-511\/"},"modified":"2026-04-23T12:56:19","modified_gmt":"2026-04-23T10:56:19","slug":"elslutbleck-step-18-vanster-omvand-12v-for-assa-511","status":"publish","type":"product","link":"https:\/\/secureus.se\/dk\/elslutbleck-step-18-vanster-omvand-12v-for-assa-511\/","title":{"rendered":"Elektrisk endeplade TRIN 18 Venstre Reverse 12V til Assa 511"},"content":{"rendered":"<h1>Elektrisk endeplade TRIN 18 Venstre Reverse 12V til Assa 511<\/h1>\n<p>TRIN 18 Secure giver den h\u00f8jeste indbrudssikkerhed med hurtig og holdbar l\u00e5sning, godkendt til sikkerhedsd\u00f8re op til RC4 og brandgodkendt op til E\/EI 60. 5 meter kabel medf\u00f8lger.<\/p>\n<p class=\"\" data-start=\"402\" data-end=\"820\">STEP 18 Secure er en h\u00f8jsikkerheds elektrisk l\u00e5s fra STEPs Secure-serie, designet til d\u00f8re med h\u00f8je sikkerhedskrav s\u00e5som f\u00e6ngsler og banker.<\/p>\n<p class=\"\" data-start=\"402\" data-end=\"820\">Med en robust konstruktion og hurtig l\u00e5sning og opl\u00e5sning er den velegnet til d\u00f8re, der har et h\u00f8jt antal ind- og udgange.<\/p>\n<p class=\"\" data-start=\"402\" data-end=\"820\">Dette elektriske slutstykke er certificeret til brandmodstand op til E\/EI 60 og er godkendt til at l\u00e5se sikkerhedsd\u00f8re op til RC4.<\/p>\n<p class=\"\" data-start=\"822\" data-end=\"1198\">Designet sikrer holdbar og hurtig betjening, hvilket g\u00f8r den velegnet til flugtd\u00f8re.<\/p>\n<p class=\"\" data-start=\"822\" data-end=\"1198\">Det elektriske slutstykke er udstyret med en stempelkontakt, der giver indikation af, at d\u00f8ren er lukket\/\u00e5ben og l\u00e5st\/ul\u00e5st, hvilket g\u00f8r, at den kan integreres med adgangskontrolsystemer og alarmsystemer.<\/p>\n<p class=\"\" data-start=\"822\" data-end=\"1198\">Den er desuden udstyret med en beskyttelsesdiode og kan \u00e5bne selv under b\u00e5ndtryk p\u00e5 op til 500 kg.<\/p>\n<p class=\"\" data-start=\"1200\" data-end=\"1217\"><strong data-start=\"1200\" data-end=\"1214\">Egenskaber<\/strong>:<\/p>\n<ul data-start=\"1218\" data-end=\"1722\">\n<li class=\"\" data-start=\"1218\" data-end=\"1261\">\n<p class=\"\" data-start=\"1220\" data-end=\"1261\">Til kroglineall\u00e5s Assa 511 med 10 mm stempel<\/p>\n<\/li>\n<li class=\"\" data-start=\"1262\" data-end=\"1306\">\n<p class=\"\" data-start=\"1264\" data-end=\"1306\">Omvendt funktion (l\u00e5st op i str\u00f8ml\u00f8s tilstand)<\/p>\n<\/li>\n<li class=\"\" data-start=\"1307\" data-end=\"1335\">\n<p class=\"\" data-start=\"1309\" data-end=\"1335\">Til venstreh\u00e6ngte d\u00f8re<\/p>\n<\/li>\n<li class=\"\" data-start=\"1336\" data-end=\"1393\">\n<p class=\"\" data-start=\"1338\" data-end=\"1393\">Brandgodkendt op til E\/EI 60 i henhold til SS-EN 14846:2008<\/p>\n<\/li>\n<li class=\"\" data-start=\"1394\" data-end=\"1511\">\n<p class=\"\" data-start=\"1396\" data-end=\"1511\">Indbygget indikation for at m\u00e6rke, at d\u00f8ren er lukket\/\u00e5ben og l\u00e5st\/ul\u00e5st (g\u00e6lder produkter med stempelkontakt)<\/p>\n<\/li>\n<li class=\"\" data-start=\"1512\" data-end=\"1534\">\n<p class=\"\" data-start=\"1514\" data-end=\"1534\">Indbygget beskyttelsesdiode<\/p>\n<\/li>\n<li class=\"\" data-start=\"1535\" data-end=\"1573\">\n<p class=\"\" data-start=\"1537\" data-end=\"1573\">Brudstyrke 15 kN (ca. 1500 kg)<\/p>\n<\/li>\n<li class=\"\" data-start=\"1574\" data-end=\"1656\">\n<p class=\"\" data-start=\"1576\" data-end=\"1656\">\u00c5bner trods et b\u00e5ndtryk p\u00e5 5 kN (ca. 500 kg) i b\u00e5de opretst\u00e5ende og omvendt funktion<\/p>\n<\/li>\n<li class=\"\" data-start=\"1657\" data-end=\"1672\">\n<p class=\"\" data-start=\"1659\" data-end=\"1672\">Anti-banke<\/p>\n<\/li>\n<li class=\"\" data-start=\"1673\" data-end=\"1722\">\n<p class=\"\" data-start=\"1675\" data-end=\"1722\">Inklusiv 5 meter halogenfrit tilslutningskabel<\/p>\n<\/li>\n<\/ul>\n<p class=\"\" data-start=\"1724\" data-end=\"1755\"><strong data-start=\"1724\" data-end=\"1752\">Tekniske specifikationer<\/strong>:<\/p>\n<ul data-start=\"1756\" data-end=\"2365\">\n<li class=\"\" data-start=\"1756\" data-end=\"1792\">\n<p class=\"\" data-start=\"1758\" data-end=\"1792\"><strong data-start=\"1758\" data-end=\"1781\">Brudstyrke max<\/strong>: 1500 kg<\/p>\n<\/li>\n<li class=\"\" data-start=\"1793\" data-end=\"1822\">\n<p class=\"\" data-start=\"1795\" data-end=\"1822\"><strong data-start=\"1795\" data-end=\"1811\">D\u00f8r h\u00e6ngende<\/strong>: Venstre<\/p>\n<\/li>\n<li class=\"\" data-start=\"1823\" data-end=\"1846\">\n<p class=\"\" data-start=\"1825\" data-end=\"1846\"><strong data-start=\"1825\" data-end=\"1840\">Kabel medf\u00f8lger<\/strong>: Ja<\/p>\n<\/li>\n<li class=\"\" data-start=\"1847\" data-end=\"1872\">\n<p class=\"\" data-start=\"1849\" data-end=\"1872\"><strong data-start=\"1849\" data-end=\"1862\">Listeudskrivning<\/strong>: 500 kg<\/p>\n<\/li>\n<li class=\"\" data-start=\"1873\" data-end=\"1910\">\n<p class=\"\" data-start=\"1875\" data-end=\"1910\"><strong data-start=\"1875\" data-end=\"1885\">L\u00e5s type<\/strong>: Krogl\u00e5s, L\u00e5se<\/p>\n<\/li>\n<li class=\"\" data-start=\"1911\" data-end=\"1939\">\n<p class=\"\" data-start=\"1913\" data-end=\"1939\"><strong data-start=\"1913\" data-end=\"1930\">Bredt produkt<\/strong>: 35 mm<\/p>\n<\/li>\n<li class=\"\" data-start=\"1940\" data-end=\"1966\">\n<p class=\"\" data-start=\"1942\" data-end=\"1966\"><strong data-start=\"1942\" data-end=\"1960\">Byggematerialer vurderet<\/strong>: Ja<\/p>\n<\/li>\n<li class=\"\" data-start=\"1967\" data-end=\"1994\">\n<p class=\"\" data-start=\"1969\" data-end=\"1994\"><strong data-start=\"1969\" data-end=\"1985\">Dybt produkt<\/strong>: 40 mm<\/p>\n<\/li>\n<li class=\"\" data-start=\"1995\" data-end=\"2029\">\n<p class=\"\" data-start=\"1997\" data-end=\"2029\"><strong data-start=\"1997\" data-end=\"2022\">Driftssp\u00e6nding 12V\/24V<\/strong>: 12V<\/p>\n<\/li>\n<li class=\"\" data-start=\"2030\" data-end=\"2058\">\n<p class=\"\" data-start=\"2032\" data-end=\"2058\"><strong data-start=\"2032\" data-end=\"2051\">Dobbelt twist case<\/strong>: Nej<\/p>\n<\/li>\n<li class=\"\" data-start=\"2059\" data-end=\"2086\">\n<p class=\"\" data-start=\"2061\" data-end=\"2086\"><strong data-start=\"2061\" data-end=\"2079\">EPD-verificeret<\/strong>: Nej<\/p>\n<\/li>\n<li class=\"\" data-start=\"2087\" data-end=\"2105\">\n<p class=\"\" data-start=\"2089\" data-end=\"2105\"><strong data-start=\"2089\" data-end=\"2098\">FIN INFO<\/strong>: Nej<\/p>\n<\/li>\n<li class=\"\" data-start=\"2106\" data-end=\"2140\">\n<p class=\"\" data-start=\"2108\" data-end=\"2140\"><strong data-start=\"2108\" data-end=\"2129\">Farve\/Overfladebehandling<\/strong>: Rustfrit st\u00e5l<\/p>\n<\/li>\n<li class=\"\" data-start=\"2141\" data-end=\"2169\">\n<p class=\"\" data-start=\"2143\" data-end=\"2169\"><strong data-start=\"2143\" data-end=\"2159\">Forh\u00f8jet produkt<\/strong>: 230 mm<\/p>\n<\/li>\n<li class=\"\" data-start=\"2170\" data-end=\"2197\">\n<p class=\"\" data-start=\"2172\" data-end=\"2197\"><strong data-start=\"2172\" data-end=\"2186\">Kabell\u00e6ngde<\/strong>: 5 meter<\/p>\n<\/li>\n<li class=\"\" data-start=\"2198\" data-end=\"2221\">\n<p class=\"\" data-start=\"2200\" data-end=\"2221\"><strong data-start=\"2200\" data-end=\"2215\">Stempelforbindelse<\/strong>: Ja<\/p>\n<\/li>\n<li class=\"\" data-start=\"2222\" data-end=\"2253\">\n<p class=\"\" data-start=\"2224\" data-end=\"2253\"><strong data-start=\"2224\" data-end=\"2243\">H\u00f8jre\/omvendt<\/strong>: Omvendt<\/p>\n<\/li>\n<li class=\"\" data-start=\"2254\" data-end=\"2280\">\n<p class=\"\" data-start=\"2256\" data-end=\"2280\"><strong data-start=\"2256\" data-end=\"2274\">Sp\u00e6nding AC\/DC<\/strong>: DC<\/p>\n<\/li>\n<li class=\"\" data-start=\"2281\" data-end=\"2309\">\n<p class=\"\" data-start=\"2283\" data-end=\"2309\"><strong data-start=\"2283\" data-end=\"2299\">Sp\u00e6nding max<\/strong>: 13,8V<\/p>\n<\/li>\n<li class=\"\" data-start=\"2310\" data-end=\"2338\">\n<p class=\"\" data-start=\"2312\" data-end=\"2338\"><strong data-start=\"2312\" data-end=\"2328\">Sp\u00e6nding min<\/strong>: 10,8V<\/p>\n<\/li>\n<li class=\"\" data-start=\"2339\" data-end=\"2365\">\n<p class=\"\" data-start=\"2341\" data-end=\"2365\"><strong data-start=\"2341\" data-end=\"2359\">SundaHouse vurderet<\/strong>: Ja<\/p>\n<\/li>\n<\/ul>\n<p data-start=\"2367\" data-end=\"2438\">","protected":false},"excerpt":{"rendered":"<p>Her kan du se, hvilke stolper og modeller, der passer sammen fra STEP serien af Elektriske d\u00f8rstoppere.<\/p>\n<h5><strong><a href=\"https:\/\/steplock.com\/sv\/stolpguide\/#!?lang=sv&amp;blog_id=1&amp;paged=1&amp;number=50\" target=\"_blank\" rel=\"noopener\">TRIN Post guide\u00a0<\/a><\/strong><\/h5>\n<h5><strong><a href=\"https:\/\/steplock.com\/sv\/projekteringsguide\/#!?lang=sv&amp;blog_id=1&amp;paged=1&amp;number=999\" target=\"_blank\" rel=\"noopener\">STEP design guide<\/a><\/strong><\/h5>","protected":false},"featured_media":140740,"template":"","meta":{"_acf_changed":false},"product_brand":[],"product_cat":[3355],"product_tag":[4198,4201],"class_list":{"0":"post-140742","1":"product","2":"type-product","3":"status-publish","4":"has-post-thumbnail","6":"product_cat-elslutbleck","7":"product_tag-12v","8":"product_tag-omvand","9":"product_shipping_class-tunga-paket","10":"pa_brands-step","11":"tm-no-options","13":"first","14":"onbackorder","15":"sale","16":"taxable","17":"shipping-taxable","18":"purchasable","19":"product-type-simple"},"acf":[],"_links":{"self":[{"href":"https:\/\/secureus.se\/dk\/wp-json\/wp\/v2\/product\/140742","targetHints":{"allow":["GET"]}}],"collection":[{"href":"https:\/\/secureus.se\/dk\/wp-json\/wp\/v2\/product"}],"about":[{"href":"https:\/\/secureus.se\/dk\/wp-json\/wp\/v2\/types\/product"}],"wp:featuredmedia":[{"embeddable":true,"href":"https:\/\/secureus.se\/dk\/wp-json\/wp\/v2\/media\/140740"}],"wp:attachment":[{"href":"https:\/\/secureus.se\/dk\/wp-json\/wp\/v2\/media?parent=140742"}],"wp:term":[{"taxonomy":"product_brand","embeddable":true,"href":"https:\/\/secureus.se\/dk\/wp-json\/wp\/v2\/product_brand?post=140742"},{"taxonomy":"product_cat","embeddable":true,"href":"https:\/\/secureus.se\/dk\/wp-json\/wp\/v2\/product_cat?post=140742"},{"taxonomy":"product_tag","embeddable":true,"href":"https:\/\/secureus.se\/dk\/wp-json\/wp\/v2\/product_tag?post=140742"}],"curies":[{"name":"wp","href":"https:\/\/api.w.org\/{rel}","templated":true}]}}