{"id":140757,"date":"2023-09-26T13:05:58","date_gmt":"2023-09-26T11:05:58","guid":{"rendered":"https:\/\/secureus.se\/elslutbleck-step-28e-hoger-omvand-12v-12mm-regel\/"},"modified":"2026-04-08T16:27:48","modified_gmt":"2026-04-08T14:27:48","slug":"elslutbleck-step-28e-hoger-omvand-12v-12mm-regel","status":"publish","type":"product","link":"https:\/\/secureus.se\/dk\/elslutbleck-step-28e-hoger-omvand-12v-12mm-regel\/","title":{"rendered":"Elektrisk endeplade STEP 28E H\u00f8jre Omvendt 12V 12mm Rulle"},"content":{"rendered":"<h1>Elektrisk endeplade STEP 28E H\u00f8jre Omvendt 12V 12mm Rulle<\/h1>\n<p>TRIN 28E Sikker elektrisk sl\u00f8jfe til h\u00f8jreh\u00e6ngte d\u00f8re, brandgodkendt og perfekt til sikkerheds- og evakueringskrav.<\/p>\n<p>Kompatibel med boltl\u00e5se med 12 mm stempel og inkluderer 5 meter kabel.<\/p>\n<div>\n<p>STEP 28E Secure kombinerer sikkerhed, brandkrav og flugtfunktioner med d\u00f8rautomatik eller tr\u00e6kh\u00e5ndtag, hvilket g\u00f8r den perfekt til d\u00f8re, der kr\u00e6ver h\u00f8j indtr\u00e6ngningsmodstand, samtidig med at der tages h\u00f8jde for brandkrav.<\/p>\n<p>Denne elektriske sl\u00f8jfe bruges ofte sammen med en deadbolt-l\u00e5s eller deadbolt-l\u00e5s, som sikrer b\u00e5de h\u00f8j sikkerhed og en effektiv d\u00f8rholdefunktion gennem trykl\u00e5sen.<\/p>\n<p>STEP 28E Secure elektriske slutr\u00f8r er designet til brug i milj\u00f8er, hvor b\u00e5de brand- og evakueringskrav skal opfyldes, og det er certificeret til brandmodstandsdygtighed op til E\/EI 60.<\/p>\n<p>5 meter halogenfrit tilslutningskabel medf\u00f8lger for nem installation.<\/p>\n<p class=\"\" data-start=\"997\" data-end=\"1014\"><strong data-start=\"997\" data-end=\"1011\">Egenskaber<\/strong>:<\/p>\n<ul data-start=\"1015\" data-end=\"1517\">\n<li class=\"\" data-start=\"1015\" data-end=\"1060\">\n<p class=\"\" data-start=\"1017\" data-end=\"1060\">Til kontroll\u00e5s med 12mm stempel i Modul serien<\/p>\n<\/li>\n<li class=\"\" data-start=\"1061\" data-end=\"1104\">\n<p class=\"\" data-start=\"1063\" data-end=\"1104\">Omvendt funktion (l\u00e5st i str\u00f8ml\u00f8s tilstand)<\/p>\n<\/li>\n<li class=\"\" data-start=\"1105\" data-end=\"1131\">\n<p class=\"\" data-start=\"1107\" data-end=\"1131\">Til h\u00f8jreh\u00e6ngte d\u00f8re<\/p>\n<\/li>\n<li class=\"\" data-start=\"1132\" data-end=\"1184\">\n<p class=\"\" data-start=\"1134\" data-end=\"1184\">Brandgodkendt op til brandteknisk klasse E\/EI 60<\/p>\n<\/li>\n<li class=\"\" data-start=\"1185\" data-end=\"1238\">\n<p class=\"\" data-start=\"1187\" data-end=\"1238\">Mikroswitch enpolet alternerende, max. 30 V DC, 1 A<\/p>\n<\/li>\n<li class=\"\" data-start=\"1239\" data-end=\"1317\">\n<p class=\"\" data-start=\"1241\" data-end=\"1317\">Indbygget indikation for at m\u00e6rke, at d\u00f8ren er lukket\/\u00e5ben og l\u00e5st\/ul\u00e5st<\/p>\n<\/li>\n<li class=\"\" data-start=\"1318\" data-end=\"1361\">\n<p class=\"\" data-start=\"1320\" data-end=\"1361\">Brudstyrke over 15 kN (ca. 1500 kg)<\/p>\n<\/li>\n<li class=\"\" data-start=\"1362\" data-end=\"1451\">\n<p class=\"\" data-start=\"1364\" data-end=\"1451\">Garanterer \u00e5bning trods b\u00e5ndtryk p\u00e5 5 kN (ca. 500 kg) i frem- og bakfunktion<\/p>\n<\/li>\n<li class=\"\" data-start=\"1452\" data-end=\"1467\">\n<p class=\"\" data-start=\"1454\" data-end=\"1467\">Anti-banke<\/p>\n<\/li>\n<li class=\"\" data-start=\"1468\" data-end=\"1517\">\n<p class=\"\" data-start=\"1470\" data-end=\"1517\">Inklusiv 5 meter halogenfrit tilslutningskabel<\/p>\n<\/li>\n<\/ul>\n<p class=\"\" data-start=\"1519\" data-end=\"1550\"><strong data-start=\"1519\" data-end=\"1547\">Tekniske specifikationer<\/strong>:<\/p>\n<ul data-start=\"1551\" data-end=\"2157\">\n<li class=\"\" data-start=\"1551\" data-end=\"1587\">\n<p class=\"\" data-start=\"1553\" data-end=\"1587\"><strong data-start=\"1553\" data-end=\"1576\">Brudstyrke max<\/strong>: 1500 kg<\/p>\n<\/li>\n<li class=\"\" data-start=\"1588\" data-end=\"1615\">\n<p class=\"\" data-start=\"1590\" data-end=\"1615\"><strong data-start=\"1590\" data-end=\"1606\">D\u00f8r h\u00e6ngende<\/strong>: rigtigt<\/p>\n<\/li>\n<li class=\"\" data-start=\"1616\" data-end=\"1639\">\n<p class=\"\" data-start=\"1618\" data-end=\"1639\"><strong data-start=\"1618\" data-end=\"1633\">Kabel medf\u00f8lger<\/strong>: Ja<\/p>\n<\/li>\n<li class=\"\" data-start=\"1640\" data-end=\"1665\">\n<p class=\"\" data-start=\"1642\" data-end=\"1665\"><strong data-start=\"1642\" data-end=\"1655\">Listeudskrivning<\/strong>: 500 kg<\/p>\n<\/li>\n<li class=\"\" data-start=\"1666\" data-end=\"1703\">\n<p class=\"\" data-start=\"1668\" data-end=\"1703\"><strong data-start=\"1668\" data-end=\"1678\">L\u00e5s type<\/strong>: Krogl\u00e5s, L\u00e5se<\/p>\n<\/li>\n<li class=\"\" data-start=\"1704\" data-end=\"1732\">\n<p class=\"\" data-start=\"1706\" data-end=\"1732\"><strong data-start=\"1706\" data-end=\"1723\">Bredt produkt<\/strong>: 35 mm<\/p>\n<\/li>\n<li class=\"\" data-start=\"1733\" data-end=\"1759\">\n<p class=\"\" data-start=\"1735\" data-end=\"1759\"><strong data-start=\"1735\" data-end=\"1753\">Byggematerialer vurderet<\/strong>: Ja<\/p>\n<\/li>\n<li class=\"\" data-start=\"1760\" data-end=\"1787\">\n<p class=\"\" data-start=\"1762\" data-end=\"1787\"><strong data-start=\"1762\" data-end=\"1778\">Dybt produkt<\/strong>: 40 mm<\/p>\n<\/li>\n<li class=\"\" data-start=\"1788\" data-end=\"1822\">\n<p class=\"\" data-start=\"1790\" data-end=\"1822\"><strong data-start=\"1790\" data-end=\"1815\">Driftssp\u00e6nding 12V\/24V<\/strong>: 12V<\/p>\n<\/li>\n<li class=\"\" data-start=\"1823\" data-end=\"1850\">\n<p class=\"\" data-start=\"1825\" data-end=\"1850\"><strong data-start=\"1825\" data-end=\"1844\">Dobbelt twist case<\/strong>: Ja<\/p>\n<\/li>\n<li class=\"\" data-start=\"1851\" data-end=\"1878\">\n<p class=\"\" data-start=\"1853\" data-end=\"1878\"><strong data-start=\"1853\" data-end=\"1871\">EPD-verificeret<\/strong>: Nej<\/p>\n<\/li>\n<li class=\"\" data-start=\"1879\" data-end=\"1897\">\n<p class=\"\" data-start=\"1881\" data-end=\"1897\"><strong data-start=\"1881\" data-end=\"1890\">FIN INFO<\/strong>: Nej<\/p>\n<\/li>\n<li class=\"\" data-start=\"1898\" data-end=\"1932\">\n<p class=\"\" data-start=\"1900\" data-end=\"1932\"><strong data-start=\"1900\" data-end=\"1921\">Farve\/Overfladebehandling<\/strong>: Rustfrit st\u00e5l<\/p>\n<\/li>\n<li class=\"\" data-start=\"1933\" data-end=\"1961\">\n<p class=\"\" data-start=\"1935\" data-end=\"1961\"><strong data-start=\"1935\" data-end=\"1951\">Forh\u00f8jet produkt<\/strong>: 230 mm<\/p>\n<\/li>\n<li class=\"\" data-start=\"1962\" data-end=\"1989\">\n<p class=\"\" data-start=\"1964\" data-end=\"1989\"><strong data-start=\"1964\" data-end=\"1978\">Kabell\u00e6ngde<\/strong>: 5 meter<\/p>\n<\/li>\n<li class=\"\" data-start=\"1990\" data-end=\"2013\">\n<p class=\"\" data-start=\"1992\" data-end=\"2013\"><strong data-start=\"1992\" data-end=\"2007\">Stempelforbindelse<\/strong>: Ja<\/p>\n<\/li>\n<li class=\"\" data-start=\"2014\" data-end=\"2045\">\n<p class=\"\" data-start=\"2016\" data-end=\"2045\"><strong data-start=\"2016\" data-end=\"2035\">H\u00f8jre\/omvendt<\/strong>: Omvendt<\/p>\n<\/li>\n<li class=\"\" data-start=\"2046\" data-end=\"2072\">\n<p class=\"\" data-start=\"2048\" data-end=\"2072\"><strong data-start=\"2048\" data-end=\"2066\">Sp\u00e6nding AC\/DC<\/strong>: DC<\/p>\n<\/li>\n<li class=\"\" data-start=\"2073\" data-end=\"2101\">\n<p class=\"\" data-start=\"2075\" data-end=\"2101\"><strong data-start=\"2075\" data-end=\"2091\">Sp\u00e6nding max<\/strong>: 13,8V<\/p>\n<\/li>\n<li class=\"\" data-start=\"2102\" data-end=\"2130\">\n<p class=\"\" data-start=\"2104\" data-end=\"2130\"><strong data-start=\"2104\" data-end=\"2120\">Sp\u00e6nding min<\/strong>: 10,8V<\/p>\n<\/li>\n<li class=\"\" data-start=\"2131\" data-end=\"2157\">\n<p class=\"\" data-start=\"2133\" data-end=\"2157\"><strong data-start=\"2133\" data-end=\"2151\">SundaHouse vurderet<\/strong>: Ja<\/p>\n<\/li>\n<\/ul>\n<\/div>","protected":false},"excerpt":{"rendered":"<p>Her kan du se, hvilke stolper og modeller, der passer sammen fra STEP serien af Elektriske d\u00f8rstoppere.<\/p>\n<h5><strong><a href=\"https:\/\/steplock.com\/sv\/stolpguide\/#!?lang=sv&amp;blog_id=1&amp;paged=1&amp;number=50\" target=\"_blank\" rel=\"noopener\">TRIN Post guide\u00a0<\/a><\/strong><\/h5>\n<h5><strong><a href=\"https:\/\/steplock.com\/sv\/projekteringsguide\/#!?lang=sv&amp;blog_id=1&amp;paged=1&amp;number=999\" target=\"_blank\" rel=\"noopener\">STEP design guide<\/a><\/strong><\/h5>","protected":false},"featured_media":140755,"template":"","meta":{"_acf_changed":false},"product_brand":[],"product_cat":[3355],"product_tag":[4198,4201],"class_list":{"0":"post-140757","1":"product","2":"type-product","3":"status-publish","4":"has-post-thumbnail","6":"product_cat-elslutbleck","7":"product_tag-12v","8":"product_tag-omvand","9":"product_shipping_class-tunga-paket","10":"pa_brands-step","11":"tm-no-options","13":"first","14":"onbackorder","15":"sale","16":"taxable","17":"shipping-taxable","18":"purchasable","19":"product-type-simple"},"acf":[],"_links":{"self":[{"href":"https:\/\/secureus.se\/dk\/wp-json\/wp\/v2\/product\/140757","targetHints":{"allow":["GET"]}}],"collection":[{"href":"https:\/\/secureus.se\/dk\/wp-json\/wp\/v2\/product"}],"about":[{"href":"https:\/\/secureus.se\/dk\/wp-json\/wp\/v2\/types\/product"}],"wp:featuredmedia":[{"embeddable":true,"href":"https:\/\/secureus.se\/dk\/wp-json\/wp\/v2\/media\/140755"}],"wp:attachment":[{"href":"https:\/\/secureus.se\/dk\/wp-json\/wp\/v2\/media?parent=140757"}],"wp:term":[{"taxonomy":"product_brand","embeddable":true,"href":"https:\/\/secureus.se\/dk\/wp-json\/wp\/v2\/product_brand?post=140757"},{"taxonomy":"product_cat","embeddable":true,"href":"https:\/\/secureus.se\/dk\/wp-json\/wp\/v2\/product_cat?post=140757"},{"taxonomy":"product_tag","embeddable":true,"href":"https:\/\/secureus.se\/dk\/wp-json\/wp\/v2\/product_tag?post=140757"}],"curies":[{"name":"wp","href":"https:\/\/api.w.org\/{rel}","templated":true}]}}