{"id":140835,"date":"2023-03-17T09:35:13","date_gmt":"2023-03-17T08:35:13","guid":{"rendered":"https:\/\/secureus.se\/elslutbleck-es22-hoger\/"},"modified":"2026-01-12T13:10:52","modified_gmt":"2026-01-12T12:10:52","slug":"elslutbleck-es22-hoger","status":"publish","type":"product","link":"https:\/\/secureus.se\/dk\/elslutbleck-es22-hoger\/","title":{"rendered":"Elektrisk endeplade ES22 h\u00f8jre"},"content":{"rendered":"<h1>Elektrisk endeplade ES22 h\u00f8jre<\/h1>\n<p class=\"\" data-start=\"368\" data-end=\"751\">Elbl\u00e6nde ES22 H til h\u00f8jreh\u00e6ngte d\u00f8re er en h\u00f8jkvalitets elektrisk sl\u00f8jd, der er velegnet til d\u00f8re med krav til b\u00e5de sikkerhed og brandmodstand.<\/p>\n<p class=\"\" data-start=\"368\" data-end=\"751\">Med sine dobbelte drejel\u00e5se muligg\u00f8r ES22 separat l\u00e5sning af skubbel\u00e5se og cylinderl\u00e5se i l\u00e5sehuse med dobbelte l\u00e5se, hvilket giver en l\u00f8sning til komplicerede d\u00f8rmilj\u00f8er, der kr\u00e6ver b\u00e5de d\u00f8rautomatik og brandd\u00e6mpning.<\/p>\n<p class=\"\" data-start=\"753\" data-end=\"1047\">Elitel\u00f8sningen er velegnet til brug, hvor der er krav om n\u00f8d- og genindsejling, mens brandindd\u00e6mning kan opn\u00e5s via trykf\u00e6lder og genindgang via brandalarmer.<\/p>\n<p class=\"\" data-start=\"753\" data-end=\"1047\">Certificeret og CE-m\u00e6rket til brug i brandcellegr\u00e6nser med en brandklassificering p\u00e5 op til 120 minutter (E\/EI 120).<\/p>\n<p class=\"\" data-start=\"1049\" data-end=\"1315\">Den propriet\u00e6re b\u00e5ndtrykteknologi betyder, at d\u00f8ren \u00e5bner, selv n\u00e5r der er tryk mod d\u00f8ren, hvilket eliminerer problemer for\u00e5rsaget af overtryk, sne eller snavs i d\u00f8r\u00e5bningen.<\/p>\n<p class=\"\" data-start=\"1049\" data-end=\"1315\">Dette minimerer risikoen for nedetid og sikrer p\u00e5lidelig drift i udfordrende milj\u00f8er.<\/p>\n<p class=\"\" data-start=\"1317\" data-end=\"1584\">SAFETRON ES22 er desuden udstyret med dobbelte stempelkontakter og indbyggede sensorer, der angiver, hvorn\u00e5r drejel\u00e5sene er sammenl\u00e5st.<\/p>\n<p class=\"\" data-start=\"1317\" data-end=\"1584\">Signalet gives kun, n\u00e5r stempelkontakten og drejetappen er mekanisk l\u00e5st, hvilket g\u00f8r det til et meget sikkert valg til kritiske d\u00f8rl\u00f8sninger.<\/p>\n<p class=\"\" data-start=\"1586\" data-end=\"1603\"><strong data-start=\"1586\" data-end=\"1600\">Egenskaber<\/strong>:<\/p>\n<ul data-start=\"1604\" data-end=\"1960\">\n<li class=\"\" data-start=\"1604\" data-end=\"1630\">\n<p class=\"\" data-start=\"1606\" data-end=\"1630\">Til h\u00f8jreh\u00e6ngte d\u00f8re<\/p>\n<\/li>\n<li class=\"\" data-start=\"1631\" data-end=\"1685\">\n<p class=\"\" data-start=\"1633\" data-end=\"1685\">Brandklassificeret op til 120 minutter (i henhold til SS-EN 14846)<\/p>\n<\/li>\n<li class=\"\" data-start=\"1686\" data-end=\"1712\">\n<p class=\"\" data-start=\"1688\" data-end=\"1712\">Listetryk: Over 100 kg<\/p>\n<\/li>\n<li class=\"\" data-start=\"1713\" data-end=\"1752\">\n<p class=\"\" data-start=\"1715\" data-end=\"1752\">Holdekraft: Op til 1500 kg \/ 15 kN<\/p>\n<\/li>\n<li class=\"\" data-start=\"1753\" data-end=\"1785\">\n<p class=\"\" data-start=\"1755\" data-end=\"1785\">Frem og tilbage funktion<\/p>\n<\/li>\n<li class=\"\" data-start=\"1786\" data-end=\"1816\">\n<p class=\"\" data-start=\"1788\" data-end=\"1816\">Stempelkontakt (armaturkontakt)<\/p>\n<\/li>\n<li class=\"\" data-start=\"1817\" data-end=\"1872\">\n<p class=\"\" data-start=\"1819\" data-end=\"1872\">Passer til dobbelth\u00e6ngte skydevinduer efter skandinavisk standard<\/p>\n<\/li>\n<li class=\"\" data-start=\"1873\" data-end=\"1896\">\n<p class=\"\" data-start=\"1875\" data-end=\"1896\">Sp\u00e6nding: 12-24 VDC<\/p>\n<\/li>\n<li class=\"\" data-start=\"1897\" data-end=\"1937\">\n<p class=\"\" data-start=\"1899\" data-end=\"1937\">Str\u00f8mforbrug: 35 mA pr. omgang<\/p>\n<\/li>\n<li class=\"\" data-start=\"1938\" data-end=\"1960\">\n<p class=\"\" data-start=\"1940\" data-end=\"1960\">Indbygget beskyttelsesdiode<\/p>\n<\/li>\n<\/ul>\n<p class=\"\" data-start=\"1962\" data-end=\"1993\"><strong data-start=\"1962\" data-end=\"1990\">Tekniske specifikationer<\/strong>:<\/p>\n<ul data-start=\"1994\" data-end=\"2566\">\n<li class=\"\" data-start=\"1994\" data-end=\"2030\">\n<p class=\"\" data-start=\"1996\" data-end=\"2030\"><strong data-start=\"1996\" data-end=\"2019\">Brudstyrke max<\/strong>: 1500 kg<\/p>\n<\/li>\n<li class=\"\" data-start=\"2031\" data-end=\"2058\">\n<p class=\"\" data-start=\"2033\" data-end=\"2058\"><strong data-start=\"2033\" data-end=\"2049\">D\u00f8r h\u00e6ngende<\/strong>: rigtigt<\/p>\n<\/li>\n<li class=\"\" data-start=\"2059\" data-end=\"2082\">\n<p class=\"\" data-start=\"2061\" data-end=\"2082\"><strong data-start=\"2061\" data-end=\"2076\">Kabel medf\u00f8lger<\/strong>: Ja<\/p>\n<\/li>\n<li class=\"\" data-start=\"2083\" data-end=\"2108\">\n<p class=\"\" data-start=\"2085\" data-end=\"2108\"><strong data-start=\"2085\" data-end=\"2098\">Listeudskrivning<\/strong>: 100 kg<\/p>\n<\/li>\n<li class=\"\" data-start=\"2109\" data-end=\"2140\">\n<p class=\"\" data-start=\"2111\" data-end=\"2140\"><strong data-start=\"2111\" data-end=\"2121\">L\u00e5s type<\/strong>: Dobbeltfl\u00f8jet l\u00e5sehus<\/p>\n<\/li>\n<li class=\"\" data-start=\"2141\" data-end=\"2169\">\n<p class=\"\" data-start=\"2143\" data-end=\"2169\"><strong data-start=\"2143\" data-end=\"2160\">Bredt produkt<\/strong>: 35 mm<\/p>\n<\/li>\n<li class=\"\" data-start=\"2170\" data-end=\"2196\">\n<p class=\"\" data-start=\"2172\" data-end=\"2196\"><strong data-start=\"2172\" data-end=\"2190\">Byggematerialer vurderet<\/strong>: Ja<\/p>\n<\/li>\n<li class=\"\" data-start=\"2197\" data-end=\"2224\">\n<p class=\"\" data-start=\"2199\" data-end=\"2224\"><strong data-start=\"2199\" data-end=\"2215\">Dybt produkt<\/strong>: 40 mm<\/p>\n<\/li>\n<li class=\"\" data-start=\"2225\" data-end=\"2259\">\n<p class=\"\" data-start=\"2227\" data-end=\"2259\"><strong data-start=\"2227\" data-end=\"2252\">Driftssp\u00e6nding 12V\/24V<\/strong>: 12V<\/p>\n<\/li>\n<li class=\"\" data-start=\"2260\" data-end=\"2287\">\n<p class=\"\" data-start=\"2262\" data-end=\"2287\"><strong data-start=\"2262\" data-end=\"2281\">Dobbelt twist case<\/strong>: Ja<\/p>\n<\/li>\n<li class=\"\" data-start=\"2288\" data-end=\"2315\">\n<p class=\"\" data-start=\"2290\" data-end=\"2315\"><strong data-start=\"2290\" data-end=\"2308\">EPD-verificeret<\/strong>: Nej<\/p>\n<\/li>\n<li class=\"\" data-start=\"2316\" data-end=\"2334\">\n<p class=\"\" data-start=\"2318\" data-end=\"2334\"><strong data-start=\"2318\" data-end=\"2327\">FIN INFO<\/strong>: Nej<\/p>\n<\/li>\n<li class=\"\" data-start=\"2335\" data-end=\"2369\">\n<p class=\"\" data-start=\"2337\" data-end=\"2369\"><strong data-start=\"2337\" data-end=\"2358\">Farve\/Overfladebehandling<\/strong>: Rustfrit st\u00e5l<\/p>\n<\/li>\n<li class=\"\" data-start=\"2370\" data-end=\"2398\">\n<p class=\"\" data-start=\"2372\" data-end=\"2398\"><strong data-start=\"2372\" data-end=\"2388\">Forh\u00f8jet produkt<\/strong>: 230 mm<\/p>\n<\/li>\n<li class=\"\" data-start=\"2399\" data-end=\"2422\">\n<p class=\"\" data-start=\"2401\" data-end=\"2422\"><strong data-start=\"2401\" data-end=\"2416\">Stempelforbindelse<\/strong>: Ja<\/p>\n<\/li>\n<li class=\"\" data-start=\"2423\" data-end=\"2454\">\n<p class=\"\" data-start=\"2425\" data-end=\"2454\"><strong data-start=\"2425\" data-end=\"2444\">H\u00f8jre\/omvendt<\/strong>: Omvendt<\/p>\n<\/li>\n<li class=\"\" data-start=\"2455\" data-end=\"2481\">\n<p class=\"\" data-start=\"2457\" data-end=\"2481\"><strong data-start=\"2457\" data-end=\"2475\">Sp\u00e6nding AC\/DC<\/strong>: DC<\/p>\n<\/li>\n<li class=\"\" data-start=\"2482\" data-end=\"2510\">\n<p class=\"\" data-start=\"2484\" data-end=\"2510\"><strong data-start=\"2484\" data-end=\"2500\">Sp\u00e6nding max<\/strong>: 27,6V<\/p>\n<\/li>\n<li class=\"\" data-start=\"2511\" data-end=\"2539\">\n<p class=\"\" data-start=\"2513\" data-end=\"2539\"><strong data-start=\"2513\" data-end=\"2529\">Sp\u00e6nding min<\/strong>: 21,6V<\/p>\n<\/li>\n<li class=\"\" data-start=\"2540\" data-end=\"2566\">\n<p class=\"\" data-start=\"2542\" data-end=\"2566\"><strong data-start=\"2542\" data-end=\"2560\">SundaHouse vurderet<\/strong>: Ja<\/p>\n<\/li>\n<\/ul>","protected":false},"excerpt":{"rendered":"<p>Elektrisk endeplade S22 H til h\u00f8jreh\u00e6ngte d\u00f8re, elektrisk endeplade med dobbelth\u00e6ngsel.<\/p>\n<p>Brandgodkendt op til 120 min, designet til komplekse d\u00f8rmilj\u00f8er med krav til brandindd\u00e6mning og d\u00f8rautomatik. Inkluderer unik strip print teknologi.<\/p>","protected":false},"featured_media":140834,"template":"","meta":{"_acf_changed":false},"product_brand":[],"product_cat":[3355],"product_tag":[4487,4488,4866,4489],"class_list":{"0":"post-140835","1":"product","2":"type-product","3":"status-publish","4":"has-post-thumbnail","6":"product_cat-elslutbleck","7":"product_tag-rel-sa","8":"product_tag-rel-safetron-elslutbleck","9":"product_tag-safetron-20","10":"product_tag-safetron-elslutbleck-es22","11":"product_shipping_class-tunga-paket","12":"pa_brands-7safetron","13":"tm-has-options","15":"first","16":"instock","17":"featured","18":"taxable","19":"shipping-taxable","20":"purchasable","21":"product-type-simple"},"acf":[],"_links":{"self":[{"href":"https:\/\/secureus.se\/dk\/wp-json\/wp\/v2\/product\/140835","targetHints":{"allow":["GET"]}}],"collection":[{"href":"https:\/\/secureus.se\/dk\/wp-json\/wp\/v2\/product"}],"about":[{"href":"https:\/\/secureus.se\/dk\/wp-json\/wp\/v2\/types\/product"}],"wp:featuredmedia":[{"embeddable":true,"href":"https:\/\/secureus.se\/dk\/wp-json\/wp\/v2\/media\/140834"}],"wp:attachment":[{"href":"https:\/\/secureus.se\/dk\/wp-json\/wp\/v2\/media?parent=140835"}],"wp:term":[{"taxonomy":"product_brand","embeddable":true,"href":"https:\/\/secureus.se\/dk\/wp-json\/wp\/v2\/product_brand?post=140835"},{"taxonomy":"product_cat","embeddable":true,"href":"https:\/\/secureus.se\/dk\/wp-json\/wp\/v2\/product_cat?post=140835"},{"taxonomy":"product_tag","embeddable":true,"href":"https:\/\/secureus.se\/dk\/wp-json\/wp\/v2\/product_tag?post=140835"}],"curies":[{"name":"wp","href":"https:\/\/api.w.org\/{rel}","templated":true}]}}