{"id":141062,"date":"2023-03-20T10:49:38","date_gmt":"2023-03-20T09:49:38","guid":{"rendered":"https:\/\/secureus.se\/monteringsstolpe-sc30th-15\/"},"modified":"2026-01-12T13:20:44","modified_gmt":"2026-01-12T12:20:44","slug":"monteringsstolpe-sc30th-15","status":"publish","type":"product","link":"https:\/\/secureus.se\/dk\/monteringsstolpe-sc30th-15\/","title":{"rendered":"Safetron Monteringsstolpe SC30TH-15"},"content":{"rendered":"<p>Vinklet monteringsstolpe i rustfrit st\u00e5l til SAFETRON elektrisk endeplade ES22. Tilpasset tr\u00e6- og metalrammer, anvendes sammen med dobbeltfaldsl\u00e5se af typen connect\/evolution eller modul.<\/p>\n<p>\u2022 Svarende til ST9502H<\/p>\n<p>\u2022 Tungest\u00f8rrelse: 15 mm<\/p>\n<p>\u2022 M\u00e5l: (hxbxd) 245x40x15 mm<\/p>","protected":false},"excerpt":{"rendered":"<h5><a href=\"https:\/\/www.safetron.com\/stolpguide\/\" target=\"_blank\" rel=\"noopener\">Vejledning til stolper fra Safetrons monteringsstolper<\/a><\/h5>","protected":false},"featured_media":141061,"template":"","meta":{"_acf_changed":false},"product_brand":[],"product_cat":[4735],"product_tag":[4447,4866],"class_list":{"0":"post-141062","1":"product","2":"type-product","3":"status-publish","4":"has-post-thumbnail","6":"product_cat-monteringsstolpe","7":"product_tag-safetron-montagestolpar-es22-sc","8":"product_tag-safetron-20","9":"product_shipping_class-tunga-paket","10":"pa_brands-7safetron","11":"tm-has-options","13":"first","14":"instock","15":"featured","16":"taxable","17":"shipping-taxable","18":"purchasable","19":"product-type-simple"},"acf":[],"_links":{"self":[{"href":"https:\/\/secureus.se\/dk\/wp-json\/wp\/v2\/product\/141062","targetHints":{"allow":["GET"]}}],"collection":[{"href":"https:\/\/secureus.se\/dk\/wp-json\/wp\/v2\/product"}],"about":[{"href":"https:\/\/secureus.se\/dk\/wp-json\/wp\/v2\/types\/product"}],"wp:featuredmedia":[{"embeddable":true,"href":"https:\/\/secureus.se\/dk\/wp-json\/wp\/v2\/media\/141061"}],"wp:attachment":[{"href":"https:\/\/secureus.se\/dk\/wp-json\/wp\/v2\/media?parent=141062"}],"wp:term":[{"taxonomy":"product_brand","embeddable":true,"href":"https:\/\/secureus.se\/dk\/wp-json\/wp\/v2\/product_brand?post=141062"},{"taxonomy":"product_cat","embeddable":true,"href":"https:\/\/secureus.se\/dk\/wp-json\/wp\/v2\/product_cat?post=141062"},{"taxonomy":"product_tag","embeddable":true,"href":"https:\/\/secureus.se\/dk\/wp-json\/wp\/v2\/product_tag?post=141062"}],"curies":[{"name":"wp","href":"https:\/\/api.w.org\/{rel}","templated":true}]}}