{"id":141296,"date":"2023-01-04T16:39:52","date_gmt":"2023-01-04T15:39:52","guid":{"rendered":"https:\/\/secureus.se\/kombinationsdetektor-ir-mv-tritech-15x15-m-for-utomhusbruk\/"},"modified":"2026-04-01T14:39:04","modified_gmt":"2026-04-01T12:39:04","slug":"bosch-kombinationsdetektor-ir-mv-tritech-15x15-m-for-utomhusbruk","status":"publish","type":"product","link":"https:\/\/secureus.se\/dk\/bosch-kombinationsdetektor-ir-mv-tritech-15x15-m-for-utomhusbruk\/","title":{"rendered":"Bosch Kombinationsdetektor IR\/MV Tritech 15\u00d715 m til udend\u00f8rs brug"},"content":{"rendered":"<h1>Bosch Kombinationsdetektor IR\/MV Tritech 15\u00d715 m til udend\u00f8rs brug<\/h1>\n<p data-start=\"377\" data-end=\"1362\">Bosch-kombinationsdetektoren IR\/MV Tritech OD850E er en robust og p\u00e5lidelig detektor designet til udend\u00f8rs brug og andre kr\u00e6vende milj\u00f8er.<\/p>\n<p data-start=\"377\" data-end=\"1362\">Den kombinerer passiv infrar\u00f8d (PIR) og mikrob\u00f8lgeteknologi for at give pr\u00e6cis detektion.<\/p>\n<p data-start=\"377\" data-end=\"1362\">OD850E er udstyret med avanceret LTD (Linear Travel Distance) signalbehandling, som g\u00f8r det muligt at ignorere sm\u00e5 bev\u00e6gelser i omgivelserne og minimere falske alarmer.<br data-start=\"792\" data-end=\"795\" \/>Med dobbelte rel\u00e6er til mikrob\u00f8lge og IR kan alarmudgangen v\u00e6lges til forskellige detektionsmetoder: b\u00e5de IR og mikrob\u00f8lge til alarm, eller enten IR eller mikrob\u00f8lge.<\/p>\n<p data-start=\"377\" data-end=\"1362\">Detektoren har en d\u00e6kning p\u00e5 15 x 15 m og fungerer i et bredt temperaturomr\u00e5de fra -35 til +60 grader Celsius.<br data-start=\"1066\" data-end=\"1069\" \/>OD850E har ogs\u00e5 to f\u00f8lsomhedsniveauer, der kan justeres afh\u00e6ngigt af milj\u00f8et: Standardf\u00f8lsomhed for at minimere falske alarmer og mellemniveau for hurtigere detektion af ubudne g\u00e6ster.<\/p>\n<p data-start=\"377\" data-end=\"1362\">For at sikre yderligere tilpasning tilbyder den en justerbar tidsrel\u00e6udgang til fleksibel alarmstyring.<\/p>\n<p data-start=\"1364\" data-end=\"1394\"><strong data-start=\"1364\" data-end=\"1392\">Funktioner og fordele:<\/strong><\/p>\n<ul data-start=\"1395\" data-end=\"1804\">\n<li data-start=\"1395\" data-end=\"1454\">\n<p data-start=\"1397\" data-end=\"1454\">Kombination af PIR- og mikrob\u00f8lgeteknologi for h\u00f8j sikkerhed<\/p>\n<\/li>\n<li data-start=\"1455\" data-end=\"1503\">\n<p data-start=\"1457\" data-end=\"1503\">D\u00e6kning: 15 x 15 m til store udend\u00f8rsomr\u00e5der<\/p>\n<\/li>\n<li data-start=\"1504\" data-end=\"1559\">\n<p data-start=\"1506\" data-end=\"1559\">LTD signalbehandling for at eliminere sm\u00e5 bev\u00e6gelser<\/p>\n<\/li>\n<li data-start=\"1560\" data-end=\"1618\">\n<p data-start=\"1562\" data-end=\"1618\">Justerbare f\u00f8lsomhedsniveauer (standard og mellemtilstand)<\/p>\n<\/li>\n<li data-start=\"1619\" data-end=\"1697\">\n<p data-start=\"1621\" data-end=\"1697\">Dobbelte rel\u00e6er til brugerdefinerede alarmudgange: IR + MV eller IR eller kun MV<\/p>\n<\/li>\n<li data-start=\"1698\" data-end=\"1747\">\n<p data-start=\"1700\" data-end=\"1747\">Temperaturomr\u00e5de: -35 til +60 grader Celsius<\/p>\n<\/li>\n<li data-start=\"1748\" data-end=\"1804\">\n<p data-start=\"1750\" data-end=\"1804\">Justerbar tidsrel\u00e6udgang til brugerdefineret alarmh\u00e5ndtering<\/p>\n<\/li>\n<\/ul>\n<p data-start=\"1806\" data-end=\"1837\"><strong data-start=\"1806\" data-end=\"1835\">Tekniske specifikationer:<\/strong><\/p>\n<ul data-start=\"1838\" data-end=\"2231\">\n<li data-start=\"1838\" data-end=\"1876\">\n<p data-start=\"1840\" data-end=\"1876\">Detektionstype: PIR og mikrob\u00f8lge<\/p>\n<\/li>\n<li data-start=\"1877\" data-end=\"1900\">\n<p data-start=\"1879\" data-end=\"1900\">D\u00e6kning: 15 x 15 m<\/p>\n<\/li>\n<li data-start=\"1901\" data-end=\"1939\">\n<p data-start=\"1903\" data-end=\"1939\">Rel\u00e6er: Dobbelt til mikrob\u00f8lge og IR<\/p>\n<\/li>\n<li data-start=\"1940\" data-end=\"1977\">\n<p data-start=\"1942\" data-end=\"1977\">Temperaturomr\u00e5de: -35 til +60 \u00b0C<\/p>\n<\/li>\n<li data-start=\"1978\" data-end=\"2012\">\n<p data-start=\"1980\" data-end=\"2012\">M\u00e5l (HxBxD): 165 x 82 x 63 mm<\/p>\n<\/li>\n<li data-start=\"2013\" data-end=\"2046\">\n<p data-start=\"2015\" data-end=\"2046\">Str\u00f8mforsyning: 9 \u2013 15 V DC<\/p>\n<\/li>\n<li data-start=\"2047\" data-end=\"2125\">\n<p data-start=\"2049\" data-end=\"2125\">Funktioner: Motion Analyzer II-behandling, LTD mikrob\u00f8lgesignalbehandling<\/p>\n<\/li>\n<li data-start=\"2126\" data-end=\"2183\">\n<p data-start=\"2128\" data-end=\"2183\">Justerbare f\u00f8lsomhedsniveauer: Standard og mellemtilstand<\/p>\n<\/li>\n<li data-start=\"2184\" data-end=\"2231\">\n<p data-start=\"2186\" data-end=\"2231\">Justerbar tidsrel\u00e6udgang til alarmh\u00e5ndtering<\/p>\n<\/li>\n<\/ul>","protected":false},"excerpt":{"rendered":"<p>Udend\u00f8rs kombinationsdetektor med IR- og mikrob\u00f8lgeteknologi. 15 x 15 m d\u00e6kning, LTD-signalbehandling og justerbare f\u00f8lsomhedsniveauer for optimal detektion.<\/p>","protected":false},"featured_media":141295,"template":"","meta":{"_acf_changed":false},"product_brand":[],"product_cat":[1325,4756],"product_tag":[2418],"class_list":{"0":"post-141296","1":"product","2":"type-product","3":"status-publish","4":"has-post-thumbnail","6":"product_cat-larmgivare-skalskydd","7":"product_cat-utomhussakerhet-tradade-larmenheter","8":"product_tag-rel-larmgivare","9":"product_shipping_class-postnord-varubrev","10":"pa_brands-bosch","11":"tm-no-options","13":"first","14":"instock","15":"sale","16":"featured","17":"taxable","18":"shipping-taxable","19":"purchasable","20":"product-type-simple"},"acf":[],"_links":{"self":[{"href":"https:\/\/secureus.se\/dk\/wp-json\/wp\/v2\/product\/141296","targetHints":{"allow":["GET"]}}],"collection":[{"href":"https:\/\/secureus.se\/dk\/wp-json\/wp\/v2\/product"}],"about":[{"href":"https:\/\/secureus.se\/dk\/wp-json\/wp\/v2\/types\/product"}],"wp:featuredmedia":[{"embeddable":true,"href":"https:\/\/secureus.se\/dk\/wp-json\/wp\/v2\/media\/141295"}],"wp:attachment":[{"href":"https:\/\/secureus.se\/dk\/wp-json\/wp\/v2\/media?parent=141296"}],"wp:term":[{"taxonomy":"product_brand","embeddable":true,"href":"https:\/\/secureus.se\/dk\/wp-json\/wp\/v2\/product_brand?post=141296"},{"taxonomy":"product_cat","embeddable":true,"href":"https:\/\/secureus.se\/dk\/wp-json\/wp\/v2\/product_cat?post=141296"},{"taxonomy":"product_tag","embeddable":true,"href":"https:\/\/secureus.se\/dk\/wp-json\/wp\/v2\/product_tag?post=141296"}],"curies":[{"name":"wp","href":"https:\/\/api.w.org\/{rel}","templated":true}]}}