{"id":141298,"date":"2023-05-10T09:54:28","date_gmt":"2023-05-10T07:54:28","guid":{"rendered":"https:\/\/secureus.se\/elqrb-pure-7x1-vit\/"},"modified":"2026-03-26T11:37:01","modified_gmt":"2026-03-26T10:37:01","slug":"elqrb-pure-7x1-vit","status":"publish","type":"product","link":"https:\/\/secureus.se\/dk\/elqrb-pure-7x1-vit\/","title":{"rendered":"ELQRB PURE 7X1 HVID"},"content":{"rendered":"<p>Halogenfrit telekommunikationssignalkabel. Udsender ikke \u00e6tsende gasser og har lav r\u00f8gt\u00e6thed i tilf\u00e6lde af brand. I telesystemer til fast installation indend\u00f8rs og udend\u00f8rs, p\u00e5 b\u00e6reledning eller i jorden, hvis kablet er beskyttet mod mekanisk skade. R\u00f8dt kabel anvendes som sektionsledning i brandalarmanl\u00e6g.<\/p>","protected":false},"excerpt":{"rendered":"<p>Halogenfrit telekommunikationssignalkabel. Udsender ingen \u00e6tsende gasser og har lav r\u00f8gdensitet i tilf\u00e6lde af brand. I telekommunikationssystemer til fast installation indend\u00f8rs og udend\u00f8rs, p\u00e5 en transmissionsledning eller i jorden, hvis kablet er beskyttet mod mekaniske belastninger<\/p>","protected":false},"featured_media":141297,"template":"","meta":{"_acf_changed":false},"product_brand":[],"product_cat":[2678],"product_tag":[2487],"class_list":{"0":"post-141298","1":"product","2":"type-product","3":"status-publish","4":"has-post-thumbnail","6":"product_cat-telekabel-oskarmad","7":"product_tag-kabel-oskarmad","8":"product_shipping_class-tunga-paket","9":"tm-no-options","11":"first","12":"instock","13":"taxable","14":"shipping-taxable","15":"purchasable","16":"product-type-simple"},"acf":[],"_links":{"self":[{"href":"https:\/\/secureus.se\/dk\/wp-json\/wp\/v2\/product\/141298","targetHints":{"allow":["GET"]}}],"collection":[{"href":"https:\/\/secureus.se\/dk\/wp-json\/wp\/v2\/product"}],"about":[{"href":"https:\/\/secureus.se\/dk\/wp-json\/wp\/v2\/types\/product"}],"wp:featuredmedia":[{"embeddable":true,"href":"https:\/\/secureus.se\/dk\/wp-json\/wp\/v2\/media\/141297"}],"wp:attachment":[{"href":"https:\/\/secureus.se\/dk\/wp-json\/wp\/v2\/media?parent=141298"}],"wp:term":[{"taxonomy":"product_brand","embeddable":true,"href":"https:\/\/secureus.se\/dk\/wp-json\/wp\/v2\/product_brand?post=141298"},{"taxonomy":"product_cat","embeddable":true,"href":"https:\/\/secureus.se\/dk\/wp-json\/wp\/v2\/product_cat?post=141298"},{"taxonomy":"product_tag","embeddable":true,"href":"https:\/\/secureus.se\/dk\/wp-json\/wp\/v2\/product_tag?post=141298"}],"curies":[{"name":"wp","href":"https:\/\/api.w.org\/{rel}","templated":true}]}}