{"id":141339,"date":"2023-05-10T09:50:19","date_gmt":"2023-05-10T07:50:19","guid":{"rendered":"https:\/\/secureus.se\/eqqrb-easy-2x10-vit-b100\/"},"modified":"2026-03-26T11:38:02","modified_gmt":"2026-03-26T10:38:02","slug":"eqqrb-easy-2x10-vit-b100","status":"publish","type":"product","link":"https:\/\/secureus.se\/dk\/eqqrb-easy-2x10-vit-b100\/","title":{"rendered":"EQQRB EASY 2X1.0 HVID B100"},"content":{"rendered":"","protected":false},"excerpt":{"rendered":"<p>Halogenfri flammebeskyttet signalkabel. EQQRB anvendes som signalkabel i forskellige kontrol- og reguleringstekniske anl\u00e6g, herunder brandalarmanl\u00e6g. Den er placeret indend\u00f8rs og udend\u00f8rs. Opfylder brandkrav iht. CPR klasse Dcas2d2a2.<\/p>","protected":false},"featured_media":141338,"template":"","meta":{"_acf_changed":false},"product_brand":[],"product_cat":[2678],"product_tag":[2487],"class_list":{"0":"post-141339","1":"product","2":"type-product","3":"status-publish","4":"has-post-thumbnail","6":"product_cat-telekabel-oskarmad","7":"product_tag-kabel-oskarmad","8":"product_shipping_class-tunga-paket","9":"tm-no-options","11":"first","12":"instock","13":"taxable","14":"shipping-taxable","15":"purchasable","16":"product-type-simple"},"acf":[],"_links":{"self":[{"href":"https:\/\/secureus.se\/dk\/wp-json\/wp\/v2\/product\/141339","targetHints":{"allow":["GET"]}}],"collection":[{"href":"https:\/\/secureus.se\/dk\/wp-json\/wp\/v2\/product"}],"about":[{"href":"https:\/\/secureus.se\/dk\/wp-json\/wp\/v2\/types\/product"}],"wp:featuredmedia":[{"embeddable":true,"href":"https:\/\/secureus.se\/dk\/wp-json\/wp\/v2\/media\/141338"}],"wp:attachment":[{"href":"https:\/\/secureus.se\/dk\/wp-json\/wp\/v2\/media?parent=141339"}],"wp:term":[{"taxonomy":"product_brand","embeddable":true,"href":"https:\/\/secureus.se\/dk\/wp-json\/wp\/v2\/product_brand?post=141339"},{"taxonomy":"product_cat","embeddable":true,"href":"https:\/\/secureus.se\/dk\/wp-json\/wp\/v2\/product_cat?post=141339"},{"taxonomy":"product_tag","embeddable":true,"href":"https:\/\/secureus.se\/dk\/wp-json\/wp\/v2\/product_tag?post=141339"}],"curies":[{"name":"wp","href":"https:\/\/api.w.org\/{rel}","templated":true}]}}