{"id":141537,"date":"2023-03-17T09:35:23","date_gmt":"2023-03-17T08:35:23","guid":{"rendered":"https:\/\/secureus.se\/elslutbleck-es22-vanster\/"},"modified":"2026-01-12T13:13:59","modified_gmt":"2026-01-12T12:13:59","slug":"elslutbleck-es22-vanster","status":"publish","type":"product","link":"https:\/\/secureus.se\/dk\/elslutbleck-es22-vanster\/","title":{"rendered":"Elektrisk endeplade ES22 venstre"},"content":{"rendered":"<h1>Elektrisk endeplade ES22 venstre<\/h1>\n<p>Velegnet til d\u00f8re med krav til automatisk d\u00f8rdrift, brandindd\u00e6mning og n\u00f8devakuering. Inkluderer stempelkontakt og unik strip print teknologi.<\/p>\n<p class=\"\" data-start=\"396\" data-end=\"991\">ES22 V elektrisk slutbl\u00e6nde er en h\u00f8jkvalitets elektrisk sl\u00f8jd til venstreh\u00e6ngte d\u00f8re, designet til at opfylde kravene i komplekse d\u00f8rmilj\u00f8er, hvor b\u00e5de sikkerheds- og brandkrav er afg\u00f8rende.<\/p>\n<p class=\"\" data-start=\"396\" data-end=\"991\">De dobbelte drejel\u00e5se muligg\u00f8r separat l\u00e5sning af trykl\u00e5sen og cylinderl\u00e5sen i l\u00e5sekasser med dobbeltl\u00e5se. Dette elektriske slutstykke er s\u00e6rligt nyttigt, hvor der er krav til b\u00e5de d\u00f8rautomatik, brandd\u00e6mpning og n\u00f8d- og genadgang.<\/p>\n<p class=\"\" data-start=\"396\" data-end=\"991\">Ved at kombinere frem- og bakfunktion i de dobbelte drejninger kan d\u00f8ren effektivt h\u00e5ndtere b\u00e5de brandd\u00e6mpning og genindtr\u00e6den via brandalarm.<\/p>\n<p class=\"\" data-start=\"993\" data-end=\"1213\">ES22 har en propriet\u00e6r st\u00f8bningstrykteknologi, der tillader d\u00f8ren at \u00e5bne, selv n\u00e5r der p\u00e5f\u00f8res tryk p\u00e5 d\u00f8ren, hvilket ofte forekommer i milj\u00f8er med overtryk, sne eller snavs i d\u00f8r\u00e5bningen.<\/p>\n<p class=\"\" data-start=\"993\" data-end=\"1213\">Dette minimerer risikoen for nedetid.<\/p>\n<p class=\"\" data-start=\"1215\" data-end=\"1513\">Den elektriske slutplade er certificeret og CE-m\u00e6rket til brug i brandcellegr\u00e6nser og har en brandstyrke p\u00e5 op til 120 minutter.<\/p>\n<p class=\"\" data-start=\"1215\" data-end=\"1513\">Den er udstyret med dobbelte stempelkontakter og indbyggede sensorer, der indikerer, n\u00e5r h\u00e6ngslerne er l\u00e5st, hvilket g\u00f8r den til en p\u00e5lidelig l\u00f8sning i kritiske d\u00f8rmilj\u00f8er.<\/p>\n<p class=\"\" data-start=\"1515\" data-end=\"1532\"><strong data-start=\"1515\" data-end=\"1529\">Egenskaber<\/strong>:<\/p>\n<ul data-start=\"1533\" data-end=\"1891\">\n<li class=\"\" data-start=\"1533\" data-end=\"1561\">\n<p class=\"\" data-start=\"1535\" data-end=\"1561\">Til venstreh\u00e6ngte d\u00f8re<\/p>\n<\/li>\n<li class=\"\" data-start=\"1562\" data-end=\"1616\">\n<p class=\"\" data-start=\"1564\" data-end=\"1616\">Brandklassificeret op til 120 minutter (i henhold til SS-EN 14846)<\/p>\n<\/li>\n<li class=\"\" data-start=\"1617\" data-end=\"1643\">\n<p class=\"\" data-start=\"1619\" data-end=\"1643\">Listetryk: Over 100 kg<\/p>\n<\/li>\n<li class=\"\" data-start=\"1644\" data-end=\"1683\">\n<p class=\"\" data-start=\"1646\" data-end=\"1683\">Holdekraft: Op til 1500 kg \/ 15 kN<\/p>\n<\/li>\n<li class=\"\" data-start=\"1684\" data-end=\"1716\">\n<p class=\"\" data-start=\"1686\" data-end=\"1716\">Frem og tilbage funktion<\/p>\n<\/li>\n<li class=\"\" data-start=\"1717\" data-end=\"1747\">\n<p class=\"\" data-start=\"1719\" data-end=\"1747\">Stempelkontakt (armaturkontakt)<\/p>\n<\/li>\n<li class=\"\" data-start=\"1748\" data-end=\"1803\">\n<p class=\"\" data-start=\"1750\" data-end=\"1803\">Passer til dobbelth\u00e6ngte skydevinduer efter skandinavisk standard<\/p>\n<\/li>\n<li class=\"\" data-start=\"1804\" data-end=\"1827\">\n<p class=\"\" data-start=\"1806\" data-end=\"1827\">Sp\u00e6nding: 12-24 VDC<\/p>\n<\/li>\n<li class=\"\" data-start=\"1828\" data-end=\"1868\">\n<p class=\"\" data-start=\"1830\" data-end=\"1868\">Str\u00f8mforbrug: 35 mA pr. omgang<\/p>\n<\/li>\n<li class=\"\" data-start=\"1869\" data-end=\"1891\">\n<p class=\"\" data-start=\"1871\" data-end=\"1891\">Indbygget beskyttelsesdiode<\/p>\n<\/li>\n<\/ul>\n<p class=\"\" data-start=\"1893\" data-end=\"1924\"><strong data-start=\"1893\" data-end=\"1921\">Tekniske specifikationer<\/strong>:<\/p>\n<ul data-start=\"1925\" data-end=\"2499\">\n<li class=\"\" data-start=\"1925\" data-end=\"1961\">\n<p class=\"\" data-start=\"1927\" data-end=\"1961\"><strong data-start=\"1927\" data-end=\"1950\">Brudstyrke max<\/strong>: 1500 kg<\/p>\n<\/li>\n<li class=\"\" data-start=\"1962\" data-end=\"1991\">\n<p class=\"\" data-start=\"1964\" data-end=\"1991\"><strong data-start=\"1964\" data-end=\"1980\">D\u00f8r h\u00e6ngende<\/strong>: Venstre<\/p>\n<\/li>\n<li class=\"\" data-start=\"1992\" data-end=\"2015\">\n<p class=\"\" data-start=\"1994\" data-end=\"2015\"><strong data-start=\"1994\" data-end=\"2009\">Kabel medf\u00f8lger<\/strong>: Ja<\/p>\n<\/li>\n<li class=\"\" data-start=\"2016\" data-end=\"2041\">\n<p class=\"\" data-start=\"2018\" data-end=\"2041\"><strong data-start=\"2018\" data-end=\"2031\">Listeudskrivning<\/strong>: 100 kg<\/p>\n<\/li>\n<li class=\"\" data-start=\"2042\" data-end=\"2073\">\n<p class=\"\" data-start=\"2044\" data-end=\"2073\"><strong data-start=\"2044\" data-end=\"2054\">L\u00e5s type<\/strong>: Dobbeltfl\u00f8jet l\u00e5sehus<\/p>\n<\/li>\n<li class=\"\" data-start=\"2074\" data-end=\"2102\">\n<p class=\"\" data-start=\"2076\" data-end=\"2102\"><strong data-start=\"2076\" data-end=\"2093\">Bredt produkt<\/strong>: 35 mm<\/p>\n<\/li>\n<li class=\"\" data-start=\"2103\" data-end=\"2129\">\n<p class=\"\" data-start=\"2105\" data-end=\"2129\"><strong data-start=\"2105\" data-end=\"2123\">Byggematerialer vurderet<\/strong>: Ja<\/p>\n<\/li>\n<li class=\"\" data-start=\"2130\" data-end=\"2157\">\n<p class=\"\" data-start=\"2132\" data-end=\"2157\"><strong data-start=\"2132\" data-end=\"2148\">Dybt produkt<\/strong>: 40 mm<\/p>\n<\/li>\n<li class=\"\" data-start=\"2158\" data-end=\"2192\">\n<p class=\"\" data-start=\"2160\" data-end=\"2192\"><strong data-start=\"2160\" data-end=\"2185\">Driftssp\u00e6nding 12V\/24V<\/strong>: 12V<\/p>\n<\/li>\n<li class=\"\" data-start=\"2193\" data-end=\"2220\">\n<p class=\"\" data-start=\"2195\" data-end=\"2220\"><strong data-start=\"2195\" data-end=\"2214\">Dobbelt twist case<\/strong>: Ja<\/p>\n<\/li>\n<li class=\"\" data-start=\"2221\" data-end=\"2248\">\n<p class=\"\" data-start=\"2223\" data-end=\"2248\"><strong data-start=\"2223\" data-end=\"2241\">EPD-verificeret<\/strong>: Nej<\/p>\n<\/li>\n<li class=\"\" data-start=\"2249\" data-end=\"2267\">\n<p class=\"\" data-start=\"2251\" data-end=\"2267\"><strong data-start=\"2251\" data-end=\"2260\">FIN INFO<\/strong>: Nej<\/p>\n<\/li>\n<li class=\"\" data-start=\"2268\" data-end=\"2302\">\n<p class=\"\" data-start=\"2270\" data-end=\"2302\"><strong data-start=\"2270\" data-end=\"2291\">Farve\/Overfladebehandling<\/strong>: Rustfrit st\u00e5l<\/p>\n<\/li>\n<li class=\"\" data-start=\"2303\" data-end=\"2331\">\n<p class=\"\" data-start=\"2305\" data-end=\"2331\"><strong data-start=\"2305\" data-end=\"2321\">Forh\u00f8jet produkt<\/strong>: 230 mm<\/p>\n<\/li>\n<li class=\"\" data-start=\"2332\" data-end=\"2355\">\n<p class=\"\" data-start=\"2334\" data-end=\"2355\"><strong data-start=\"2334\" data-end=\"2349\">Stempelforbindelse<\/strong>: Ja<\/p>\n<\/li>\n<li class=\"\" data-start=\"2356\" data-end=\"2387\">\n<p class=\"\" data-start=\"2358\" data-end=\"2387\"><strong data-start=\"2358\" data-end=\"2377\">H\u00f8jre\/omvendt<\/strong>: Omvendt<\/p>\n<\/li>\n<li class=\"\" data-start=\"2388\" data-end=\"2414\">\n<p class=\"\" data-start=\"2390\" data-end=\"2414\"><strong data-start=\"2390\" data-end=\"2408\">Sp\u00e6nding AC\/DC<\/strong>: DC<\/p>\n<\/li>\n<li class=\"\" data-start=\"2415\" data-end=\"2443\">\n<p class=\"\" data-start=\"2417\" data-end=\"2443\"><strong data-start=\"2417\" data-end=\"2433\">Sp\u00e6nding max<\/strong>: 27,6V<\/p>\n<\/li>\n<li class=\"\" data-start=\"2444\" data-end=\"2472\">\n<p class=\"\" data-start=\"2446\" data-end=\"2472\"><strong data-start=\"2446\" data-end=\"2462\">Sp\u00e6nding min<\/strong>: 21,6V<\/p>\n<\/li>\n<li class=\"\" data-start=\"2473\" data-end=\"2499\">\n<p class=\"\" data-start=\"2475\" data-end=\"2499\"><strong data-start=\"2475\" data-end=\"2493\">SundaHouse vurderet<\/strong>: Ja<\/p>\n<\/li>\n<\/ul>","protected":false},"excerpt":{"rendered":"<p>Elektrisk endeplade ES22 V til venstreh\u00e6ngte d\u00f8re er en elektrisk endeplade med dobbelt twist drop, brandgodkendt i op til 120 min.<\/p>","protected":false},"featured_media":141536,"template":"","meta":{"_acf_changed":false},"product_brand":[],"product_cat":[3355],"product_tag":[4487,4488,4866,4489],"class_list":{"0":"post-141537","1":"product","2":"type-product","3":"status-publish","4":"has-post-thumbnail","6":"product_cat-elslutbleck","7":"product_tag-rel-sa","8":"product_tag-rel-safetron-elslutbleck","9":"product_tag-safetron-20","10":"product_tag-safetron-elslutbleck-es22","11":"product_shipping_class-tunga-paket","12":"pa_brands-7safetron","13":"tm-has-options","15":"first","16":"instock","17":"featured","18":"taxable","19":"shipping-taxable","20":"purchasable","21":"product-type-simple"},"acf":[],"_links":{"self":[{"href":"https:\/\/secureus.se\/dk\/wp-json\/wp\/v2\/product\/141537","targetHints":{"allow":["GET"]}}],"collection":[{"href":"https:\/\/secureus.se\/dk\/wp-json\/wp\/v2\/product"}],"about":[{"href":"https:\/\/secureus.se\/dk\/wp-json\/wp\/v2\/types\/product"}],"wp:featuredmedia":[{"embeddable":true,"href":"https:\/\/secureus.se\/dk\/wp-json\/wp\/v2\/media\/141536"}],"wp:attachment":[{"href":"https:\/\/secureus.se\/dk\/wp-json\/wp\/v2\/media?parent=141537"}],"wp:term":[{"taxonomy":"product_brand","embeddable":true,"href":"https:\/\/secureus.se\/dk\/wp-json\/wp\/v2\/product_brand?post=141537"},{"taxonomy":"product_cat","embeddable":true,"href":"https:\/\/secureus.se\/dk\/wp-json\/wp\/v2\/product_cat?post=141537"},{"taxonomy":"product_tag","embeddable":true,"href":"https:\/\/secureus.se\/dk\/wp-json\/wp\/v2\/product_tag?post=141537"}],"curies":[{"name":"wp","href":"https:\/\/api.w.org\/{rel}","templated":true}]}}