{"id":141541,"date":"2023-03-16T11:07:40","date_gmt":"2023-03-16T10:07:40","guid":{"rendered":"https:\/\/secureus.se\/safetron-motorlas-6300-halvsats\/"},"modified":"2026-01-12T13:19:31","modified_gmt":"2026-01-12T12:19:31","slug":"safetron-motorlas-6300-halvsats","status":"publish","type":"product","link":"https:\/\/secureus.se\/dk\/safetron-motorlas-6300-halvsats\/","title":{"rendered":"Safetron Motorl\u00e5s 6300 halvt s\u00e6t"},"content":{"rendered":"<p>SAFETRON motorl\u00e5s 6300 i s\u00e6t emballage. S\u00e6tpakken indeholder: motorl\u00e5s 6300, tilslutningskabel C04 (10m), endeplade 106-5 og rammeoverf\u00f8rsel CT81.<\/p>\n<p>Motorl\u00e5s 6300 i smalprofil-design udl\u00f8ses p\u00e5 0,2 sekunder, og derfor er der normalt ikke behov for separat dagl\u00e5s p\u00e5 h\u00f8jfrekvente d\u00f8re. Typiske anvendelsesomr\u00e5der er dag-, nat- og sikkerhedsafl\u00e5sning i handel, kontor og industri og hvor der stilles h\u00f8je til meget h\u00f8je krav til sikkerheden. Motorl\u00e5s 6300 er tilpasset til at fungere sammen med d\u00f8rautomatik.<\/p>\n<p>Styreenheden CU2 har markedets bredeste anvendelsesomr\u00e5de, samtidig med at den er den mest brugervenlige. Med CU2 kan to motorl\u00e5se tilsluttes uden nogen begr\u00e6nsning i signaludvekslingen, hvilket betyder at CU2 reelt er to styreenheder i \u00e9n. Det er ogs\u00e5 muligt at programmere AUX-rel\u00e6er til den \u00f8nskede funktion, f.eks. komplet kontrol til d\u00f8rautomatik eller v\u00e6sentlig funktion.<\/p>\n<p>Styreenheden CU2 har automatisk scanning, som g\u00f8r installationen plug-and-play. Der kr\u00e6ves ingen igangs\u00e6ttelse, men parring mellem enheder sker automatisk efter 12 timer, derefter indstilles installationsdatoen ogs\u00e5 digitalt i enhederne, hvorfra garantiperioden begynder at g\u00e6lde.<\/p>\n<p>B\u00e5de l\u00e5sehuset og styreenheden har et indbygget navigerbart display, som muligg\u00f8r justering af konfigurationen samt informationss\u00f8gning af f.eks. arrangementer og installationsdatoer.<\/p>\n<p>\u2022 Certificeret i henhold til SSF-3522 l\u00e5seklasse 3, 4 og 5 og SS-EN 14846 Grade 7<\/p>\n<p>\u2022 Krogregel<\/p>\n<p>\u2022 Tilpasset d\u00f8rautomatik<\/p>\n<p>\u2022 Op til 100m kabel<\/p>\n<p>\u2022 Automatisk initialisering<\/p>\n<p>\u2022 Dorndybde 35mm<\/p>\n<p>\u2022 Deaktiverer i 0,2 sekunder<\/p>\n<p>\u2022 Kan \u00e5bnes med en n\u00f8gle\/knop (90 graders rotation)<\/p>\n<p>\u2022 Servicemodul i styreenhed<\/p>\n<p>\u2022 H\u00e6ndelseslog<\/p>\n<p>\u2022 Fejlkodelog<\/p>\n<p>\u2022 Serieforbindelse, op til to motorl\u00e5se til en styreenhed<\/p>\n<p>\u2022 Sp\u00e6nding: 10-48VDC, 8-35VAC, 60-300 mA<\/p>\n<p>\u2022 Temperatur: -30\u00b0C til +70\u00b0C<\/p>\n<p>\u2022 Passer til skandinaviske ovale og runde cylindre<\/p>","protected":false},"excerpt":{"rendered":"<p>SAFETRON motorl\u00e5s 6300 i s\u00e6t emballage. S\u00e6ttet indeholder: motorl\u00e5s 6300, tilslutningskabel C04 (10m), endeplade 106-5 og rammeoverf\u00f8rsel CT81. Motorl\u00e5s 6300 i smalprofil-design udkobles i 0,2 sekunder og er derfor normalt n\u00f8dvendig<\/p>","protected":false},"featured_media":149421,"template":"","meta":{"_acf_changed":false},"product_brand":[],"product_cat":[2874],"product_tag":[4512,4542,4500,4866,4501],"class_list":{"0":"post-141541","1":"product","2":"type-product","3":"status-publish","4":"has-post-thumbnail","6":"product_cat-motorlas","7":"product_tag-motorlas-komplett-kpl","8":"product_tag-panikutrymning-nej","9":"product_tag-rel-safetron-motorlas","10":"product_tag-safetron-20","11":"product_tag-safetron-motorlas","12":"product_shipping_class-tunga-paket","13":"pa_brands-7safetron","14":"tm-no-options","16":"first","17":"instock","18":"sale","19":"featured","20":"taxable","21":"shipping-taxable","22":"purchasable","23":"product-type-simple"},"acf":[],"_links":{"self":[{"href":"https:\/\/secureus.se\/dk\/wp-json\/wp\/v2\/product\/141541","targetHints":{"allow":["GET"]}}],"collection":[{"href":"https:\/\/secureus.se\/dk\/wp-json\/wp\/v2\/product"}],"about":[{"href":"https:\/\/secureus.se\/dk\/wp-json\/wp\/v2\/types\/product"}],"wp:featuredmedia":[{"embeddable":true,"href":"https:\/\/secureus.se\/dk\/wp-json\/wp\/v2\/media\/149421"}],"wp:attachment":[{"href":"https:\/\/secureus.se\/dk\/wp-json\/wp\/v2\/media?parent=141541"}],"wp:term":[{"taxonomy":"product_brand","embeddable":true,"href":"https:\/\/secureus.se\/dk\/wp-json\/wp\/v2\/product_brand?post=141541"},{"taxonomy":"product_cat","embeddable":true,"href":"https:\/\/secureus.se\/dk\/wp-json\/wp\/v2\/product_cat?post=141541"},{"taxonomy":"product_tag","embeddable":true,"href":"https:\/\/secureus.se\/dk\/wp-json\/wp\/v2\/product_tag?post=141541"}],"curies":[{"name":"wp","href":"https:\/\/api.w.org\/{rel}","templated":true}]}}