{"id":141946,"date":"2022-07-04T11:08:47","date_gmt":"2022-07-04T09:08:47","guid":{"rendered":"https:\/\/secureus.se\/slutbleck-107-3\/"},"modified":"2026-01-12T13:15:34","modified_gmt":"2026-01-12T12:15:34","slug":"slutbleck-107-3","status":"publish","type":"product","link":"https:\/\/secureus.se\/dk\/slutbleck-107-3\/","title":{"rendered":"Slutresultatet 107-3"},"content":{"rendered":"<h1>Slutresultatet 107-3<\/h1>\n<p class=\"\" data-start=\"244\" data-end=\"635\">Slagplade 107-3 er designet til brug med motorl\u00e5se 6500 og 6600 og elektriske trykknapl\u00e5se SL620 og SL630.<\/p>\n<p class=\"\" data-start=\"244\" data-end=\"635\">Den passer til b\u00e5de tr\u00e6- og st\u00e5lrammer og er lavet af slidst\u00e6rkt rustfrit st\u00e5l for lang levetid og korrosionsbestandighed.<\/p>\n<p class=\"\" data-start=\"244\" data-end=\"635\">Magnet medf\u00f8lger for sikker og effektiv l\u00e5sning. Perfekt til b\u00e5de kommercielle og industrielle sikkerhedsl\u00f8sninger, hvor h\u00f8j ydeevne er p\u00e5kr\u00e6vet.<\/p>\n<p class=\"\" data-start=\"637\" data-end=\"654\"><strong data-start=\"637\" data-end=\"651\">Egenskaber<\/strong>:<\/p>\n<ul data-start=\"655\" data-end=\"882\">\n<li class=\"\" data-start=\"655\" data-end=\"693\">\n<p class=\"\" data-start=\"657\" data-end=\"693\">Velegnet til tr\u00e6- eller st\u00e5lrammer<\/p>\n<\/li>\n<li class=\"\" data-start=\"694\" data-end=\"767\">\n<p class=\"\" data-start=\"696\" data-end=\"767\">Kompatibel med motorl\u00e5se 6500, 6600 og elektriske skubbel\u00e5se SL620 og SL630<\/p>\n<\/li>\n<li class=\"\" data-start=\"768\" data-end=\"805\">\n<p class=\"\" data-start=\"770\" data-end=\"805\">Magnet medf\u00f8lger for effektiv l\u00e5sning<\/p>\n<\/li>\n<li class=\"\" data-start=\"806\" data-end=\"856\">\n<p class=\"\" data-start=\"808\" data-end=\"856\">Fremstillet af rustfrit st\u00e5l for h\u00f8j holdbarhed<\/p>\n<\/li>\n<li class=\"\" data-start=\"857\" data-end=\"882\">\n<p class=\"\" data-start=\"859\" data-end=\"882\"><strong data-start=\"859\" data-end=\"871\">Tungem\u00e5l<\/strong>: 19,0 mm<\/p>\n<\/li>\n<\/ul>\n<p class=\"\" data-start=\"884\" data-end=\"903\"><strong data-start=\"884\" data-end=\"900\">Teknisk data<\/strong>:<\/p>\n<ul data-start=\"904\" data-end=\"987\">\n<li class=\"\" data-start=\"904\" data-end=\"929\">\n<p class=\"\" data-start=\"906\" data-end=\"929\"><strong data-start=\"906\" data-end=\"918\">Tungem\u00e5l<\/strong>: 19,0 mm<\/p>\n<\/li>\n<li class=\"\" data-start=\"930\" data-end=\"962\">\n<p class=\"\" data-start=\"932\" data-end=\"962\"><strong data-start=\"932\" data-end=\"944\">Materiale<\/strong>: Rustfrit st\u00e5l<\/p>\n<\/li>\n<li class=\"\" data-start=\"963\" data-end=\"987\">\n<p class=\"\" data-start=\"965\" data-end=\"987\"><strong data-start=\"965\" data-end=\"981\">Magnet medf\u00f8lger<\/strong>: Ja<\/p>\n<\/li>\n<\/ul>","protected":false},"excerpt":{"rendered":"<p>Endeplade 107-3 til brug med motorl\u00e5s 6500, 6600 og elektrisk trykl\u00e5s SL620, SL630. Fremstillet i rustfrit st\u00e5l, magnet medf\u00f8lger.<\/p>","protected":false},"featured_media":141944,"template":"","meta":{"_acf_changed":false},"product_brand":[],"product_cat":[3355],"product_tag":[4504,4866,4505,4452],"class_list":{"0":"post-141946","1":"product","2":"type-product","3":"status-publish","4":"has-post-thumbnail","6":"product_cat-elslutbleck","7":"product_tag-ellas-tillbehor-slutbleck","8":"product_tag-safetron-20","9":"product_tag-safetron-tillbehor-600-serien","10":"product_tag-safetron-tillbehor-motorlas-6000-serien","11":"product_shipping_class-tunga-paket","12":"pa_brands-7safetron","13":"tm-has-options","15":"first","16":"instock","17":"featured","18":"taxable","19":"shipping-taxable","20":"purchasable","21":"product-type-simple"},"acf":[],"_links":{"self":[{"href":"https:\/\/secureus.se\/dk\/wp-json\/wp\/v2\/product\/141946","targetHints":{"allow":["GET"]}}],"collection":[{"href":"https:\/\/secureus.se\/dk\/wp-json\/wp\/v2\/product"}],"about":[{"href":"https:\/\/secureus.se\/dk\/wp-json\/wp\/v2\/types\/product"}],"wp:featuredmedia":[{"embeddable":true,"href":"https:\/\/secureus.se\/dk\/wp-json\/wp\/v2\/media\/141944"}],"wp:attachment":[{"href":"https:\/\/secureus.se\/dk\/wp-json\/wp\/v2\/media?parent=141946"}],"wp:term":[{"taxonomy":"product_brand","embeddable":true,"href":"https:\/\/secureus.se\/dk\/wp-json\/wp\/v2\/product_brand?post=141946"},{"taxonomy":"product_cat","embeddable":true,"href":"https:\/\/secureus.se\/dk\/wp-json\/wp\/v2\/product_cat?post=141946"},{"taxonomy":"product_tag","embeddable":true,"href":"https:\/\/secureus.se\/dk\/wp-json\/wp\/v2\/product_tag?post=141946"}],"curies":[{"name":"wp","href":"https:\/\/api.w.org\/{rel}","templated":true}]}}