{"id":142269,"date":"2022-07-04T11:24:55","date_gmt":"2022-07-04T09:24:55","guid":{"rendered":"https:\/\/secureus.se\/monteringsstolpe-sb07\/"},"modified":"2025-12-31T20:32:39","modified_gmt":"2025-12-31T19:32:39","slug":"monteringsstolpe-sb07","status":"publish","type":"product","link":"https:\/\/secureus.se\/dk\/monteringsstolpe-sb07\/","title":{"rendered":"Safetron Monteringsstolpe SB07"},"content":{"rendered":"<p>Flad monteringsstolpe i rustfrit st\u00e5l til SAFETRON elektrisk endeplade ES10. Tilpasset tr\u00e6- og metalrammer, brugt sammen med enkeltfaldsl\u00e5se af typen connect\/evolution eller modul. <\/p>\n<p>\u2022 Svarer til ASSA 507<br \/>\n<br \/>\n\u2022 Tungest\u00f8rrelse: 17 mm<br \/>\n<br \/>\n\u2022 M\u00e5l: (hxbxd) 180\u00d725 mm<\/p>","protected":false},"excerpt":{"rendered":"<p>Plan monteringsstolpe i rostfritt st\u00e5l f\u00f6r SAFETRON elslutbleck ES10. Anpassad f\u00f6r tr\u00e4- och metallkarmar, anv\u00e4nds tillsammans med enkelfall\u00e5s av typen connect\/evolution eller modul. \u2022 Motsvarande ASSA 507 \u2022 Pl\u00f6sm\u00e5tt: 17<\/p>","protected":false},"featured_media":142268,"template":"","meta":{"_acf_changed":false},"product_brand":[],"product_cat":[4735],"product_tag":[4440,4866],"class_list":{"0":"post-142269","1":"product","2":"type-product","3":"status-publish","4":"has-post-thumbnail","6":"product_cat-monteringsstolpe","7":"product_tag-safetron-montagestolpar-es17-es19-sa-modell","8":"product_tag-safetron-20","9":"product_shipping_class-tunga-paket","10":"pa_brands-7safetron","11":"tm-has-options","13":"first","14":"instock","15":"sale","16":"featured","17":"taxable","18":"shipping-taxable","19":"purchasable","20":"product-type-simple"},"acf":[],"_links":{"self":[{"href":"https:\/\/secureus.se\/dk\/wp-json\/wp\/v2\/product\/142269","targetHints":{"allow":["GET"]}}],"collection":[{"href":"https:\/\/secureus.se\/dk\/wp-json\/wp\/v2\/product"}],"about":[{"href":"https:\/\/secureus.se\/dk\/wp-json\/wp\/v2\/types\/product"}],"wp:featuredmedia":[{"embeddable":true,"href":"https:\/\/secureus.se\/dk\/wp-json\/wp\/v2\/media\/142268"}],"wp:attachment":[{"href":"https:\/\/secureus.se\/dk\/wp-json\/wp\/v2\/media?parent=142269"}],"wp:term":[{"taxonomy":"product_brand","embeddable":true,"href":"https:\/\/secureus.se\/dk\/wp-json\/wp\/v2\/product_brand?post=142269"},{"taxonomy":"product_cat","embeddable":true,"href":"https:\/\/secureus.se\/dk\/wp-json\/wp\/v2\/product_cat?post=142269"},{"taxonomy":"product_tag","embeddable":true,"href":"https:\/\/secureus.se\/dk\/wp-json\/wp\/v2\/product_tag?post=142269"}],"curies":[{"name":"wp","href":"https:\/\/api.w.org\/{rel}","templated":true}]}}