{"id":142378,"date":"2022-07-04T10:19:40","date_gmt":"2022-07-04T08:19:40","guid":{"rendered":"https:\/\/secureus.se\/monteringsstolpe-sa43\/"},"modified":"2026-01-12T13:15:43","modified_gmt":"2026-01-12T12:15:43","slug":"monteringsstolpe-sa43","status":"publish","type":"product","link":"https:\/\/secureus.se\/dk\/monteringsstolpe-sa43\/","title":{"rendered":"Safetron Monteringsstolpe SA43"},"content":{"rendered":"<p>Flad monteringsstolpe i rustfrit st\u00e5l til SAFETRON elektriske endeplader i standardserien: ES17 \/ ES19. Tilpasset til SAPA profilsystem 2074, anvendes sammen med dobbelt- eller enkeltfaldsl\u00e5se af typen connect\/evolution eller modul. <\/p>\n<p>\u2022 Tilpasset til SAPA 2074<br \/>\n<br \/>\n\u2022 Svarende til ST 4023<br \/>\n<br \/>\n\u2022 Tungest\u00f8rrelse: 20 mm<br \/>\n<br \/>\n\u2022 M\u00e5l: (hxb) 245\u00d754 mm<\/p>","protected":false},"excerpt":{"rendered":"<p>Plan monteringsstolpe i rostfritt st\u00e5l f\u00f6r SAFETRON elslutbleck i standardserien: ES17 \/ ES19. Anpassad f\u00f6r SAPA profilsystem 2074, anv\u00e4nds tillsammans med dubbel- eller enkelfall\u00e5s av typen connect\/evolution eller modul. \u2022<\/p>","protected":false},"featured_media":142375,"template":"","meta":{"_acf_changed":false},"product_brand":[],"product_cat":[4735],"product_tag":[4440,4866],"class_list":{"0":"post-142378","1":"product","2":"type-product","3":"status-publish","4":"has-post-thumbnail","6":"product_cat-monteringsstolpe","7":"product_tag-safetron-montagestolpar-es17-es19-sa-modell","8":"product_tag-safetron-20","9":"product_shipping_class-tunga-paket","10":"pa_brands-7safetron","11":"tm-has-options","13":"first","14":"instock","15":"featured","16":"taxable","17":"shipping-taxable","18":"purchasable","19":"product-type-simple"},"acf":[],"_links":{"self":[{"href":"https:\/\/secureus.se\/dk\/wp-json\/wp\/v2\/product\/142378","targetHints":{"allow":["GET"]}}],"collection":[{"href":"https:\/\/secureus.se\/dk\/wp-json\/wp\/v2\/product"}],"about":[{"href":"https:\/\/secureus.se\/dk\/wp-json\/wp\/v2\/types\/product"}],"wp:featuredmedia":[{"embeddable":true,"href":"https:\/\/secureus.se\/dk\/wp-json\/wp\/v2\/media\/142375"}],"wp:attachment":[{"href":"https:\/\/secureus.se\/dk\/wp-json\/wp\/v2\/media?parent=142378"}],"wp:term":[{"taxonomy":"product_brand","embeddable":true,"href":"https:\/\/secureus.se\/dk\/wp-json\/wp\/v2\/product_brand?post=142378"},{"taxonomy":"product_cat","embeddable":true,"href":"https:\/\/secureus.se\/dk\/wp-json\/wp\/v2\/product_cat?post=142378"},{"taxonomy":"product_tag","embeddable":true,"href":"https:\/\/secureus.se\/dk\/wp-json\/wp\/v2\/product_tag?post=142378"}],"curies":[{"name":"wp","href":"https:\/\/api.w.org\/{rel}","templated":true}]}}