{"id":142718,"date":"2022-07-04T10:43:32","date_gmt":"2022-07-04T08:43:32","guid":{"rendered":"https:\/\/secureus.se\/monteringsstolpe-sa07\/"},"modified":"2026-01-12T13:08:08","modified_gmt":"2026-01-12T12:08:08","slug":"monteringsstolpe-sa07","status":"publish","type":"product","link":"https:\/\/secureus.se\/dk\/monteringsstolpe-sa07\/","title":{"rendered":"Safetron Monteringsstolpe SA07"},"content":{"rendered":"<p>Flad monteringsstolpe i rustfrit st\u00e5l til SAFETRON elektriske endeplader i standardserien: ES17 \/ ES19. Tilpasset tr\u00e6- og metalrammer, brugt sammen med enkeltfaldsl\u00e5se af typen connect\/evolution eller modul. <\/p>\n<p>\u2022 Svarende til ST 4007<br \/>\n<br \/>\n\u2022 Tungest\u00f8rrelse: 18 mm<br \/>\n<br \/>\n\u2022 M\u00e5l: (hxbxd) 180\u00d726 mm<\/p>","protected":false},"excerpt":{"rendered":"<p>Plan monteringsstolpe i rostfritt st\u00e5l f\u00f6r SAFETRON elslutbleck i standardserien: ES17 \/ ES19. Anpassad f\u00f6r tr\u00e4- och metallkarmar, anv\u00e4nds tillsammans med enkelfall\u00e5s av typen connect\/evolution eller modul. \u2022 Motsvarande ST<\/p>","protected":false},"featured_media":142717,"template":"","meta":{"_acf_changed":false},"product_brand":[],"product_cat":[4735],"product_tag":[4440,4866],"class_list":{"0":"post-142718","1":"product","2":"type-product","3":"status-publish","4":"has-post-thumbnail","6":"product_cat-monteringsstolpe","7":"product_tag-safetron-montagestolpar-es17-es19-sa-modell","8":"product_tag-safetron-20","9":"product_shipping_class-tunga-paket","10":"pa_brands-7safetron","11":"tm-no-options","13":"first","14":"instock","15":"sale","16":"featured","17":"taxable","18":"shipping-taxable","19":"purchasable","20":"product-type-simple"},"acf":[],"_links":{"self":[{"href":"https:\/\/secureus.se\/dk\/wp-json\/wp\/v2\/product\/142718","targetHints":{"allow":["GET"]}}],"collection":[{"href":"https:\/\/secureus.se\/dk\/wp-json\/wp\/v2\/product"}],"about":[{"href":"https:\/\/secureus.se\/dk\/wp-json\/wp\/v2\/types\/product"}],"wp:featuredmedia":[{"embeddable":true,"href":"https:\/\/secureus.se\/dk\/wp-json\/wp\/v2\/media\/142717"}],"wp:attachment":[{"href":"https:\/\/secureus.se\/dk\/wp-json\/wp\/v2\/media?parent=142718"}],"wp:term":[{"taxonomy":"product_brand","embeddable":true,"href":"https:\/\/secureus.se\/dk\/wp-json\/wp\/v2\/product_brand?post=142718"},{"taxonomy":"product_cat","embeddable":true,"href":"https:\/\/secureus.se\/dk\/wp-json\/wp\/v2\/product_cat?post=142718"},{"taxonomy":"product_tag","embeddable":true,"href":"https:\/\/secureus.se\/dk\/wp-json\/wp\/v2\/product_tag?post=142718"}],"curies":[{"name":"wp","href":"https:\/\/api.w.org\/{rel}","templated":true}]}}