{"id":142749,"date":"2022-07-04T10:31:54","date_gmt":"2022-07-04T08:31:54","guid":{"rendered":"https:\/\/secureus.se\/monteringsstolpe-sa82h\/"},"modified":"2026-01-12T13:12:09","modified_gmt":"2026-01-12T12:12:09","slug":"monteringsstolpe-sa82h","status":"publish","type":"product","link":"https:\/\/secureus.se\/dk\/monteringsstolpe-sa82h\/","title":{"rendered":"Safetron Monteringsstolpe SA82H"},"content":{"rendered":"<p>Vinklet monteringsstolpe i rustfrit st\u00e5l til SAFETRON elektriske endeplader i standardserien: ES17 \/ ES19. Tilpasset d\u00f8re fra Daloc. Anvendes sammen med dobbelt eller enkelt faldl\u00e5se af typen connect\/evolution eller modul. <\/p>\n<p>\u2022 Tilpasset til Daloc<br \/>\n<br \/>\n\u2022 Svarende til ST 4082H<br \/>\n<br \/>\n\u2022 Tungest\u00f8rrelse: 15 mm<br \/>\n<br \/>\n\u2022 M\u00e5l: (hxb) 245x40x15 mm<\/p>","protected":false},"excerpt":{"rendered":"<p>Vinklad monteringsstolpe i rostfritt st\u00e5l f\u00f6r SAFETRON elslutbleck i standardserien: ES17 \/ ES19. Anpassad f\u00f6r d\u00f6rrar fr\u00e5n Daloc. Anv\u00e4nds tillsammans med dubbel- eller enkelfall\u00e5s av typen connect\/evolution eller modul. \u2022<\/p>","protected":false},"featured_media":142748,"template":"","meta":{"_acf_changed":false},"product_brand":[],"product_cat":[4735],"product_tag":[4440,4866],"class_list":{"0":"post-142749","1":"product","2":"type-product","3":"status-publish","4":"has-post-thumbnail","6":"product_cat-monteringsstolpe","7":"product_tag-safetron-montagestolpar-es17-es19-sa-modell","8":"product_tag-safetron-20","9":"product_shipping_class-tunga-paket","10":"pa_brands-7safetron","11":"tm-has-options","13":"first","14":"instock","15":"featured","16":"taxable","17":"shipping-taxable","18":"purchasable","19":"product-type-simple"},"acf":[],"_links":{"self":[{"href":"https:\/\/secureus.se\/dk\/wp-json\/wp\/v2\/product\/142749","targetHints":{"allow":["GET"]}}],"collection":[{"href":"https:\/\/secureus.se\/dk\/wp-json\/wp\/v2\/product"}],"about":[{"href":"https:\/\/secureus.se\/dk\/wp-json\/wp\/v2\/types\/product"}],"wp:featuredmedia":[{"embeddable":true,"href":"https:\/\/secureus.se\/dk\/wp-json\/wp\/v2\/media\/142748"}],"wp:attachment":[{"href":"https:\/\/secureus.se\/dk\/wp-json\/wp\/v2\/media?parent=142749"}],"wp:term":[{"taxonomy":"product_brand","embeddable":true,"href":"https:\/\/secureus.se\/dk\/wp-json\/wp\/v2\/product_brand?post=142749"},{"taxonomy":"product_cat","embeddable":true,"href":"https:\/\/secureus.se\/dk\/wp-json\/wp\/v2\/product_cat?post=142749"},{"taxonomy":"product_tag","embeddable":true,"href":"https:\/\/secureus.se\/dk\/wp-json\/wp\/v2\/product_tag?post=142749"}],"curies":[{"name":"wp","href":"https:\/\/api.w.org\/{rel}","templated":true}]}}