{"id":142775,"date":"2022-07-04T10:13:02","date_gmt":"2022-07-04T08:13:02","guid":{"rendered":"https:\/\/secureus.se\/slutbleck-107-7\/"},"modified":"2026-01-12T13:23:24","modified_gmt":"2026-01-12T12:23:24","slug":"slutbleck-107-7","status":"publish","type":"product","link":"https:\/\/secureus.se\/dk\/slutbleck-107-7\/","title":{"rendered":"Endeplade 107-7"},"content":{"rendered":"<h1>Endeplade 107-7<\/h1>\n<p class=\"\" data-start=\"242\" data-end=\"719\">Sl\u00e5plade 107-7 er designet til brug i tr\u00e6-, aluminiums- eller st\u00e5lrammer og er det perfekte valg, n\u00e5r du \u00f8nsker at udskifte elektriske slagplader med elektriske trykknapl\u00e5se eller motorl\u00e5se.<\/p>\n<p class=\"\" data-start=\"242\" data-end=\"719\">Den leveres komplet med en justerbar magnet og er lavet af slidst\u00e6rkt rustfrit st\u00e5l for langvarig holdbarhed. Slutpladen er kompatibel med udsparinger til elektriske slutplader med monteringsstolpe SA31-15 \/ ST4001-15.<\/p>\n<p class=\"\" data-start=\"242\" data-end=\"719\">Perfekt til brug med SAFETRON-produkterne SL620, SL630, 6500 og 6600.<\/p>\n<p class=\"\" data-start=\"721\" data-end=\"738\"><strong data-start=\"721\" data-end=\"735\">Egenskaber<\/strong>:<\/p>\n<ul data-start=\"739\" data-end=\"1076\">\n<li class=\"\" data-start=\"739\" data-end=\"785\">\n<p class=\"\" data-start=\"741\" data-end=\"785\">Velegnet til tr\u00e6-, aluminium- eller st\u00e5lrammer<\/p>\n<\/li>\n<li class=\"\" data-start=\"786\" data-end=\"812\">\n<p class=\"\" data-start=\"788\" data-end=\"812\">Justerbar magnet medf\u00f8lger<\/p>\n<\/li>\n<li class=\"\" data-start=\"813\" data-end=\"864\">\n<p class=\"\" data-start=\"815\" data-end=\"864\">Fremstillet af rustfrit st\u00e5l for lang holdbarhed<\/p>\n<\/li>\n<li class=\"\" data-start=\"865\" data-end=\"954\">\n<p class=\"\" data-start=\"867\" data-end=\"954\">Kan bruges i udsparinger forberedt til elektriske slutplader med monteringsstolpe SA31-15 \/ ST4001-15<\/p>\n<\/li>\n<li class=\"\" data-start=\"955\" data-end=\"1076\">\n<p class=\"\" data-start=\"957\" data-end=\"994\">Kompatibel med f\u00f8lgende produkter:<\/p>\n<ul data-start=\"997\" data-end=\"1076\">\n<li class=\"\" data-start=\"997\" data-end=\"1015\">\n<p class=\"\" data-start=\"999\" data-end=\"1015\">SAFETRON SL620<\/p>\n<\/li>\n<li class=\"\" data-start=\"1018\" data-end=\"1036\">\n<p class=\"\" data-start=\"1020\" data-end=\"1036\">SAFETRON SL630<\/p>\n<\/li>\n<li class=\"\" data-start=\"1039\" data-end=\"1056\">\n<p class=\"\" data-start=\"1041\" data-end=\"1056\">SAFETRON 6500<\/p>\n<\/li>\n<li class=\"\" data-start=\"1059\" data-end=\"1076\">\n<p class=\"\" data-start=\"1061\" data-end=\"1076\">SAFETRON 6600<\/p>\n<\/li>\n<\/ul>\n<\/li>\n<\/ul>\n<p class=\"\" data-start=\"1078\" data-end=\"1097\"><strong data-start=\"1078\" data-end=\"1094\">Teknisk data<\/strong>:<\/p>\n<ul data-start=\"1098\" data-end=\"1273\">\n<li class=\"\" data-start=\"1098\" data-end=\"1130\">\n<p class=\"\" data-start=\"1100\" data-end=\"1130\"><strong data-start=\"1100\" data-end=\"1112\">Materiale<\/strong>: Rustfrit st\u00e5l<\/p>\n<\/li>\n<li class=\"\" data-start=\"1131\" data-end=\"1156\">\n<p class=\"\" data-start=\"1133\" data-end=\"1156\"><strong data-start=\"1133\" data-end=\"1143\">Magnet<\/strong>: Justerbar<\/p>\n<\/li>\n<li class=\"\" data-start=\"1157\" data-end=\"1214\">\n<p class=\"\" data-start=\"1159\" data-end=\"1214\"><strong data-start=\"1159\" data-end=\"1177\">Kompatibel med<\/strong>: SA31-15 \/ ST4001-15 monteringsstolpe<\/p>\n<\/li>\n<li class=\"\" data-start=\"1215\" data-end=\"1273\">\n<p class=\"\" data-start=\"1217\" data-end=\"1273\"><strong data-start=\"1217\" data-end=\"1238\">Anvendelsesomr\u00e5de<\/strong>: Tr\u00e6-, aluminiums- eller st\u00e5lrammer<\/p>\n<\/li>\n<\/ul>","protected":false},"excerpt":{"rendered":"<p>Slagplade 107-7 til brug i tr\u00e6-, aluminiums- eller st\u00e5lrammer. Leveres med justerbar magnet, lavet af rustfrit st\u00e5l.<\/p>","protected":false},"featured_media":142774,"template":"","meta":{"_acf_changed":false},"product_brand":[],"product_cat":[3355],"product_tag":[4504,4866,4505,4452],"class_list":{"0":"post-142775","1":"product","2":"type-product","3":"status-publish","4":"has-post-thumbnail","6":"product_cat-elslutbleck","7":"product_tag-ellas-tillbehor-slutbleck","8":"product_tag-safetron-20","9":"product_tag-safetron-tillbehor-600-serien","10":"product_tag-safetron-tillbehor-motorlas-6000-serien","11":"product_shipping_class-tunga-paket","12":"pa_brands-7safetron","13":"tm-no-options","15":"first","16":"instock","17":"featured","18":"taxable","19":"shipping-taxable","20":"purchasable","21":"product-type-simple"},"acf":[],"_links":{"self":[{"href":"https:\/\/secureus.se\/dk\/wp-json\/wp\/v2\/product\/142775","targetHints":{"allow":["GET"]}}],"collection":[{"href":"https:\/\/secureus.se\/dk\/wp-json\/wp\/v2\/product"}],"about":[{"href":"https:\/\/secureus.se\/dk\/wp-json\/wp\/v2\/types\/product"}],"wp:featuredmedia":[{"embeddable":true,"href":"https:\/\/secureus.se\/dk\/wp-json\/wp\/v2\/media\/142774"}],"wp:attachment":[{"href":"https:\/\/secureus.se\/dk\/wp-json\/wp\/v2\/media?parent=142775"}],"wp:term":[{"taxonomy":"product_brand","embeddable":true,"href":"https:\/\/secureus.se\/dk\/wp-json\/wp\/v2\/product_brand?post=142775"},{"taxonomy":"product_cat","embeddable":true,"href":"https:\/\/secureus.se\/dk\/wp-json\/wp\/v2\/product_cat?post=142775"},{"taxonomy":"product_tag","embeddable":true,"href":"https:\/\/secureus.se\/dk\/wp-json\/wp\/v2\/product_tag?post=142775"}],"curies":[{"name":"wp","href":"https:\/\/api.w.org\/{rel}","templated":true}]}}