{"id":143072,"date":"2022-06-28T12:49:54","date_gmt":"2022-06-28T10:49:54","guid":{"rendered":"https:\/\/secureus.se\/magnetkontakt-mc-340\/"},"modified":"2026-04-23T11:33:52","modified_gmt":"2026-04-23T09:33:52","slug":"magnetkontakt-mc-340","status":"publish","type":"product","link":"https:\/\/secureus.se\/dk\/magnetkontakt-mc-340\/","title":{"rendered":"Alarmtech MC 340 Magnetkontakt, planmontage, NC, 2 m kabel, hvid"},"content":{"rendered":"<p>Magnetisk kontakt med NC-funktion til fors\u00e6nket montering i d\u00f8re og vinduer med m\u00e5l 9x26mm. B\u00e5de kontakt- og magnetdelene er i vandt\u00e6t (IP 67) hvidt plasthus med flanger, som muligg\u00f8r nem montering i tr\u00e6 uden ekstra tilbeh\u00f8r. Et stort udvalg af tilbeh\u00f8r er tilg\u00e6ngeligt, se 6332803-6332811 og i flere f\u00e6rdige s\u00e6t til forskellige anvendelser, se 6332767-6332778. For h\u00f8jsikkerhedskontakter se MC 370, 6332790. Modstande og specielle kabell\u00e6ngder eller halogenfrit kabel kan specialbestilles.<\/p>","protected":false},"excerpt":{"rendered":"<p>Magnetisk kontakt MC340<\/p>","protected":false},"featured_media":143069,"template":"","meta":{"_acf_changed":false},"product_brand":[],"product_cat":[3086],"product_tag":[2465],"class_list":{"0":"post-143072","1":"product","2":"type-product","3":"status-publish","4":"has-post-thumbnail","6":"product_cat-magnetkontakter","7":"product_tag-sbsc-larmklass2","8":"product_shipping_class-postnord-varubrev","9":"pa_brands-alarmtech","10":"pa_farg-vit","11":"tm-no-options","13":"first","14":"instock","15":"taxable","16":"shipping-taxable","17":"purchasable","18":"product-type-simple"},"acf":[],"_links":{"self":[{"href":"https:\/\/secureus.se\/dk\/wp-json\/wp\/v2\/product\/143072","targetHints":{"allow":["GET"]}}],"collection":[{"href":"https:\/\/secureus.se\/dk\/wp-json\/wp\/v2\/product"}],"about":[{"href":"https:\/\/secureus.se\/dk\/wp-json\/wp\/v2\/types\/product"}],"wp:featuredmedia":[{"embeddable":true,"href":"https:\/\/secureus.se\/dk\/wp-json\/wp\/v2\/media\/143069"}],"wp:attachment":[{"href":"https:\/\/secureus.se\/dk\/wp-json\/wp\/v2\/media?parent=143072"}],"wp:term":[{"taxonomy":"product_brand","embeddable":true,"href":"https:\/\/secureus.se\/dk\/wp-json\/wp\/v2\/product_brand?post=143072"},{"taxonomy":"product_cat","embeddable":true,"href":"https:\/\/secureus.se\/dk\/wp-json\/wp\/v2\/product_cat?post=143072"},{"taxonomy":"product_tag","embeddable":true,"href":"https:\/\/secureus.se\/dk\/wp-json\/wp\/v2\/product_tag?post=143072"}],"curies":[{"name":"wp","href":"https:\/\/api.w.org\/{rel}","templated":true}]}}