{"id":143873,"date":"2022-06-28T12:49:24","date_gmt":"2022-06-28T10:49:24","guid":{"rendered":"https:\/\/secureus.se\/magnetkontakt-mc-340-s32-10\/"},"modified":"2026-03-26T12:03:34","modified_gmt":"2026-03-26T11:03:34","slug":"magnetkontakt-mc-340-s32-10","status":"publish","type":"product","link":"https:\/\/secureus.se\/dk\/magnetkontakt-mc-340-s32-10\/","title":{"rendered":"Magnetisk kontakt Mc 340-S32-10"},"content":{"rendered":"<p>Magnetisk kontakt med NC fungerer som et komplet s\u00e6t inklusive plastadapteren MC 300-S32 med en ekstra st\u00e6rk magnet til montering i d\u00f8re og vinduer i magnetisk materiale eller til l\u00e6ngere arbejdsafstand ved montering i et ikke-magnetisk materiale. Adapteren har snap-in funktion og er tilpasset til to forskellige materialetykkelser: 1mm og 1,5mm. B\u00e5de kontakt- og magnetdelen er i et vandt\u00e6t (IP 67) hvidt plasthus. Til en borediameter p\u00e5 19 mm.<\/p>","protected":false},"excerpt":{"rendered":"<p>Magnetisk kontakt MC340-S32-10<\/p>","protected":false},"featured_media":143871,"template":"","meta":{"_acf_changed":false},"product_brand":[],"product_cat":[3086],"product_tag":[2465],"class_list":{"0":"post-143873","1":"product","2":"type-product","3":"status-publish","4":"has-post-thumbnail","6":"product_cat-magnetkontakter","7":"product_tag-sbsc-larmklass2","8":"product_shipping_class-postnord-varubrev","9":"pa_brands-alarmtech","10":"pa_farg-vit","11":"tm-no-options","13":"first","14":"instock","15":"taxable","16":"shipping-taxable","17":"purchasable","18":"product-type-simple"},"acf":[],"_links":{"self":[{"href":"https:\/\/secureus.se\/dk\/wp-json\/wp\/v2\/product\/143873","targetHints":{"allow":["GET"]}}],"collection":[{"href":"https:\/\/secureus.se\/dk\/wp-json\/wp\/v2\/product"}],"about":[{"href":"https:\/\/secureus.se\/dk\/wp-json\/wp\/v2\/types\/product"}],"wp:featuredmedia":[{"embeddable":true,"href":"https:\/\/secureus.se\/dk\/wp-json\/wp\/v2\/media\/143871"}],"wp:attachment":[{"href":"https:\/\/secureus.se\/dk\/wp-json\/wp\/v2\/media?parent=143873"}],"wp:term":[{"taxonomy":"product_brand","embeddable":true,"href":"https:\/\/secureus.se\/dk\/wp-json\/wp\/v2\/product_brand?post=143873"},{"taxonomy":"product_cat","embeddable":true,"href":"https:\/\/secureus.se\/dk\/wp-json\/wp\/v2\/product_cat?post=143873"},{"taxonomy":"product_tag","embeddable":true,"href":"https:\/\/secureus.se\/dk\/wp-json\/wp\/v2\/product_tag?post=143873"}],"curies":[{"name":"wp","href":"https:\/\/api.w.org\/{rel}","templated":true}]}}