{"id":145566,"date":"2022-03-10T15:26:00","date_gmt":"2022-03-10T14:26:00","guid":{"rendered":"https:\/\/secureus.se\/stor-pase-170x230-aterforslutningsbarskrivfalt-25-pack\/"},"modified":"2025-12-31T19:37:09","modified_gmt":"2025-12-31T18:37:09","slug":"stor-pase-170x230-aterforslutningsbarskrivfalt-25-pack","status":"publish","type":"product","link":"https:\/\/secureus.se\/dk\/stor-pase-170x230-aterforslutningsbarskrivfalt-25-pack\/","title":{"rendered":"Stor taske 25-pak 170\u00d7230 Genlukkeligt+skrivbart felt ("},"content":{"rendered":"<div>\n<p>Ziplock-poser er fantastiske, n\u00e5r du nemt vil forsegle, \u00e5bne og genforsegle en taske.<\/p>\n<ul>\n<li>Lynl\u00e5sposerne er lavet af milj\u00f8venlig polyethylen og udstyret med lynl\u00e5s.<\/li>\n<li>Leveres med udstanset hul, 6 mm, over lukningen.<\/li>\n<li>Kommer med skrivefelt, hvor du kan udfylde, hvad der indeholder er.<\/li>\n<li>Leveres i 25 pakker&nbsp;<\/li>\n<\/ul>\n<\/div>","protected":false},"excerpt":{"rendered":"<p>Blixl&aring;sp&aring;sar &auml;r bra n&auml;r du enkelt vill f&ouml;rsluta, &ouml;ppna och &aring;terf&ouml;rsluta en p&aring;se. Blixtl&aring;sp&aring;sarna &auml;r tillverkad av milj&ouml;v&auml;nlig polyeten och f&ouml;rsedda med blixtl&aring;s. Levereras med utstansat h&aring;l, 6 mm, &ouml;ver<\/p>","protected":false},"featured_media":145565,"template":"","meta":{"_acf_changed":false},"product_brand":[],"product_cat":[1692],"product_tag":[],"class_list":{"0":"post-145566","1":"product","2":"type-product","3":"status-publish","4":"has-post-thumbnail","6":"product_cat-kortklamma-montering","7":"product_shipping_class-postnord-varubrev","8":"pa_brands-stonehouse-security","9":"pa_rfid-tillbehor-clips-montering","10":"tm-no-options","12":"first","13":"instock","14":"featured","15":"taxable","16":"shipping-taxable","17":"purchasable","18":"product-type-simple"},"acf":[],"_links":{"self":[{"href":"https:\/\/secureus.se\/dk\/wp-json\/wp\/v2\/product\/145566","targetHints":{"allow":["GET"]}}],"collection":[{"href":"https:\/\/secureus.se\/dk\/wp-json\/wp\/v2\/product"}],"about":[{"href":"https:\/\/secureus.se\/dk\/wp-json\/wp\/v2\/types\/product"}],"wp:featuredmedia":[{"embeddable":true,"href":"https:\/\/secureus.se\/dk\/wp-json\/wp\/v2\/media\/145565"}],"wp:attachment":[{"href":"https:\/\/secureus.se\/dk\/wp-json\/wp\/v2\/media?parent=145566"}],"wp:term":[{"taxonomy":"product_brand","embeddable":true,"href":"https:\/\/secureus.se\/dk\/wp-json\/wp\/v2\/product_brand?post=145566"},{"taxonomy":"product_cat","embeddable":true,"href":"https:\/\/secureus.se\/dk\/wp-json\/wp\/v2\/product_cat?post=145566"},{"taxonomy":"product_tag","embeddable":true,"href":"https:\/\/secureus.se\/dk\/wp-json\/wp\/v2\/product_tag?post=145566"}],"curies":[{"name":"wp","href":"https:\/\/api.w.org\/{rel}","templated":true}]}}