{"id":145678,"date":"2022-03-10T14:57:00","date_gmt":"2022-03-10T13:57:00","guid":{"rendered":"https:\/\/secureus.se\/risco-agility-gsm-gprs-3g-modul\/"},"modified":"2026-01-17T19:56:16","modified_gmt":"2026-01-17T18:56:16","slug":"risco-agility-gsm-gprs-3g-modul","status":"publish","type":"product","link":"https:\/\/secureus.se\/dk\/risco-agility-gsm-gprs-3g-modul\/","title":{"rendered":"Risco Agility GSM\/GPRS 3G MODUL"},"content":{"rendered":"<div>\n<h1>Risco Agility GSM\/GPRS 3G MODUL<\/h1>\n<p data-start=\"484\" data-end=\"886\">Risco Agility GSM\/GPRS 3G-modulet (mod. RW132G30000) er en plug-in-kortl\u00f8sning, der tilf\u00f8jer kommunikationsfunktioner via GSM\/GPRS-netv\u00e6rket til Agility-sikkerhedssystemet.<\/p>\n<p data-start=\"484\" data-end=\"886\">Dette modul g\u00f8r det muligt for Agility 3-systemet at sende alarmer og systemh\u00e6ndelser til kontaktpersoner via SMS eller stemmeopkald, samt at overf\u00f8re alarmer til alarmcentraler i traditionelle formater som ContactID eller SIA.<\/p>\n<p data-start=\"888\" data-end=\"1266\">Ved installation af Agility 3 leveres systemet med et netv\u00e6rkskort til tilslutning til Risco Cloud, men for at kunne sende alarmer via GSM\/GPRS og bruge traditionelle alarmformater skal dette plug-in-kort installeres.<\/p>\n<p data-start=\"888\" data-end=\"1266\">Dette g\u00f8r det muligt for brugeren at have et system, der kan kommunikere via GSM\/GPRS, hvis digital eller IP-kommunikation ikke er tilg\u00e6ngelig.<\/p>\n<p data-start=\"1268\" data-end=\"1584\">Risco Agility GSM\/GPRS 3G-modulet g\u00f8r det muligt for systemet at sende alarmer med stemmeopkald til kontaktpersoner, hvilket g\u00f8r det nemmere hurtigt at modtage information om alarmh\u00e6ndelser.<\/p>\n<p data-start=\"1268\" data-end=\"1584\">Der er ogs\u00e5 mulighed for fjernbetjening af Agility-systemet via en stemmemenu, hvilket giver yderligere kontrol og bekvemmelighed.<\/p>\n<p data-start=\"1586\" data-end=\"1921\">Alarmtransmission til alarmcentraler kan ske via GSM i ContactID- eller SIA-formater, samt via GPRS i SIA IP-format, hvilket g\u00f8r modulet kompatibelt med en bred vifte af alarmcentraler.<\/p>\n<p data-start=\"1586\" data-end=\"1921\">Derudover betyder forbindelsen til Risco Cloud via GPRS, at brugerne stadig kan overv\u00e5ge og styre systemet eksternt via deres smartphones og tablets.<\/p>\n<p data-start=\"1923\" data-end=\"1953\"><strong data-start=\"1923\" data-end=\"1951\">Hovedfunktioner:<\/strong><\/p>\n<ul data-start=\"1954\" data-end=\"2669\">\n<li data-start=\"1954\" data-end=\"2054\">\n<p data-start=\"1956\" data-end=\"2054\"><strong data-start=\"1956\" data-end=\"1977\">SMS og stemmealarm:<\/strong> Sender SMS- og stemmemeddelelser til kontaktpersoner i tilf\u00e6lde af systemh\u00e6ndelser og alarmer<\/p>\n<\/li>\n<li data-start=\"2055\" data-end=\"2145\">\n<p data-start=\"2057\" data-end=\"2145\"><strong data-start=\"2057\" data-end=\"2077\">Stemmeopkald:<\/strong> Stemmeopkald til kontaktpersoner i tilf\u00e6lde af alarmer og systemh\u00e6ndelser<\/p>\n<\/li>\n<li data-start=\"2146\" data-end=\"2215\">\n<p data-start=\"2148\" data-end=\"2215\"><strong data-start=\"2148\" data-end=\"2166\">Fjernbetjening:<\/strong> Stemmemenu til fjernbetjening af Agility-systemet<\/p>\n<\/li>\n<li data-start=\"2216\" data-end=\"2333\">\n<p data-start=\"2218\" data-end=\"2333\"><strong data-start=\"2218\" data-end=\"2254\">Alarmtransmission til alarmcentral:<\/strong> Underst\u00f8tter GSM-alarmer i ContactID- og SIA-format, samt GPRS-alarmer i SIA IP-format<\/p>\n<\/li>\n<li data-start=\"2334\" data-end=\"2438\">\n<p data-start=\"2336\" data-end=\"2438\"><strong data-start=\"2336\" data-end=\"2368\">Forbindelse til Risco Cloud:<\/strong> Muligg\u00f8r forbindelse til Risco Cloud via GPRS til fjernoverv\u00e5gning<\/p>\n<\/li>\n<li data-start=\"2439\" data-end=\"2536\">\n<p data-start=\"2441\" data-end=\"2536\"><strong data-start=\"2441\" data-end=\"2460\">Kompatibilitet:<\/strong> Kan bruges til at tilf\u00f8je GSM\/GPRS-kommunikation til Agility-systemet<\/p>\n<\/li>\n<li data-start=\"2537\" data-end=\"2669\">\n<p data-start=\"2539\" data-end=\"2669\"><strong data-start=\"2539\" data-end=\"2575\">Kan ikke kombineres med Risco Cloud:<\/strong> GSM\/GPRS-alarmtransmission kan ikke bruges samtidig med Risco Cloud-forbindelse p\u00e5 dette modul.<\/p>\n<\/li>\n<\/ul>\n<p data-start=\"2671\" data-end=\"2702\"><strong data-start=\"2671\" data-end=\"2700\">Tekniske specifikationer:<\/strong><\/p>\n<ul data-start=\"2703\" data-end=\"2944\">\n<li data-start=\"2703\" data-end=\"2739\">\n<p data-start=\"2705\" data-end=\"2739\"><strong data-start=\"2705\" data-end=\"2723\">Meddelelse:<\/strong> GSM\/GPRS (3G)<\/p>\n<\/li>\n<li data-start=\"2740\" data-end=\"2795\">\n<p data-start=\"2742\" data-end=\"2795\"><strong data-start=\"2742\" data-end=\"2757\">Alarmformat:<\/strong> Kontakt-ID, SIA (GSM), SIA IP (GPRS)<\/p>\n<\/li>\n<li data-start=\"2796\" data-end=\"2835\">\n<p data-start=\"2798\" data-end=\"2835\"><strong data-start=\"2798\" data-end=\"2816\">Fjernbetjening:<\/strong> Ja, via stemmemenu<\/p>\n<\/li>\n<li data-start=\"2836\" data-end=\"2895\">\n<p data-start=\"2838\" data-end=\"2895\"><strong data-start=\"2838\" data-end=\"2861\">Installationsmetode:<\/strong> Plug-in-kort i Agility-systemet<\/p>\n<\/li>\n<li data-start=\"2896\" data-end=\"2944\">\n<p data-start=\"2898\" data-end=\"2944\"><strong data-start=\"2898\" data-end=\"2930\">Leverand\u00f8rens artikelnummer:<\/strong> RW132G30000<\/p>\n<\/li>\n<\/ul>\n<p data-start=\"2946\" data-end=\"3217\">Risco Agility GSM\/GPRS 3G-modulet giver brugerne en p\u00e5lidelig metode til alarmtransmission via GSM\/GPRS, samt muligheden for at oprette forbindelse til Risco Cloud for fjernoverv\u00e5gning, hvilket g\u00f8r det til et fremragende valg for brugere, der har brug for fleksibel kommunikation i deres sikkerhedssystemer.<\/p>\n<\/div>","protected":false},"excerpt":{"rendered":"<p>Risco Agility GSM\/GPRS 3G-modulet (RW132G30000) er et plug-in-kort, der giver Agility-systemet mulighed for at kommunikere via GSM\/GPRS til traditionel alarmtransmission.<\/p>\n<p>Det muligg\u00f8r SMS- og stemmealarmer til at kontakte personer og forbindelse til alarmcentraler via GSM eller GPRS. Modulet underst\u00f8tter ogs\u00e5 forbindelse til Risco Cloud via GPRS.<\/p>","protected":false},"featured_media":145677,"template":"","meta":{"_acf_changed":false},"product_brand":[],"product_cat":[4882],"product_tag":[],"class_list":{"0":"post-145678","1":"product","2":"type-product","3":"status-publish","4":"has-post-thumbnail","6":"product_cat-agility-v4-3-2","7":"product_shipping_class-postnord-varubrev","8":"pa_brands-4risco","9":"pa_risco-produkter-agility-2","10":"pa_risco-produkter-agility-3","11":"pa_risco-produkter-agility-4","12":"tm-no-options","14":"first","15":"instock","16":"sale","17":"featured","18":"taxable","19":"shipping-taxable","20":"purchasable","21":"product-type-simple"},"acf":[],"_links":{"self":[{"href":"https:\/\/secureus.se\/dk\/wp-json\/wp\/v2\/product\/145678","targetHints":{"allow":["GET"]}}],"collection":[{"href":"https:\/\/secureus.se\/dk\/wp-json\/wp\/v2\/product"}],"about":[{"href":"https:\/\/secureus.se\/dk\/wp-json\/wp\/v2\/types\/product"}],"wp:featuredmedia":[{"embeddable":true,"href":"https:\/\/secureus.se\/dk\/wp-json\/wp\/v2\/media\/145677"}],"wp:attachment":[{"href":"https:\/\/secureus.se\/dk\/wp-json\/wp\/v2\/media?parent=145678"}],"wp:term":[{"taxonomy":"product_brand","embeddable":true,"href":"https:\/\/secureus.se\/dk\/wp-json\/wp\/v2\/product_brand?post=145678"},{"taxonomy":"product_cat","embeddable":true,"href":"https:\/\/secureus.se\/dk\/wp-json\/wp\/v2\/product_cat?post=145678"},{"taxonomy":"product_tag","embeddable":true,"href":"https:\/\/secureus.se\/dk\/wp-json\/wp\/v2\/product_tag?post=145678"}],"curies":[{"name":"wp","href":"https:\/\/api.w.org\/{rel}","templated":true}]}}