{"id":145723,"date":"2024-12-09T13:08:43","date_gmt":"2024-12-09T12:08:43","guid":{"rendered":"https:\/\/secureus.se\/fargband-evolis-r5f208e100-ymcko-colour-ribbon-300-utskrifter\/"},"modified":"2026-03-26T10:06:08","modified_gmt":"2026-03-26T09:06:08","slug":"fargband-evolis-r5f208e100-ymcko-colour-ribbon-300-utskrifter","status":"publish","type":"product","link":"https:\/\/secureus.se\/dk\/fargband-evolis-r5f208e100-ymcko-colour-ribbon-300-utskrifter\/","title":{"rendered":"Farveb\u00e5nd Evolis R5F208E100 YMCKO farveb\u00e5nd (300 print)"},"content":{"rendered":"<p>Evolis R5F208E100 YMCKO fuldfarveb\u00e5nd med overlay er designet til at producere f\u00f8rsteklasses kvalitetsbilleder og tekst til ID-kort. Du skal blot klikke b\u00e5ndkassetten ind i Primacy 2 for hurtig og professionel udskrivning.<\/p>\n<ul>\n<li>300 fuldfarvetryk pr. rulle<\/li>\n<li>YMCKO b\u00e5nd (gul, magenta, cyan, sort og overlay)<\/li>\n<li>Producentens reservedelsnummer: R5F208E100<\/li>\n<\/ul>\n<p><strong>Inden du afgiver din ordre, skal du kontrollere, at dette er det rigtige b\u00e5nd til din printer. Dette b\u00e5nd er KUN kompatibelt med Evolis Primacy 2-kortprinteren.<\/strong><\/p>\n<p><strong><br \/>\nProduktv\u00e6gt:<br \/>\n0,20 kg<br \/>\n<\/strong><\/p>","protected":false},"excerpt":{"rendered":"<p>Evolis R5F208E100 YMCKO fuldfarveb\u00e5nd med overlay er designet til at producere f\u00f8rsteklasses kvalitetsbilleder og tekst til ID-kort. Snap blot b\u00e5ndkassetten ind i Primacy 2 til<\/p>","protected":false},"featured_media":145722,"template":"","meta":{"_acf_changed":false},"product_brand":[],"product_cat":[3213,4859],"product_tag":[],"class_list":{"0":"post-145723","1":"product","2":"type-product","3":"status-publish","4":"has-post-thumbnail","6":"product_cat-evolis-fargband-retransfer","7":"product_cat-primacy-2","8":"pa_brands-evolis","9":"tm-has-options","11":"first","12":"instock","13":"sale","14":"taxable","15":"shipping-taxable","16":"purchasable","17":"product-type-simple"},"acf":[],"_links":{"self":[{"href":"https:\/\/secureus.se\/dk\/wp-json\/wp\/v2\/product\/145723","targetHints":{"allow":["GET"]}}],"collection":[{"href":"https:\/\/secureus.se\/dk\/wp-json\/wp\/v2\/product"}],"about":[{"href":"https:\/\/secureus.se\/dk\/wp-json\/wp\/v2\/types\/product"}],"wp:featuredmedia":[{"embeddable":true,"href":"https:\/\/secureus.se\/dk\/wp-json\/wp\/v2\/media\/145722"}],"wp:attachment":[{"href":"https:\/\/secureus.se\/dk\/wp-json\/wp\/v2\/media?parent=145723"}],"wp:term":[{"taxonomy":"product_brand","embeddable":true,"href":"https:\/\/secureus.se\/dk\/wp-json\/wp\/v2\/product_brand?post=145723"},{"taxonomy":"product_cat","embeddable":true,"href":"https:\/\/secureus.se\/dk\/wp-json\/wp\/v2\/product_cat?post=145723"},{"taxonomy":"product_tag","embeddable":true,"href":"https:\/\/secureus.se\/dk\/wp-json\/wp\/v2\/product_tag?post=145723"}],"curies":[{"name":"wp","href":"https:\/\/api.w.org\/{rel}","templated":true}]}}